{"id":628,"date":"2025-02-19T10:13:15","date_gmt":"2025-02-19T10:13:15","guid":{"rendered":"https:\/\/malemacoatings.nl\/?page_id=628"},"modified":"2026-04-16T12:16:01","modified_gmt":"2026-04-16T12:16:01","slug":"boden-nivellieren-lassen","status":"publish","type":"page","link":"https:\/\/malemacoatings.nl\/de\/vloercoating\/vloer-laten-egaliseren\/","title":{"rendered":"Boden nivellieren lassen"},"content":{"rendered":"<div data-elementor-type=\"wp-page\" data-elementor-id=\"628\" class=\"elementor elementor-628\" data-elementor-post-type=\"page\">\n\t\t\t\t<div class=\"elementor-element elementor-element-323160f e-flex e-con-boxed e-con e-parent\" data-id=\"323160f\" data-element_type=\"container\" data-e-type=\"container\" data-settings=\"{&quot;background_background&quot;:&quot;classic&quot;}\">\n\t\t\t\t\t<div class=\"e-con-inner\">\n\t\t<div class=\"elementor-element elementor-element-e9593bb e-con-full e-flex elementor-invisible e-con e-child\" data-id=\"e9593bb\" data-element_type=\"container\" data-e-type=\"container\" data-settings=\"{&quot;animation&quot;:&quot;fadeIn&quot;}\">\n\t\t\t\t<div class=\"elementor-element elementor-element-101d4f9 animated-slow elementor-invisible elementor-widget elementor-widget-heading\" data-id=\"101d4f9\" data-element_type=\"widget\" data-e-type=\"widget\" data-settings=\"{&quot;_animation&quot;:&quot;fadeIn&quot;}\" data-widget_type=\"heading.default\">\n\t\t\t\t<div class=\"elementor-widget-container\">\n\t\t\t\t\t<h1 class=\"elementor-heading-title elementor-size-default\">Boden nivellieren lassen<\/h1>\t\t\t\t<\/div>\n\t\t\t\t<\/div>\n\t\t\t\t<div class=\"elementor-element elementor-element-82631fa elementor-widget elementor-widget-text-editor\" data-id=\"82631fa\" data-element_type=\"widget\" data-e-type=\"widget\" data-widget_type=\"text-editor.default\">\n\t\t\t\t<div class=\"elementor-widget-container\">\n\t\t\t\t\t\t\t\t\tBen\u00f6tigen Sie eine Nivellierung des Bodens f\u00fcr eine ebene, starke und verschlei\u00dffeste Oberfl\u00e4che? Wir liefern das perfekte Ergebnis.\t\t\t\t\t\t\t\t<\/div>\n\t\t\t\t<\/div>\n\t\t<div class=\"elementor-element elementor-element-41e3fb7 e-con-full e-flex e-con e-child\" data-id=\"41e3fb7\" data-element_type=\"container\" data-e-type=\"container\">\n\t\t\t\t<div class=\"elementor-element elementor-element-a0e0abe animated-slow elementor-invisible elementor-widget elementor-widget-button\" data-id=\"a0e0abe\" data-element_type=\"widget\" data-e-type=\"widget\" data-settings=\"{&quot;_animation&quot;:&quot;fadeIn&quot;}\" data-widget_type=\"button.default\">\n\t\t\t\t<div class=\"elementor-widget-container\">\n\t\t\t\t\t\t\t\t\t<div class=\"elementor-button-wrapper\">\n\t\t\t\t\t<a class=\"elementor-button elementor-button-link elementor-size-sm\" href=\"\/de\/ein-angebot-anfordern\/\">\n\t\t\t\t\t\t<span class=\"elementor-button-content-wrapper\">\n\t\t\t\t\t\t\t\t\t<span class=\"elementor-button-text\">Angebot anfordern<\/span>\n\t\t\t\t\t<\/span>\n\t\t\t\t\t<\/a>\n\t\t\t\t<\/div>\n\t\t\t\t\t\t\t\t<\/div>\n\t\t\t\t<\/div>\n\t\t\t\t<div class=\"elementor-element elementor-element-120affe bounce-text elementor-widget elementor-widget-text-editor\" data-id=\"120affe\" data-element_type=\"widget\" data-e-type=\"widget\" data-widget_type=\"text-editor.default\">\n\t\t\t\t<div class=\"elementor-widget-container\">\n\t\t\t\t\t\t\t\t\t<span class=\"vaste-buttontekst\"><\/span>\t\t\t\t\t\t\t\t<\/div>\n\t\t\t\t<\/div>\n\t\t\t\t<\/div>\n\t\t\t\t<\/div>\n\t\t\t\t\t<\/div>\n\t\t\t\t<\/div>\n\t\t<div class=\"elementor-element elementor-element-76d5b67 e-flex e-con-boxed e-con e-parent\" data-id=\"76d5b67\" data-element_type=\"container\" data-e-type=\"container\">\n\t\t\t\t\t<div class=\"e-con-inner\">\n\t\t\t\t\t<\/div>\n\t\t\t\t<\/div>\n\t\t<div class=\"elementor-element elementor-element-e1e1302 e-flex e-con-boxed e-con e-parent\" data-id=\"e1e1302\" data-element_type=\"container\" data-e-type=\"container\" data-settings=\"{&quot;background_background&quot;:&quot;classic&quot;}\">\n\t\t\t\t\t<div class=\"e-con-inner\">\n\t\t<div class=\"elementor-element elementor-element-615f776 e-con-full elementor-hidden-tablet e-flex elementor-invisible e-con e-child\" data-id=\"615f776\" data-element_type=\"container\" data-e-type=\"container\" data-settings=\"{&quot;animation&quot;:&quot;fadeInUp&quot;}\">\n\t\t\t\t<div class=\"elementor-element elementor-element-f057eae schaduw elementor-widget elementor-widget-image\" data-id=\"f057eae\" data-element_type=\"widget\" data-e-type=\"widget\" data-widget_type=\"image.default\">\n\t\t\t\t<div class=\"elementor-widget-container\">\n\t\t\t\t\t\t\t\t\t\t\t\t\t\t\t<img fetchpriority=\"high\" decoding=\"async\" width=\"500\" height=\"500\" src=\"https:\/\/malemacoatings.nl\/wp-content\/uploads\/2025\/02\/Ontwerp-zonder-titel-62.png\" class=\"attachment-large size-large wp-image-1523\" alt=\"Boden nivellieren lassen\" srcset=\"https:\/\/malemacoatings.nl\/wp-content\/uploads\/2025\/02\/Ontwerp-zonder-titel-62.png 500w, https:\/\/malemacoatings.nl\/wp-content\/uploads\/2025\/02\/Ontwerp-zonder-titel-62-300x300.png 300w, https:\/\/malemacoatings.nl\/wp-content\/uploads\/2025\/02\/Ontwerp-zonder-titel-62-150x150.png 150w, https:\/\/malemacoatings.nl\/wp-content\/uploads\/2025\/02\/Ontwerp-zonder-titel-62-12x12.png 12w\" sizes=\"(max-width: 500px) 100vw, 500px\" \/>\t\t\t\t\t\t\t\t\t\t\t\t\t\t\t<\/div>\n\t\t\t\t<\/div>\n\t\t\t\t<\/div>\n\t\t<div class=\"elementor-element elementor-element-0b799b3 e-con-full e-flex elementor-invisible e-con e-child\" data-id=\"0b799b3\" data-element_type=\"container\" data-e-type=\"container\" data-settings=\"{&quot;animation&quot;:&quot;fadeInUp&quot;}\">\n\t\t\t\t<div class=\"elementor-element elementor-element-8784ccf elementor-widget__width-initial elementor-widget-mobile__width-inherit elementor-widget elementor-widget-heading\" data-id=\"8784ccf\" data-element_type=\"widget\" data-e-type=\"widget\" data-widget_type=\"heading.default\">\n\t\t\t\t<div class=\"elementor-widget-container\">\n\t\t\t\t\t<h2 class=\"elementor-heading-title elementor-size-default\">Warum sollten Sie Ihren Fu\u00dfboden nivellieren lassen?<\/h2>\t\t\t\t<\/div>\n\t\t\t\t<\/div>\n\t\t\t\t<div class=\"elementor-element elementor-element-8e4da20 elementor-widget elementor-widget-text-editor\" data-id=\"8e4da20\" data-element_type=\"widget\" data-e-type=\"widget\" data-widget_type=\"text-editor.default\">\n\t\t\t\t<div class=\"elementor-widget-container\">\n\t\t\t\t\t\t\t\t\tEin ebener Boden ist f\u00fcr ein sauberes Finish und eine dauerhafte Oberfl\u00e4che unerl\u00e4sslich. Ob es sich um eine <a href=\"\/de\/anwendungen\/industrie\/\"><span style=\"text-decoration: underline;\">Industriegebiet<\/span><\/a>, <a href=\"\/de\/anwendungen\/industrie\/buro\/\"><span style=\"text-decoration: underline;\">B\u00fcro<\/span><\/a> oder an einem \u00f6ffentlichen Ort verhindert ein ordnungsgem\u00e4\u00df nivellierter Boden ungleichm\u00e4\u00dfige Belastung, Abnutzung und Sch\u00e4den an der Deckschicht. Wenn Sie den Boden professionell nivellieren lassen, sorgen Sie f\u00fcr einen stabilen Untergrund, der den h\u00f6chsten Qualit\u00e4tsstandards entspricht.\t\t\t\t\t\t\t\t<\/div>\n\t\t\t\t<\/div>\n\t\t\t\t<\/div>\n\t\t\t\t\t<\/div>\n\t\t\t\t<\/div>\n\t\t<div class=\"elementor-element elementor-element-7b8d686 e-flex e-con-boxed e-con e-parent\" data-id=\"7b8d686\" data-element_type=\"container\" data-e-type=\"container\" data-settings=\"{&quot;background_background&quot;:&quot;classic&quot;}\">\n\t\t\t\t\t<div class=\"e-con-inner\">\n\t\t<div class=\"elementor-element elementor-element-dffa9cc e-con-full e-flex elementor-invisible e-con e-child\" data-id=\"dffa9cc\" data-element_type=\"container\" data-e-type=\"container\" data-settings=\"{&quot;animation&quot;:&quot;fadeInUp&quot;}\">\n\t\t\t\t<div class=\"elementor-element elementor-element-d7e89ae elementor-widget__width-initial elementor-widget-mobile__width-inherit elementor-widget elementor-widget-heading\" data-id=\"d7e89ae\" data-element_type=\"widget\" data-e-type=\"widget\" data-widget_type=\"heading.default\">\n\t\t\t\t<div class=\"elementor-widget-container\">\n\t\t\t\t\t<h2 class=\"elementor-heading-title elementor-size-default\">Spezialist f\u00fcr Bodennivellierung<\/h2>\t\t\t\t<\/div>\n\t\t\t\t<\/div>\n\t\t\t\t<div class=\"elementor-element elementor-element-9ac8232 elementor-widget elementor-widget-text-editor\" data-id=\"9ac8232\" data-element_type=\"widget\" data-e-type=\"widget\" data-widget_type=\"text-editor.default\">\n\t\t\t\t<div class=\"elementor-widget-container\">\n\t\t\t\t\t\t\t\t\t<p>Malema Coatings bietet hochwertige Nivellierdienstleistungen f\u00fcr verschiedene Anwendungen. Unsere Methoden und Materialien garantieren eine glatte und starke Oberfl\u00e4che, perfekt f\u00fcr die weitere Bearbeitung mit <a href=\"\/de\/bodenbeschichtung\/gussboden\/\"><span style=\"text-decoration: underline;\">Gussb\u00f6den<\/span><\/a>, <a href=\"\/de\/bodenbeschichtung\/kellenboden\/\"><span style=\"text-decoration: underline;\">Kachelb\u00f6den<\/span><\/a> oder <a href=\"\/de\/bodenbeschichtung\/\"><span style=\"text-decoration: underline;\">Bodenbeschichtungen<\/span><\/a>. Wir arbeiten nach strengen Qualit\u00e4tsstandards und verwenden nur langlebige Materialien f\u00fcr eine lange Lebensdauer und optimale Ergebnisse.<\/p>\t\t\t\t\t\t\t\t<\/div>\n\t\t\t\t<\/div>\n\t\t\t\t<\/div>\n\t\t<div class=\"elementor-element elementor-element-f5855b7 e-con-full e-flex elementor-invisible e-con e-child\" data-id=\"f5855b7\" data-element_type=\"container\" data-e-type=\"container\" data-settings=\"{&quot;background_background&quot;:&quot;classic&quot;,&quot;animation&quot;:&quot;fadeInUp&quot;}\">\n\t\t\t\t<div class=\"elementor-element elementor-element-407ef25 elementor-widget__width-initial elementor-widget-mobile__width-inherit elementor-widget elementor-widget-heading\" data-id=\"407ef25\" data-element_type=\"widget\" data-e-type=\"widget\" data-widget_type=\"heading.default\">\n\t\t\t\t<div class=\"elementor-widget-container\">\n\t\t\t\t\t<h3 class=\"elementor-heading-title elementor-size-default\">Vorteile<\/h3>\t\t\t\t<\/div>\n\t\t\t\t<\/div>\n\t\t\t\t<div class=\"elementor-element elementor-element-e21c24a elementor-widget elementor-widget-text-editor\" data-id=\"e21c24a\" data-element_type=\"widget\" data-e-type=\"widget\" data-widget_type=\"text-editor.default\">\n\t\t\t\t<div class=\"elementor-widget-container\">\n\t\t\t\t\t\t\t\t\t<p class=\"cvGsUA direction-ltr align-start para-style-body\"><span class=\"OYPEnA font-feature-liga-off font-feature-clig-off font-feature-calt-off text-decoration-none text-strikethrough-none\" style=\"color: #ffffff;\">\u2714 <\/span>Fester und ebener Untergrund<\/p><p><span class=\"OYPEnA font-feature-liga-off font-feature-clig-off font-feature-calt-off text-decoration-none text-strikethrough-none\" style=\"color: #ffffff;\">\u2714 <\/span>Langlebig und strapazierf\u00e4hig<\/p><p><span class=\"OYPEnA font-feature-liga-off font-feature-clig-off font-feature-calt-off text-decoration-none text-strikethrough-none\" style=\"color: #ffffff;\">\u2714 <\/span><span class=\"OYPEnA font-feature-liga-off font-feature-clig-off font-feature-calt-off text-decoration-none text-strikethrough-none\">Alle Bodenbel\u00e4ge<\/span><\/p><p><span class=\"OYPEnA font-feature-liga-off font-feature-clig-off font-feature-calt-off text-decoration-none text-strikethrough-none\" style=\"color: #ffffff;\">\u2714 <\/span>Erh\u00f6hte Sicherheit<\/p><p><span class=\"OYPEnA font-feature-liga-off font-feature-clig-off font-feature-calt-off text-decoration-none text-strikethrough-none\" style=\"color: #ffffff;\">\u2714 <\/span>Effizient und schnell<\/p>\t\t\t\t\t\t\t\t<\/div>\n\t\t\t\t<\/div>\n\t\t\t\t<\/div>\n\t\t\t\t\t<\/div>\n\t\t\t\t<\/div>\n\t\t<div class=\"elementor-element elementor-element-a8d0ddb e-flex e-con-boxed e-con e-parent\" data-id=\"a8d0ddb\" data-element_type=\"container\" data-e-type=\"container\" data-settings=\"{&quot;background_background&quot;:&quot;classic&quot;}\">\n\t\t\t\t\t<div class=\"e-con-inner\">\n\t\t<div class=\"elementor-element elementor-element-e76c0e4 e-con-full e-flex elementor-invisible e-con e-child\" data-id=\"e76c0e4\" data-element_type=\"container\" data-e-type=\"container\" data-settings=\"{&quot;animation&quot;:&quot;fadeInUp&quot;}\">\n\t\t\t\t<div class=\"elementor-element elementor-element-d636ff3 elementor-widget__width-inherit elementor-widget-mobile__width-inherit elementor-widget elementor-widget-heading\" data-id=\"d636ff3\" data-element_type=\"widget\" data-e-type=\"widget\" data-widget_type=\"heading.default\">\n\t\t\t\t<div class=\"elementor-widget-container\">\n\t\t\t\t\t<h2 class=\"elementor-heading-title elementor-size-default\">Industrielle Bodennivellierung<\/h2>\t\t\t\t<\/div>\n\t\t\t\t<\/div>\n\t\t\t\t<div class=\"elementor-element elementor-element-4a933ef elementor-widget elementor-widget-text-editor\" data-id=\"4a933ef\" data-element_type=\"widget\" data-e-type=\"widget\" data-widget_type=\"text-editor.default\">\n\t\t\t\t<div class=\"elementor-widget-container\">\n\t\t\t\t\t\t\t\t\tEin ebener Industrieboden ist entscheidend f\u00fcr eine sichere und effiziente Arbeitsumgebung. Unebenheiten k\u00f6nnen zu Maschinensch\u00e4den, Unf\u00e4llen und zus\u00e4tzlichen Wartungskosten f\u00fchren. Malema Coatings bietet eine robuste und fugenlose Oberfl\u00e4che, die auch schweren Lasten und intensiver Nutzung standh\u00e4lt. Mit unserem speziellen Ansatz garantieren wir eine strapazierf\u00e4hige und chemikalienbest\u00e4ndige Oberfl\u00e4che, die sich perfekt f\u00fcr industrielle Anwendungen eignet.\t\t\t\t\t\t\t\t<\/div>\n\t\t\t\t<\/div>\n\t\t\t\t<div class=\"elementor-element elementor-element-6e57095 elementor-widget__width-inherit elementor-widget-mobile__width-inherit elementor-widget elementor-widget-heading\" data-id=\"6e57095\" data-element_type=\"widget\" data-e-type=\"widget\" data-widget_type=\"heading.default\">\n\t\t\t\t<div class=\"elementor-widget-container\">\n\t\t\t\t\t<h2 class=\"elementor-heading-title elementor-size-default\">Eine perfekte Basis f\u00fcr Ihren neuen Boden<\/h2>\t\t\t\t<\/div>\n\t\t\t\t<\/div>\n\t\t\t\t<div class=\"elementor-element elementor-element-8ec1b1d elementor-widget elementor-widget-text-editor\" data-id=\"8ec1b1d\" data-element_type=\"widget\" data-e-type=\"widget\" data-widget_type=\"text-editor.default\">\n\t\t\t\t<div class=\"elementor-widget-container\">\n\t\t\t\t\t\t\t\t\t<p>Bevor wir eine neue Beschichtung auftragen, muss die Oberfl\u00e4che v\u00f6llig eben und frei von Unebenheiten sein. Ein ebener Untergrund verhindert Rissbildung und sorgt f\u00fcr ein viel dichteres Endergebnis, bei dem Sie sich sofort f\u00fcr eine\u00a0<a href=\"https:\/\/malemacoatings.nl\/de\/bodenbeschichtung\/pucem\/\">Strapazierf\u00e4higes Pucem<\/a>\u00a0Oberfl\u00e4che f\u00fcr maximale Haltbarkeit. Wir untersuchen Ihren aktuellen Boden gr\u00fcndlich, um festzustellen, welche Vorbehandlung f\u00fcr eine optimale Leistung erforderlich ist.<\/p><p>\u00a0<\/p><p>Das Gl\u00e4tten des Unterbodens sorgt auch daf\u00fcr, dass sich Fl\u00fcssigkeiten nicht in Schlagl\u00f6chern oder L\u00f6chern ansammeln k\u00f6nnen. Sollten Sie an einem dekorativen und nat\u00fcrlichen Aussehen interessiert sein, k\u00f6nnen Sie auch eine\u00a0<a href=\"https:\/\/malemacoatings.nl\/de\/bodenbeschichtung\/cem-lava\/\">stilvolle Cem-Lava<\/a>\u00a0aufgebracht werden. Auf diese Weise kombinieren Sie eine technisch starke Unterkonstruktion mit einer optisch ansprechenden Deckschicht, die genau zu Ihrem Unternehmensauftritt passt.<\/p>\t\t\t\t\t\t\t\t<\/div>\n\t\t\t\t<\/div>\n\t\t\t\t<div class=\"elementor-element elementor-element-e3ba280 elementor-widget elementor-widget-button\" data-id=\"e3ba280\" data-element_type=\"widget\" data-e-type=\"widget\" data-widget_type=\"button.default\">\n\t\t\t\t<div class=\"elementor-widget-container\">\n\t\t\t\t\t\t\t\t\t<div class=\"elementor-button-wrapper\">\n\t\t\t\t\t<a class=\"elementor-button elementor-button-link elementor-size-sm\" href=\"\/de\/anwendungen\/\">\n\t\t\t\t\t\t<span class=\"elementor-button-content-wrapper\">\n\t\t\t\t\t\t\t\t\t<span class=\"elementor-button-text\">Alle Anwendungen anzeigen<\/span>\n\t\t\t\t\t<\/span>\n\t\t\t\t\t<\/a>\n\t\t\t\t<\/div>\n\t\t\t\t\t\t\t\t<\/div>\n\t\t\t\t<\/div>\n\t\t\t\t<\/div>\n\t\t\t\t\t<\/div>\n\t\t\t\t<\/div>\n\t\t<div class=\"elementor-element elementor-element-4def100 e-flex e-con-boxed e-con e-parent\" data-id=\"4def100\" data-element_type=\"container\" data-e-type=\"container\" data-settings=\"{&quot;background_background&quot;:&quot;gradient&quot;}\">\n\t\t\t\t\t<div class=\"e-con-inner\">\n\t\t<div class=\"elementor-element elementor-element-74d778a e-con-full e-flex elementor-invisible e-con e-child\" data-id=\"74d778a\" data-element_type=\"container\" data-e-type=\"container\" data-settings=\"{&quot;animation&quot;:&quot;fadeInUp&quot;}\">\n\t\t\t\t<div class=\"elementor-element elementor-element-0af7d86 elementor-widget elementor-widget-heading\" data-id=\"0af7d86\" data-element_type=\"widget\" data-e-type=\"widget\" data-widget_type=\"heading.default\">\n\t\t\t\t<div class=\"elementor-widget-container\">\n\t\t\t\t\t<h2 class=\"elementor-heading-title elementor-size-default\">B\u00fcros und \u00f6ffentliche R\u00e4ume<\/h2>\t\t\t\t<\/div>\n\t\t\t\t<\/div>\n\t\t\t\t<div class=\"elementor-element elementor-element-1677dad elementor-widget elementor-widget-text-editor\" data-id=\"1677dad\" data-element_type=\"widget\" data-e-type=\"widget\" data-widget_type=\"text-editor.default\">\n\t\t\t\t<div class=\"elementor-widget-container\">\n\t\t\t\t\t\t\t\t\tIn B\u00fcros und \u00f6ffentlichen R\u00e4umen tr\u00e4gt ein ebener Boden zu einem professionellen Erscheinungsbild und optimalem Komfort bei. Unsere Nivellierungsdienste sorgen daf\u00fcr, dass Eingangshallen, Sitzungsr\u00e4ume und Arbeitspl\u00e4tze h\u00f6chsten \u00e4sthetischen und funktionalen Anspr\u00fcchen gen\u00fcgen. Wir verwenden schnell aush\u00e4rtende Materialien, damit Ihre R\u00e4ume in kurzer Zeit wieder voll einsatzf\u00e4hig sind.\t\t\t\t\t\t\t\t<\/div>\n\t\t\t\t<\/div>\n\t\t\t\t<\/div>\n\t\t\t\t\t<\/div>\n\t\t\t\t<\/div>\n\t\t<div class=\"elementor-element elementor-element-acf4893 e-flex e-con-boxed e-con e-parent\" data-id=\"acf4893\" data-element_type=\"container\" data-e-type=\"container\" data-settings=\"{&quot;background_background&quot;:&quot;classic&quot;}\">\n\t\t\t\t\t<div class=\"e-con-inner\">\n\t\t<div class=\"elementor-element elementor-element-cf0acdd e-con-full e-flex elementor-invisible e-con e-child\" data-id=\"cf0acdd\" data-element_type=\"container\" data-e-type=\"container\" data-settings=\"{&quot;animation&quot;:&quot;fadeInUp&quot;}\">\n\t\t\t\t<div class=\"elementor-element elementor-element-b784ffa elementor-widget__width-inherit elementor-widget-mobile__width-inherit elementor-widget elementor-widget-heading\" data-id=\"b784ffa\" data-element_type=\"widget\" data-e-type=\"widget\" data-widget_type=\"heading.default\">\n\t\t\t\t<div class=\"elementor-widget-container\">\n\t\t\t\t\t<h2 class=\"elementor-heading-title elementor-size-default\">Boden von Malema Coatings nivellieren lassen<\/h2>\t\t\t\t<\/div>\n\t\t\t\t<\/div>\n\t\t\t\t<div class=\"elementor-element elementor-element-b699d59 elementor-widget elementor-widget-text-editor\" data-id=\"b699d59\" data-element_type=\"widget\" data-e-type=\"widget\" data-widget_type=\"text-editor.default\">\n\t\t\t\t<div class=\"elementor-widget-container\">\n\t\t\t\t\t\t\t\t\t<p>Sind Sie auf der Suche nach einem zuverl\u00e4ssigen Spezialisten? Malema Coatings bietet ma\u00dfgeschneiderte L\u00f6sungen f\u00fcr <a href=\"\/de\/anwendungen\/\"><span style=\"text-decoration: underline;\">verschiedene Sektoren<\/span><\/a>. Kontaktieren Sie uns f\u00fcr eine kostenlose Beratung oder fordern Sie gleich ein Angebot an!<\/p>\t\t\t\t\t\t\t\t<\/div>\n\t\t\t\t<\/div>\n\t\t<div class=\"elementor-element elementor-element-68d4a4d e-con-full e-flex e-con e-child\" data-id=\"68d4a4d\" data-element_type=\"container\" data-e-type=\"container\">\n\t\t\t\t<div class=\"elementor-element elementor-element-2c81c3e elementor-widget elementor-widget-button\" data-id=\"2c81c3e\" data-element_type=\"widget\" data-e-type=\"widget\" data-widget_type=\"button.default\">\n\t\t\t\t<div class=\"elementor-widget-container\">\n\t\t\t\t\t\t\t\t\t<div class=\"elementor-button-wrapper\">\n\t\t\t\t\t<a class=\"elementor-button elementor-button-link elementor-size-sm\" href=\"\/de\/ein-angebot-anfordern\/\">\n\t\t\t\t\t\t<span class=\"elementor-button-content-wrapper\">\n\t\t\t\t\t\t\t\t\t<span class=\"elementor-button-text\">Angebot anfordern<\/span>\n\t\t\t\t\t<\/span>\n\t\t\t\t\t<\/a>\n\t\t\t\t<\/div>\n\t\t\t\t\t\t\t\t<\/div>\n\t\t\t\t<\/div>\n\t\t\t\t<div class=\"elementor-element elementor-element-e9b1ab5 bounce-text elementor-widget elementor-widget-text-editor\" data-id=\"e9b1ab5\" data-element_type=\"widget\" data-e-type=\"widget\" data-widget_type=\"text-editor.default\">\n\t\t\t\t<div class=\"elementor-widget-container\">\n\t\t\t\t\t\t\t\t\t<span class=\"vaste-buttontekst\"><\/span>\t\t\t\t\t\t\t\t<\/div>\n\t\t\t\t<\/div>\n\t\t\t\t<\/div>\n\t\t\t\t<\/div>\n\t\t\t\t\t<\/div>\n\t\t\t\t<\/div>\n\t\t\t\t<\/div>","protected":false},"excerpt":{"rendered":"<p>Vloer laten egaliseren Vloer laten egaliseren voor een egale, sterke en slijtvaste ondergrond? Wij zorgen voor het perfecte resultaat. Offerte aanvragen Waarom uw vloer laten egaliseren? Een egale vloer is essentieel voor een strakke afwerking en een duurzame ondergrond. Of het nu gaat om een industri\u00eble ruimte, kantoor of publieke locatie, een goed ge\u00ebgaliseerde vloer [&hellip;]<\/p>\n","protected":false},"author":1,"featured_media":0,"parent":421,"menu_order":0,"comment_status":"closed","ping_status":"closed","template":"","meta":{"footnotes":""},"class_list":["post-628","page","type-page","status-publish","hentry"],"_links":{"self":[{"href":"https:\/\/malemacoatings.nl\/de\/wp-json\/wp\/v2\/pages\/628","targetHints":{"allow":["GET"]}}],"collection":[{"href":"https:\/\/malemacoatings.nl\/de\/wp-json\/wp\/v2\/pages"}],"about":[{"href":"https:\/\/malemacoatings.nl\/de\/wp-json\/wp\/v2\/types\/page"}],"author":[{"embeddable":true,"href":"https:\/\/malemacoatings.nl\/de\/wp-json\/wp\/v2\/users\/1"}],"replies":[{"embeddable":true,"href":"https:\/\/malemacoatings.nl\/de\/wp-json\/wp\/v2\/comments?post=628"}],"version-history":[{"count":0,"href":"https:\/\/malemacoatings.nl\/de\/wp-json\/wp\/v2\/pages\/628\/revisions"}],"up":[{"embeddable":true,"href":"https:\/\/malemacoatings.nl\/de\/wp-json\/wp\/v2\/pages\/421"}],"wp:attachment":[{"href":"https:\/\/malemacoatings.nl\/de\/wp-json\/wp\/v2\/media?parent=628"}],"curies":[{"name":"wp","href":"https:\/\/api.w.org\/{rel}","templated":true}]}}