{"id":622,"date":"2025-02-19T10:05:24","date_gmt":"2025-02-19T10:05:24","guid":{"rendered":"https:\/\/malemacoatings.nl\/?page_id=622"},"modified":"2026-04-16T12:18:56","modified_gmt":"2026-04-16T12:18:56","slug":"kunststoff-sockelleisten","status":"publish","type":"page","link":"https:\/\/malemacoatings.nl\/de\/vloercoating\/kunststof-plinten\/","title":{"rendered":"Sockelleisten aus Kunststoff"},"content":{"rendered":"<div data-elementor-type=\"wp-page\" data-elementor-id=\"622\" class=\"elementor elementor-622\" data-elementor-post-type=\"page\">\n\t\t\t\t<div class=\"elementor-element elementor-element-49e2c82 e-flex e-con-boxed e-con e-parent\" data-id=\"49e2c82\" data-element_type=\"container\" data-e-type=\"container\" data-settings=\"{&quot;background_background&quot;:&quot;classic&quot;}\">\n\t\t\t\t\t<div class=\"e-con-inner\">\n\t\t<div class=\"elementor-element elementor-element-a29ad2d e-con-full e-flex elementor-invisible e-con e-child\" data-id=\"a29ad2d\" data-element_type=\"container\" data-e-type=\"container\" data-settings=\"{&quot;animation&quot;:&quot;fadeIn&quot;}\">\n\t\t\t\t<div class=\"elementor-element elementor-element-b35212b animated-slow elementor-invisible elementor-widget elementor-widget-heading\" data-id=\"b35212b\" data-element_type=\"widget\" data-e-type=\"widget\" data-settings=\"{&quot;_animation&quot;:&quot;fadeIn&quot;}\" data-widget_type=\"heading.default\">\n\t\t\t\t<div class=\"elementor-widget-container\">\n\t\t\t\t\t<h1 class=\"elementor-heading-title elementor-size-default\">Sockelleisten aus Kunststoff<\/h1>\t\t\t\t<\/div>\n\t\t\t\t<\/div>\n\t\t<div class=\"elementor-element elementor-element-d8cf119 e-con-full e-flex e-con e-child\" data-id=\"d8cf119\" data-element_type=\"container\" data-e-type=\"container\">\n\t\t\t\t<div class=\"elementor-element elementor-element-35af86b animated-slow elementor-invisible elementor-widget elementor-widget-button\" data-id=\"35af86b\" data-element_type=\"widget\" data-e-type=\"widget\" data-settings=\"{&quot;_animation&quot;:&quot;fadeIn&quot;}\" data-widget_type=\"button.default\">\n\t\t\t\t<div class=\"elementor-widget-container\">\n\t\t\t\t\t\t\t\t\t<div class=\"elementor-button-wrapper\">\n\t\t\t\t\t<a class=\"elementor-button elementor-button-link elementor-size-sm\" href=\"\/de\/ein-angebot-anfordern\/\">\n\t\t\t\t\t\t<span class=\"elementor-button-content-wrapper\">\n\t\t\t\t\t\t\t\t\t<span class=\"elementor-button-text\">Angebot anfordern<\/span>\n\t\t\t\t\t<\/span>\n\t\t\t\t\t<\/a>\n\t\t\t\t<\/div>\n\t\t\t\t\t\t\t\t<\/div>\n\t\t\t\t<\/div>\n\t\t\t\t<div class=\"elementor-element elementor-element-89335cc bounce-text elementor-widget elementor-widget-text-editor\" data-id=\"89335cc\" data-element_type=\"widget\" data-e-type=\"widget\" data-widget_type=\"text-editor.default\">\n\t\t\t\t<div class=\"elementor-widget-container\">\n\t\t\t\t\t\t\t\t\t<span class=\"vaste-buttontekst\"><\/span>\t\t\t\t\t\t\t\t<\/div>\n\t\t\t\t<\/div>\n\t\t\t\t<\/div>\n\t\t\t\t<\/div>\n\t\t\t\t\t<\/div>\n\t\t\t\t<\/div>\n\t\t<div class=\"elementor-element elementor-element-f970991 e-flex e-con-boxed e-con e-parent\" data-id=\"f970991\" data-element_type=\"container\" data-e-type=\"container\">\n\t\t\t\t\t<div class=\"e-con-inner\">\n\t\t\t\t\t<\/div>\n\t\t\t\t<\/div>\n\t\t<div class=\"elementor-element elementor-element-0198a23 e-flex e-con-boxed e-con e-parent\" data-id=\"0198a23\" data-element_type=\"container\" data-e-type=\"container\" data-settings=\"{&quot;background_background&quot;:&quot;classic&quot;}\">\n\t\t\t\t\t<div class=\"e-con-inner\">\n\t\t<div class=\"elementor-element elementor-element-e6ee505 e-con-full elementor-hidden-tablet e-flex elementor-invisible e-con e-child\" data-id=\"e6ee505\" data-element_type=\"container\" data-e-type=\"container\" data-settings=\"{&quot;animation&quot;:&quot;fadeInUp&quot;}\">\n\t\t\t\t<div class=\"elementor-element elementor-element-71c8b12 schaduw elementor-widget elementor-widget-image\" data-id=\"71c8b12\" data-element_type=\"widget\" data-e-type=\"widget\" data-widget_type=\"image.default\">\n\t\t\t\t<div class=\"elementor-widget-container\">\n\t\t\t\t\t\t\t\t\t\t\t\t\t\t\t<img fetchpriority=\"high\" decoding=\"async\" width=\"500\" height=\"500\" src=\"https:\/\/malemacoatings.nl\/wp-content\/uploads\/2025\/03\/Ontwerp-zonder-titel-58.png\" class=\"attachment-large size-large wp-image-1505\" alt=\"Sockelleisten aus Kunststoff\" srcset=\"https:\/\/malemacoatings.nl\/wp-content\/uploads\/2025\/03\/Ontwerp-zonder-titel-58.png 500w, https:\/\/malemacoatings.nl\/wp-content\/uploads\/2025\/03\/Ontwerp-zonder-titel-58-300x300.png 300w, https:\/\/malemacoatings.nl\/wp-content\/uploads\/2025\/03\/Ontwerp-zonder-titel-58-150x150.png 150w, https:\/\/malemacoatings.nl\/wp-content\/uploads\/2025\/03\/Ontwerp-zonder-titel-58-12x12.png 12w\" sizes=\"(max-width: 500px) 100vw, 500px\" \/>\t\t\t\t\t\t\t\t\t\t\t\t\t\t\t<\/div>\n\t\t\t\t<\/div>\n\t\t\t\t<\/div>\n\t\t<div class=\"elementor-element elementor-element-be49c65 e-con-full e-flex elementor-invisible e-con e-child\" data-id=\"be49c65\" data-element_type=\"container\" data-e-type=\"container\" data-settings=\"{&quot;animation&quot;:&quot;fadeInUp&quot;}\">\n\t\t\t\t<div class=\"elementor-element elementor-element-c206901 elementor-widget__width-initial elementor-widget-mobile__width-inherit elementor-widget elementor-widget-heading\" data-id=\"c206901\" data-element_type=\"widget\" data-e-type=\"widget\" data-widget_type=\"heading.default\">\n\t\t\t\t<div class=\"elementor-widget-container\">\n\t\t\t\t\t<h2 class=\"elementor-heading-title elementor-size-default\">Was sind Sockelleisten aus Kunststoff?<\/h2>\t\t\t\t<\/div>\n\t\t\t\t<\/div>\n\t\t\t\t<div class=\"elementor-element elementor-element-9e8601c elementor-widget elementor-widget-text-editor\" data-id=\"9e8601c\" data-element_type=\"widget\" data-e-type=\"widget\" data-widget_type=\"text-editor.default\">\n\t\t\t\t<div class=\"elementor-widget-container\">\n\t\t\t\t\t\t\t\t\tSockelleisten aus Kunststoff bieten eine dauerhafte und hygienische L\u00f6sung f\u00fcr gewerbliche R\u00e4ume, indem sie einen nahtlosen \u00dcbergang zwischen Boden und Wand schaffen. Sie sind perfekt auf Spachtel- und Gussb\u00f6den abgestimmt und bieten eine optimale Fl\u00fcssigkeitsdichtigkeit sowie pflegeleichte Eigenschaften. Dies verhindert die Ansammlung von Schmutz in den Ecken und tr\u00e4gt zu einem leicht zu reinigenden und hygienischen Arbeitsbereich bei.\t\t\t\t\t\t\t\t<\/div>\n\t\t\t\t<\/div>\n\t\t\t\t<\/div>\n\t\t\t\t\t<\/div>\n\t\t\t\t<\/div>\n\t\t<div class=\"elementor-element elementor-element-d823bcf e-flex e-con-boxed e-con e-parent\" data-id=\"d823bcf\" data-element_type=\"container\" data-e-type=\"container\" data-settings=\"{&quot;background_background&quot;:&quot;classic&quot;}\">\n\t\t\t\t\t<div class=\"e-con-inner\">\n\t\t<div class=\"elementor-element elementor-element-2767d98 e-con-full e-flex elementor-invisible e-con e-child\" data-id=\"2767d98\" data-element_type=\"container\" data-e-type=\"container\" data-settings=\"{&quot;animation&quot;:&quot;fadeInUp&quot;}\">\n\t\t\t\t<div class=\"elementor-element elementor-element-99dd2cc elementor-widget__width-initial elementor-widget-mobile__width-inherit elementor-widget elementor-widget-heading\" data-id=\"99dd2cc\" data-element_type=\"widget\" data-e-type=\"widget\" data-widget_type=\"heading.default\">\n\t\t\t\t<div class=\"elementor-widget-container\">\n\t\t\t\t\t<h2 class=\"elementor-heading-title elementor-size-default\">Anbringung von Kunststoffsockelleisten<\/h2>\t\t\t\t<\/div>\n\t\t\t\t<\/div>\n\t\t\t\t<div class=\"elementor-element elementor-element-b9231a0 elementor-widget elementor-widget-text-editor\" data-id=\"b9231a0\" data-element_type=\"widget\" data-e-type=\"widget\" data-widget_type=\"text-editor.default\">\n\t\t\t\t<div class=\"elementor-widget-container\">\n\t\t\t\t\t\t\t\t\t<p>Diese Sockelleisten sind mit einer Sockelleistenbeschichtung versehen und werden standardm\u00e4\u00dfig in einer H\u00f6he von 4 cm mit einem 45-Grad-Winkel geliefert. Auf Wunsch k\u00f6nnen diese Spezifikationen an Ihre Anforderungen und die Situation vor Ort angepasst werden. Aufgrund seiner fl\u00fcssigkeitsdichten Eigenschaften bleibt der Boden leicht sauber zu halten und entspricht den Hygiene- und Sicherheitsstandards in verschiedenen Branchen.<\/p>\t\t\t\t\t\t\t\t<\/div>\n\t\t\t\t<\/div>\n\t\t\t\t<\/div>\n\t\t<div class=\"elementor-element elementor-element-b3ce272 e-con-full e-flex elementor-invisible e-con e-child\" data-id=\"b3ce272\" data-element_type=\"container\" data-e-type=\"container\" data-settings=\"{&quot;background_background&quot;:&quot;classic&quot;,&quot;animation&quot;:&quot;fadeInUp&quot;}\">\n\t\t\t\t<div class=\"elementor-element elementor-element-e7bed1d elementor-widget__width-initial elementor-widget-mobile__width-inherit elementor-widget elementor-widget-heading\" data-id=\"e7bed1d\" data-element_type=\"widget\" data-e-type=\"widget\" data-widget_type=\"heading.default\">\n\t\t\t\t<div class=\"elementor-widget-container\">\n\t\t\t\t\t<h3 class=\"elementor-heading-title elementor-size-default\">Vorteile<\/h3>\t\t\t\t<\/div>\n\t\t\t\t<\/div>\n\t\t\t\t<div class=\"elementor-element elementor-element-91ea118 elementor-widget elementor-widget-text-editor\" data-id=\"91ea118\" data-element_type=\"widget\" data-e-type=\"widget\" data-widget_type=\"text-editor.default\">\n\t\t\t\t<div class=\"elementor-widget-container\">\n\t\t\t\t\t\t\t\t\t<p class=\"cvGsUA direction-ltr align-start para-style-body\"><span class=\"OYPEnA font-feature-liga-off font-feature-clig-off font-feature-calt-off text-decoration-none text-strikethrough-none\" style=\"color: #ffffff;\">\u2714 <\/span>Nahtlose Verbindung<\/p><p><span class=\"OYPEnA font-feature-liga-off font-feature-clig-off font-feature-calt-off text-decoration-none text-strikethrough-none\" style=\"color: #ffffff;\">\u2714 <\/span>100% Fl\u00fcssigkeitsdichte<\/p><p><span class=\"OYPEnA font-feature-liga-off font-feature-clig-off font-feature-calt-off text-decoration-none text-strikethrough-none\" style=\"color: #ffffff;\">\u2714 <\/span><span class=\"OYPEnA font-feature-liga-off font-feature-clig-off font-feature-calt-off text-decoration-none text-strikethrough-none\">Hygienisch<\/span><\/p><p><span class=\"OYPEnA font-feature-liga-off font-feature-clig-off font-feature-calt-off text-decoration-none text-strikethrough-none\" style=\"color: #ffffff;\">\u2714 <\/span>Wartungsarm<\/p><p><span class=\"OYPEnA font-feature-liga-off font-feature-clig-off font-feature-calt-off text-decoration-none text-strikethrough-none\" style=\"color: #ffffff;\">\u2714 <\/span>Langlebig und strapazierf\u00e4hig<\/p>\t\t\t\t\t\t\t\t<\/div>\n\t\t\t\t<\/div>\n\t\t\t\t<\/div>\n\t\t\t\t\t<\/div>\n\t\t\t\t<\/div>\n\t\t<div class=\"elementor-element elementor-element-2f5421c e-flex e-con-boxed e-con e-parent\" data-id=\"2f5421c\" data-element_type=\"container\" data-e-type=\"container\" data-settings=\"{&quot;background_background&quot;:&quot;classic&quot;}\">\n\t\t\t\t\t<div class=\"e-con-inner\">\n\t\t<div class=\"elementor-element elementor-element-dfdcf95 e-con-full elementor-hidden-tablet e-flex elementor-invisible e-con e-child\" data-id=\"dfdcf95\" data-element_type=\"container\" data-e-type=\"container\" data-settings=\"{&quot;animation&quot;:&quot;fadeInUp&quot;}\">\n\t\t\t\t<div class=\"elementor-element elementor-element-232e33a schaduw elementor-widget elementor-widget-image\" data-id=\"232e33a\" data-element_type=\"widget\" data-e-type=\"widget\" data-widget_type=\"image.default\">\n\t\t\t\t<div class=\"elementor-widget-container\">\n\t\t\t\t\t\t\t\t\t\t\t\t\t\t\t<img decoding=\"async\" width=\"500\" height=\"500\" data-src=\"https:\/\/malemacoatings.nl\/wp-content\/uploads\/2025\/03\/Ontwerp-zonder-titel-59.png\" class=\"attachment-large size-large wp-image-1507 lazyload\" alt=\"Sockelleisten aus Kunststoff verlegen lassen\" data-srcset=\"https:\/\/malemacoatings.nl\/wp-content\/uploads\/2025\/03\/Ontwerp-zonder-titel-59.png 500w, https:\/\/malemacoatings.nl\/wp-content\/uploads\/2025\/03\/Ontwerp-zonder-titel-59-300x300.png 300w, https:\/\/malemacoatings.nl\/wp-content\/uploads\/2025\/03\/Ontwerp-zonder-titel-59-150x150.png 150w, https:\/\/malemacoatings.nl\/wp-content\/uploads\/2025\/03\/Ontwerp-zonder-titel-59-12x12.png 12w\" data-sizes=\"(max-width: 500px) 100vw, 500px\" src=\"data:image\/svg+xml;base64,PHN2ZyB3aWR0aD0iMSIgaGVpZ2h0PSIxIiB4bWxucz0iaHR0cDovL3d3dy53My5vcmcvMjAwMC9zdmciPjwvc3ZnPg==\" style=\"--smush-placeholder-width: 500px; --smush-placeholder-aspect-ratio: 500\/500;\" \/>\t\t\t\t\t\t\t\t\t\t\t\t\t\t\t<\/div>\n\t\t\t\t<\/div>\n\t\t\t\t<\/div>\n\t\t<div class=\"elementor-element elementor-element-6808692 e-con-full e-flex elementor-invisible e-con e-child\" data-id=\"6808692\" data-element_type=\"container\" data-e-type=\"container\" data-settings=\"{&quot;animation&quot;:&quot;fadeInUp&quot;}\">\n\t\t\t\t<div class=\"elementor-element elementor-element-ddf1fd2 elementor-widget__width-initial elementor-widget-mobile__width-inherit elementor-widget elementor-widget-heading\" data-id=\"ddf1fd2\" data-element_type=\"widget\" data-e-type=\"widget\" data-widget_type=\"heading.default\">\n\t\t\t\t<div class=\"elementor-widget-container\">\n\t\t\t\t\t<h2 class=\"elementor-heading-title elementor-size-default\">Anwendungen<\/h2>\t\t\t\t<\/div>\n\t\t\t\t<\/div>\n\t\t\t\t<div class=\"elementor-element elementor-element-3e8b5d1 elementor-widget elementor-widget-text-editor\" data-id=\"3e8b5d1\" data-element_type=\"widget\" data-e-type=\"widget\" data-widget_type=\"text-editor.default\">\n\t\t\t\t<div class=\"elementor-widget-container\">\n\t\t\t\t\t\t\t\t\t<p>Diese Sockelleisten werden h\u00e4ufig in Bereichen eingesetzt, in denen Hygiene und Fl\u00fcssigkeitsdichtheit von entscheidender Bedeutung sind. Sie sind ideal f\u00fcr die Lebensmittelindustrie, Produktionshallen und Sanit\u00e4rbereiche. Auch in landwirtschaftlichen Betrieben, im Automobilsektor, in der Gastronomie und in B\u00fcros bieten diese Sockelleisten eine praktische und dauerhafte L\u00f6sung.<\/p>\t\t\t\t\t\t\t\t<\/div>\n\t\t\t\t<\/div>\n\t\t\t\t<div class=\"elementor-element elementor-element-c1e8a7f elementor-widget__width-initial elementor-widget-mobile__width-inherit elementor-widget elementor-widget-heading\" data-id=\"c1e8a7f\" data-element_type=\"widget\" data-e-type=\"widget\" data-widget_type=\"heading.default\">\n\t\t\t\t<div class=\"elementor-widget-container\">\n\t\t\t\t\t<h2 class=\"elementor-heading-title elementor-size-default\">Eine saubere und hygienische Kantenbearbeitung<\/h2>\t\t\t\t<\/div>\n\t\t\t\t<\/div>\n\t\t\t\t<div class=\"elementor-element elementor-element-2c7559d elementor-widget elementor-widget-text-editor\" data-id=\"2c7559d\" data-element_type=\"widget\" data-e-type=\"widget\" data-widget_type=\"text-editor.default\">\n\t\t\t\t<div class=\"elementor-widget-container\">\n\t\t\t\t\t\t\t\t\t<p>Um den \u00dcbergang zwischen Wand und Boden optimal zu sch\u00fctzen, sind unsere Kunststoffverkleidungen die ideale L\u00f6sung. Diese sto\u00dffesten Elemente sorgen daf\u00fcr, dass Feuchtigkeit und Schmutz keine Chance haben, in die Ecken einzudringen, aber f\u00fcr ein wirklich flaches Ergebnis ist es oft notwendig, dass wir Ihre Wand zuerst beschichten.\u00a0<a href=\"https:\/\/malemacoatings.nl\/de\/bodenbeschichtung\/boden-nivellieren-lassen\/\">Boden nivellieren lassen<\/a>\u00a0durch unsere Handwerker. Dies gew\u00e4hrleistet ein nahtloses Ganzes, das alle strengen Hygienevorschriften erf\u00fcllt.<\/p><p>\u00a0<\/p><p>Unsere Sockelleisten sind leicht sauber zu halten und extrem langlebig, selbst bei intensiver Reinigung in industriellen Umgebungen. Wenn Sie dar\u00fcber hinaus einen sehr robusten Bodenbelag suchen, der auch aggressiven Chemikalien standh\u00e4lt, k\u00f6nnen Sie sich f\u00fcr eine\u00a0<a href=\"https:\/\/malemacoatings.nl\/de\/bodenbeschichtung\/pucem\/\">hochwertiges Pucem<\/a>\u00a0Beschichtung. Mit dieser Kombination schaffen Sie einen Arbeitsboden, der nicht nur sicher ist, sondern auch \u00fcber Jahre hinweg seine Qualit\u00e4t beibeh\u00e4lt.<\/p>\t\t\t\t\t\t\t\t<\/div>\n\t\t\t\t<\/div>\n\t\t\t\t<div class=\"elementor-element elementor-element-3f55c9b elementor-widget elementor-widget-button\" data-id=\"3f55c9b\" data-element_type=\"widget\" data-e-type=\"widget\" data-widget_type=\"button.default\">\n\t\t\t\t<div class=\"elementor-widget-container\">\n\t\t\t\t\t\t\t\t\t<div class=\"elementor-button-wrapper\">\n\t\t\t\t\t<a class=\"elementor-button elementor-button-link elementor-size-sm\" href=\"\/de\/anwendungen\/\">\n\t\t\t\t\t\t<span class=\"elementor-button-content-wrapper\">\n\t\t\t\t\t\t\t\t\t<span class=\"elementor-button-text\">Alle Anwendungen anzeigen<\/span>\n\t\t\t\t\t<\/span>\n\t\t\t\t\t<\/a>\n\t\t\t\t<\/div>\n\t\t\t\t\t\t\t\t<\/div>\n\t\t\t\t<\/div>\n\t\t\t\t<\/div>\n\t\t\t\t\t<\/div>\n\t\t\t\t<\/div>\n\t\t<div class=\"elementor-element elementor-element-034f918 e-flex e-con-boxed e-con e-parent\" data-id=\"034f918\" data-element_type=\"container\" data-e-type=\"container\" data-settings=\"{&quot;background_background&quot;:&quot;gradient&quot;}\">\n\t\t\t\t\t<div class=\"e-con-inner\">\n\t\t<div class=\"elementor-element elementor-element-325ccaf e-con-full e-flex elementor-invisible e-con e-child\" data-id=\"325ccaf\" data-element_type=\"container\" data-e-type=\"container\" data-settings=\"{&quot;animation&quot;:&quot;fadeInUp&quot;}\">\n\t\t\t\t<div class=\"elementor-element elementor-element-7ee61c9 elementor-widget elementor-widget-heading\" data-id=\"7ee61c9\" data-element_type=\"widget\" data-e-type=\"widget\" data-widget_type=\"heading.default\">\n\t\t\t\t<div class=\"elementor-widget-container\">\n\t\t\t\t\t<h2 class=\"elementor-heading-title elementor-size-default\">Zus\u00e4tzlicher Schutz und Langlebigkeit<\/h2>\t\t\t\t<\/div>\n\t\t\t\t<\/div>\n\t\t\t\t<div class=\"elementor-element elementor-element-577bb63 elementor-widget elementor-widget-text-editor\" data-id=\"577bb63\" data-element_type=\"widget\" data-e-type=\"widget\" data-widget_type=\"text-editor.default\">\n\t\t\t\t<div class=\"elementor-widget-container\">\n\t\t\t\t\t\t\t\t\t<p>Diese Sockelleisten bieten nicht nur eine hygienische Oberfl\u00e4che, sondern verl\u00e4ngern auch die Lebensdauer Ihrer W\u00e4nde und B\u00f6den. Durch den zus\u00e4tzlichen Schutz vor Feuchtigkeit, Chemikalien und mechanischen Einwirkungen bleiben die W\u00e4nde l\u00e4nger in optimalem Zustand. Dies ist besonders wichtig in Bereichen mit intensiver Nutzung, wie z. B. Produktionshallen, Lagerhallen und Sanit\u00e4ranlagen, wo die Kombination aus Haltbarkeit und einfacher Wartung von entscheidender Bedeutung ist.<\/p>\t\t\t\t\t\t\t\t<\/div>\n\t\t\t\t<\/div>\n\t\t\t\t<\/div>\n\t\t\t\t\t<\/div>\n\t\t\t\t<\/div>\n\t\t<div class=\"elementor-element elementor-element-0dbefd4 e-flex e-con-boxed e-con e-parent\" data-id=\"0dbefd4\" data-element_type=\"container\" data-e-type=\"container\" data-settings=\"{&quot;background_background&quot;:&quot;classic&quot;}\">\n\t\t\t\t\t<div class=\"e-con-inner\">\n\t\t<div class=\"elementor-element elementor-element-0d988d9 e-con-full e-flex elementor-invisible e-con e-child\" data-id=\"0d988d9\" data-element_type=\"container\" data-e-type=\"container\" data-settings=\"{&quot;animation&quot;:&quot;fadeInUp&quot;}\">\n\t\t\t\t<div class=\"elementor-element elementor-element-3f7fb27 elementor-widget__width-inherit elementor-widget-mobile__width-inherit elementor-widget elementor-widget-heading\" data-id=\"3f7fb27\" data-element_type=\"widget\" data-e-type=\"widget\" data-widget_type=\"heading.default\">\n\t\t\t\t<div class=\"elementor-widget-container\">\n\t\t\t\t\t<h2 class=\"elementor-heading-title elementor-size-default\">Sockelleisten aus Kunststoff von Malema Coatings anbringen lassen<\/h2>\t\t\t\t<\/div>\n\t\t\t\t<\/div>\n\t\t\t\t<div class=\"elementor-element elementor-element-b194910 elementor-widget elementor-widget-text-editor\" data-id=\"b194910\" data-element_type=\"widget\" data-e-type=\"widget\" data-widget_type=\"text-editor.default\">\n\t\t\t\t<div class=\"elementor-widget-container\">\n\t\t\t\t\t\t\t\t\tM\u00f6chten Sie diese Sockelleisten installieren lassen, um Ihre Gesch\u00e4ftsr\u00e4ume dauerhaft und hygienisch zu gestalten? Malema Coatings bietet ma\u00dfgeschneiderte L\u00f6sungen f\u00fcr verschiedene Bereiche. Kontaktieren Sie uns f\u00fcr eine kostenlose Beratung oder fordern Sie sofort ein Angebot an!\t\t\t\t\t\t\t\t<\/div>\n\t\t\t\t<\/div>\n\t\t<div class=\"elementor-element elementor-element-28880b4 e-con-full e-flex e-con e-child\" data-id=\"28880b4\" data-element_type=\"container\" data-e-type=\"container\">\n\t\t\t\t<div class=\"elementor-element elementor-element-fff77cc elementor-widget elementor-widget-button\" data-id=\"fff77cc\" data-element_type=\"widget\" data-e-type=\"widget\" data-widget_type=\"button.default\">\n\t\t\t\t<div class=\"elementor-widget-container\">\n\t\t\t\t\t\t\t\t\t<div class=\"elementor-button-wrapper\">\n\t\t\t\t\t<a class=\"elementor-button elementor-button-link elementor-size-sm\" href=\"\/de\/ein-angebot-anfordern\/\">\n\t\t\t\t\t\t<span class=\"elementor-button-content-wrapper\">\n\t\t\t\t\t\t\t\t\t<span class=\"elementor-button-text\">Angebot anfordern<\/span>\n\t\t\t\t\t<\/span>\n\t\t\t\t\t<\/a>\n\t\t\t\t<\/div>\n\t\t\t\t\t\t\t\t<\/div>\n\t\t\t\t<\/div>\n\t\t\t\t<div class=\"elementor-element elementor-element-8024b6a bounce-text elementor-widget elementor-widget-text-editor\" data-id=\"8024b6a\" data-element_type=\"widget\" data-e-type=\"widget\" data-widget_type=\"text-editor.default\">\n\t\t\t\t<div class=\"elementor-widget-container\">\n\t\t\t\t\t\t\t\t\t<span class=\"vaste-buttontekst\"><\/span>\t\t\t\t\t\t\t\t<\/div>\n\t\t\t\t<\/div>\n\t\t\t\t<\/div>\n\t\t\t\t<\/div>\n\t\t\t\t\t<\/div>\n\t\t\t\t<\/div>\n\t\t\t\t<\/div>","protected":false},"excerpt":{"rendered":"<p>Kunststof plinten Offerte aanvragen Wat zijn kunststof plinten? Kunststof plinten bieden een duurzame en hygi\u00ebnische oplossing voor bedrijfsruimtes door een naadloze overgang tussen vloer en wand te cre\u00ebren. Ze zijn perfect afgestemd op troffelvloeren en gietvloeren, waardoor de vloeistofdichtheid en onderhoudsvriendelijke eigenschappen optimaal behouden blijven. Dit voorkomt vuilophoping in hoeken en draagt bij aan een [&hellip;]<\/p>\n","protected":false},"author":1,"featured_media":0,"parent":421,"menu_order":0,"comment_status":"closed","ping_status":"closed","template":"","meta":{"footnotes":""},"class_list":["post-622","page","type-page","status-publish","hentry"],"_links":{"self":[{"href":"https:\/\/malemacoatings.nl\/de\/wp-json\/wp\/v2\/pages\/622","targetHints":{"allow":["GET"]}}],"collection":[{"href":"https:\/\/malemacoatings.nl\/de\/wp-json\/wp\/v2\/pages"}],"about":[{"href":"https:\/\/malemacoatings.nl\/de\/wp-json\/wp\/v2\/types\/page"}],"author":[{"embeddable":true,"href":"https:\/\/malemacoatings.nl\/de\/wp-json\/wp\/v2\/users\/1"}],"replies":[{"embeddable":true,"href":"https:\/\/malemacoatings.nl\/de\/wp-json\/wp\/v2\/comments?post=622"}],"version-history":[{"count":0,"href":"https:\/\/malemacoatings.nl\/de\/wp-json\/wp\/v2\/pages\/622\/revisions"}],"up":[{"embeddable":true,"href":"https:\/\/malemacoatings.nl\/de\/wp-json\/wp\/v2\/pages\/421"}],"wp:attachment":[{"href":"https:\/\/malemacoatings.nl\/de\/wp-json\/wp\/v2\/media?parent=622"}],"curies":[{"name":"wp","href":"https:\/\/api.w.org\/{rel}","templated":true}]}}