{"id":594,"date":"2025-02-18T15:34:51","date_gmt":"2025-02-18T15:34:51","guid":{"rendered":"https:\/\/malemacoatings.nl\/?page_id=594"},"modified":"2026-04-16T12:18:25","modified_gmt":"2026-04-16T12:18:25","slug":"mortelboden","status":"publish","type":"page","link":"https:\/\/malemacoatings.nl\/de\/vloercoating\/mortelvloer\/","title":{"rendered":"M\u00f6rtelboden"},"content":{"rendered":"<div data-elementor-type=\"wp-page\" data-elementor-id=\"594\" class=\"elementor elementor-594\" data-elementor-post-type=\"page\">\n\t\t\t\t<div class=\"elementor-element elementor-element-dd620fb e-flex e-con-boxed e-con e-parent\" data-id=\"dd620fb\" data-element_type=\"container\" data-e-type=\"container\" data-settings=\"{&quot;background_background&quot;:&quot;classic&quot;}\">\n\t\t\t\t\t<div class=\"e-con-inner\">\n\t\t<div class=\"elementor-element elementor-element-ecd4001 e-con-full e-flex elementor-invisible e-con e-child\" data-id=\"ecd4001\" data-element_type=\"container\" data-e-type=\"container\" data-settings=\"{&quot;animation&quot;:&quot;fadeIn&quot;}\">\n\t\t\t\t<div class=\"elementor-element elementor-element-da5c03d animated-slow elementor-invisible elementor-widget elementor-widget-heading\" data-id=\"da5c03d\" data-element_type=\"widget\" data-e-type=\"widget\" data-settings=\"{&quot;_animation&quot;:&quot;fadeIn&quot;}\" data-widget_type=\"heading.default\">\n\t\t\t\t<div class=\"elementor-widget-container\">\n\t\t\t\t\t<h1 class=\"elementor-heading-title elementor-size-default\">M\u00f6rtelboden<\/h1>\t\t\t\t<\/div>\n\t\t\t\t<\/div>\n\t\t<div class=\"elementor-element elementor-element-d65cadc e-con-full e-flex e-con e-child\" data-id=\"d65cadc\" data-element_type=\"container\" data-e-type=\"container\">\n\t\t\t\t<div class=\"elementor-element elementor-element-4261d49 animated-slow elementor-invisible elementor-widget elementor-widget-button\" data-id=\"4261d49\" data-element_type=\"widget\" data-e-type=\"widget\" data-settings=\"{&quot;_animation&quot;:&quot;fadeIn&quot;}\" data-widget_type=\"button.default\">\n\t\t\t\t<div class=\"elementor-widget-container\">\n\t\t\t\t\t\t\t\t\t<div class=\"elementor-button-wrapper\">\n\t\t\t\t\t<a class=\"elementor-button elementor-button-link elementor-size-sm\" href=\"\/de\/ein-angebot-anfordern\/\">\n\t\t\t\t\t\t<span class=\"elementor-button-content-wrapper\">\n\t\t\t\t\t\t\t\t\t<span class=\"elementor-button-text\">Angebot anfordern<\/span>\n\t\t\t\t\t<\/span>\n\t\t\t\t\t<\/a>\n\t\t\t\t<\/div>\n\t\t\t\t\t\t\t\t<\/div>\n\t\t\t\t<\/div>\n\t\t\t\t<div class=\"elementor-element elementor-element-fe6994d bounce-text elementor-widget elementor-widget-text-editor\" data-id=\"fe6994d\" data-element_type=\"widget\" data-e-type=\"widget\" data-widget_type=\"text-editor.default\">\n\t\t\t\t<div class=\"elementor-widget-container\">\n\t\t\t\t\t\t\t\t\t<span class=\"vaste-buttontekst\"><\/span>\t\t\t\t\t\t\t\t<\/div>\n\t\t\t\t<\/div>\n\t\t\t\t<\/div>\n\t\t\t\t<\/div>\n\t\t\t\t\t<\/div>\n\t\t\t\t<\/div>\n\t\t<div class=\"elementor-element elementor-element-cf62fc3 e-flex e-con-boxed e-con e-parent\" data-id=\"cf62fc3\" data-element_type=\"container\" data-e-type=\"container\">\n\t\t\t\t\t<div class=\"e-con-inner\">\n\t\t\t\t\t<\/div>\n\t\t\t\t<\/div>\n\t\t<div class=\"elementor-element elementor-element-cf3073e e-flex e-con-boxed e-con e-parent\" data-id=\"cf3073e\" data-element_type=\"container\" data-e-type=\"container\" data-settings=\"{&quot;background_background&quot;:&quot;classic&quot;}\">\n\t\t\t\t\t<div class=\"e-con-inner\">\n\t\t<div class=\"elementor-element elementor-element-ac9c960 e-con-full elementor-hidden-tablet e-flex elementor-invisible e-con e-child\" data-id=\"ac9c960\" data-element_type=\"container\" data-e-type=\"container\" data-settings=\"{&quot;animation&quot;:&quot;fadeInUp&quot;}\">\n\t\t\t\t<div class=\"elementor-element elementor-element-e1a3b90 schaduw elementor-widget elementor-widget-image\" data-id=\"e1a3b90\" data-element_type=\"widget\" data-e-type=\"widget\" data-widget_type=\"image.default\">\n\t\t\t\t<div class=\"elementor-widget-container\">\n\t\t\t\t\t\t\t\t\t\t\t\t\t\t\t<img fetchpriority=\"high\" decoding=\"async\" width=\"500\" height=\"500\" src=\"https:\/\/malemacoatings.nl\/wp-content\/uploads\/2025\/02\/Coating-vloeren-horeca.png\" class=\"attachment-large size-large wp-image-125\" alt=\"Beschichtung von Fu\u00dfb\u00f6den Catering-Spachtelboden\" srcset=\"https:\/\/malemacoatings.nl\/wp-content\/uploads\/2025\/02\/Coating-vloeren-horeca.png 500w, https:\/\/malemacoatings.nl\/wp-content\/uploads\/2025\/02\/Coating-vloeren-horeca-300x300.png 300w, https:\/\/malemacoatings.nl\/wp-content\/uploads\/2025\/02\/Coating-vloeren-horeca-150x150.png 150w\" sizes=\"(max-width: 500px) 100vw, 500px\" \/>\t\t\t\t\t\t\t\t\t\t\t\t\t\t\t<\/div>\n\t\t\t\t<\/div>\n\t\t\t\t<\/div>\n\t\t<div class=\"elementor-element elementor-element-c42fdf1 e-con-full e-flex elementor-invisible e-con e-child\" data-id=\"c42fdf1\" data-element_type=\"container\" data-e-type=\"container\" data-settings=\"{&quot;animation&quot;:&quot;fadeInUp&quot;}\">\n\t\t\t\t<div class=\"elementor-element elementor-element-561c8ce elementor-widget__width-initial elementor-widget-mobile__width-inherit elementor-widget elementor-widget-heading\" data-id=\"561c8ce\" data-element_type=\"widget\" data-e-type=\"widget\" data-widget_type=\"heading.default\">\n\t\t\t\t<div class=\"elementor-widget-container\">\n\t\t\t\t\t<h2 class=\"elementor-heading-title elementor-size-default\">Was ist ein M\u00f6rtelboden?<\/h2>\t\t\t\t<\/div>\n\t\t\t\t<\/div>\n\t\t\t\t<div class=\"elementor-element elementor-element-591d9b9 elementor-widget elementor-widget-text-editor\" data-id=\"591d9b9\" data-element_type=\"widget\" data-e-type=\"widget\" data-widget_type=\"text-editor.default\">\n\t\t\t\t<div class=\"elementor-widget-container\">\n\t\t\t\t\t\t\t\t\t<p>Ein M\u00f6rtelboden, auch genannt <a href=\"\/de\/bodenbeschichtung\/kellenboden\/\"><span style=\"text-decoration: underline; color: #d9534f;\">Kellenboden<\/span><\/a> oder <a href=\"\/de\/bodenbeschichtung\/pmma-etage\/\"><span style=\"text-decoration: underline;\"><span style=\"color: #d9534f; text-decoration: underline;\">PMMA-Boden<\/span><\/span><\/a> ist ein extrem widerstandsf\u00e4higer und langlebiger Bodenbelag auf Basis von PMMA (PolyMethylMethAcrylat). Dieser Boden zeichnet sich durch eine schnelle Aush\u00e4rtung aus, so dass er innerhalb weniger Stunden voll belastbar ist. Dies macht den M\u00f6rtelboden ideal f\u00fcr Renovierungsprojekte und Umgebungen, in denen minimale Ausfallzeiten wichtig sind.<\/p>\t\t\t\t\t\t\t\t<\/div>\n\t\t\t\t<\/div>\n\t\t<div class=\"elementor-element elementor-element-877de31 e-con-full e-flex e-con e-child\" data-id=\"877de31\" data-element_type=\"container\" data-e-type=\"container\">\n\t\t\t\t<div class=\"elementor-element elementor-element-86d3fcb elementor-widget elementor-widget-button\" data-id=\"86d3fcb\" data-element_type=\"widget\" data-e-type=\"widget\" data-widget_type=\"button.default\">\n\t\t\t\t<div class=\"elementor-widget-container\">\n\t\t\t\t\t\t\t\t\t<div class=\"elementor-button-wrapper\">\n\t\t\t\t\t<a class=\"elementor-button elementor-button-link elementor-size-sm\" href=\"\/de\/ein-angebot-anfordern\/\">\n\t\t\t\t\t\t<span class=\"elementor-button-content-wrapper\">\n\t\t\t\t\t\t\t\t\t<span class=\"elementor-button-text\">Angebot anfordern<\/span>\n\t\t\t\t\t<\/span>\n\t\t\t\t\t<\/a>\n\t\t\t\t<\/div>\n\t\t\t\t\t\t\t\t<\/div>\n\t\t\t\t<\/div>\n\t\t\t\t<div class=\"elementor-element elementor-element-ed28add bounce-text elementor-widget elementor-widget-text-editor\" data-id=\"ed28add\" data-element_type=\"widget\" data-e-type=\"widget\" data-widget_type=\"text-editor.default\">\n\t\t\t\t<div class=\"elementor-widget-container\">\n\t\t\t\t\t\t\t\t\t<span class=\"vaste-buttontekst\"><\/span>\t\t\t\t\t\t\t\t<\/div>\n\t\t\t\t<\/div>\n\t\t\t\t<\/div>\n\t\t\t\t<\/div>\n\t\t\t\t\t<\/div>\n\t\t\t\t<\/div>\n\t\t<div class=\"elementor-element elementor-element-b32c917 e-flex e-con-boxed e-con e-parent\" data-id=\"b32c917\" data-element_type=\"container\" data-e-type=\"container\" data-settings=\"{&quot;background_background&quot;:&quot;classic&quot;}\">\n\t\t\t\t\t<div class=\"e-con-inner\">\n\t\t<div class=\"elementor-element elementor-element-9e8c2f9 e-con-full e-flex elementor-invisible e-con e-child\" data-id=\"9e8c2f9\" data-element_type=\"container\" data-e-type=\"container\" data-settings=\"{&quot;animation&quot;:&quot;fadeInUp&quot;}\">\n\t\t\t\t<div class=\"elementor-element elementor-element-66a3049 elementor-widget__width-initial elementor-widget-mobile__width-inherit elementor-widget elementor-widget-heading\" data-id=\"66a3049\" data-element_type=\"widget\" data-e-type=\"widget\" data-widget_type=\"heading.default\">\n\t\t\t\t<div class=\"elementor-widget-container\">\n\t\t\t\t\t<h2 class=\"elementor-heading-title elementor-size-default\">Anwendungen von M\u00f6rtelb\u00f6den<\/h2>\t\t\t\t<\/div>\n\t\t\t\t<\/div>\n\t\t\t\t<div class=\"elementor-element elementor-element-3e034f8 elementor-widget elementor-widget-text-editor\" data-id=\"3e034f8\" data-element_type=\"widget\" data-e-type=\"widget\" data-widget_type=\"text-editor.default\">\n\t\t\t\t<div class=\"elementor-widget-container\">\n\t\t\t\t\t\t\t\t\tM\u00f6rtelb\u00f6den sind f\u00fcr verschiedene Branchen und Anwendungen geeignet. In der Industrie erf\u00fcllen sie die strengen HACCP-Richtlinien und bieten eine pflegeleichte, fl\u00fcssigkeitsdichte L\u00f6sung. In Lagerhallen und Parkh\u00e4usern halten sie schweren mechanischen Belastungen und starkem Verkehr stand. Der Automobilsektor profitiert von ihrer Verschlei\u00dffestigkeit und chemischen Best\u00e4ndigkeit, w\u00e4hrend Autowaschanlagen von ihren fl\u00fcssigkeitsdichten und pflegeleichten Eigenschaften profitieren. Im Einzelhandel, in B\u00fcros und Ausstellungsr\u00e4umen bieten M\u00f6rtelb\u00f6den au\u00dferdem ein elegantes und modernes Design.\t\t\t\t\t\t\t\t<\/div>\n\t\t\t\t<\/div>\n\t\t\t\t<\/div>\n\t\t<div class=\"elementor-element elementor-element-bca62bc e-con-full e-flex elementor-invisible e-con e-child\" data-id=\"bca62bc\" data-element_type=\"container\" data-e-type=\"container\" data-settings=\"{&quot;background_background&quot;:&quot;classic&quot;,&quot;animation&quot;:&quot;fadeInUp&quot;}\">\n\t\t\t\t<div class=\"elementor-element elementor-element-993ffa3 elementor-widget__width-initial elementor-widget-mobile__width-inherit elementor-widget elementor-widget-heading\" data-id=\"993ffa3\" data-element_type=\"widget\" data-e-type=\"widget\" data-widget_type=\"heading.default\">\n\t\t\t\t<div class=\"elementor-widget-container\">\n\t\t\t\t\t<h3 class=\"elementor-heading-title elementor-size-default\">Vorteile von M\u00f6rtelb\u00f6den<\/h3>\t\t\t\t<\/div>\n\t\t\t\t<\/div>\n\t\t\t\t<div class=\"elementor-element elementor-element-7f562ab elementor-widget elementor-widget-text-editor\" data-id=\"7f562ab\" data-element_type=\"widget\" data-e-type=\"widget\" data-widget_type=\"text-editor.default\">\n\t\t\t\t<div class=\"elementor-widget-container\">\n\t\t\t\t\t\t\t\t\t<p class=\"cvGsUA direction-ltr align-start para-style-body\"><span class=\"OYPEnA font-feature-liga-off font-feature-clig-off font-feature-calt-off text-decoration-none text-strikethrough-none\" style=\"color: #ffffff;\">\u2714 <\/span>Trocknungszeit von nur 2 Stunden<\/p><p><span class=\"OYPEnA font-feature-liga-off font-feature-clig-off font-feature-calt-off text-decoration-none text-strikethrough-none\" style=\"color: #ffffff;\">\u2714 <\/span>Langlebig und strapazierf\u00e4hig<\/p><p><span class=\"OYPEnA font-feature-liga-off font-feature-clig-off font-feature-calt-off text-decoration-none text-strikethrough-none\" style=\"color: #ffffff;\">\u2714 <\/span><span class=\"OYPEnA font-feature-liga-off font-feature-clig-off font-feature-calt-off text-decoration-none text-strikethrough-none\">Fl\u00fcssigkeitsdicht und hygienisch<\/span><\/p><p><span class=\"OYPEnA font-feature-liga-off font-feature-clig-off font-feature-calt-off text-decoration-none text-strikethrough-none\" style=\"color: #ffffff;\">\u2714 <\/span>Chemikalienbest\u00e4ndig<\/p><p><span class=\"OYPEnA font-feature-liga-off font-feature-clig-off font-feature-calt-off text-decoration-none text-strikethrough-none\" style=\"color: #ffffff;\">\u2714 <\/span>Rutschfeste Oberfl\u00e4che<\/p>\t\t\t\t\t\t\t\t<\/div>\n\t\t\t\t<\/div>\n\t\t\t\t<\/div>\n\t\t\t\t\t<\/div>\n\t\t\t\t<\/div>\n\t\t<div class=\"elementor-element elementor-element-a1af024 e-flex e-con-boxed e-con e-parent\" data-id=\"a1af024\" data-element_type=\"container\" data-e-type=\"container\" data-settings=\"{&quot;background_background&quot;:&quot;classic&quot;}\">\n\t\t\t\t\t<div class=\"e-con-inner\">\n\t\t<div class=\"elementor-element elementor-element-047db6b e-con-full elementor-hidden-tablet e-flex elementor-invisible e-con e-child\" data-id=\"047db6b\" data-element_type=\"container\" data-e-type=\"container\" data-settings=\"{&quot;animation&quot;:&quot;fadeInUp&quot;}\">\n\t\t\t\t<div class=\"elementor-element elementor-element-b734e42 schaduw elementor-widget elementor-widget-image\" data-id=\"b734e42\" data-element_type=\"widget\" data-e-type=\"widget\" data-widget_type=\"image.default\">\n\t\t\t\t<div class=\"elementor-widget-container\">\n\t\t\t\t\t\t\t\t\t\t\t\t\t\t\t<img decoding=\"async\" width=\"500\" height=\"500\" data-src=\"https:\/\/malemacoatings.nl\/wp-content\/uploads\/2025\/02\/Ontwerp-zonder-titel-40.png\" class=\"attachment-large size-large wp-image-511 lazyload\" alt=\"PMMA-Beschichtung Garagenm\u00f6rtelboden\" data-srcset=\"https:\/\/malemacoatings.nl\/wp-content\/uploads\/2025\/02\/Ontwerp-zonder-titel-40.png 500w, https:\/\/malemacoatings.nl\/wp-content\/uploads\/2025\/02\/Ontwerp-zonder-titel-40-300x300.png 300w, https:\/\/malemacoatings.nl\/wp-content\/uploads\/2025\/02\/Ontwerp-zonder-titel-40-150x150.png 150w\" data-sizes=\"(max-width: 500px) 100vw, 500px\" src=\"data:image\/svg+xml;base64,PHN2ZyB3aWR0aD0iMSIgaGVpZ2h0PSIxIiB4bWxucz0iaHR0cDovL3d3dy53My5vcmcvMjAwMC9zdmciPjwvc3ZnPg==\" style=\"--smush-placeholder-width: 500px; --smush-placeholder-aspect-ratio: 500\/500;\" \/>\t\t\t\t\t\t\t\t\t\t\t\t\t\t\t<\/div>\n\t\t\t\t<\/div>\n\t\t\t\t<\/div>\n\t\t<div class=\"elementor-element elementor-element-99f2725 e-con-full e-flex elementor-invisible e-con e-child\" data-id=\"99f2725\" data-element_type=\"container\" data-e-type=\"container\" data-settings=\"{&quot;animation&quot;:&quot;fadeInUp&quot;}\">\n\t\t\t\t<div class=\"elementor-element elementor-element-9e14b96 elementor-widget__width-initial elementor-widget-mobile__width-inherit elementor-widget elementor-widget-heading\" data-id=\"9e14b96\" data-element_type=\"widget\" data-e-type=\"widget\" data-widget_type=\"heading.default\">\n\t\t\t\t<div class=\"elementor-widget-container\">\n\t\t\t\t\t<h2 class=\"elementor-heading-title elementor-size-default\">Ein Boden mit vielseitigen Eigenschaften<\/h2>\t\t\t\t<\/div>\n\t\t\t\t<\/div>\n\t\t\t\t<div class=\"elementor-element elementor-element-6fec66d elementor-widget elementor-widget-text-editor\" data-id=\"6fec66d\" data-element_type=\"widget\" data-e-type=\"widget\" data-widget_type=\"text-editor.default\">\n\t\t\t\t<div class=\"elementor-widget-container\">\n\t\t\t\t\t\t\t\t\t<p>Ein M\u00f6rtelboden vereint Festigkeit, Haltbarkeit und Pflegeleichtigkeit. Der Boden ist v\u00f6llig undurchl\u00e4ssig f\u00fcr Schmutz und Fl\u00fcssigkeiten und bietet eine \u00e4u\u00dferst hygienische L\u00f6sung. Das macht ihn ideal f\u00fcr den Lebensmittel- und Gastst\u00e4ttensektor, wie B\u00e4ckereien, Metzgereien und Gro\u00dfk\u00fcchen. Dank seiner strapazierf\u00e4higen und kratzfesten Eigenschaften ist er auch f\u00fcr industrielle Anwendungen bestens geeignet. Ob es sich um einen funktionalen Arbeitsboden oder einen stilvollen Ausstellungsraum handelt, der Boden passt sich m\u00fchelos an jede Umgebung an.<\/p>\t\t\t\t\t\t\t\t<\/div>\n\t\t\t\t<\/div>\n\t\t\t\t<\/div>\n\t\t\t\t\t<\/div>\n\t\t\t\t<\/div>\n\t\t<div class=\"elementor-element elementor-element-d00ae0f e-flex e-con-boxed e-con e-parent\" data-id=\"d00ae0f\" data-element_type=\"container\" data-e-type=\"container\" data-settings=\"{&quot;background_background&quot;:&quot;gradient&quot;}\">\n\t\t\t\t\t<div class=\"e-con-inner\">\n\t\t<div class=\"elementor-element elementor-element-f14959c e-con-full e-flex elementor-invisible e-con e-child\" data-id=\"f14959c\" data-element_type=\"container\" data-e-type=\"container\" data-settings=\"{&quot;animation&quot;:&quot;fadeInUp&quot;}\">\n\t\t\t\t<div class=\"elementor-element elementor-element-00bfca4 elementor-widget elementor-widget-heading\" data-id=\"00bfca4\" data-element_type=\"widget\" data-e-type=\"widget\" data-widget_type=\"heading.default\">\n\t\t\t\t<div class=\"elementor-widget-container\">\n\t\t\t\t\t<h2 class=\"elementor-heading-title elementor-size-default\">Wie wird ein M\u00f6rtelboden aufgebracht?<\/h2>\t\t\t\t<\/div>\n\t\t\t\t<\/div>\n\t\t\t\t<div class=\"elementor-element elementor-element-ea1af63 elementor-widget elementor-widget-text-editor\" data-id=\"ea1af63\" data-element_type=\"widget\" data-e-type=\"widget\" data-widget_type=\"text-editor.default\">\n\t\t\t\t<div class=\"elementor-widget-container\">\n\t\t\t\t\t\t\t\t\tEin M\u00f6rtelboden wird in vier Schichten aufgetragen. Zun\u00e4chst wird der Untergrund gereinigt und gegebenenfalls geschliffen. Danach folgt eine Grundierung f\u00fcr eine optimale Haftung. Danach wird die M\u00f6rtelmasse mit Granulat aufgetragen, um Farbe und Struktur zu bestimmen. Schlie\u00dflich sorgt die Versiegelungsschicht f\u00fcr chemische Best\u00e4ndigkeit und Wasserdichtigkeit. Innerhalb von zwei Stunden ist der Boden vollst\u00e4ndig ausgeh\u00e4rtet und bezugsfertig.\t\t\t\t\t\t\t\t<\/div>\n\t\t\t\t<\/div>\n\t\t\t\t<\/div>\n\t\t\t\t\t<\/div>\n\t\t\t\t<\/div>\n\t\t<div class=\"elementor-element elementor-element-3d31200 e-flex e-con-boxed e-con e-parent\" data-id=\"3d31200\" data-element_type=\"container\" data-e-type=\"container\" data-settings=\"{&quot;background_background&quot;:&quot;classic&quot;}\">\n\t\t\t\t\t<div class=\"e-con-inner\">\n\t\t<div class=\"elementor-element elementor-element-0843e1c e-con-full elementor-hidden-tablet e-flex elementor-invisible e-con e-child\" data-id=\"0843e1c\" data-element_type=\"container\" data-e-type=\"container\" data-settings=\"{&quot;animation&quot;:&quot;fadeInUp&quot;}\">\n\t\t\t\t<div class=\"elementor-element elementor-element-403b44e schaduw elementor-widget elementor-widget-image\" data-id=\"403b44e\" data-element_type=\"widget\" data-e-type=\"widget\" data-widget_type=\"image.default\">\n\t\t\t\t<div class=\"elementor-widget-container\">\n\t\t\t\t\t\t\t\t\t\t\t\t\t\t\t<img decoding=\"async\" width=\"500\" height=\"500\" data-src=\"https:\/\/malemacoatings.nl\/wp-content\/uploads\/2026\/01\/Mortelvloer-Automotive.png\" class=\"attachment-large size-large wp-image-2152 lazyload\" alt=\"M\u00f6rtelbodenbelag Automotive\" data-srcset=\"https:\/\/malemacoatings.nl\/wp-content\/uploads\/2026\/01\/Mortelvloer-Automotive.png 500w, https:\/\/malemacoatings.nl\/wp-content\/uploads\/2026\/01\/Mortelvloer-Automotive-300x300.png 300w, https:\/\/malemacoatings.nl\/wp-content\/uploads\/2026\/01\/Mortelvloer-Automotive-150x150.png 150w, https:\/\/malemacoatings.nl\/wp-content\/uploads\/2026\/01\/Mortelvloer-Automotive-12x12.png 12w\" data-sizes=\"(max-width: 500px) 100vw, 500px\" src=\"data:image\/svg+xml;base64,PHN2ZyB3aWR0aD0iMSIgaGVpZ2h0PSIxIiB4bWxucz0iaHR0cDovL3d3dy53My5vcmcvMjAwMC9zdmciPjwvc3ZnPg==\" style=\"--smush-placeholder-width: 500px; --smush-placeholder-aspect-ratio: 500\/500;\" \/>\t\t\t\t\t\t\t\t\t\t\t\t\t\t\t<\/div>\n\t\t\t\t<\/div>\n\t\t\t\t<\/div>\n\t\t<div class=\"elementor-element elementor-element-5e6c6c2 e-con-full e-flex elementor-invisible e-con e-child\" data-id=\"5e6c6c2\" data-element_type=\"container\" data-e-type=\"container\" data-settings=\"{&quot;animation&quot;:&quot;fadeInUp&quot;}\">\n\t\t\t\t<div class=\"elementor-element elementor-element-2b0a666 elementor-widget__width-initial elementor-widget-mobile__width-inherit elementor-widget elementor-widget-heading\" data-id=\"2b0a666\" data-element_type=\"widget\" data-e-type=\"widget\" data-widget_type=\"heading.default\">\n\t\t\t\t<div class=\"elementor-widget-container\">\n\t\t\t\t\t<h2 class=\"elementor-heading-title elementor-size-default\">Starke M\u00f6rtelsysteme f\u00fcr Ihre Werkstatt<\/h2>\t\t\t\t<\/div>\n\t\t\t\t<\/div>\n\t\t\t\t<div class=\"elementor-element elementor-element-db722f5 elementor-widget elementor-widget-text-editor\" data-id=\"db722f5\" data-element_type=\"widget\" data-e-type=\"widget\" data-widget_type=\"text-editor.default\">\n\t\t\t\t<div class=\"elementor-widget-container\">\n\t\t\t\t\t\t\t\t\t<p>Wenn Sie einen Boden ben\u00f6tigen, der schwersten mechanischen Belastungen standhalten muss, ist ein M\u00f6rtelsystem eine kluge Investition. Diese B\u00f6den sind aufgrund ihrer dichten Struktur unglaublich leistungsf\u00e4hig, aber vergessen Sie nicht, dass Sie f\u00fcr eine vollst\u00e4ndig fl\u00fcssigkeitsdichte Abdichtung Ihrer W\u00e4nde auch eine\u00a0<a href=\"https:\/\/malemacoatings.nl\/de\/bodenbeschichtung\/acryl-wandbeschichtung\/\">Glatte Acryl-Wandbeschichtung<\/a>\u00a0die Sie installieren lassen k\u00f6nnen. Wir sorgen daf\u00fcr, dass Ihr gesamter Raum professionell und auf h\u00f6chstem Niveau ausgef\u00fchrt wird.<\/p><p>\u00a0<\/p><p>Die Langlebigkeit dieser B\u00f6den sorgt daf\u00fcr, dass Sie sich \u00fcber viele Jahre hinweg keine Gedanken \u00fcber gr\u00f6\u00dfere Wartungsarbeiten machen m\u00fcssen. Um den \u00dcbergang zwischen Ihrem neuen Boden und den W\u00e4nden perfekt und hygienisch abzudichten, k\u00f6nnen Sie sich auch f\u00fcr den Einbau von\u00a0<a href=\"https:\/\/malemacoatings.nl\/de\/bodenbeschichtung\/kunststoff-sockelleisten\/\">Sockelleisten aus schlagfestem Kunststoff<\/a>. So entsteht eine nahtlose Verbindung, die Schmutzansammlungen verhindert und die Reinigung Ihrer R\u00e4umlichkeiten erheblich beschleunigt.<\/p>\t\t\t\t\t\t\t\t<\/div>\n\t\t\t\t<\/div>\n\t\t\t\t<div class=\"elementor-element elementor-element-d3bbf06 elementor-widget__width-initial elementor-widget-mobile__width-inherit elementor-widget elementor-widget-heading\" data-id=\"d3bbf06\" data-element_type=\"widget\" data-e-type=\"widget\" data-widget_type=\"heading.default\">\n\t\t\t\t<div class=\"elementor-widget-container\">\n\t\t\t\t\t<h2 class=\"elementor-heading-title elementor-size-default\">Lassen Sie M\u00f6rtelb\u00f6den von Malema Coatings verlegen<\/h2>\t\t\t\t<\/div>\n\t\t\t\t<\/div>\n\t\t\t\t<div class=\"elementor-element elementor-element-cd55463 elementor-widget elementor-widget-text-editor\" data-id=\"cd55463\" data-element_type=\"widget\" data-e-type=\"widget\" data-widget_type=\"text-editor.default\">\n\t\t\t\t<div class=\"elementor-widget-container\">\n\t\t\t\t\t\t\t\t\t<p>Sind Sie auf der Suche nach einem zuverl\u00e4ssigen und langlebigen Bodenbelag f\u00fcr Ihr Unternehmen? Malema Coatings verf\u00fcgt \u00fcber jahrelange Erfahrung in der Lieferung und Verlegung von hochwertigen M\u00f6rtelb\u00f6den. Wir bieten ma\u00dfgeschneiderte L\u00f6sungen f\u00fcr verschiedene Branchen und helfen Ihnen gerne, die richtige Bodenbeschichtung zu finden. Kontaktieren Sie uns f\u00fcr eine unverbindliche Beratung oder fordern Sie gleich ein Angebot an!<\/p>\t\t\t\t\t\t\t\t<\/div>\n\t\t\t\t<\/div>\n\t\t<div class=\"elementor-element elementor-element-08f065f e-con-full e-flex e-con e-child\" data-id=\"08f065f\" data-element_type=\"container\" data-e-type=\"container\">\n\t\t\t\t<div class=\"elementor-element elementor-element-4e2d7f3 elementor-widget elementor-widget-button\" data-id=\"4e2d7f3\" data-element_type=\"widget\" data-e-type=\"widget\" data-widget_type=\"button.default\">\n\t\t\t\t<div class=\"elementor-widget-container\">\n\t\t\t\t\t\t\t\t\t<div class=\"elementor-button-wrapper\">\n\t\t\t\t\t<a class=\"elementor-button elementor-button-link elementor-size-sm\" href=\"\/de\/ein-angebot-anfordern\/\">\n\t\t\t\t\t\t<span class=\"elementor-button-content-wrapper\">\n\t\t\t\t\t\t\t\t\t<span class=\"elementor-button-text\">Angebot anfordern<\/span>\n\t\t\t\t\t<\/span>\n\t\t\t\t\t<\/a>\n\t\t\t\t<\/div>\n\t\t\t\t\t\t\t\t<\/div>\n\t\t\t\t<\/div>\n\t\t\t\t<div class=\"elementor-element elementor-element-c9f0731 bounce-text elementor-widget elementor-widget-text-editor\" data-id=\"c9f0731\" data-element_type=\"widget\" data-e-type=\"widget\" data-widget_type=\"text-editor.default\">\n\t\t\t\t<div class=\"elementor-widget-container\">\n\t\t\t\t\t\t\t\t\t<span class=\"vaste-buttontekst\"><\/span>\t\t\t\t\t\t\t\t<\/div>\n\t\t\t\t<\/div>\n\t\t\t\t<\/div>\n\t\t\t\t<\/div>\n\t\t\t\t\t<\/div>\n\t\t\t\t<\/div>\n\t\t\t\t<\/div>","protected":false},"excerpt":{"rendered":"<p>Mortelvloer Offerte aanvragen Wat is een mortelvloer? Een mortelvloer, ook wel troffelvloer of PMMA-vloer genoemd, is een uiterst sterke en duurzame bedrijfsvloer op basis van PMMA (PolyMethylMethAcrylaat). Deze vloer kenmerkt zich door een snelle uitharding, waardoor hij binnen enkele uren volledig belastbaar is. Dit maakt de mortelvloer ideaal voor renovatieprojecten en omgevingen waar minimale stilstand [&hellip;]<\/p>\n","protected":false},"author":1,"featured_media":0,"parent":421,"menu_order":0,"comment_status":"closed","ping_status":"closed","template":"","meta":{"footnotes":""},"class_list":["post-594","page","type-page","status-publish","hentry"],"_links":{"self":[{"href":"https:\/\/malemacoatings.nl\/de\/wp-json\/wp\/v2\/pages\/594","targetHints":{"allow":["GET"]}}],"collection":[{"href":"https:\/\/malemacoatings.nl\/de\/wp-json\/wp\/v2\/pages"}],"about":[{"href":"https:\/\/malemacoatings.nl\/de\/wp-json\/wp\/v2\/types\/page"}],"author":[{"embeddable":true,"href":"https:\/\/malemacoatings.nl\/de\/wp-json\/wp\/v2\/users\/1"}],"replies":[{"embeddable":true,"href":"https:\/\/malemacoatings.nl\/de\/wp-json\/wp\/v2\/comments?post=594"}],"version-history":[{"count":0,"href":"https:\/\/malemacoatings.nl\/de\/wp-json\/wp\/v2\/pages\/594\/revisions"}],"up":[{"embeddable":true,"href":"https:\/\/malemacoatings.nl\/de\/wp-json\/wp\/v2\/pages\/421"}],"wp:attachment":[{"href":"https:\/\/malemacoatings.nl\/de\/wp-json\/wp\/v2\/media?parent=594"}],"curies":[{"name":"wp","href":"https:\/\/api.w.org\/{rel}","templated":true}]}}