{"id":589,"date":"2025-02-18T15:26:16","date_gmt":"2025-02-18T15:26:16","guid":{"rendered":"https:\/\/malemacoatings.nl\/?page_id=589"},"modified":"2026-04-16T12:16:26","modified_gmt":"2026-04-16T12:16:26","slug":"kellenboden","status":"publish","type":"page","link":"https:\/\/malemacoatings.nl\/de\/vloercoating\/troffelvloer\/","title":{"rendered":"Boden gl\u00e4tten"},"content":{"rendered":"<div data-elementor-type=\"wp-page\" data-elementor-id=\"589\" class=\"elementor elementor-589\" data-elementor-post-type=\"page\">\n\t\t\t\t<div class=\"elementor-element elementor-element-e3fbbe0 e-flex e-con-boxed e-con e-parent\" data-id=\"e3fbbe0\" data-element_type=\"container\" data-e-type=\"container\" data-settings=\"{&quot;background_background&quot;:&quot;classic&quot;}\">\n\t\t\t\t\t<div class=\"e-con-inner\">\n\t\t<div class=\"elementor-element elementor-element-4d6d952 e-con-full e-flex elementor-invisible e-con e-child\" data-id=\"4d6d952\" data-element_type=\"container\" data-e-type=\"container\" data-settings=\"{&quot;animation&quot;:&quot;fadeIn&quot;}\">\n\t\t\t\t<div class=\"elementor-element elementor-element-d57a4af animated-slow elementor-invisible elementor-widget elementor-widget-heading\" data-id=\"d57a4af\" data-element_type=\"widget\" data-e-type=\"widget\" data-settings=\"{&quot;_animation&quot;:&quot;fadeIn&quot;}\" data-widget_type=\"heading.default\">\n\t\t\t\t<div class=\"elementor-widget-container\">\n\t\t\t\t\t<h1 class=\"elementor-heading-title elementor-size-default\">Boden gl\u00e4tten<\/h1>\t\t\t\t<\/div>\n\t\t\t\t<\/div>\n\t\t<div class=\"elementor-element elementor-element-3adab74 e-con-full e-flex e-con e-child\" data-id=\"3adab74\" data-element_type=\"container\" data-e-type=\"container\">\n\t\t\t\t<div class=\"elementor-element elementor-element-2a63558 animated-slow elementor-invisible elementor-widget elementor-widget-button\" data-id=\"2a63558\" data-element_type=\"widget\" data-e-type=\"widget\" data-settings=\"{&quot;_animation&quot;:&quot;fadeIn&quot;}\" data-widget_type=\"button.default\">\n\t\t\t\t<div class=\"elementor-widget-container\">\n\t\t\t\t\t\t\t\t\t<div class=\"elementor-button-wrapper\">\n\t\t\t\t\t<a class=\"elementor-button elementor-button-link elementor-size-sm\" href=\"\/de\/ein-angebot-anfordern\/\">\n\t\t\t\t\t\t<span class=\"elementor-button-content-wrapper\">\n\t\t\t\t\t\t\t\t\t<span class=\"elementor-button-text\">Angebot anfordern<\/span>\n\t\t\t\t\t<\/span>\n\t\t\t\t\t<\/a>\n\t\t\t\t<\/div>\n\t\t\t\t\t\t\t\t<\/div>\n\t\t\t\t<\/div>\n\t\t\t\t<div class=\"elementor-element elementor-element-ab2fdd7 bounce-text elementor-widget elementor-widget-text-editor\" data-id=\"ab2fdd7\" data-element_type=\"widget\" data-e-type=\"widget\" data-widget_type=\"text-editor.default\">\n\t\t\t\t<div class=\"elementor-widget-container\">\n\t\t\t\t\t\t\t\t\t<span class=\"vaste-buttontekst\"><\/span>\t\t\t\t\t\t\t\t<\/div>\n\t\t\t\t<\/div>\n\t\t\t\t<\/div>\n\t\t\t\t<\/div>\n\t\t\t\t\t<\/div>\n\t\t\t\t<\/div>\n\t\t<div class=\"elementor-element elementor-element-bb16c0f e-flex e-con-boxed e-con e-parent\" data-id=\"bb16c0f\" data-element_type=\"container\" data-e-type=\"container\">\n\t\t\t\t\t<div class=\"e-con-inner\">\n\t\t\t\t\t<\/div>\n\t\t\t\t<\/div>\n\t\t<div class=\"elementor-element elementor-element-05c7c74 e-flex e-con-boxed e-con e-parent\" data-id=\"05c7c74\" data-element_type=\"container\" data-e-type=\"container\" data-settings=\"{&quot;background_background&quot;:&quot;classic&quot;}\">\n\t\t\t\t\t<div class=\"e-con-inner\">\n\t\t<div class=\"elementor-element elementor-element-162676a e-con-full elementor-hidden-tablet e-flex elementor-invisible e-con e-child\" data-id=\"162676a\" data-element_type=\"container\" data-e-type=\"container\" data-settings=\"{&quot;animation&quot;:&quot;fadeInUp&quot;}\">\n\t\t\t\t<div class=\"elementor-element elementor-element-4d4a06b schaduw elementor-widget elementor-widget-image\" data-id=\"4d4a06b\" data-element_type=\"widget\" data-e-type=\"widget\" data-widget_type=\"image.default\">\n\t\t\t\t<div class=\"elementor-widget-container\">\n\t\t\t\t\t\t\t\t\t\t\t\t\t\t\t<img fetchpriority=\"high\" decoding=\"async\" width=\"500\" height=\"500\" src=\"https:\/\/malemacoatings.nl\/wp-content\/uploads\/2025\/02\/Coating-vloeren-horeca.png\" class=\"attachment-large size-large wp-image-125\" alt=\"Beschichtung von Fu\u00dfb\u00f6den Catering-Spachtelboden\" srcset=\"https:\/\/malemacoatings.nl\/wp-content\/uploads\/2025\/02\/Coating-vloeren-horeca.png 500w, https:\/\/malemacoatings.nl\/wp-content\/uploads\/2025\/02\/Coating-vloeren-horeca-300x300.png 300w, https:\/\/malemacoatings.nl\/wp-content\/uploads\/2025\/02\/Coating-vloeren-horeca-150x150.png 150w\" sizes=\"(max-width: 500px) 100vw, 500px\" \/>\t\t\t\t\t\t\t\t\t\t\t\t\t\t\t<\/div>\n\t\t\t\t<\/div>\n\t\t\t\t<\/div>\n\t\t<div class=\"elementor-element elementor-element-ddd2210 e-con-full e-flex elementor-invisible e-con e-child\" data-id=\"ddd2210\" data-element_type=\"container\" data-e-type=\"container\" data-settings=\"{&quot;animation&quot;:&quot;fadeInUp&quot;}\">\n\t\t\t\t<div class=\"elementor-element elementor-element-02025b2 elementor-widget__width-initial elementor-widget-mobile__width-inherit elementor-widget elementor-widget-heading\" data-id=\"02025b2\" data-element_type=\"widget\" data-e-type=\"widget\" data-widget_type=\"heading.default\">\n\t\t\t\t<div class=\"elementor-widget-container\">\n\t\t\t\t\t<h2 class=\"elementor-heading-title elementor-size-default\">Was ist ein Spachtelboden?<\/h2>\t\t\t\t<\/div>\n\t\t\t\t<\/div>\n\t\t\t\t<div class=\"elementor-element elementor-element-bb9ae6c elementor-widget elementor-widget-text-editor\" data-id=\"bb9ae6c\" data-element_type=\"widget\" data-e-type=\"widget\" data-widget_type=\"text-editor.default\">\n\t\t\t\t<div class=\"elementor-widget-container\">\n\t\t\t\t\t\t\t\t\t<p data-pm-slice=\"1 1 []\">Ein Spachtelboden, auch bekannt als <span style=\"text-decoration: underline;\"><a href=\"\/de\/bodenbeschichtung\/mortelboden\/\"><span style=\"color: #d9534f; text-decoration: underline;\">M\u00f6rtelboden<\/span><\/a><\/span> oder <span style=\"text-decoration: underline; color: #d9534f;\"><a style=\"color: #d9534f; text-decoration: underline;\" href=\"\/de\/bodenbeschichtung\/pmma-etage\/\">PMMA-Boden<\/a><\/span>ist ein widerstandsf\u00e4higer und langlebiger gewerblicher Boden aus PMMA-Harz und feinem Kies. Mit einer Dicke von 4-5 mm und einem vierschichtigen Aufbau bietet dieser Boden eine solide Basis und eine nahtlose Oberfl\u00e4che. Die Versiegelungsschicht macht den Boden absolut fl\u00fcssigkeitsdicht, chemikalienbest\u00e4ndig und leicht zu reinigen. Dank der schnellen Aush\u00e4rtung kann der Boden innerhalb eines Tages verlegt und sofort wieder benutzt werden.<\/p>\t\t\t\t\t\t\t\t<\/div>\n\t\t\t\t<\/div>\n\t\t<div class=\"elementor-element elementor-element-4779b9f e-con-full e-flex e-con e-child\" data-id=\"4779b9f\" data-element_type=\"container\" data-e-type=\"container\">\n\t\t\t\t<div class=\"elementor-element elementor-element-97d0a8d elementor-widget elementor-widget-button\" data-id=\"97d0a8d\" data-element_type=\"widget\" data-e-type=\"widget\" data-widget_type=\"button.default\">\n\t\t\t\t<div class=\"elementor-widget-container\">\n\t\t\t\t\t\t\t\t\t<div class=\"elementor-button-wrapper\">\n\t\t\t\t\t<a class=\"elementor-button elementor-button-link elementor-size-sm\" href=\"\/de\/ein-angebot-anfordern\/\">\n\t\t\t\t\t\t<span class=\"elementor-button-content-wrapper\">\n\t\t\t\t\t\t\t\t\t<span class=\"elementor-button-text\">Angebot anfordern<\/span>\n\t\t\t\t\t<\/span>\n\t\t\t\t\t<\/a>\n\t\t\t\t<\/div>\n\t\t\t\t\t\t\t\t<\/div>\n\t\t\t\t<\/div>\n\t\t\t\t<div class=\"elementor-element elementor-element-15d8eb8 bounce-text elementor-widget elementor-widget-text-editor\" data-id=\"15d8eb8\" data-element_type=\"widget\" data-e-type=\"widget\" data-widget_type=\"text-editor.default\">\n\t\t\t\t<div class=\"elementor-widget-container\">\n\t\t\t\t\t\t\t\t\t<span class=\"vaste-buttontekst\"><\/span>\t\t\t\t\t\t\t\t<\/div>\n\t\t\t\t<\/div>\n\t\t\t\t<\/div>\n\t\t\t\t<\/div>\n\t\t\t\t\t<\/div>\n\t\t\t\t<\/div>\n\t\t<div class=\"elementor-element elementor-element-a6efab6 e-flex e-con-boxed e-con e-parent\" data-id=\"a6efab6\" data-element_type=\"container\" data-e-type=\"container\" data-settings=\"{&quot;background_background&quot;:&quot;classic&quot;}\">\n\t\t\t\t\t<div class=\"e-con-inner\">\n\t\t<div class=\"elementor-element elementor-element-1e12697 e-con-full e-flex elementor-invisible e-con e-child\" data-id=\"1e12697\" data-element_type=\"container\" data-e-type=\"container\" data-settings=\"{&quot;animation&quot;:&quot;fadeInUp&quot;}\">\n\t\t\t\t<div class=\"elementor-element elementor-element-645a53b elementor-widget__width-initial elementor-widget-mobile__width-inherit elementor-widget elementor-widget-heading\" data-id=\"645a53b\" data-element_type=\"widget\" data-e-type=\"widget\" data-widget_type=\"heading.default\">\n\t\t\t\t<div class=\"elementor-widget-container\">\n\t\t\t\t\t<h2 class=\"elementor-heading-title elementor-size-default\">Anwendungen<\/h2>\t\t\t\t<\/div>\n\t\t\t\t<\/div>\n\t\t\t\t<div class=\"elementor-element elementor-element-59f4e1e elementor-widget elementor-widget-text-editor\" data-id=\"59f4e1e\" data-element_type=\"widget\" data-e-type=\"widget\" data-widget_type=\"text-editor.default\">\n\t\t\t\t<div class=\"elementor-widget-container\">\n\t\t\t\t\t\t\t\t\t<p data-pm-slice=\"1 1 []\">Spachtelb\u00f6den sind vielseitig einsetzbar und eignen sich f\u00fcr verschiedene Bereiche, wie z. B. die Lebensmittelindustrie, das Gastst\u00e4ttengewerbe, die Automobilindustrie und industrielle Umgebungen. Der Boden kann auf verschiedenen Untergr\u00fcnden verlegt werden, darunter Beton, Fliesen und Sandzement. Dank seiner verschlei\u00dffesten und hygienischen Eigenschaften erf\u00fcllen Kellenb\u00f6den die HACCP-Anforderungen und sind ideal f\u00fcr Bereiche, in denen Hygiene und Wartungsfreundlichkeit wichtig sind.<\/p>\t\t\t\t\t\t\t\t<\/div>\n\t\t\t\t<\/div>\n\t\t\t\t<\/div>\n\t\t<div class=\"elementor-element elementor-element-29aa395 e-con-full e-flex elementor-invisible e-con e-child\" data-id=\"29aa395\" data-element_type=\"container\" data-e-type=\"container\" data-settings=\"{&quot;background_background&quot;:&quot;classic&quot;,&quot;animation&quot;:&quot;fadeInUp&quot;}\">\n\t\t\t\t<div class=\"elementor-element elementor-element-2b81d2d elementor-widget__width-initial elementor-widget-mobile__width-inherit elementor-widget elementor-widget-heading\" data-id=\"2b81d2d\" data-element_type=\"widget\" data-e-type=\"widget\" data-widget_type=\"heading.default\">\n\t\t\t\t<div class=\"elementor-widget-container\">\n\t\t\t\t\t<h3 class=\"elementor-heading-title elementor-size-default\">Vorteile<\/h3>\t\t\t\t<\/div>\n\t\t\t\t<\/div>\n\t\t\t\t<div class=\"elementor-element elementor-element-b644cb6 elementor-widget elementor-widget-text-editor\" data-id=\"b644cb6\" data-element_type=\"widget\" data-e-type=\"widget\" data-widget_type=\"text-editor.default\">\n\t\t\t\t<div class=\"elementor-widget-container\">\n\t\t\t\t\t\t\t\t\t<p class=\"cvGsUA direction-ltr align-start para-style-body\"><span class=\"OYPEnA font-feature-liga-off font-feature-clig-off font-feature-calt-off text-decoration-none text-strikethrough-none\" style=\"color: #ffffff;\">\u2714 <\/span>Trocknungszeit von nur 2 Stunden<\/p><p><span class=\"OYPEnA font-feature-liga-off font-feature-clig-off font-feature-calt-off text-decoration-none text-strikethrough-none\" style=\"color: #ffffff;\">\u2714 <\/span>Langlebig und strapazierf\u00e4hig<\/p><p><span class=\"OYPEnA font-feature-liga-off font-feature-clig-off font-feature-calt-off text-decoration-none text-strikethrough-none\" style=\"color: #ffffff;\">\u2714 <\/span><span class=\"OYPEnA font-feature-liga-off font-feature-clig-off font-feature-calt-off text-decoration-none text-strikethrough-none\">Fl\u00fcssigkeitsdicht und hygienisch<\/span><\/p><p><span class=\"OYPEnA font-feature-liga-off font-feature-clig-off font-feature-calt-off text-decoration-none text-strikethrough-none\" style=\"color: #ffffff;\">\u2714 <\/span>Chemikalienbest\u00e4ndig<\/p><p><span class=\"OYPEnA font-feature-liga-off font-feature-clig-off font-feature-calt-off text-decoration-none text-strikethrough-none\" style=\"color: #ffffff;\">\u2714 <\/span>Rutschfeste Oberfl\u00e4che<\/p>\t\t\t\t\t\t\t\t<\/div>\n\t\t\t\t<\/div>\n\t\t\t\t<\/div>\n\t\t\t\t\t<\/div>\n\t\t\t\t<\/div>\n\t\t<div class=\"elementor-element elementor-element-bbb6f69 e-flex e-con-boxed e-con e-parent\" data-id=\"bbb6f69\" data-element_type=\"container\" data-e-type=\"container\" data-settings=\"{&quot;background_background&quot;:&quot;classic&quot;}\">\n\t\t\t\t\t<div class=\"e-con-inner\">\n\t\t<div class=\"elementor-element elementor-element-ec4ec7c e-con-full elementor-hidden-tablet e-flex elementor-invisible e-con e-child\" data-id=\"ec4ec7c\" data-element_type=\"container\" data-e-type=\"container\" data-settings=\"{&quot;animation&quot;:&quot;fadeInUp&quot;}\">\n\t\t\t\t<div class=\"elementor-element elementor-element-98a2c99 schaduw elementor-widget elementor-widget-image\" data-id=\"98a2c99\" data-element_type=\"widget\" data-e-type=\"widget\" data-widget_type=\"image.default\">\n\t\t\t\t<div class=\"elementor-widget-container\">\n\t\t\t\t\t\t\t\t\t\t\t\t\t\t\t<img decoding=\"async\" width=\"500\" height=\"500\" data-src=\"https:\/\/malemacoatings.nl\/wp-content\/uploads\/2025\/02\/Ontwerp-zonder-titel-40.png\" class=\"attachment-large size-large wp-image-511 lazyload\" alt=\"PMMA-Beschichtung Garagenm\u00f6rtelboden\" data-srcset=\"https:\/\/malemacoatings.nl\/wp-content\/uploads\/2025\/02\/Ontwerp-zonder-titel-40.png 500w, https:\/\/malemacoatings.nl\/wp-content\/uploads\/2025\/02\/Ontwerp-zonder-titel-40-300x300.png 300w, https:\/\/malemacoatings.nl\/wp-content\/uploads\/2025\/02\/Ontwerp-zonder-titel-40-150x150.png 150w\" data-sizes=\"(max-width: 500px) 100vw, 500px\" src=\"data:image\/svg+xml;base64,PHN2ZyB3aWR0aD0iMSIgaGVpZ2h0PSIxIiB4bWxucz0iaHR0cDovL3d3dy53My5vcmcvMjAwMC9zdmciPjwvc3ZnPg==\" style=\"--smush-placeholder-width: 500px; --smush-placeholder-aspect-ratio: 500\/500;\" \/>\t\t\t\t\t\t\t\t\t\t\t\t\t\t\t<\/div>\n\t\t\t\t<\/div>\n\t\t\t\t<\/div>\n\t\t<div class=\"elementor-element elementor-element-20f8aca e-con-full e-flex elementor-invisible e-con e-child\" data-id=\"20f8aca\" data-element_type=\"container\" data-e-type=\"container\" data-settings=\"{&quot;animation&quot;:&quot;fadeInUp&quot;}\">\n\t\t\t\t<div class=\"elementor-element elementor-element-5867e3c elementor-widget__width-initial elementor-widget-mobile__width-inherit elementor-widget elementor-widget-heading\" data-id=\"5867e3c\" data-element_type=\"widget\" data-e-type=\"widget\" data-widget_type=\"heading.default\">\n\t\t\t\t<div class=\"elementor-widget-container\">\n\t\t\t\t\t<h2 class=\"elementor-heading-title elementor-size-default\">Wie wird ein Spachtelboden verlegt?<\/h2>\t\t\t\t<\/div>\n\t\t\t\t<\/div>\n\t\t\t\t<div class=\"elementor-element elementor-element-dbf8814 elementor-widget elementor-widget-text-editor\" data-id=\"dbf8814\" data-element_type=\"widget\" data-e-type=\"widget\" data-widget_type=\"text-editor.default\">\n\t\t\t\t<div class=\"elementor-widget-container\">\n\t\t\t\t\t\t\t\t\t<p>Ein Spachtelboden wird in vier Schichten aufgetragen. Zun\u00e4chst wird der Untergrund ges\u00e4ubert und, falls erforderlich, geschliffen. Danach folgt eine Grundierung f\u00fcr eine optimale Haftung. Danach wird die Spachtelmasse mit Granulat aufgetragen, um Farbe und Struktur zu bestimmen. Zum Schluss sorgt die Versiegelungsschicht f\u00fcr chemische Best\u00e4ndigkeit und eine wasserdichte Oberfl\u00e4che. Innerhalb von zwei Stunden ist der Boden vollst\u00e4ndig ausgeh\u00e4rtet und bezugsfertig.<\/p>\t\t\t\t\t\t\t\t<\/div>\n\t\t\t\t<\/div>\n\t\t\t\t<div class=\"elementor-element elementor-element-c0a008f elementor-widget__width-initial elementor-widget-mobile__width-inherit elementor-widget elementor-widget-heading\" data-id=\"c0a008f\" data-element_type=\"widget\" data-e-type=\"widget\" data-widget_type=\"heading.default\">\n\t\t\t\t<div class=\"elementor-widget-container\">\n\t\t\t\t\t<h2 class=\"elementor-heading-title elementor-size-default\">Leistungsstarke Bodenbelagsl\u00f6sungen f\u00fcr schwierige Bedingungen<\/h2>\t\t\t\t<\/div>\n\t\t\t\t<\/div>\n\t\t\t\t<div class=\"elementor-element elementor-element-7cbc033 elementor-widget elementor-widget-text-editor\" data-id=\"7cbc033\" data-element_type=\"widget\" data-e-type=\"widget\" data-widget_type=\"text-editor.default\">\n\t\t\t\t<div class=\"elementor-widget-container\">\n\t\t\t\t\t\t\t\t\t<p>In Umgebungen, in denen viel mit Maschinen gearbeitet wird, ist eine robuste Oberfl\u00e4che sehr wichtig. Unsere Kellenb\u00f6den bestehen aus feinem Kies und Harz, was zu einem unzerst\u00f6rbaren Ergebnis f\u00fchrt, aber f\u00fcr ein weicheres Lauferlebnis in \u00f6ffentlichen Bereichen k\u00f6nnen Sie sich auch f\u00fcr einen\u00a0<a href=\"https:\/\/malemacoatings.nl\/de\/bodenbeschichtung\/pu-gussboden\/\">flexibler PU-Gussboden<\/a>. Auf diese Weise k\u00f6nnen Sie sicher sein, dass der Boden einer intensiven t\u00e4glichen Nutzung standh\u00e4lt.<\/p><p>\u00a0<\/p><p>Neben dem Boden selbst ist es oft notwendig, auch die W\u00e4nde angemessen vor Feuchtigkeit und Schmutz zu sch\u00fctzen. Sie k\u00f6nnen eine\u00a0<a href=\"https:\/\/malemacoatings.nl\/de\/bodenbeschichtung\/epoxid-wandbeschichtung\/\">Hygienische Epoxid-Wandbeschichtung<\/a>\u00a0Wir k\u00f6nnen ein Bodensystem installieren, das sich nahtlos an Ihr neues Bodensystem anschlie\u00dft. Mit dieser Kombination k\u00f6nnen Sie problemlos alle strengen Hygiene- und Sicherheitsanforderungen in Ihrer Branche erf\u00fcllen.<\/p>\t\t\t\t\t\t\t\t<\/div>\n\t\t\t\t<\/div>\n\t\t\t\t<\/div>\n\t\t\t\t\t<\/div>\n\t\t\t\t<\/div>\n\t\t<div class=\"elementor-element elementor-element-1f1f2c0 e-flex e-con-boxed e-con e-parent\" data-id=\"1f1f2c0\" data-element_type=\"container\" data-e-type=\"container\" data-settings=\"{&quot;background_background&quot;:&quot;gradient&quot;}\">\n\t\t\t\t\t<div class=\"e-con-inner\">\n\t\t<div class=\"elementor-element elementor-element-762c995 e-con-full e-flex elementor-invisible e-con e-child\" data-id=\"762c995\" data-element_type=\"container\" data-e-type=\"container\" data-settings=\"{&quot;animation&quot;:&quot;fadeInUp&quot;}\">\n\t\t\t\t<div class=\"elementor-element elementor-element-c700775 elementor-widget elementor-widget-heading\" data-id=\"c700775\" data-element_type=\"widget\" data-e-type=\"widget\" data-widget_type=\"heading.default\">\n\t\t\t\t<div class=\"elementor-widget-container\">\n\t\t\t\t\t<h2 class=\"elementor-heading-title elementor-size-default\">Kosten und Sektoren<\/h2>\t\t\t\t<\/div>\n\t\t\t\t<\/div>\n\t\t\t\t<div class=\"elementor-element elementor-element-ea2278b elementor-widget elementor-widget-text-editor\" data-id=\"ea2278b\" data-element_type=\"widget\" data-e-type=\"widget\" data-widget_type=\"text-editor.default\">\n\t\t\t\t<div class=\"elementor-widget-container\">\n\t\t\t\t\t\t\t\t\tDie Kosten f\u00fcr einen Spachtelboden h\u00e4ngen von Faktoren wie der Quadratmeterzahl, dem Untergrund und der gew\u00fcnschten Oberfl\u00e4che ab. Kellenb\u00f6den sind in der Automobil-, Gastgewerbe- und Lebensmittelbranche beliebt, wo sie in Autowaschanlagen, Werkst\u00e4tten, Gro\u00dfk\u00fcchen, Metzgereien und B\u00e4ckereien eingesetzt werden. Dank ihres schlichten Designs passen sie auch perfekt in B\u00fcros und Ausstellungsr\u00e4ume.\t\t\t\t\t\t\t\t<\/div>\n\t\t\t\t<\/div>\n\t\t\t\t<\/div>\n\t\t\t\t\t<\/div>\n\t\t\t\t<\/div>\n\t\t<div class=\"elementor-element elementor-element-2633bb7 e-flex e-con-boxed e-con e-parent\" data-id=\"2633bb7\" data-element_type=\"container\" data-e-type=\"container\" data-settings=\"{&quot;background_background&quot;:&quot;classic&quot;}\">\n\t\t\t\t\t<div class=\"e-con-inner\">\n\t\t<div class=\"elementor-element elementor-element-22797ce e-con-full elementor-hidden-tablet e-flex elementor-invisible e-con e-child\" data-id=\"22797ce\" data-element_type=\"container\" data-e-type=\"container\" data-settings=\"{&quot;animation&quot;:&quot;fadeInUp&quot;}\">\n\t\t\t\t<div class=\"elementor-element elementor-element-98f7e73 schaduw elementor-widget elementor-widget-image\" data-id=\"98f7e73\" data-element_type=\"widget\" data-e-type=\"widget\" data-widget_type=\"image.default\">\n\t\t\t\t<div class=\"elementor-widget-container\">\n\t\t\t\t\t\t\t\t\t\t\t\t\t\t\t<img decoding=\"async\" width=\"500\" height=\"500\" data-src=\"https:\/\/malemacoatings.nl\/wp-content\/uploads\/2026\/01\/Troffelvloer-vernieuwe-expeditieruimte-Rembrandt-Toren.png\" class=\"attachment-large size-large wp-image-2140 lazyload\" alt=\"Spachtelboden erneuert Versandbereich Rembrandt Tower\" data-srcset=\"https:\/\/malemacoatings.nl\/wp-content\/uploads\/2026\/01\/Troffelvloer-vernieuwe-expeditieruimte-Rembrandt-Toren.png 500w, https:\/\/malemacoatings.nl\/wp-content\/uploads\/2026\/01\/Troffelvloer-vernieuwe-expeditieruimte-Rembrandt-Toren-300x300.png 300w, https:\/\/malemacoatings.nl\/wp-content\/uploads\/2026\/01\/Troffelvloer-vernieuwe-expeditieruimte-Rembrandt-Toren-150x150.png 150w, https:\/\/malemacoatings.nl\/wp-content\/uploads\/2026\/01\/Troffelvloer-vernieuwe-expeditieruimte-Rembrandt-Toren-12x12.png 12w\" data-sizes=\"(max-width: 500px) 100vw, 500px\" src=\"data:image\/svg+xml;base64,PHN2ZyB3aWR0aD0iMSIgaGVpZ2h0PSIxIiB4bWxucz0iaHR0cDovL3d3dy53My5vcmcvMjAwMC9zdmciPjwvc3ZnPg==\" style=\"--smush-placeholder-width: 500px; --smush-placeholder-aspect-ratio: 500\/500;\" \/>\t\t\t\t\t\t\t\t\t\t\t\t\t\t\t<\/div>\n\t\t\t\t<\/div>\n\t\t\t\t<\/div>\n\t\t<div class=\"elementor-element elementor-element-d825e6c e-con-full e-flex elementor-invisible e-con e-child\" data-id=\"d825e6c\" data-element_type=\"container\" data-e-type=\"container\" data-settings=\"{&quot;animation&quot;:&quot;fadeInUp&quot;}\">\n\t\t\t\t<div class=\"elementor-element elementor-element-e771774 elementor-widget__width-initial elementor-widget-mobile__width-inherit elementor-widget elementor-widget-heading\" data-id=\"e771774\" data-element_type=\"widget\" data-e-type=\"widget\" data-widget_type=\"heading.default\">\n\t\t\t\t<div class=\"elementor-widget-container\">\n\t\t\t\t\t<h2 class=\"elementor-heading-title elementor-size-default\">Verlegung eines Kellenbodens durch Malema Coatings<\/h2>\t\t\t\t<\/div>\n\t\t\t\t<\/div>\n\t\t\t\t<div class=\"elementor-element elementor-element-3eea500 elementor-widget elementor-widget-text-editor\" data-id=\"3eea500\" data-element_type=\"widget\" data-e-type=\"widget\" data-widget_type=\"text-editor.default\">\n\t\t\t\t<div class=\"elementor-widget-container\">\n\t\t\t\t\t\t\t\t\t<p>Ein gespachtelter Boden erfordert handwerkliches Geschick und Pr\u00e4zision, um einen sicheren, stabilen und dauerhaften Boden zu gew\u00e4hrleisten. Malema Coatings verlegt Spachtelb\u00f6den professionell und effizient. Kontaktieren Sie uns f\u00fcr eine unverbindliche Beratung oder fordern Sie sofort ein Angebot an!<\/p>\t\t\t\t\t\t\t\t<\/div>\n\t\t\t\t<\/div>\n\t\t<div class=\"elementor-element elementor-element-a1746af e-con-full e-flex e-con e-child\" data-id=\"a1746af\" data-element_type=\"container\" data-e-type=\"container\">\n\t\t\t\t<div class=\"elementor-element elementor-element-b06a425 elementor-widget elementor-widget-button\" data-id=\"b06a425\" data-element_type=\"widget\" data-e-type=\"widget\" data-widget_type=\"button.default\">\n\t\t\t\t<div class=\"elementor-widget-container\">\n\t\t\t\t\t\t\t\t\t<div class=\"elementor-button-wrapper\">\n\t\t\t\t\t<a class=\"elementor-button elementor-button-link elementor-size-sm\" href=\"\/de\/ein-angebot-anfordern\/\">\n\t\t\t\t\t\t<span class=\"elementor-button-content-wrapper\">\n\t\t\t\t\t\t\t\t\t<span class=\"elementor-button-text\">Angebot anfordern<\/span>\n\t\t\t\t\t<\/span>\n\t\t\t\t\t<\/a>\n\t\t\t\t<\/div>\n\t\t\t\t\t\t\t\t<\/div>\n\t\t\t\t<\/div>\n\t\t\t\t<div class=\"elementor-element elementor-element-8f02bd3 bounce-text elementor-widget elementor-widget-text-editor\" data-id=\"8f02bd3\" data-element_type=\"widget\" data-e-type=\"widget\" data-widget_type=\"text-editor.default\">\n\t\t\t\t<div class=\"elementor-widget-container\">\n\t\t\t\t\t\t\t\t\t<span class=\"vaste-buttontekst\"><\/span>\t\t\t\t\t\t\t\t<\/div>\n\t\t\t\t<\/div>\n\t\t\t\t<\/div>\n\t\t\t\t<\/div>\n\t\t\t\t\t<\/div>\n\t\t\t\t<\/div>\n\t\t\t\t<\/div>","protected":false},"excerpt":{"rendered":"<p>Troffelvloer Offerte aanvragen Wat is een troffelvloer? Een troffelvloer, ook bekend als mortelvloer of PMMA-vloer, is een sterke en duurzame bedrijfsvloer die bestaat uit PMMA-hars en fijn grind. Met een dikte van 4-5 mm en een vierlaags opbouw biedt deze vloer een solide basis en een naadloze afwerking. De sealerlaag maakt de vloer volledig vloeistofdicht, [&hellip;]<\/p>\n","protected":false},"author":1,"featured_media":0,"parent":421,"menu_order":0,"comment_status":"closed","ping_status":"closed","template":"","meta":{"footnotes":""},"class_list":["post-589","page","type-page","status-publish","hentry"],"_links":{"self":[{"href":"https:\/\/malemacoatings.nl\/de\/wp-json\/wp\/v2\/pages\/589","targetHints":{"allow":["GET"]}}],"collection":[{"href":"https:\/\/malemacoatings.nl\/de\/wp-json\/wp\/v2\/pages"}],"about":[{"href":"https:\/\/malemacoatings.nl\/de\/wp-json\/wp\/v2\/types\/page"}],"author":[{"embeddable":true,"href":"https:\/\/malemacoatings.nl\/de\/wp-json\/wp\/v2\/users\/1"}],"replies":[{"embeddable":true,"href":"https:\/\/malemacoatings.nl\/de\/wp-json\/wp\/v2\/comments?post=589"}],"version-history":[{"count":0,"href":"https:\/\/malemacoatings.nl\/de\/wp-json\/wp\/v2\/pages\/589\/revisions"}],"up":[{"embeddable":true,"href":"https:\/\/malemacoatings.nl\/de\/wp-json\/wp\/v2\/pages\/421"}],"wp:attachment":[{"href":"https:\/\/malemacoatings.nl\/de\/wp-json\/wp\/v2\/media?parent=589"}],"curies":[{"name":"wp","href":"https:\/\/api.w.org\/{rel}","templated":true}]}}