{"id":584,"date":"2025-02-18T15:00:34","date_gmt":"2025-02-18T15:00:34","guid":{"rendered":"https:\/\/malemacoatings.nl\/?page_id=584"},"modified":"2026-04-16T12:22:39","modified_gmt":"2026-04-16T12:22:39","slug":"epoxid-wandbeschichtung","status":"publish","type":"page","link":"https:\/\/malemacoatings.nl\/de\/vloercoating\/epoxy-wandcoating\/","title":{"rendered":"Epoxid-Wandbeschichtung"},"content":{"rendered":"<div data-elementor-type=\"wp-page\" data-elementor-id=\"584\" class=\"elementor elementor-584\" data-elementor-post-type=\"page\">\n\t\t\t\t<div class=\"elementor-element elementor-element-3293cd1 e-flex e-con-boxed e-con e-parent\" data-id=\"3293cd1\" data-element_type=\"container\" data-e-type=\"container\" data-settings=\"{&quot;background_background&quot;:&quot;classic&quot;}\">\n\t\t\t\t\t<div class=\"e-con-inner\">\n\t\t<div class=\"elementor-element elementor-element-aa397a4 e-con-full e-flex elementor-invisible e-con e-child\" data-id=\"aa397a4\" data-element_type=\"container\" data-e-type=\"container\" data-settings=\"{&quot;animation&quot;:&quot;fadeIn&quot;}\">\n\t\t\t\t<div class=\"elementor-element elementor-element-07a8ad3 animated-slow elementor-invisible elementor-widget elementor-widget-heading\" data-id=\"07a8ad3\" data-element_type=\"widget\" data-e-type=\"widget\" data-settings=\"{&quot;_animation&quot;:&quot;fadeIn&quot;}\" data-widget_type=\"heading.default\">\n\t\t\t\t<div class=\"elementor-widget-container\">\n\t\t\t\t\t<h1 class=\"elementor-heading-title elementor-size-default\">Epoxid-Wandbeschichtung<\/h1>\t\t\t\t<\/div>\n\t\t\t\t<\/div>\n\t\t<div class=\"elementor-element elementor-element-df8344e e-con-full e-flex e-con e-child\" data-id=\"df8344e\" data-element_type=\"container\" data-e-type=\"container\">\n\t\t\t\t<div class=\"elementor-element elementor-element-cbc3002 animated-slow elementor-invisible elementor-widget elementor-widget-button\" data-id=\"cbc3002\" data-element_type=\"widget\" data-e-type=\"widget\" data-settings=\"{&quot;_animation&quot;:&quot;fadeIn&quot;}\" data-widget_type=\"button.default\">\n\t\t\t\t<div class=\"elementor-widget-container\">\n\t\t\t\t\t\t\t\t\t<div class=\"elementor-button-wrapper\">\n\t\t\t\t\t<a class=\"elementor-button elementor-button-link elementor-size-sm\" href=\"\/de\/ein-angebot-anfordern\/\">\n\t\t\t\t\t\t<span class=\"elementor-button-content-wrapper\">\n\t\t\t\t\t\t\t\t\t<span class=\"elementor-button-text\">Angebot anfordern<\/span>\n\t\t\t\t\t<\/span>\n\t\t\t\t\t<\/a>\n\t\t\t\t<\/div>\n\t\t\t\t\t\t\t\t<\/div>\n\t\t\t\t<\/div>\n\t\t\t\t<div class=\"elementor-element elementor-element-1b211a1 bounce-text elementor-widget elementor-widget-text-editor\" data-id=\"1b211a1\" data-element_type=\"widget\" data-e-type=\"widget\" data-widget_type=\"text-editor.default\">\n\t\t\t\t<div class=\"elementor-widget-container\">\n\t\t\t\t\t\t\t\t\t<span class=\"vaste-buttontekst\"><\/span>\t\t\t\t\t\t\t\t<\/div>\n\t\t\t\t<\/div>\n\t\t\t\t<\/div>\n\t\t\t\t<\/div>\n\t\t\t\t\t<\/div>\n\t\t\t\t<\/div>\n\t\t<div class=\"elementor-element elementor-element-adc8ef6 e-flex e-con-boxed e-con e-parent\" data-id=\"adc8ef6\" data-element_type=\"container\" data-e-type=\"container\">\n\t\t\t\t\t<div class=\"e-con-inner\">\n\t\t\t\t\t<\/div>\n\t\t\t\t<\/div>\n\t\t<div class=\"elementor-element elementor-element-a7b27d3 e-flex e-con-boxed e-con e-parent\" data-id=\"a7b27d3\" data-element_type=\"container\" data-e-type=\"container\" data-settings=\"{&quot;background_background&quot;:&quot;classic&quot;}\">\n\t\t\t\t\t<div class=\"e-con-inner\">\n\t\t<div class=\"elementor-element elementor-element-3c49544 e-con-full elementor-hidden-tablet e-flex elementor-invisible e-con e-child\" data-id=\"3c49544\" data-element_type=\"container\" data-e-type=\"container\" data-settings=\"{&quot;animation&quot;:&quot;fadeInUp&quot;}\">\n\t\t\t\t<div class=\"elementor-element elementor-element-3ed3914 schaduw elementor-widget elementor-widget-image\" data-id=\"3ed3914\" data-element_type=\"widget\" data-e-type=\"widget\" data-widget_type=\"image.default\">\n\t\t\t\t<div class=\"elementor-widget-container\">\n\t\t\t\t\t\t\t\t\t\t\t\t\t\t\t<img fetchpriority=\"high\" decoding=\"async\" width=\"500\" height=\"500\" src=\"https:\/\/malemacoatings.nl\/wp-content\/uploads\/2025\/02\/Ontwerp-zonder-titel-47.png\" class=\"attachment-large size-large wp-image-520\" alt=\"Epoxidbeschichtung Schweinehaltung\" srcset=\"https:\/\/malemacoatings.nl\/wp-content\/uploads\/2025\/02\/Ontwerp-zonder-titel-47.png 500w, https:\/\/malemacoatings.nl\/wp-content\/uploads\/2025\/02\/Ontwerp-zonder-titel-47-300x300.png 300w, https:\/\/malemacoatings.nl\/wp-content\/uploads\/2025\/02\/Ontwerp-zonder-titel-47-150x150.png 150w\" sizes=\"(max-width: 500px) 100vw, 500px\" \/>\t\t\t\t\t\t\t\t\t\t\t\t\t\t\t<\/div>\n\t\t\t\t<\/div>\n\t\t\t\t<\/div>\n\t\t<div class=\"elementor-element elementor-element-ec5011d e-con-full e-flex elementor-invisible e-con e-child\" data-id=\"ec5011d\" data-element_type=\"container\" data-e-type=\"container\" data-settings=\"{&quot;animation&quot;:&quot;fadeInUp&quot;}\">\n\t\t\t\t<div class=\"elementor-element elementor-element-b741f0c elementor-widget__width-initial elementor-widget-mobile__width-inherit elementor-widget elementor-widget-heading\" data-id=\"b741f0c\" data-element_type=\"widget\" data-e-type=\"widget\" data-widget_type=\"heading.default\">\n\t\t\t\t<div class=\"elementor-widget-container\">\n\t\t\t\t\t<h2 class=\"elementor-heading-title elementor-size-default\">Was ist eine Epoxidwandbeschichtung?<\/h2>\t\t\t\t<\/div>\n\t\t\t\t<\/div>\n\t\t\t\t<div class=\"elementor-element elementor-element-319252d elementor-widget elementor-widget-text-editor\" data-id=\"319252d\" data-element_type=\"widget\" data-e-type=\"widget\" data-widget_type=\"text-editor.default\">\n\t\t\t\t<div class=\"elementor-widget-container\">\n\t\t\t\t\t\t\t\t\tEine Epoxid-Wandbeschichtung ist eine starke, fl\u00fcssigkeitsdichte und pflegeleichte Beschichtung f\u00fcr W\u00e4nde. Sie sch\u00fctzt Ihre R\u00e4umlichkeiten vor Abnutzung, Feuchtigkeit und chemischen Einfl\u00fcssen, wodurch Ihre W\u00e4nde l\u00e4nger halten und leicht zu reinigen sind. Ideal f\u00fcr Umgebungen, in denen es auf Hygiene und Haltbarkeit ankommt.\t\t\t\t\t\t\t\t<\/div>\n\t\t\t\t<\/div>\n\t\t\t\t<\/div>\n\t\t\t\t\t<\/div>\n\t\t\t\t<\/div>\n\t\t<div class=\"elementor-element elementor-element-092137d e-flex e-con-boxed e-con e-parent\" data-id=\"092137d\" data-element_type=\"container\" data-e-type=\"container\" data-settings=\"{&quot;background_background&quot;:&quot;classic&quot;}\">\n\t\t\t\t\t<div class=\"e-con-inner\">\n\t\t<div class=\"elementor-element elementor-element-1999158 e-con-full e-flex elementor-invisible e-con e-child\" data-id=\"1999158\" data-element_type=\"container\" data-e-type=\"container\" data-settings=\"{&quot;animation&quot;:&quot;fadeInUp&quot;}\">\n\t\t\t\t<div class=\"elementor-element elementor-element-984e511 elementor-widget__width-initial elementor-widget-mobile__width-inherit elementor-widget elementor-widget-heading\" data-id=\"984e511\" data-element_type=\"widget\" data-e-type=\"widget\" data-widget_type=\"heading.default\">\n\t\t\t\t<div class=\"elementor-widget-container\">\n\t\t\t\t\t<h2 class=\"elementor-heading-title elementor-size-default\">Diese Beschichtung ist st\u00e4rker als Beton<\/h2>\t\t\t\t<\/div>\n\t\t\t\t<\/div>\n\t\t\t\t<div class=\"elementor-element elementor-element-a59b5e4 elementor-widget elementor-widget-text-editor\" data-id=\"a59b5e4\" data-element_type=\"widget\" data-e-type=\"widget\" data-widget_type=\"text-editor.default\">\n\t\t\t\t<div class=\"elementor-widget-container\">\n\t\t\t\t\t\t\t\t\tEpoxidwandbeschichtungen sind bis zu doppelt so stark wie Beton und v\u00f6llig fl\u00fcssigkeitsdicht. Das macht sie perfekt f\u00fcr Bereiche, in denen eine hohe mechanische oder chemische Best\u00e4ndigkeit erforderlich ist. Dank der nahtlosen Oberfl\u00e4che sammelt sich kein Schmutz an, und Ihre Wand bleibt leicht zu reinigen. Dies gew\u00e4hrleistet eine pflegeleichte L\u00f6sung, die jahrelang h\u00e4lt.\t\t\t\t\t\t\t\t<\/div>\n\t\t\t\t<\/div>\n\t\t\t\t<\/div>\n\t\t<div class=\"elementor-element elementor-element-c4f87df e-con-full e-flex elementor-invisible e-con e-child\" data-id=\"c4f87df\" data-element_type=\"container\" data-e-type=\"container\" data-settings=\"{&quot;background_background&quot;:&quot;classic&quot;,&quot;animation&quot;:&quot;fadeInUp&quot;}\">\n\t\t\t\t<div class=\"elementor-element elementor-element-57c7a46 elementor-widget__width-initial elementor-widget-mobile__width-inherit elementor-widget elementor-widget-heading\" data-id=\"57c7a46\" data-element_type=\"widget\" data-e-type=\"widget\" data-widget_type=\"heading.default\">\n\t\t\t\t<div class=\"elementor-widget-container\">\n\t\t\t\t\t<h3 class=\"elementor-heading-title elementor-size-default\">Vorteile<\/h3>\t\t\t\t<\/div>\n\t\t\t\t<\/div>\n\t\t\t\t<div class=\"elementor-element elementor-element-e5cabae elementor-widget elementor-widget-text-editor\" data-id=\"e5cabae\" data-element_type=\"widget\" data-e-type=\"widget\" data-widget_type=\"text-editor.default\">\n\t\t\t\t<div class=\"elementor-widget-container\">\n\t\t\t\t\t\t\t\t\t<p class=\"cvGsUA direction-ltr align-start para-style-body\"><span class=\"OYPEnA font-feature-liga-off font-feature-clig-off font-feature-calt-off text-decoration-none text-strikethrough-none\" style=\"color: #ffffff;\">\u2714 <\/span>\u00c4u\u00dferst strapazierf\u00e4hig<\/p><p><span class=\"OYPEnA font-feature-liga-off font-feature-clig-off font-feature-calt-off text-decoration-none text-strikethrough-none\" style=\"color: #ffffff;\">\u2714 <\/span>100% undurchl\u00e4ssig<\/p><p><span class=\"OYPEnA font-feature-liga-off font-feature-clig-off font-feature-calt-off text-decoration-none text-strikethrough-none\" style=\"color: #ffffff;\">\u2714 <\/span><span class=\"OYPEnA font-feature-liga-off font-feature-clig-off font-feature-calt-off text-decoration-none text-strikethrough-none\">Leicht zu reinigen<\/span><\/p><p><span class=\"OYPEnA font-feature-liga-off font-feature-clig-off font-feature-calt-off text-decoration-none text-strikethrough-none\" style=\"color: #ffffff;\">\u2714 <\/span>Nahtloses und schlankes Aussehen<\/p><p><span class=\"OYPEnA font-feature-liga-off font-feature-clig-off font-feature-calt-off text-decoration-none text-strikethrough-none\" style=\"color: #ffffff;\">\u2714 <\/span>Verschiedene Substrate<\/p>\t\t\t\t\t\t\t\t<\/div>\n\t\t\t\t<\/div>\n\t\t\t\t<\/div>\n\t\t\t\t\t<\/div>\n\t\t\t\t<\/div>\n\t\t<div class=\"elementor-element elementor-element-135f561 e-flex e-con-boxed e-con e-parent\" data-id=\"135f561\" data-element_type=\"container\" data-e-type=\"container\" data-settings=\"{&quot;background_background&quot;:&quot;classic&quot;}\">\n\t\t\t\t\t<div class=\"e-con-inner\">\n\t\t<div class=\"elementor-element elementor-element-41159d5 e-con-full elementor-hidden-tablet e-flex elementor-invisible e-con e-child\" data-id=\"41159d5\" data-element_type=\"container\" data-e-type=\"container\" data-settings=\"{&quot;animation&quot;:&quot;fadeInUp&quot;}\">\n\t\t\t\t<div class=\"elementor-element elementor-element-4e76923 schaduw elementor-widget elementor-widget-image\" data-id=\"4e76923\" data-element_type=\"widget\" data-e-type=\"widget\" data-widget_type=\"image.default\">\n\t\t\t\t<div class=\"elementor-widget-container\">\n\t\t\t\t\t\t\t\t\t\t\t\t\t\t\t<img decoding=\"async\" width=\"500\" height=\"500\" data-src=\"https:\/\/malemacoatings.nl\/wp-content\/uploads\/2025\/02\/Ontwerp-zonder-titel-48.png\" class=\"attachment-large size-large wp-image-531 lazyload\" alt=\"Epoxid-Wandbeschichtung Schweinezucht Zentraler Korridor\" data-srcset=\"https:\/\/malemacoatings.nl\/wp-content\/uploads\/2025\/02\/Ontwerp-zonder-titel-48.png 500w, https:\/\/malemacoatings.nl\/wp-content\/uploads\/2025\/02\/Ontwerp-zonder-titel-48-300x300.png 300w, https:\/\/malemacoatings.nl\/wp-content\/uploads\/2025\/02\/Ontwerp-zonder-titel-48-150x150.png 150w\" data-sizes=\"(max-width: 500px) 100vw, 500px\" src=\"data:image\/svg+xml;base64,PHN2ZyB3aWR0aD0iMSIgaGVpZ2h0PSIxIiB4bWxucz0iaHR0cDovL3d3dy53My5vcmcvMjAwMC9zdmciPjwvc3ZnPg==\" style=\"--smush-placeholder-width: 500px; --smush-placeholder-aspect-ratio: 500\/500;\" \/>\t\t\t\t\t\t\t\t\t\t\t\t\t\t\t<\/div>\n\t\t\t\t<\/div>\n\t\t\t\t<\/div>\n\t\t<div class=\"elementor-element elementor-element-8c1d050 e-con-full e-flex elementor-invisible e-con e-child\" data-id=\"8c1d050\" data-element_type=\"container\" data-e-type=\"container\" data-settings=\"{&quot;animation&quot;:&quot;fadeInUp&quot;}\">\n\t\t\t\t<div class=\"elementor-element elementor-element-4d8d611 elementor-widget__width-initial elementor-widget-mobile__width-inherit elementor-widget elementor-widget-heading\" data-id=\"4d8d611\" data-element_type=\"widget\" data-e-type=\"widget\" data-widget_type=\"heading.default\">\n\t\t\t\t<div class=\"elementor-widget-container\">\n\t\t\t\t\t<h2 class=\"elementor-heading-title elementor-size-default\">Anwendungen<\/h2>\t\t\t\t<\/div>\n\t\t\t\t<\/div>\n\t\t\t\t<div class=\"elementor-element elementor-element-8646428 elementor-widget elementor-widget-text-editor\" data-id=\"8646428\" data-element_type=\"widget\" data-e-type=\"widget\" data-widget_type=\"text-editor.default\">\n\t\t\t\t<div class=\"elementor-widget-container\">\n\t\t\t\t\t\t\t\t\tEpoxidwandbeschichtungen sind vielseitig und f\u00fcr verschiedene Bereiche geeignet. In Industrie- und Produktionshallen bieten sie Schutz vor schweren Lasten und Chemikalien, w\u00e4hrend sie in der Lebensmittelindustrie strenge Hygieneanforderungen erf\u00fcllen und leicht zu reinigen sind. In der Landwirtschaft und Tierhaltung bieten sie eine strapazierf\u00e4hige Oberfl\u00e4che, die resistent gegen S\u00e4uren und D\u00fcngemittel ist. Dar\u00fcber hinaus sind sie ideal f\u00fcr die Metallverarbeitung und Werkst\u00e4tten, wo sie gegen \u00d6le, Fette und Chemikalien best\u00e4ndig sind.\t\t\t\t\t\t\t\t<\/div>\n\t\t\t\t<\/div>\n\t\t\t\t<div class=\"elementor-element elementor-element-fe5f8a6 elementor-widget elementor-widget-button\" data-id=\"fe5f8a6\" data-element_type=\"widget\" data-e-type=\"widget\" data-widget_type=\"button.default\">\n\t\t\t\t<div class=\"elementor-widget-container\">\n\t\t\t\t\t\t\t\t\t<div class=\"elementor-button-wrapper\">\n\t\t\t\t\t<a class=\"elementor-button elementor-button-link elementor-size-sm\" href=\"\/de\/anwendungen\/\">\n\t\t\t\t\t\t<span class=\"elementor-button-content-wrapper\">\n\t\t\t\t\t\t\t\t\t<span class=\"elementor-button-text\">Alle Anwendungen anzeigen<\/span>\n\t\t\t\t\t<\/span>\n\t\t\t\t\t<\/a>\n\t\t\t\t<\/div>\n\t\t\t\t\t\t\t\t<\/div>\n\t\t\t\t<\/div>\n\t\t\t\t<\/div>\n\t\t\t\t\t<\/div>\n\t\t\t\t<\/div>\n\t\t<div class=\"elementor-element elementor-element-1a32f12 groene-achtergrond-onder-grijs e-flex e-con-boxed e-con e-parent\" data-id=\"1a32f12\" data-element_type=\"container\" data-e-type=\"container\" data-settings=\"{&quot;background_background&quot;:&quot;gradient&quot;}\">\n\t\t\t\t\t<div class=\"e-con-inner\">\n\t\t<div class=\"elementor-element elementor-element-238d809 e-con-full e-flex elementor-invisible e-con e-child\" data-id=\"238d809\" data-element_type=\"container\" data-e-type=\"container\" data-settings=\"{&quot;animation&quot;:&quot;fadeInUp&quot;}\">\n\t\t\t\t<div class=\"elementor-element elementor-element-73f4fe9 elementor-widget elementor-widget-heading\" data-id=\"73f4fe9\" data-element_type=\"widget\" data-e-type=\"widget\" data-widget_type=\"heading.default\">\n\t\t\t\t<div class=\"elementor-widget-container\">\n\t\t\t\t\t<h2 class=\"elementor-heading-title elementor-size-default\">Anwendung der Epoxidwandbeschichtung<\/h2>\t\t\t\t<\/div>\n\t\t\t\t<\/div>\n\t\t\t\t<div class=\"elementor-element elementor-element-fb106d5 elementor-widget elementor-widget-text-editor\" data-id=\"fb106d5\" data-element_type=\"widget\" data-e-type=\"widget\" data-widget_type=\"text-editor.default\">\n\t\t\t\t<div class=\"elementor-widget-container\">\n\t\t\t\t\t\t\t\t\t<p data-pm-slice=\"1 1 []\">Epoxid-Wandbeschichtungen k\u00f6nnen auf fast jedem Untergrund angebracht werden. In einigen F\u00e4llen ist ein Abschleifen erforderlich, um die Haftung zu optimieren. Unsere Spezialisten begutachten die vorhandene Wand und sorgen f\u00fcr einen nahtlosen Abschluss mit einer hochwertigen 2-Komponenten-Beschichtung. Diese verschlie\u00dft die Poren und verhindert, dass sich Staub und Schmutz absetzen.<\/p>\t\t\t\t\t\t\t\t<\/div>\n\t\t\t\t<\/div>\n\t\t\t\t<\/div>\n\t\t\t\t\t<\/div>\n\t\t\t\t<\/div>\n\t\t<div class=\"elementor-element elementor-element-7fc6a10 e-flex e-con-boxed e-con e-parent\" data-id=\"7fc6a10\" data-element_type=\"container\" data-e-type=\"container\" data-settings=\"{&quot;background_background&quot;:&quot;classic&quot;}\">\n\t\t\t\t\t<div class=\"e-con-inner\">\n\t\t<div class=\"elementor-element elementor-element-5fbc004 e-con-full elementor-hidden-tablet e-flex elementor-invisible e-con e-child\" data-id=\"5fbc004\" data-element_type=\"container\" data-e-type=\"container\" data-settings=\"{&quot;animation&quot;:&quot;fadeInUp&quot;}\">\n\t\t\t\t<div class=\"elementor-element elementor-element-5b1046f schaduw elementor-widget elementor-widget-image\" data-id=\"5b1046f\" data-element_type=\"widget\" data-e-type=\"widget\" data-widget_type=\"image.default\">\n\t\t\t\t<div class=\"elementor-widget-container\">\n\t\t\t\t\t\t\t\t\t\t\t\t\t\t\t<img decoding=\"async\" width=\"500\" height=\"500\" data-src=\"https:\/\/malemacoatings.nl\/wp-content\/uploads\/2025\/02\/Ontwerp-zonder-titel-57.png\" class=\"attachment-large size-large wp-image-1343 lazyload\" alt=\"Epoxid-Wandbeschichtung und PMMA-Boden\" data-srcset=\"https:\/\/malemacoatings.nl\/wp-content\/uploads\/2025\/02\/Ontwerp-zonder-titel-57.png 500w, https:\/\/malemacoatings.nl\/wp-content\/uploads\/2025\/02\/Ontwerp-zonder-titel-57-300x300.png 300w, https:\/\/malemacoatings.nl\/wp-content\/uploads\/2025\/02\/Ontwerp-zonder-titel-57-150x150.png 150w, https:\/\/malemacoatings.nl\/wp-content\/uploads\/2025\/02\/Ontwerp-zonder-titel-57-12x12.png 12w\" data-sizes=\"(max-width: 500px) 100vw, 500px\" src=\"data:image\/svg+xml;base64,PHN2ZyB3aWR0aD0iMSIgaGVpZ2h0PSIxIiB4bWxucz0iaHR0cDovL3d3dy53My5vcmcvMjAwMC9zdmciPjwvc3ZnPg==\" style=\"--smush-placeholder-width: 500px; --smush-placeholder-aspect-ratio: 500\/500;\" \/>\t\t\t\t\t\t\t\t\t\t\t\t\t\t\t<\/div>\n\t\t\t\t<\/div>\n\t\t\t\t<\/div>\n\t\t<div class=\"elementor-element elementor-element-d0ff89a e-con-full e-flex elementor-invisible e-con e-child\" data-id=\"d0ff89a\" data-element_type=\"container\" data-e-type=\"container\" data-settings=\"{&quot;animation&quot;:&quot;fadeInUp&quot;}\">\n\t\t\t\t<div class=\"elementor-element elementor-element-8930660 elementor-widget__width-initial elementor-widget-mobile__width-inherit elementor-widget elementor-widget-heading\" data-id=\"8930660\" data-element_type=\"widget\" data-e-type=\"widget\" data-widget_type=\"heading.default\">\n\t\t\t\t<div class=\"elementor-widget-container\">\n\t\t\t\t\t<h2 class=\"elementor-heading-title elementor-size-default\">Epoxidwandbeschichtung f\u00fcr die Viehzucht<\/h2>\t\t\t\t<\/div>\n\t\t\t\t<\/div>\n\t\t\t\t<div class=\"elementor-element elementor-element-7a7f744 elementor-widget elementor-widget-text-editor\" data-id=\"7a7f744\" data-element_type=\"widget\" data-e-type=\"widget\" data-widget_type=\"text-editor.default\">\n\t\t\t\t<div class=\"elementor-widget-container\">\n\t\t\t\t\t\t\t\t\t<p>F\u00fcr Viehzuchtbetriebe bieten wir Beschichtungen an, die s\u00e4ure- und abriebfest sind. Diese Beschichtungen k\u00f6nnen sowohl an W\u00e4nden als auch auf B\u00f6den angebracht werden und verbessern die Sicherheit durch eine optionale rutschfeste Oberfl\u00e4che. Dies tr\u00e4gt zu einer besseren Futteraufnahme und h\u00f6heren Milchertr\u00e4gen in einer hygienischen Umgebung bei.<\/p>\t\t\t\t\t\t\t\t<\/div>\n\t\t\t\t<\/div>\n\t\t\t\t<div class=\"elementor-element elementor-element-0ea4e66 elementor-widget__width-initial elementor-widget-mobile__width-inherit elementor-widget elementor-widget-heading\" data-id=\"0ea4e66\" data-element_type=\"widget\" data-e-type=\"widget\" data-widget_type=\"heading.default\">\n\t\t\t\t<div class=\"elementor-widget-container\">\n\t\t\t\t\t<h2 class=\"elementor-heading-title elementor-size-default\">Nahtloser Schutz f\u00fcr Ihre W\u00e4nde<\/h2>\t\t\t\t<\/div>\n\t\t\t\t<\/div>\n\t\t\t\t<div class=\"elementor-element elementor-element-81292ab elementor-widget elementor-widget-text-editor\" data-id=\"81292ab\" data-element_type=\"widget\" data-e-type=\"widget\" data-widget_type=\"text-editor.default\">\n\t\t\t\t<div class=\"elementor-widget-container\">\n\t\t\t\t\t\t\t\t\t<p>In R\u00e4umen, in denen Hygiene eine entscheidende Rolle spielt, ist eine gute Wandverkleidung ebenso wichtig wie der Boden selbst. Wenn Sie sich f\u00fcr unsere robuste Wandverkleidung entscheiden, schaffen Sie eine Oberfl\u00e4che, die leicht zu reinigen ist, und geben dem Boden eine\u00a0<a href=\"https:\/\/malemacoatings.nl\/de\/bodenbeschichtung\/mortelboden\/\">Verschlei\u00dffeste M\u00f6rtelb\u00f6den<\/a>\u00a0f\u00fcr ein nahtloses Ganzes. Diese Kombination verhindert, dass sich Schmutz und Bakterien in den Zwischenr\u00e4umen festsetzen.<\/p><p>\u00a0<\/p><p>Die Beschichtung ist best\u00e4ndig gegen Chemikalien und intensive Reinigung, was ideal f\u00fcr die Lebensmittelindustrie ist. Sollten Sie jedoch eine weniger stark beanspruchte Wand haben, die dennoch gesch\u00fctzt werden muss, k\u00f6nnen Sie sich auch f\u00fcr eine\u00a0<a href=\"https:\/\/malemacoatings.nl\/de\/bodenbeschichtung\/acryl-wandbeschichtung\/\">flexible Acryl-Wandbeschichtung<\/a>. Auf diese Weise bieten wir f\u00fcr jede Wand in Ihren R\u00e4umlichkeiten eine passende und dauerhafte L\u00f6sung.<\/p>\t\t\t\t\t\t\t\t<\/div>\n\t\t\t\t<\/div>\n\t\t\t\t<\/div>\n\t\t\t\t\t<\/div>\n\t\t\t\t<\/div>\n\t\t<div class=\"elementor-element elementor-element-d046956 e-flex e-con-boxed e-con e-parent\" data-id=\"d046956\" data-element_type=\"container\" data-e-type=\"container\" data-settings=\"{&quot;background_background&quot;:&quot;classic&quot;}\">\n\t\t\t\t\t<div class=\"e-con-inner\">\n\t\t<div class=\"elementor-element elementor-element-193d68a e-con-full e-flex elementor-invisible e-con e-child\" data-id=\"193d68a\" data-element_type=\"container\" data-e-type=\"container\" data-settings=\"{&quot;animation&quot;:&quot;fadeInUp&quot;}\">\n\t\t\t\t<div class=\"elementor-element elementor-element-74addb7 elementor-widget__width-inherit elementor-widget-mobile__width-inherit elementor-widget elementor-widget-heading\" data-id=\"74addb7\" data-element_type=\"widget\" data-e-type=\"widget\" data-widget_type=\"heading.default\">\n\t\t\t\t<div class=\"elementor-widget-container\">\n\t\t\t\t\t<h2 class=\"elementor-heading-title elementor-size-default\">Epoxidwandbeschichtung durch Malema Coatings installieren lassen<\/h2>\t\t\t\t<\/div>\n\t\t\t\t<\/div>\n\t\t\t\t<div class=\"elementor-element elementor-element-b8a6c7a elementor-widget elementor-widget-text-editor\" data-id=\"b8a6c7a\" data-element_type=\"widget\" data-e-type=\"widget\" data-widget_type=\"text-editor.default\">\n\t\t\t\t<div class=\"elementor-widget-container\">\n\t\t\t\t\t\t\t\t\tBen\u00f6tigen Sie eine Epoxidwandbeschichtung? Malema Coatings bietet dauerhafte und hygienische Wandbeschichtungen f\u00fcr Unternehmen in verschiedenen Branchen. Kontaktieren Sie uns f\u00fcr eine unverbindliche Beratung oder fordern Sie sofort ein Angebot an!\t\t\t\t\t\t\t\t<\/div>\n\t\t\t\t<\/div>\n\t\t<div class=\"elementor-element elementor-element-752793a e-con-full e-flex e-con e-child\" data-id=\"752793a\" data-element_type=\"container\" data-e-type=\"container\">\n\t\t\t\t<div class=\"elementor-element elementor-element-dce3238 elementor-widget elementor-widget-button\" data-id=\"dce3238\" data-element_type=\"widget\" data-e-type=\"widget\" data-widget_type=\"button.default\">\n\t\t\t\t<div class=\"elementor-widget-container\">\n\t\t\t\t\t\t\t\t\t<div class=\"elementor-button-wrapper\">\n\t\t\t\t\t<a class=\"elementor-button elementor-button-link elementor-size-sm\" href=\"\/de\/ein-angebot-anfordern\/\">\n\t\t\t\t\t\t<span class=\"elementor-button-content-wrapper\">\n\t\t\t\t\t\t\t\t\t<span class=\"elementor-button-text\">Angebot anfordern<\/span>\n\t\t\t\t\t<\/span>\n\t\t\t\t\t<\/a>\n\t\t\t\t<\/div>\n\t\t\t\t\t\t\t\t<\/div>\n\t\t\t\t<\/div>\n\t\t\t\t<div class=\"elementor-element elementor-element-945ce47 bounce-text elementor-widget elementor-widget-text-editor\" data-id=\"945ce47\" data-element_type=\"widget\" data-e-type=\"widget\" data-widget_type=\"text-editor.default\">\n\t\t\t\t<div class=\"elementor-widget-container\">\n\t\t\t\t\t\t\t\t\t<span class=\"vaste-buttontekst\"><\/span>\t\t\t\t\t\t\t\t<\/div>\n\t\t\t\t<\/div>\n\t\t\t\t<\/div>\n\t\t\t\t<\/div>\n\t\t\t\t\t<\/div>\n\t\t\t\t<\/div>\n\t\t\t\t<\/div>","protected":false},"excerpt":{"rendered":"<p>Epoxy wandcoating Offerte aanvragen Wat is een epoxy wandcoating? Een epoxy wandcoating is een sterke, vloeistofdichte en onderhoudsvriendelijke afwerking voor muren. Het beschermt uw bedrijfsruimte tegen slijtage, vocht en chemische invloeden, waardoor uw wanden langer meegaan en eenvoudig schoon te maken zijn. Ideaal voor omgevingen waar hygi\u00ebne en duurzaamheid essentieel zijn. Deze coating is sterker [&hellip;]<\/p>\n","protected":false},"author":1,"featured_media":0,"parent":421,"menu_order":0,"comment_status":"closed","ping_status":"closed","template":"","meta":{"footnotes":""},"class_list":["post-584","page","type-page","status-publish","hentry"],"_links":{"self":[{"href":"https:\/\/malemacoatings.nl\/de\/wp-json\/wp\/v2\/pages\/584","targetHints":{"allow":["GET"]}}],"collection":[{"href":"https:\/\/malemacoatings.nl\/de\/wp-json\/wp\/v2\/pages"}],"about":[{"href":"https:\/\/malemacoatings.nl\/de\/wp-json\/wp\/v2\/types\/page"}],"author":[{"embeddable":true,"href":"https:\/\/malemacoatings.nl\/de\/wp-json\/wp\/v2\/users\/1"}],"replies":[{"embeddable":true,"href":"https:\/\/malemacoatings.nl\/de\/wp-json\/wp\/v2\/comments?post=584"}],"version-history":[{"count":0,"href":"https:\/\/malemacoatings.nl\/de\/wp-json\/wp\/v2\/pages\/584\/revisions"}],"up":[{"embeddable":true,"href":"https:\/\/malemacoatings.nl\/de\/wp-json\/wp\/v2\/pages\/421"}],"wp:attachment":[{"href":"https:\/\/malemacoatings.nl\/de\/wp-json\/wp\/v2\/media?parent=584"}],"curies":[{"name":"wp","href":"https:\/\/api.w.org\/{rel}","templated":true}]}}