{"id":574,"date":"2025-02-18T14:50:19","date_gmt":"2025-02-18T14:50:19","guid":{"rendered":"https:\/\/malemacoatings.nl\/?page_id=574"},"modified":"2026-04-16T12:20:09","modified_gmt":"2026-04-16T12:20:09","slug":"gussboden","status":"publish","type":"page","link":"https:\/\/malemacoatings.nl\/de\/vloercoating\/gietvloer\/","title":{"rendered":"Gegossener Boden"},"content":{"rendered":"<div data-elementor-type=\"wp-page\" data-elementor-id=\"574\" class=\"elementor elementor-574\" data-elementor-post-type=\"page\">\n\t\t\t\t<div class=\"elementor-element elementor-element-e1cd9e1 e-flex e-con-boxed e-con e-parent\" data-id=\"e1cd9e1\" data-element_type=\"container\" data-e-type=\"container\" data-settings=\"{&quot;background_background&quot;:&quot;classic&quot;}\">\n\t\t\t\t\t<div class=\"e-con-inner\">\n\t\t<div class=\"elementor-element elementor-element-102ae00 e-con-full e-flex elementor-invisible e-con e-child\" data-id=\"102ae00\" data-element_type=\"container\" data-e-type=\"container\" data-settings=\"{&quot;animation&quot;:&quot;fadeIn&quot;}\">\n\t\t\t\t<div class=\"elementor-element elementor-element-1dbff7d animated-slow elementor-invisible elementor-widget elementor-widget-heading\" data-id=\"1dbff7d\" data-element_type=\"widget\" data-e-type=\"widget\" data-settings=\"{&quot;_animation&quot;:&quot;fadeIn&quot;}\" data-widget_type=\"heading.default\">\n\t\t\t\t<div class=\"elementor-widget-container\">\n\t\t\t\t\t<h1 class=\"elementor-heading-title elementor-size-default\">Gegossener Boden<\/h1>\t\t\t\t<\/div>\n\t\t\t\t<\/div>\n\t\t<div class=\"elementor-element elementor-element-38ba9a6 e-con-full e-flex e-con e-child\" data-id=\"38ba9a6\" data-element_type=\"container\" data-e-type=\"container\">\n\t\t\t\t<div class=\"elementor-element elementor-element-f3b919a animated-slow elementor-invisible elementor-widget elementor-widget-button\" data-id=\"f3b919a\" data-element_type=\"widget\" data-e-type=\"widget\" data-settings=\"{&quot;_animation&quot;:&quot;fadeIn&quot;}\" data-widget_type=\"button.default\">\n\t\t\t\t<div class=\"elementor-widget-container\">\n\t\t\t\t\t\t\t\t\t<div class=\"elementor-button-wrapper\">\n\t\t\t\t\t<a class=\"elementor-button elementor-button-link elementor-size-sm\" href=\"\/de\/ein-angebot-anfordern\/\">\n\t\t\t\t\t\t<span class=\"elementor-button-content-wrapper\">\n\t\t\t\t\t\t\t\t\t<span class=\"elementor-button-text\">Angebot anfordern<\/span>\n\t\t\t\t\t<\/span>\n\t\t\t\t\t<\/a>\n\t\t\t\t<\/div>\n\t\t\t\t\t\t\t\t<\/div>\n\t\t\t\t<\/div>\n\t\t\t\t<div class=\"elementor-element elementor-element-db53362 bounce-text elementor-widget elementor-widget-text-editor\" data-id=\"db53362\" data-element_type=\"widget\" data-e-type=\"widget\" data-widget_type=\"text-editor.default\">\n\t\t\t\t<div class=\"elementor-widget-container\">\n\t\t\t\t\t\t\t\t\t<span class=\"vaste-buttontekst\"><\/span>\t\t\t\t\t\t\t\t<\/div>\n\t\t\t\t<\/div>\n\t\t\t\t<\/div>\n\t\t\t\t<\/div>\n\t\t\t\t\t<\/div>\n\t\t\t\t<\/div>\n\t\t<div class=\"elementor-element elementor-element-f40bb84 e-flex e-con-boxed e-con e-parent\" data-id=\"f40bb84\" data-element_type=\"container\" data-e-type=\"container\">\n\t\t\t\t\t<div class=\"e-con-inner\">\n\t\t\t\t\t<\/div>\n\t\t\t\t<\/div>\n\t\t<div class=\"elementor-element elementor-element-40a006f e-flex e-con-boxed e-con e-parent\" data-id=\"40a006f\" data-element_type=\"container\" data-e-type=\"container\" data-settings=\"{&quot;background_background&quot;:&quot;classic&quot;}\">\n\t\t\t\t\t<div class=\"e-con-inner\">\n\t\t<div class=\"elementor-element elementor-element-7e3c74f e-con-full elementor-hidden-tablet e-flex elementor-invisible e-con e-child\" data-id=\"7e3c74f\" data-element_type=\"container\" data-e-type=\"container\" data-settings=\"{&quot;animation&quot;:&quot;fadeInUp&quot;}\">\n\t\t\t\t<div class=\"elementor-element elementor-element-b4f7811 schaduw elementor-widget elementor-widget-image\" data-id=\"b4f7811\" data-element_type=\"widget\" data-e-type=\"widget\" data-widget_type=\"image.default\">\n\t\t\t\t<div class=\"elementor-widget-container\">\n\t\t\t\t\t\t\t\t\t\t\t\t\t\t\t<img fetchpriority=\"high\" decoding=\"async\" width=\"500\" height=\"500\" src=\"https:\/\/malemacoatings.nl\/wp-content\/uploads\/2025\/02\/Ontwerp-zonder-titel-37.png\" class=\"attachment-large size-large wp-image-506\" alt=\"Epoxid-Parkhausboden WIBAUT\" srcset=\"https:\/\/malemacoatings.nl\/wp-content\/uploads\/2025\/02\/Ontwerp-zonder-titel-37.png 500w, https:\/\/malemacoatings.nl\/wp-content\/uploads\/2025\/02\/Ontwerp-zonder-titel-37-300x300.png 300w, https:\/\/malemacoatings.nl\/wp-content\/uploads\/2025\/02\/Ontwerp-zonder-titel-37-150x150.png 150w\" sizes=\"(max-width: 500px) 100vw, 500px\" \/>\t\t\t\t\t\t\t\t\t\t\t\t\t\t\t<\/div>\n\t\t\t\t<\/div>\n\t\t\t\t<\/div>\n\t\t<div class=\"elementor-element elementor-element-6516915 e-con-full e-flex elementor-invisible e-con e-child\" data-id=\"6516915\" data-element_type=\"container\" data-e-type=\"container\" data-settings=\"{&quot;animation&quot;:&quot;fadeInUp&quot;}\">\n\t\t\t\t<div class=\"elementor-element elementor-element-1d34af9 elementor-widget__width-initial elementor-widget-mobile__width-inherit elementor-widget elementor-widget-heading\" data-id=\"1d34af9\" data-element_type=\"widget\" data-e-type=\"widget\" data-widget_type=\"heading.default\">\n\t\t\t\t<div class=\"elementor-widget-container\">\n\t\t\t\t\t<h2 class=\"elementor-heading-title elementor-size-default\">Was ist ein Gussboden?<\/h2>\t\t\t\t<\/div>\n\t\t\t\t<\/div>\n\t\t\t\t<div class=\"elementor-element elementor-element-823b35f elementor-widget elementor-widget-text-editor\" data-id=\"823b35f\" data-element_type=\"widget\" data-e-type=\"widget\" data-widget_type=\"text-editor.default\">\n\t\t\t\t<div class=\"elementor-widget-container\">\n\t\t\t\t\t\t\t\t\t<p>Ein Gussboden ist ein glatter, fugenloser Boden, der sowohl langlebig als auch leicht zu pflegen ist. Urspr\u00fcnglich war er in Gesch\u00e4ftsr\u00e4umen beliebt, wird jetzt aber auch zunehmend in Privathaushalten verwendet. Dank seiner Kombination aus Festigkeit, Fl\u00fcssigkeitsdichtigkeit und modernem Aussehen ist ein solcher Boden ideal f\u00fcr eine Vielzahl von Bereichen.<\/p>\t\t\t\t\t\t\t\t<\/div>\n\t\t\t\t<\/div>\n\t\t\t\t<\/div>\n\t\t\t\t\t<\/div>\n\t\t\t\t<\/div>\n\t\t<div class=\"elementor-element elementor-element-8b74d26 e-flex e-con-boxed e-con e-parent\" data-id=\"8b74d26\" data-element_type=\"container\" data-e-type=\"container\" data-settings=\"{&quot;background_background&quot;:&quot;classic&quot;}\">\n\t\t\t\t\t<div class=\"e-con-inner\">\n\t\t<div class=\"elementor-element elementor-element-f88f4d7 e-con-full e-flex elementor-invisible e-con e-child\" data-id=\"f88f4d7\" data-element_type=\"container\" data-e-type=\"container\" data-settings=\"{&quot;animation&quot;:&quot;fadeInUp&quot;}\">\n\t\t\t\t<div class=\"elementor-element elementor-element-149deac elementor-widget__width-initial elementor-widget-mobile__width-inherit elementor-widget elementor-widget-heading\" data-id=\"149deac\" data-element_type=\"widget\" data-e-type=\"widget\" data-widget_type=\"heading.default\">\n\t\t\t\t<div class=\"elementor-widget-container\">\n\t\t\t\t\t<h2 class=\"elementor-heading-title elementor-size-default\">Warum einen Gussboden w\u00e4hlen?<\/h2>\t\t\t\t<\/div>\n\t\t\t\t<\/div>\n\t\t\t\t<div class=\"elementor-element elementor-element-411c175 elementor-widget elementor-widget-text-editor\" data-id=\"411c175\" data-element_type=\"widget\" data-e-type=\"widget\" data-widget_type=\"text-editor.default\">\n\t\t\t\t<div class=\"elementor-widget-container\">\n\t\t\t\t\t\t\t\t\t<p>Unser gegossener Boden besteht vollst\u00e4ndig aus Epoxidharz und bietet eine hochwertige, strapazierf\u00e4hige Oberfl\u00e4che. Der Boden wird in mehreren Schichten gegossen und hat eine St\u00e4rke von etwa 2 mm. Dadurch ist der Boden nicht nur stark und chemisch best\u00e4ndig, sondern auch leicht zu reinigen und \u00e4u\u00dferst langlebig. Als kosteng\u00fcnstigere Alternative bieten wir auch Epoxidbeschichtungsb\u00f6den an, die bestehende B\u00f6den mit einer verschlei\u00dffesten Schicht sch\u00fctzen.<\/p>\t\t\t\t\t\t\t\t<\/div>\n\t\t\t\t<\/div>\n\t\t\t\t<\/div>\n\t\t<div class=\"elementor-element elementor-element-742ece4 e-con-full e-flex elementor-invisible e-con e-child\" data-id=\"742ece4\" data-element_type=\"container\" data-e-type=\"container\" data-settings=\"{&quot;background_background&quot;:&quot;classic&quot;,&quot;animation&quot;:&quot;fadeInUp&quot;}\">\n\t\t\t\t<div class=\"elementor-element elementor-element-4b8a22f elementor-widget__width-initial elementor-widget-mobile__width-inherit elementor-widget elementor-widget-heading\" data-id=\"4b8a22f\" data-element_type=\"widget\" data-e-type=\"widget\" data-widget_type=\"heading.default\">\n\t\t\t\t<div class=\"elementor-widget-container\">\n\t\t\t\t\t<h3 class=\"elementor-heading-title elementor-size-default\">Vorteile<\/h3>\t\t\t\t<\/div>\n\t\t\t\t<\/div>\n\t\t\t\t<div class=\"elementor-element elementor-element-4a0c90e elementor-widget elementor-widget-text-editor\" data-id=\"4a0c90e\" data-element_type=\"widget\" data-e-type=\"widget\" data-widget_type=\"text-editor.default\">\n\t\t\t\t<div class=\"elementor-widget-container\">\n\t\t\t\t\t\t\t\t\t<p class=\"cvGsUA direction-ltr align-start para-style-body\"><span class=\"OYPEnA font-feature-liga-off font-feature-clig-off font-feature-calt-off text-decoration-none text-strikethrough-none\" style=\"color: #ffffff;\">\u2714 <\/span>Mechanisch belastbar<\/p><p><span class=\"OYPEnA font-feature-liga-off font-feature-clig-off font-feature-calt-off text-decoration-none text-strikethrough-none\" style=\"color: #ffffff;\">\u2714 <\/span>100% Fl\u00fcssigkeitsdichte<\/p><p><span class=\"OYPEnA font-feature-liga-off font-feature-clig-off font-feature-calt-off text-decoration-none text-strikethrough-none\" style=\"color: #ffffff;\">\u2714 <\/span><span class=\"OYPEnA font-feature-liga-off font-feature-clig-off font-feature-calt-off text-decoration-none text-strikethrough-none\">Chemikalienbest\u00e4ndig<\/span><\/p><p><span class=\"OYPEnA font-feature-liga-off font-feature-clig-off font-feature-calt-off text-decoration-none text-strikethrough-none\" style=\"color: #ffffff;\">\u2714 <\/span>Wartungsarm<\/p><p><span class=\"OYPEnA font-feature-liga-off font-feature-clig-off font-feature-calt-off text-decoration-none text-strikethrough-none\" style=\"color: #ffffff;\">\u2714 <\/span>Verschiedene Farben<\/p>\t\t\t\t\t\t\t\t<\/div>\n\t\t\t\t<\/div>\n\t\t\t\t<\/div>\n\t\t\t\t\t<\/div>\n\t\t\t\t<\/div>\n\t\t<div class=\"elementor-element elementor-element-2955f42 e-flex e-con-boxed e-con e-parent\" data-id=\"2955f42\" data-element_type=\"container\" data-e-type=\"container\" data-settings=\"{&quot;background_background&quot;:&quot;classic&quot;}\">\n\t\t\t\t\t<div class=\"e-con-inner\">\n\t\t<div class=\"elementor-element elementor-element-46d3437 e-con-full elementor-hidden-tablet e-flex elementor-invisible e-con e-child\" data-id=\"46d3437\" data-element_type=\"container\" data-e-type=\"container\" data-settings=\"{&quot;animation&quot;:&quot;fadeInUp&quot;}\">\n\t\t\t\t<div class=\"elementor-element elementor-element-ec447b0 schaduw elementor-widget elementor-widget-image\" data-id=\"ec447b0\" data-element_type=\"widget\" data-e-type=\"widget\" data-widget_type=\"image.default\">\n\t\t\t\t<div class=\"elementor-widget-container\">\n\t\t\t\t\t\t\t\t\t\t\t\t\t\t\t<img decoding=\"async\" width=\"500\" height=\"500\" data-src=\"https:\/\/malemacoatings.nl\/wp-content\/uploads\/2026\/01\/Gietvloer-Winkelpand-TCD-Elektra.png\" class=\"attachment-large size-large wp-image-2148 lazyload\" alt=\"Gussboden Ladenlokal TCD Elektra\" data-srcset=\"https:\/\/malemacoatings.nl\/wp-content\/uploads\/2026\/01\/Gietvloer-Winkelpand-TCD-Elektra.png 500w, https:\/\/malemacoatings.nl\/wp-content\/uploads\/2026\/01\/Gietvloer-Winkelpand-TCD-Elektra-300x300.png 300w, https:\/\/malemacoatings.nl\/wp-content\/uploads\/2026\/01\/Gietvloer-Winkelpand-TCD-Elektra-150x150.png 150w, https:\/\/malemacoatings.nl\/wp-content\/uploads\/2026\/01\/Gietvloer-Winkelpand-TCD-Elektra-12x12.png 12w\" data-sizes=\"(max-width: 500px) 100vw, 500px\" src=\"data:image\/svg+xml;base64,PHN2ZyB3aWR0aD0iMSIgaGVpZ2h0PSIxIiB4bWxucz0iaHR0cDovL3d3dy53My5vcmcvMjAwMC9zdmciPjwvc3ZnPg==\" style=\"--smush-placeholder-width: 500px; --smush-placeholder-aspect-ratio: 500\/500;\" \/>\t\t\t\t\t\t\t\t\t\t\t\t\t\t\t<\/div>\n\t\t\t\t<\/div>\n\t\t\t\t<\/div>\n\t\t<div class=\"elementor-element elementor-element-d283a4f e-con-full e-flex elementor-invisible e-con e-child\" data-id=\"d283a4f\" data-element_type=\"container\" data-e-type=\"container\" data-settings=\"{&quot;animation&quot;:&quot;fadeInUp&quot;}\">\n\t\t\t\t<div class=\"elementor-element elementor-element-00b6ee7 elementor-widget__width-initial elementor-widget-mobile__width-inherit elementor-widget elementor-widget-heading\" data-id=\"00b6ee7\" data-element_type=\"widget\" data-e-type=\"widget\" data-widget_type=\"heading.default\">\n\t\t\t\t<div class=\"elementor-widget-container\">\n\t\t\t\t\t<h2 class=\"elementor-heading-title elementor-size-default\">Anwendungen<\/h2>\t\t\t\t<\/div>\n\t\t\t\t<\/div>\n\t\t\t\t<div class=\"elementor-element elementor-element-a7bdfce elementor-widget elementor-widget-text-editor\" data-id=\"a7bdfce\" data-element_type=\"widget\" data-e-type=\"widget\" data-widget_type=\"text-editor.default\">\n\t\t\t\t<div class=\"elementor-widget-container\">\n\t\t\t\t\t\t\t\t\tGussb\u00f6den sind breit einsetzbar und eignen sich f\u00fcr verschiedene Bereiche, wie Werkst\u00e4tten und technische Bereiche, in denen ein strapazierf\u00e4higer und pflegeleichter Boden unerl\u00e4sslich ist, Ausstellungsr\u00e4ume und Industriehallen, die von einem eleganten und modernen Aussehen profitieren, sowie Industrie und Logistik, wo ein langlebiger Boden mit hoher mechanischer Belastbarkeit erforderlich ist.\t\t\t\t\t\t\t\t<\/div>\n\t\t\t\t<\/div>\n\t\t\t\t<div class=\"elementor-element elementor-element-21f4451 elementor-widget__width-initial elementor-widget-mobile__width-inherit elementor-widget elementor-widget-heading\" data-id=\"21f4451\" data-element_type=\"widget\" data-e-type=\"widget\" data-widget_type=\"heading.default\">\n\t\t\t\t<div class=\"elementor-widget-container\">\n\t\t\t\t\t<h2 class=\"elementor-heading-title elementor-size-default\">Ein moderner Look f\u00fcr Ihre Gesch\u00e4ftsr\u00e4ume<\/h2>\t\t\t\t<\/div>\n\t\t\t\t<\/div>\n\t\t\t\t<div class=\"elementor-element elementor-element-5c5732f elementor-widget elementor-widget-text-editor\" data-id=\"5c5732f\" data-element_type=\"widget\" data-e-type=\"widget\" data-widget_type=\"text-editor.default\">\n\t\t\t\t<div class=\"elementor-widget-container\">\n\t\t\t\t\t\t\t\t\t<p>M\u00f6chten Sie in Ihrem B\u00fcro oder Ausstellungsraum eine elegante und ruhige Atmosph\u00e4re schaffen? Unsere Gussb\u00f6den sind v\u00f6llig fugenlos und verleihen jedem Raum sofort ein modernes Flair, w\u00e4hrend Sie f\u00fcr stark beanspruchte R\u00e4ume besser einen\u00a0<a href=\"https:\/\/malemacoatings.nl\/de\/bodenbeschichtung\/kellenboden\/\">Industriekellenboden<\/a>\u00a0eingebaut werden k\u00f6nnen. Wir helfen Ihnen gerne, den richtigen Kompromiss zwischen Design und maximaler Tragf\u00e4higkeit zu finden.<\/p><p>\u00a0<\/p><p>Die Pflege dieses Bodentyps ist aufgrund seiner glatten Oberfl\u00e4che sehr einfach, was zu einer gesunden Arbeitsumgebung beitr\u00e4gt. Wenn Sie jedoch nach einer elastischen L\u00f6sung suchen, die auch schalld\u00e4mmend ist, empfehlen wir Ihnen unsere\u00a0<a href=\"https:\/\/malemacoatings.nl\/de\/bodenbeschichtung\/pu-gussboden\/\">Komfortabler PU-Gussboden<\/a>. Beide Systeme bieten ein hochwertiges Finish, das perfekt zu den professionellen Standards Ihres Unternehmens passt.<\/p>\t\t\t\t\t\t\t\t<\/div>\n\t\t\t\t<\/div>\n\t\t\t\t<div class=\"elementor-element elementor-element-535001e elementor-widget elementor-widget-button\" data-id=\"535001e\" data-element_type=\"widget\" data-e-type=\"widget\" data-widget_type=\"button.default\">\n\t\t\t\t<div class=\"elementor-widget-container\">\n\t\t\t\t\t\t\t\t\t<div class=\"elementor-button-wrapper\">\n\t\t\t\t\t<a class=\"elementor-button elementor-button-link elementor-size-sm\" href=\"\/de\/anwendungen\/\">\n\t\t\t\t\t\t<span class=\"elementor-button-content-wrapper\">\n\t\t\t\t\t\t\t\t\t<span class=\"elementor-button-text\">Alle Anwendungen anzeigen<\/span>\n\t\t\t\t\t<\/span>\n\t\t\t\t\t<\/a>\n\t\t\t\t<\/div>\n\t\t\t\t\t\t\t\t<\/div>\n\t\t\t\t<\/div>\n\t\t\t\t<\/div>\n\t\t\t\t\t<\/div>\n\t\t\t\t<\/div>\n\t\t<div class=\"elementor-element elementor-element-6965dd0 groene-achtergrond-onder-grijs e-flex e-con-boxed e-con e-parent\" data-id=\"6965dd0\" data-element_type=\"container\" data-e-type=\"container\" data-settings=\"{&quot;background_background&quot;:&quot;gradient&quot;}\">\n\t\t\t\t\t<div class=\"e-con-inner\">\n\t\t<div class=\"elementor-element elementor-element-a87bdef e-con-full e-flex elementor-invisible e-con e-child\" data-id=\"a87bdef\" data-element_type=\"container\" data-e-type=\"container\" data-settings=\"{&quot;animation&quot;:&quot;fadeInUp&quot;}\">\n\t\t\t\t<div class=\"elementor-element elementor-element-f11a4e6 elementor-widget elementor-widget-heading\" data-id=\"f11a4e6\" data-element_type=\"widget\" data-e-type=\"widget\" data-widget_type=\"heading.default\">\n\t\t\t\t<div class=\"elementor-widget-container\">\n\t\t\t\t\t<h2 class=\"elementor-heading-title elementor-size-default\">Bodenverlegung<\/h2>\t\t\t\t<\/div>\n\t\t\t\t<\/div>\n\t\t\t\t<div class=\"elementor-element elementor-element-1f8ab48 elementor-widget elementor-widget-text-editor\" data-id=\"1f8ab48\" data-element_type=\"widget\" data-e-type=\"widget\" data-widget_type=\"text-editor.default\">\n\t\t\t\t<div class=\"elementor-widget-container\">\n\t\t\t\t\t\t\t\t\tDie Vorbereitung des Untergrunds beginnt mit dem Schleifen oder Strahlen f\u00fcr eine optimale Haftung, gefolgt von einer Grundierung, die eine solide Basis schafft und die Lebensdauer verl\u00e4ngert. Der Epoxid-Estrich wird dann in 2 bis 3 Tagen aufgetragen, je nach Anzahl der Schichten. Unsere Gussb\u00f6den k\u00f6nnen auf Beton, Zementestrichen und bestehenden Beschichtungen verlegt werden, w\u00e4hrend Fliesen, Holz oder Linoleum in der Regel eine zus\u00e4tzliche Vorbereitung erfordern.\t\t\t\t\t\t\t\t<\/div>\n\t\t\t\t<\/div>\n\t\t\t\t<\/div>\n\t\t\t\t\t<\/div>\n\t\t\t\t<\/div>\n\t\t<div class=\"elementor-element elementor-element-fc8a2a1 e-flex e-con-boxed e-con e-parent\" data-id=\"fc8a2a1\" data-element_type=\"container\" data-e-type=\"container\" data-settings=\"{&quot;background_background&quot;:&quot;classic&quot;}\">\n\t\t\t\t\t<div class=\"e-con-inner\">\n\t\t<div class=\"elementor-element elementor-element-613676e e-con-full elementor-hidden-tablet e-flex elementor-invisible e-con e-child\" data-id=\"613676e\" data-element_type=\"container\" data-e-type=\"container\" data-settings=\"{&quot;animation&quot;:&quot;fadeInUp&quot;}\">\n\t\t\t\t<div class=\"elementor-element elementor-element-7b7e21c schaduw elementor-widget elementor-widget-image\" data-id=\"7b7e21c\" data-element_type=\"widget\" data-e-type=\"widget\" data-widget_type=\"image.default\">\n\t\t\t\t<div class=\"elementor-widget-container\">\n\t\t\t\t\t\t\t\t\t\t\t\t\t\t\t<img decoding=\"async\" width=\"500\" height=\"500\" data-src=\"https:\/\/malemacoatings.nl\/wp-content\/uploads\/2025\/02\/Ontwerp-zonder-titel-42.png\" class=\"attachment-large size-large wp-image-78 lazyload\" alt=\"Beschichtung des Garagenbodens durch Malema Coatings verlegen lassen\" data-srcset=\"https:\/\/malemacoatings.nl\/wp-content\/uploads\/2025\/02\/Ontwerp-zonder-titel-42.png 500w, https:\/\/malemacoatings.nl\/wp-content\/uploads\/2025\/02\/Ontwerp-zonder-titel-42-300x300.png 300w, https:\/\/malemacoatings.nl\/wp-content\/uploads\/2025\/02\/Ontwerp-zonder-titel-42-150x150.png 150w\" data-sizes=\"(max-width: 500px) 100vw, 500px\" src=\"data:image\/svg+xml;base64,PHN2ZyB3aWR0aD0iMSIgaGVpZ2h0PSIxIiB4bWxucz0iaHR0cDovL3d3dy53My5vcmcvMjAwMC9zdmciPjwvc3ZnPg==\" style=\"--smush-placeholder-width: 500px; --smush-placeholder-aspect-ratio: 500\/500;\" \/>\t\t\t\t\t\t\t\t\t\t\t\t\t\t\t<\/div>\n\t\t\t\t<\/div>\n\t\t\t\t<\/div>\n\t\t<div class=\"elementor-element elementor-element-37376a5 e-con-full e-flex elementor-invisible e-con e-child\" data-id=\"37376a5\" data-element_type=\"container\" data-e-type=\"container\" data-settings=\"{&quot;animation&quot;:&quot;fadeInUp&quot;}\">\n\t\t\t\t<div class=\"elementor-element elementor-element-2d48ecc elementor-widget__width-initial elementor-widget-mobile__width-inherit elementor-widget elementor-widget-heading\" data-id=\"2d48ecc\" data-element_type=\"widget\" data-e-type=\"widget\" data-widget_type=\"heading.default\">\n\t\t\t\t<div class=\"elementor-widget-container\">\n\t\t\t\t\t<h2 class=\"elementor-heading-title elementor-size-default\">Kosten f\u00fcr einen gegossenen Boden<\/h2>\t\t\t\t<\/div>\n\t\t\t\t<\/div>\n\t\t\t\t<div class=\"elementor-element elementor-element-13e84c1 elementor-widget elementor-widget-text-editor\" data-id=\"13e84c1\" data-element_type=\"widget\" data-e-type=\"widget\" data-widget_type=\"text-editor.default\">\n\t\t\t\t<div class=\"elementor-widget-container\">\n\t\t\t\t\t\t\t\t\t<p>Da ein Gussboden vollst\u00e4ndig aus <span style=\"text-decoration: underline;\"><span style=\"color: #d9534f; text-decoration: underline;\"><a style=\"color: #d9534f; text-decoration: underline;\" href=\"\/de\/bodenbeschichtung\/epoxidharzboden\/\">Epoxid<\/a><\/span><\/span> besteht, ist er teurer als ein Epoxidharzboden. Der Preis h\u00e4ngt von Faktoren wie dem Untergrund, dem Standort und der Ausf\u00fchrung ab. Haben Sie ein gr\u00f6\u00dferes Budget und suchen Sie einen hochwertigen und langlebigen Boden? Dann ist ein solcher Boden eine ausgezeichnete Wahl. Fordern Sie ein unverbindliches Angebot an, um den Preis zu erfahren.<\/p>\t\t\t\t\t\t\t\t<\/div>\n\t\t\t\t<\/div>\n\t\t<div class=\"elementor-element elementor-element-edded1a e-con-full e-flex e-con e-child\" data-id=\"edded1a\" data-element_type=\"container\" data-e-type=\"container\">\n\t\t\t\t<div class=\"elementor-element elementor-element-da1e344 elementor-widget elementor-widget-button\" data-id=\"da1e344\" data-element_type=\"widget\" data-e-type=\"widget\" data-widget_type=\"button.default\">\n\t\t\t\t<div class=\"elementor-widget-container\">\n\t\t\t\t\t\t\t\t\t<div class=\"elementor-button-wrapper\">\n\t\t\t\t\t<a class=\"elementor-button elementor-button-link elementor-size-sm\" href=\"\/de\/ein-angebot-anfordern\/\">\n\t\t\t\t\t\t<span class=\"elementor-button-content-wrapper\">\n\t\t\t\t\t\t\t\t\t<span class=\"elementor-button-text\">Angebot anfordern<\/span>\n\t\t\t\t\t<\/span>\n\t\t\t\t\t<\/a>\n\t\t\t\t<\/div>\n\t\t\t\t\t\t\t\t<\/div>\n\t\t\t\t<\/div>\n\t\t\t\t<div class=\"elementor-element elementor-element-1aabce5 bounce-text elementor-widget elementor-widget-text-editor\" data-id=\"1aabce5\" data-element_type=\"widget\" data-e-type=\"widget\" data-widget_type=\"text-editor.default\">\n\t\t\t\t<div class=\"elementor-widget-container\">\n\t\t\t\t\t\t\t\t\t<span class=\"vaste-buttontekst\"><\/span>\t\t\t\t\t\t\t\t<\/div>\n\t\t\t\t<\/div>\n\t\t\t\t<\/div>\n\t\t\t\t<\/div>\n\t\t\t\t\t<\/div>\n\t\t\t\t<\/div>\n\t\t<div class=\"elementor-element elementor-element-0276216 e-flex e-con-boxed e-con e-parent\" data-id=\"0276216\" data-element_type=\"container\" data-e-type=\"container\" data-settings=\"{&quot;background_background&quot;:&quot;classic&quot;}\">\n\t\t\t\t\t<div class=\"e-con-inner\">\n\t\t<div class=\"elementor-element elementor-element-cfa393f e-con-full e-flex elementor-invisible e-con e-child\" data-id=\"cfa393f\" data-element_type=\"container\" data-e-type=\"container\" data-settings=\"{&quot;animation&quot;:&quot;fadeInUp&quot;}\">\n\t\t\t\t<div class=\"elementor-element elementor-element-3c07f3e elementor-widget__width-inherit elementor-widget-mobile__width-inherit elementor-widget elementor-widget-heading\" data-id=\"3c07f3e\" data-element_type=\"widget\" data-e-type=\"widget\" data-widget_type=\"heading.default\">\n\t\t\t\t<div class=\"elementor-widget-container\">\n\t\t\t\t\t<h2 class=\"elementor-heading-title elementor-size-default\">Wartung und Reinigung<\/h2>\t\t\t\t<\/div>\n\t\t\t\t<\/div>\n\t\t\t\t<div class=\"elementor-element elementor-element-248fe7a elementor-widget elementor-widget-text-editor\" data-id=\"248fe7a\" data-element_type=\"widget\" data-e-type=\"widget\" data-widget_type=\"text-editor.default\">\n\t\t\t\t<div class=\"elementor-widget-container\">\n\t\t\t\t\t\t\t\t\tEin Gussboden ist mit einem Staubwischer, Besen oder Staubsauger leicht zu pflegen. F\u00fcr eine gr\u00fcndlichere Reinigung empfehlen wir einen Mopp in Kombination mit einem seifenfreien Reinigungsmittel. Dank der fugenlosen Oberfl\u00e4che bleibt kein Schmutz zur\u00fcck und der Boden ist hygienisch und langlebig.\t\t\t\t\t\t\t\t<\/div>\n\t\t\t\t<\/div>\n\t\t\t\t<\/div>\n\t\t\t\t\t<\/div>\n\t\t\t\t<\/div>\n\t\t\t\t<\/div>","protected":false},"excerpt":{"rendered":"<p>Gietvloer Offerte aanvragen Wat is een gietvloer? Een gietvloer is een strakke, naadloze vloer die zowel duurzaam als onderhoudsvriendelijk is. Oorspronkelijk populair in bedrijfsmatige omgevingen, wordt deze vloer tegenwoordig ook steeds vaker in woningen toegepast. Dankzij de combinatie van sterkte, vloeistofdichtheid en moderne uitstraling is zo&#8217;n vloer ideaal voor uiteenlopende sectoren. Waarom kiezen voor een [&hellip;]<\/p>\n","protected":false},"author":1,"featured_media":0,"parent":421,"menu_order":0,"comment_status":"closed","ping_status":"closed","template":"","meta":{"footnotes":""},"class_list":["post-574","page","type-page","status-publish","hentry"],"_links":{"self":[{"href":"https:\/\/malemacoatings.nl\/de\/wp-json\/wp\/v2\/pages\/574","targetHints":{"allow":["GET"]}}],"collection":[{"href":"https:\/\/malemacoatings.nl\/de\/wp-json\/wp\/v2\/pages"}],"about":[{"href":"https:\/\/malemacoatings.nl\/de\/wp-json\/wp\/v2\/types\/page"}],"author":[{"embeddable":true,"href":"https:\/\/malemacoatings.nl\/de\/wp-json\/wp\/v2\/users\/1"}],"replies":[{"embeddable":true,"href":"https:\/\/malemacoatings.nl\/de\/wp-json\/wp\/v2\/comments?post=574"}],"version-history":[{"count":0,"href":"https:\/\/malemacoatings.nl\/de\/wp-json\/wp\/v2\/pages\/574\/revisions"}],"up":[{"embeddable":true,"href":"https:\/\/malemacoatings.nl\/de\/wp-json\/wp\/v2\/pages\/421"}],"wp:attachment":[{"href":"https:\/\/malemacoatings.nl\/de\/wp-json\/wp\/v2\/media?parent=574"}],"curies":[{"name":"wp","href":"https:\/\/api.w.org\/{rel}","templated":true}]}}