{"id":421,"date":"2025-02-16T19:42:33","date_gmt":"2025-02-16T19:42:33","guid":{"rendered":"https:\/\/malemacoatings.nl\/?page_id=421"},"modified":"2026-04-16T12:23:45","modified_gmt":"2026-04-16T12:23:45","slug":"bodenbeschichtung","status":"publish","type":"page","link":"https:\/\/malemacoatings.nl\/de\/vloercoating\/","title":{"rendered":"Bodenbeschichtung"},"content":{"rendered":"<div data-elementor-type=\"wp-page\" data-elementor-id=\"421\" class=\"elementor elementor-421\" data-elementor-post-type=\"page\">\n\t\t\t\t<div class=\"elementor-element elementor-element-734e6be e-flex e-con-boxed e-con e-parent\" data-id=\"734e6be\" data-element_type=\"container\" data-e-type=\"container\" data-settings=\"{&quot;background_background&quot;:&quot;classic&quot;}\">\n\t\t\t\t\t<div class=\"e-con-inner\">\n\t\t<div class=\"elementor-element elementor-element-1014e94 e-con-full e-flex elementor-invisible e-con e-child\" data-id=\"1014e94\" data-element_type=\"container\" data-e-type=\"container\" data-settings=\"{&quot;animation&quot;:&quot;fadeIn&quot;}\">\n\t\t\t\t<div class=\"elementor-element elementor-element-3210b0a animated-slow elementor-invisible elementor-widget elementor-widget-heading\" data-id=\"3210b0a\" data-element_type=\"widget\" data-e-type=\"widget\" data-settings=\"{&quot;_animation&quot;:&quot;fadeIn&quot;}\" data-widget_type=\"heading.default\">\n\t\t\t\t<div class=\"elementor-widget-container\">\n\t\t\t\t\t<h1 class=\"elementor-heading-title elementor-size-default\">Bodenbeschichtungssysteme<\/h1>\t\t\t\t<\/div>\n\t\t\t\t<\/div>\n\t\t<div class=\"elementor-element elementor-element-9f1bb77 e-con-full e-flex e-con e-child\" data-id=\"9f1bb77\" data-element_type=\"container\" data-e-type=\"container\">\n\t\t\t\t<div class=\"elementor-element elementor-element-25e4051 animated-slow elementor-invisible elementor-widget elementor-widget-button\" data-id=\"25e4051\" data-element_type=\"widget\" data-e-type=\"widget\" data-settings=\"{&quot;_animation&quot;:&quot;fadeIn&quot;}\" data-widget_type=\"button.default\">\n\t\t\t\t<div class=\"elementor-widget-container\">\n\t\t\t\t\t\t\t\t\t<div class=\"elementor-button-wrapper\">\n\t\t\t\t\t<a class=\"elementor-button elementor-button-link elementor-size-sm\" href=\"\/de\/ein-angebot-anfordern\/\">\n\t\t\t\t\t\t<span class=\"elementor-button-content-wrapper\">\n\t\t\t\t\t\t\t\t\t<span class=\"elementor-button-text\">Angebot anfordern<\/span>\n\t\t\t\t\t<\/span>\n\t\t\t\t\t<\/a>\n\t\t\t\t<\/div>\n\t\t\t\t\t\t\t\t<\/div>\n\t\t\t\t<\/div>\n\t\t\t\t<div class=\"elementor-element elementor-element-3019831 bounce-text elementor-widget elementor-widget-text-editor\" data-id=\"3019831\" data-element_type=\"widget\" data-e-type=\"widget\" data-widget_type=\"text-editor.default\">\n\t\t\t\t<div class=\"elementor-widget-container\">\n\t\t\t\t\t\t\t\t\t<span class=\"vaste-buttontekst\"><\/span>\t\t\t\t\t\t\t\t<\/div>\n\t\t\t\t<\/div>\n\t\t\t\t<\/div>\n\t\t\t\t<\/div>\n\t\t\t\t\t<\/div>\n\t\t\t\t<\/div>\n\t\t<div class=\"elementor-element elementor-element-7050e5a e-flex e-con-boxed e-con e-parent\" data-id=\"7050e5a\" data-element_type=\"container\" data-e-type=\"container\">\n\t\t\t\t\t<div class=\"e-con-inner\">\n\t\t\t\t\t<\/div>\n\t\t\t\t<\/div>\n\t\t<div class=\"elementor-element elementor-element-7630bea e-flex e-con-boxed e-con e-parent\" data-id=\"7630bea\" data-element_type=\"container\" data-e-type=\"container\" data-settings=\"{&quot;background_background&quot;:&quot;classic&quot;}\">\n\t\t\t\t\t<div class=\"e-con-inner\">\n\t\t<div class=\"elementor-element elementor-element-b412b5c e-con-full elementor-hidden-tablet e-flex elementor-invisible e-con e-child\" data-id=\"b412b5c\" data-element_type=\"container\" data-e-type=\"container\" data-settings=\"{&quot;animation&quot;:&quot;fadeInUp&quot;}\">\n\t\t\t\t<div class=\"elementor-element elementor-element-7f4f3b7 schaduw elementor-widget elementor-widget-image\" data-id=\"7f4f3b7\" data-element_type=\"widget\" data-e-type=\"widget\" data-widget_type=\"image.default\">\n\t\t\t\t<div class=\"elementor-widget-container\">\n\t\t\t\t\t\t\t\t\t\t\t\t\t\t\t<img fetchpriority=\"high\" decoding=\"async\" width=\"500\" height=\"500\" src=\"https:\/\/malemacoatings.nl\/wp-content\/uploads\/2025\/02\/Coating-vloeren-voor-automotive.png\" class=\"attachment-large size-large wp-image-122\" alt=\"Bodenbeschichtung f\u00fcr Kraftfahrzeuge\" srcset=\"https:\/\/malemacoatings.nl\/wp-content\/uploads\/2025\/02\/Coating-vloeren-voor-automotive.png 500w, https:\/\/malemacoatings.nl\/wp-content\/uploads\/2025\/02\/Coating-vloeren-voor-automotive-300x300.png 300w, https:\/\/malemacoatings.nl\/wp-content\/uploads\/2025\/02\/Coating-vloeren-voor-automotive-150x150.png 150w\" sizes=\"(max-width: 500px) 100vw, 500px\" \/>\t\t\t\t\t\t\t\t\t\t\t\t\t\t\t<\/div>\n\t\t\t\t<\/div>\n\t\t\t\t<\/div>\n\t\t<div class=\"elementor-element elementor-element-483d590 e-con-full e-flex elementor-invisible e-con e-child\" data-id=\"483d590\" data-element_type=\"container\" data-e-type=\"container\" data-settings=\"{&quot;animation&quot;:&quot;fadeInUp&quot;}\">\n\t\t\t\t<div class=\"elementor-element elementor-element-3ee5441 elementor-widget__width-initial elementor-widget-mobile__width-inherit elementor-widget elementor-widget-heading\" data-id=\"3ee5441\" data-element_type=\"widget\" data-e-type=\"widget\" data-widget_type=\"heading.default\">\n\t\t\t\t<div class=\"elementor-widget-container\">\n\t\t\t\t\t<h2 class=\"elementor-heading-title elementor-size-default\">Warum eine gute Bodenbeschichtung wichtig ist<\/h2>\t\t\t\t<\/div>\n\t\t\t\t<\/div>\n\t\t\t\t<div class=\"elementor-element elementor-element-23201ca elementor-widget elementor-widget-text-editor\" data-id=\"23201ca\" data-element_type=\"widget\" data-e-type=\"widget\" data-widget_type=\"text-editor.default\">\n\t\t\t\t<div class=\"elementor-widget-container\">\n\t\t\t\t\t\t\t\t\t<p data-start=\"55\" data-end=\"328\">Eine Bodenbeschichtung ist mehr als nur ein Deckanstrich: Sie ist die Grundlage f\u00fcr einen langlebigen, sicheren und pflegeleichten Boden. Ob es f\u00fcr <a href=\"\/de\/anwendungen\/industrie\/\"><span style=\"text-decoration: underline;\">Industrie<\/span><\/a>, <a href=\"\/de\/anwendungen\/verpflegung\/\"><span style=\"text-decoration: underline;\">Verpflegung<\/span><\/a>, <a href=\"\/de\/anwendungen\/automobil\/\"><u>Automobil<\/u><\/a>\u00a0Ob die <a href=\"\/de\/anwendungen\/landwirtschaft\/\"><span style=\"text-decoration: underline;\">Landwirtschaft<\/span><\/a>Eine hochwertige Beschichtung sch\u00fctzt vor Abrieb, Chemikalien und Feuchtigkeit.<\/p><p data-start=\"55\" data-end=\"328\">\u00a0<\/p><p data-start=\"55\" data-end=\"328\">Dank der nahtlosen Oberfl\u00e4che wird die Ansammlung von Schmutz und Bakterien verhindert, was f\u00fcr die Hygiene und Sicherheit von entscheidender Bedeutung ist. Au\u00dferdem bietet eine Beschichtung die richtigen rutschhemmenden Eigenschaften und macht die Arbeitsumgebung sicherer. Mit einem beschichteten Boden verl\u00e4ngern Sie die Lebensdauer Ihres Bodens und sparen Wartungskosten. Eine kluge Investition, sowohl f\u00fcr die Funktionalit\u00e4t als auch f\u00fcr das Aussehen!<\/p>\t\t\t\t\t\t\t\t<\/div>\n\t\t\t\t<\/div>\n\t\t\t\t<\/div>\n\t\t\t\t\t<\/div>\n\t\t\t\t<\/div>\n\t\t<div class=\"elementor-element elementor-element-ad7ca30 e-flex e-con-boxed e-con e-parent\" data-id=\"ad7ca30\" data-element_type=\"container\" data-e-type=\"container\" data-settings=\"{&quot;background_background&quot;:&quot;classic&quot;}\">\n\t\t\t\t\t<div class=\"e-con-inner\">\n\t\t<div class=\"elementor-element elementor-element-2429fb0 e-con-full e-flex elementor-invisible e-con e-child\" data-id=\"2429fb0\" data-element_type=\"container\" data-e-type=\"container\" data-settings=\"{&quot;animation&quot;:&quot;fadeInUp&quot;}\">\n\t\t\t\t<div class=\"elementor-element elementor-element-e6cdf2d elementor-widget__width-initial elementor-widget-mobile__width-inherit elementor-widget elementor-widget-heading\" data-id=\"e6cdf2d\" data-element_type=\"widget\" data-e-type=\"widget\" data-widget_type=\"heading.default\">\n\t\t\t\t<div class=\"elementor-widget-container\">\n\t\t\t\t\t<h2 class=\"elementor-heading-title elementor-size-default\">Finden Sie die richtige Bodenbeschichtung f\u00fcr Ihre Situation<\/h2>\t\t\t\t<\/div>\n\t\t\t\t<\/div>\n\t\t\t\t<div class=\"elementor-element elementor-element-1d3677b elementor-widget elementor-widget-text-editor\" data-id=\"1d3677b\" data-element_type=\"widget\" data-e-type=\"widget\" data-widget_type=\"text-editor.default\">\n\t\t\t\t<div class=\"elementor-widget-container\">\n\t\t\t\t\t\t\t\t\t<p data-start=\"59\" data-end=\"367\">Jede Umgebung stellt andere Anforderungen an einen Boden. In der Industrie ist die chemische Best\u00e4ndigkeit entscheidend, w\u00e4hrend im Gastgewerbe Hygiene und leichte Reinigung im Vordergrund stehen. A <a href=\"\/de\/anwendungen\/automobil\/werkstatt-garage-beschichtung\/\"><span style=\"text-decoration: underline;\">Garagenboden<\/span><\/a> m\u00fcssen \u00f6lbest\u00e4ndig und schwer belastbar sein, w\u00e4hrend im landwirtschaftlichen Bereich Feuchtigkeitsbest\u00e4ndigkeit und Rutschfestigkeit unerl\u00e4sslich sind. Die Dicke (2 - 4 mm) h\u00e4ngt davon ab, welchen Boden Sie w\u00e4hlen.<\/p><p data-start=\"59\" data-end=\"367\">\u00a0<\/p><p data-start=\"369\" data-end=\"621\" data-is-last-node=\"\">Wir helfen Ihnen, die richtige Wahl zu treffen. Ob Sie eine strapazierf\u00e4hige, fl\u00fcssigkeitsdichte oder hygienische Bodenbeschichtung ben\u00f6tigen, wir bieten Ihnen eine ma\u00dfgeschneiderte L\u00f6sung. Nehmen Sie Kontakt auf und finden Sie heraus, welche Bodenbeschichtung am besten zu Ihren Bed\u00fcrfnissen passt!<\/p>\t\t\t\t\t\t\t\t<\/div>\n\t\t\t\t<\/div>\n\t\t\t\t<div class=\"elementor-element elementor-element-25d661b elementor-widget elementor-widget-button\" data-id=\"25d661b\" data-element_type=\"widget\" data-e-type=\"widget\" data-widget_type=\"button.default\">\n\t\t\t\t<div class=\"elementor-widget-container\">\n\t\t\t\t\t\t\t\t\t<div class=\"elementor-button-wrapper\">\n\t\t\t\t\t<a class=\"elementor-button elementor-button-link elementor-size-sm\" href=\"\/de\/kontakt\/\">\n\t\t\t\t\t\t<span class=\"elementor-button-content-wrapper\">\n\t\t\t\t\t\t\t\t\t<span class=\"elementor-button-text\">Kontakt aufnehmen<\/span>\n\t\t\t\t\t<\/span>\n\t\t\t\t\t<\/a>\n\t\t\t\t<\/div>\n\t\t\t\t\t\t\t\t<\/div>\n\t\t\t\t<\/div>\n\t\t\t\t<\/div>\n\t\t<div class=\"elementor-element elementor-element-4fc15ee e-con-full elementor-hidden-tablet e-flex elementor-invisible e-con e-child\" data-id=\"4fc15ee\" data-element_type=\"container\" data-e-type=\"container\" data-settings=\"{&quot;animation&quot;:&quot;fadeInUp&quot;}\">\n\t\t\t\t<div class=\"elementor-element elementor-element-35017eb schaduw elementor-widget elementor-widget-image\" data-id=\"35017eb\" data-element_type=\"widget\" data-e-type=\"widget\" data-widget_type=\"image.default\">\n\t\t\t\t<div class=\"elementor-widget-container\">\n\t\t\t\t\t\t\t\t\t\t\t\t\t\t\t<img decoding=\"async\" width=\"500\" height=\"500\" data-src=\"https:\/\/malemacoatings.nl\/wp-content\/uploads\/2025\/02\/Coating-vloeren-voedingsmiddelenbranch.png\" class=\"attachment-large size-large wp-image-123 lazyload\" alt=\"Beschichtung von B\u00f6den f\u00fcr die Lebensmittelindustrie\" data-srcset=\"https:\/\/malemacoatings.nl\/wp-content\/uploads\/2025\/02\/Coating-vloeren-voedingsmiddelenbranch.png 500w, https:\/\/malemacoatings.nl\/wp-content\/uploads\/2025\/02\/Coating-vloeren-voedingsmiddelenbranch-300x300.png 300w, https:\/\/malemacoatings.nl\/wp-content\/uploads\/2025\/02\/Coating-vloeren-voedingsmiddelenbranch-150x150.png 150w\" data-sizes=\"(max-width: 500px) 100vw, 500px\" src=\"data:image\/svg+xml;base64,PHN2ZyB3aWR0aD0iMSIgaGVpZ2h0PSIxIiB4bWxucz0iaHR0cDovL3d3dy53My5vcmcvMjAwMC9zdmciPjwvc3ZnPg==\" style=\"--smush-placeholder-width: 500px; --smush-placeholder-aspect-ratio: 500\/500;\" \/>\t\t\t\t\t\t\t\t\t\t\t\t\t\t\t<\/div>\n\t\t\t\t<\/div>\n\t\t\t\t<\/div>\n\t\t\t\t\t<\/div>\n\t\t\t\t<\/div>\n\t\t<div class=\"elementor-element elementor-element-bc68dff e-flex e-con-boxed elementor-invisible e-con e-parent\" data-id=\"bc68dff\" data-element_type=\"container\" data-e-type=\"container\" data-settings=\"{&quot;background_background&quot;:&quot;classic&quot;,&quot;animation&quot;:&quot;fadeInUp&quot;}\">\n\t\t\t\t\t<div class=\"e-con-inner\">\n\t\t\t\t<div class=\"elementor-element elementor-element-b457b92 elementor-widget__width-initial elementor-widget-mobile__width-inherit elementor-widget elementor-widget-heading\" data-id=\"b457b92\" data-element_type=\"widget\" data-e-type=\"widget\" data-widget_type=\"heading.default\">\n\t\t\t\t<div class=\"elementor-widget-container\">\n\t\t\t\t\t<h2 class=\"elementor-heading-title elementor-size-default\">Vergleichen Sie unsere Beschichtungen<\/h2>\t\t\t\t<\/div>\n\t\t\t\t<\/div>\n\t\t<div class=\"elementor-element elementor-element-b78a211 e-con-full e-flex e-con e-child\" data-id=\"b78a211\" data-element_type=\"container\" data-e-type=\"container\">\n\t\t<div class=\"elementor-element elementor-element-7323bce e-con-full e-flex e-con e-child\" data-id=\"7323bce\" data-element_type=\"container\" data-e-type=\"container\">\n\t\t<div class=\"elementor-element elementor-element-991d560 e-con-full e-flex e-con e-child\" data-id=\"991d560\" data-element_type=\"container\" data-e-type=\"container\">\n\t\t<div class=\"elementor-element elementor-element-daa7bde e-con-full e-flex e-con e-child\" data-id=\"daa7bde\" data-element_type=\"container\" data-e-type=\"container\" data-settings=\"{&quot;background_background&quot;:&quot;gradient&quot;}\">\n\t\t\t\t<div class=\"elementor-element elementor-element-fe95f10 elementor-widget__width-initial elementor-widget-mobile__width-inherit elementor-widget elementor-widget-heading\" data-id=\"fe95f10\" data-element_type=\"widget\" data-e-type=\"widget\" data-widget_type=\"heading.default\">\n\t\t\t\t<div class=\"elementor-widget-container\">\n\t\t\t\t\t<h3 class=\"elementor-heading-title elementor-size-default\">Vorteile von Epoxidharz<\/h3>\t\t\t\t<\/div>\n\t\t\t\t<\/div>\n\t\t\t\t<div class=\"elementor-element elementor-element-4fd3bda elementor-widget elementor-widget-text-editor\" data-id=\"4fd3bda\" data-element_type=\"widget\" data-e-type=\"widget\" data-widget_type=\"text-editor.default\">\n\t\t\t\t<div class=\"elementor-widget-container\">\n\t\t\t\t\t\t\t\t\t<p><strong>Vorteile:<\/strong><\/p><p>\u2714 Doppelt so stark wie Beton<\/p><p>\u2714 Nahtlos<\/p><p>\u2714 Leicht zu reinigen<\/p><p>\u2714 Antiallergisch<\/p><p>\u2714 Enorm stark<\/p><p>\u2714 Leicht sto\u00df- und abriebfest<\/p><p>Best\u00e4ndig gegen Chemikalien und S\u00e4uren<\/p><p>\u2714 In vielen Farben lieferbar<\/p><p>\u2714 Anti-Rutsch m\u00f6glich<\/p><p>\u2714 Fl\u00fcssigkeitsdicht<\/p><p>\u2714 Kann m\u00fchelos schweres Gewicht tragen<\/p><p>\u00a0<\/p><p>\u00a0<\/p><p><a href=\"\/de\/bodenbeschichtung\/epoxidharzboden\/\"><span style=\"text-decoration: underline;\"><span style=\"color: #ffffff; text-decoration: underline;\">Lesen Sie mehr \u00fcber Epoxidbodenbeschichtung \u00bb<\/span><\/span><\/a><\/p>\t\t\t\t\t\t\t\t<\/div>\n\t\t\t\t<\/div>\n\t\t\t\t<\/div>\n\t\t\t\t<\/div>\n\t\t\t\t<\/div>\n\t\t<div class=\"elementor-element elementor-element-b93f05a e-con-full e-flex e-con e-child\" data-id=\"b93f05a\" data-element_type=\"container\" data-e-type=\"container\">\n\t\t<div class=\"elementor-element elementor-element-d8996af e-con-full e-flex e-con e-child\" data-id=\"d8996af\" data-element_type=\"container\" data-e-type=\"container\" data-settings=\"{&quot;background_background&quot;:&quot;gradient&quot;}\">\n\t\t\t\t<div class=\"elementor-element elementor-element-6c3ab41 elementor-widget__width-initial elementor-widget-mobile__width-inherit elementor-widget elementor-widget-heading\" data-id=\"6c3ab41\" data-element_type=\"widget\" data-e-type=\"widget\" data-widget_type=\"heading.default\">\n\t\t\t\t<div class=\"elementor-widget-container\">\n\t\t\t\t\t<h3 class=\"elementor-heading-title elementor-size-default\">Vorteile von PMMA<\/h3>\t\t\t\t<\/div>\n\t\t\t\t<\/div>\n\t\t\t\t<div class=\"elementor-element elementor-element-59a7e4d elementor-widget elementor-widget-text-editor\" data-id=\"59a7e4d\" data-element_type=\"widget\" data-e-type=\"widget\" data-widget_type=\"text-editor.default\">\n\t\t\t\t<div class=\"elementor-widget-container\">\n\t\t\t\t\t\t\t\t\t<p><strong>Vorteile:<\/strong><\/p><p>\u2714 Trocknungszeit von nur 2 Stunden<\/p><p>\u2714 Nahtlos<\/p><p>\u2714 Hygienisch<\/p><p>\u2714 Leicht zu reinigen<\/p><p>\u2714 Fl\u00fcssigkeitsdicht<\/p><p>\u2714 staubfrei<\/p><p>\u2714 verschlei\u00dffest<\/p><p>\u2714 Flexibel, damit es nicht rei\u00dft<\/p><p>\u2714 Anti-Rutsch m\u00f6glich<\/p><p>\u2714 Hitzebest\u00e4ndige Beschichtung m\u00f6glich<\/p><p>\u2714 Geeignet f\u00fcr kalte R\u00e4ume<\/p><p>\u2714 F\u00fcr den Innen- und Au\u00dfenbereich geeignet<\/p><p>\u00a0<\/p><p><span style=\"text-decoration: underline;\"><span style=\"color: #ffffff;\"><a style=\"color: #ffffff; text-decoration: underline;\" href=\"\/de\/bodenbeschichtung\/pmma-etage\/\">Lesen Sie mehr \u00fcber PMMA-Bodenbeschichtung \u00bb<\/a><\/span><\/span><\/p>\t\t\t\t\t\t\t\t<\/div>\n\t\t\t\t<\/div>\n\t\t\t\t<\/div>\n\t\t\t\t<\/div>\n\t\t\t\t<\/div>\n\t\t\t\t\t<\/div>\n\t\t\t\t<\/div>\n\t\t\t\t<\/div>","protected":false},"excerpt":{"rendered":"<p>Vloercoating systemen Offerte aanvragen Waarom een goede vloercoating belangrijk is Een vloercoating is meer dan alleen een afwerklaag: het is de basis voor een duurzame, veilige en onderhoudsvriendelijke vloer. Of het nu gaat om industrie, horeca, automotive\u00a0of de agrarische sector, een hoogwaardige coating beschermt tegen slijtage, chemicali\u00ebn en vocht. Dankzij de naadloze afwerking voorkomt u [&hellip;]<\/p>\n","protected":false},"author":1,"featured_media":0,"parent":0,"menu_order":0,"comment_status":"closed","ping_status":"closed","template":"","meta":{"footnotes":""},"class_list":["post-421","page","type-page","status-publish","hentry"],"_links":{"self":[{"href":"https:\/\/malemacoatings.nl\/de\/wp-json\/wp\/v2\/pages\/421","targetHints":{"allow":["GET"]}}],"collection":[{"href":"https:\/\/malemacoatings.nl\/de\/wp-json\/wp\/v2\/pages"}],"about":[{"href":"https:\/\/malemacoatings.nl\/de\/wp-json\/wp\/v2\/types\/page"}],"author":[{"embeddable":true,"href":"https:\/\/malemacoatings.nl\/de\/wp-json\/wp\/v2\/users\/1"}],"replies":[{"embeddable":true,"href":"https:\/\/malemacoatings.nl\/de\/wp-json\/wp\/v2\/comments?post=421"}],"version-history":[{"count":0,"href":"https:\/\/malemacoatings.nl\/de\/wp-json\/wp\/v2\/pages\/421\/revisions"}],"wp:attachment":[{"href":"https:\/\/malemacoatings.nl\/de\/wp-json\/wp\/v2\/media?parent=421"}],"curies":[{"name":"wp","href":"https:\/\/api.w.org\/{rel}","templated":true}]}}