{"id":2233,"date":"2026-02-06T13:17:41","date_gmt":"2026-02-06T13:17:41","guid":{"rendered":"https:\/\/malemacoatings.nl\/?page_id=2233"},"modified":"2026-04-16T12:22:58","modified_gmt":"2026-04-16T12:22:58","slug":"cem-lava","status":"publish","type":"page","link":"https:\/\/malemacoatings.nl\/de\/vloercoating\/cem-lava\/","title":{"rendered":"CEM LAVA"},"content":{"rendered":"<div data-elementor-type=\"wp-page\" data-elementor-id=\"2233\" class=\"elementor elementor-2233\" data-elementor-post-type=\"page\">\n\t\t\t\t<div class=\"elementor-element elementor-element-2c32908 e-flex e-con-boxed e-con e-parent\" data-id=\"2c32908\" data-element_type=\"container\" data-e-type=\"container\" data-settings=\"{&quot;background_background&quot;:&quot;classic&quot;}\">\n\t\t\t\t\t<div class=\"e-con-inner\">\n\t\t<div class=\"elementor-element elementor-element-4c3e6e5 e-con-full e-flex elementor-invisible e-con e-child\" data-id=\"4c3e6e5\" data-element_type=\"container\" data-e-type=\"container\" data-settings=\"{&quot;animation&quot;:&quot;fadeIn&quot;}\">\n\t\t\t\t<div class=\"elementor-element elementor-element-cfd5175 animated-slow elementor-invisible elementor-widget elementor-widget-heading\" data-id=\"cfd5175\" data-element_type=\"widget\" data-e-type=\"widget\" data-settings=\"{&quot;_animation&quot;:&quot;fadeIn&quot;}\" data-widget_type=\"heading.default\">\n\t\t\t\t<div class=\"elementor-widget-container\">\n\t\t\t\t\t<h1 class=\"elementor-heading-title elementor-size-default\">CEM LAVA Bodenbelag<\/h1>\t\t\t\t<\/div>\n\t\t\t\t<\/div>\n\t\t<div class=\"elementor-element elementor-element-3f25ad7 e-con-full e-flex e-con e-child\" data-id=\"3f25ad7\" data-element_type=\"container\" data-e-type=\"container\">\n\t\t\t\t<div class=\"elementor-element elementor-element-2f44efb animated-slow elementor-invisible elementor-widget elementor-widget-button\" data-id=\"2f44efb\" data-element_type=\"widget\" data-e-type=\"widget\" data-settings=\"{&quot;_animation&quot;:&quot;fadeIn&quot;}\" data-widget_type=\"button.default\">\n\t\t\t\t<div class=\"elementor-widget-container\">\n\t\t\t\t\t\t\t\t\t<div class=\"elementor-button-wrapper\">\n\t\t\t\t\t<a class=\"elementor-button elementor-button-link elementor-size-sm\" href=\"\/de\/ein-angebot-anfordern\/\">\n\t\t\t\t\t\t<span class=\"elementor-button-content-wrapper\">\n\t\t\t\t\t\t\t\t\t<span class=\"elementor-button-text\">Angebot anfordern<\/span>\n\t\t\t\t\t<\/span>\n\t\t\t\t\t<\/a>\n\t\t\t\t<\/div>\n\t\t\t\t\t\t\t\t<\/div>\n\t\t\t\t<\/div>\n\t\t\t\t<div class=\"elementor-element elementor-element-0b57103 bounce-text elementor-widget elementor-widget-text-editor\" data-id=\"0b57103\" data-element_type=\"widget\" data-e-type=\"widget\" data-widget_type=\"text-editor.default\">\n\t\t\t\t<div class=\"elementor-widget-container\">\n\t\t\t\t\t\t\t\t\t<span class=\"vaste-buttontekst\"><\/span>\t\t\t\t\t\t\t\t<\/div>\n\t\t\t\t<\/div>\n\t\t\t\t<\/div>\n\t\t\t\t<\/div>\n\t\t\t\t\t<\/div>\n\t\t\t\t<\/div>\n\t\t<div class=\"elementor-element elementor-element-4d3914e e-flex e-con-boxed e-con e-parent\" data-id=\"4d3914e\" data-element_type=\"container\" data-e-type=\"container\">\n\t\t\t\t\t<div class=\"e-con-inner\">\n\t\t\t\t\t<\/div>\n\t\t\t\t<\/div>\n\t\t<div class=\"elementor-element elementor-element-f0bf9b7 e-flex e-con-boxed e-con e-parent\" data-id=\"f0bf9b7\" data-element_type=\"container\" data-e-type=\"container\" data-settings=\"{&quot;background_background&quot;:&quot;classic&quot;}\">\n\t\t\t\t\t<div class=\"e-con-inner\">\n\t\t<div class=\"elementor-element elementor-element-0e57323 e-con-full elementor-hidden-tablet e-flex elementor-invisible e-con e-child\" data-id=\"0e57323\" data-element_type=\"container\" data-e-type=\"container\" data-settings=\"{&quot;animation&quot;:&quot;fadeInUp&quot;}\">\n\t\t\t\t<div class=\"elementor-element elementor-element-4e5a556 schaduw elementor-widget elementor-widget-image\" data-id=\"4e5a556\" data-element_type=\"widget\" data-e-type=\"widget\" data-widget_type=\"image.default\">\n\t\t\t\t<div class=\"elementor-widget-container\">\n\t\t\t\t\t\t\t\t\t\t\t\t\t\t\t<img fetchpriority=\"high\" decoding=\"async\" width=\"500\" height=\"500\" src=\"https:\/\/malemacoatings.nl\/wp-content\/uploads\/2026\/02\/CEM-LAVA-vloeren.png\" class=\"attachment-full size-full wp-image-2242\" alt=\"CEM LAVA Bodenbelag\" srcset=\"https:\/\/malemacoatings.nl\/wp-content\/uploads\/2026\/02\/CEM-LAVA-vloeren.png 500w, https:\/\/malemacoatings.nl\/wp-content\/uploads\/2026\/02\/CEM-LAVA-vloeren-300x300.png 300w, https:\/\/malemacoatings.nl\/wp-content\/uploads\/2026\/02\/CEM-LAVA-vloeren-150x150.png 150w, https:\/\/malemacoatings.nl\/wp-content\/uploads\/2026\/02\/CEM-LAVA-vloeren-12x12.png 12w\" sizes=\"(max-width: 500px) 100vw, 500px\" \/>\t\t\t\t\t\t\t\t\t\t\t\t\t\t\t<\/div>\n\t\t\t\t<\/div>\n\t\t\t\t<\/div>\n\t\t<div class=\"elementor-element elementor-element-b90f6df e-con-full e-flex elementor-invisible e-con e-child\" data-id=\"b90f6df\" data-element_type=\"container\" data-e-type=\"container\" data-settings=\"{&quot;animation&quot;:&quot;fadeInUp&quot;}\">\n\t\t\t\t<div class=\"elementor-element elementor-element-a59a42a elementor-widget__width-initial elementor-widget-mobile__width-inherit elementor-widget elementor-widget-heading\" data-id=\"a59a42a\" data-element_type=\"widget\" data-e-type=\"widget\" data-widget_type=\"heading.default\">\n\t\t\t\t<div class=\"elementor-widget-container\">\n\t\t\t\t\t<h2 class=\"elementor-heading-title elementor-size-default\">Was sind CEM LAVA-B\u00f6den?<\/h2>\t\t\t\t<\/div>\n\t\t\t\t<\/div>\n\t\t\t\t<div class=\"elementor-element elementor-element-a7560f7 elementor-widget elementor-widget-text-editor\" data-id=\"a7560f7\" data-element_type=\"widget\" data-e-type=\"widget\" data-widget_type=\"text-editor.default\">\n\t\t\t\t<div class=\"elementor-widget-container\">\n\t\t\t\t\t\t\t\t\t<p>CEM LAVA-B\u00f6den sind hochwertige, fugenlose Designb\u00f6den aus feinem Mineralgranulat, das mit einem Zweikomponenten-Epoxidharz gebunden ist. Diese Technik ist vergleichbar mit der von <a href=\"\/de\/bodenbeschichtung\/epoxidharzboden\/\"><span style=\"text-decoration: underline;\">Epoxid-Bodenbelag<\/span><\/a>, CEM LAVA ist der gleiche Boden wie CEM LAVA, zeichnet sich aber durch die Zugabe von Mineralstrukturen aus, die zu einem felsenfesten Boden mit ausgezeichneter Kratzfestigkeit und langer Lebensdauer f\u00fchren. Die CEM LAVA-B\u00f6den zeichnen sich durch ihre subtilen Farbvariationen aus, die jedem Boden ein einzigartiges und stilvolles Aussehen verleihen. Neben ihrem \u00e4sthetischen Charakter sind diese B\u00f6den besonders funktional: Sie sind verschlei\u00dffest, wasserdicht und pflegeleicht. Dank ihrer guten W\u00e4rmeleitf\u00e4higkeit eignen sich CEM LAVA-B\u00f6den auch sehr gut f\u00fcr den Einsatz in Kombination mit einer Fu\u00dfbodenheizung.<\/p>\t\t\t\t\t\t\t\t<\/div>\n\t\t\t\t<\/div>\n\t\t<div class=\"elementor-element elementor-element-fec805f e-con-full e-flex e-con e-child\" data-id=\"fec805f\" data-element_type=\"container\" data-e-type=\"container\">\n\t\t\t\t<div class=\"elementor-element elementor-element-4f73de2 elementor-widget elementor-widget-button\" data-id=\"4f73de2\" data-element_type=\"widget\" data-e-type=\"widget\" data-widget_type=\"button.default\">\n\t\t\t\t<div class=\"elementor-widget-container\">\n\t\t\t\t\t\t\t\t\t<div class=\"elementor-button-wrapper\">\n\t\t\t\t\t<a class=\"elementor-button elementor-button-link elementor-size-sm\" href=\"\/de\/ein-angebot-anfordern\/\">\n\t\t\t\t\t\t<span class=\"elementor-button-content-wrapper\">\n\t\t\t\t\t\t\t\t\t<span class=\"elementor-button-text\">Angebot anfordern<\/span>\n\t\t\t\t\t<\/span>\n\t\t\t\t\t<\/a>\n\t\t\t\t<\/div>\n\t\t\t\t\t\t\t\t<\/div>\n\t\t\t\t<\/div>\n\t\t\t\t<div class=\"elementor-element elementor-element-3cc98f1 bounce-text elementor-widget elementor-widget-text-editor\" data-id=\"3cc98f1\" data-element_type=\"widget\" data-e-type=\"widget\" data-widget_type=\"text-editor.default\">\n\t\t\t\t<div class=\"elementor-widget-container\">\n\t\t\t\t\t\t\t\t\t<span class=\"vaste-buttontekst\"><\/span>\t\t\t\t\t\t\t\t<\/div>\n\t\t\t\t<\/div>\n\t\t\t\t<\/div>\n\t\t\t\t<\/div>\n\t\t\t\t\t<\/div>\n\t\t\t\t<\/div>\n\t\t<div class=\"elementor-element elementor-element-968c85a e-flex e-con-boxed e-con e-parent\" data-id=\"968c85a\" data-element_type=\"container\" data-e-type=\"container\" data-settings=\"{&quot;background_background&quot;:&quot;classic&quot;}\">\n\t\t\t\t\t<div class=\"e-con-inner\">\n\t\t<div class=\"elementor-element elementor-element-45fd895 e-con-full e-flex elementor-invisible e-con e-child\" data-id=\"45fd895\" data-element_type=\"container\" data-e-type=\"container\" data-settings=\"{&quot;animation&quot;:&quot;fadeInUp&quot;}\">\n\t\t\t\t<div class=\"elementor-element elementor-element-33bd11c elementor-widget__width-initial elementor-widget-mobile__width-inherit elementor-widget elementor-widget-heading\" data-id=\"33bd11c\" data-element_type=\"widget\" data-e-type=\"widget\" data-widget_type=\"heading.default\">\n\t\t\t\t<div class=\"elementor-widget-container\">\n\t\t\t\t\t<h2 class=\"elementor-heading-title elementor-size-default\">Anwendungen von CEM LAVA-B\u00f6den<\/h2>\t\t\t\t<\/div>\n\t\t\t\t<\/div>\n\t\t\t\t<div class=\"elementor-element elementor-element-4156b46 elementor-widget elementor-widget-text-editor\" data-id=\"4156b46\" data-element_type=\"widget\" data-e-type=\"widget\" data-widget_type=\"text-editor.default\">\n\t\t\t\t<div class=\"elementor-widget-container\">\n\t\t\t\t\t\t\t\t\t<p>CEM LAVA-B\u00f6den sind vielseitig und eignen sich f\u00fcr eine Vielzahl von Anwendungen, bei denen sowohl das Aussehen als auch die Leistung wichtig sind. Im Wohnbereich werden sie h\u00e4ufig in Wohnzimmern, B\u00e4dern und K\u00fcchen verwendet, da sie fugenlos und wasserfest sind. Innenbereich <a href=\"\/de\/anwendungen\/industrie\/buro\/\"><span style=\"text-decoration: underline;\">B\u00fcros<\/span><\/a> und <a href=\"\/de\/anwendungen\/industrie\/\"><span style=\"text-decoration: underline;\">Gewerbefl\u00e4chen<\/span><\/a> CEM LAVA-B\u00f6den bieten ein modernes, professionelles Aussehen mit hoher Belastbarkeit. Auch im <a href=\"\/de\/anwendungen\/verpflegung\/\"><span style=\"text-decoration: underline;\">Verpflegung<\/span><\/a> Diese B\u00f6den sind dank ihrer Fleckenbest\u00e4ndigkeit, Abriebfestigkeit und leichten Reinigung sehr beliebt. Durch die Kombination von \u00c4sthetik und technischer Leistung ist CEM LAVA eine hervorragende Bodenl\u00f6sung f\u00fcr stark beanspruchte Bereiche.<\/p>\t\t\t\t\t\t\t\t<\/div>\n\t\t\t\t<\/div>\n\t\t\t\t<div class=\"elementor-element elementor-element-b54d5b8 elementor-widget elementor-widget-button\" data-id=\"b54d5b8\" data-element_type=\"widget\" data-e-type=\"widget\" data-widget_type=\"button.default\">\n\t\t\t\t<div class=\"elementor-widget-container\">\n\t\t\t\t\t\t\t\t\t<div class=\"elementor-button-wrapper\">\n\t\t\t\t\t<a class=\"elementor-button elementor-button-link elementor-size-sm\" href=\"\/de\/anwendungen\/\">\n\t\t\t\t\t\t<span class=\"elementor-button-content-wrapper\">\n\t\t\t\t\t\t\t\t\t<span class=\"elementor-button-text\">Alle Anwendungen anzeigen<\/span>\n\t\t\t\t\t<\/span>\n\t\t\t\t\t<\/a>\n\t\t\t\t<\/div>\n\t\t\t\t\t\t\t\t<\/div>\n\t\t\t\t<\/div>\n\t\t\t\t<\/div>\n\t\t<div class=\"elementor-element elementor-element-dd0c5e5 e-con-full e-flex elementor-invisible e-con e-child\" data-id=\"dd0c5e5\" data-element_type=\"container\" data-e-type=\"container\" data-settings=\"{&quot;background_background&quot;:&quot;classic&quot;,&quot;animation&quot;:&quot;fadeInUp&quot;}\">\n\t\t\t\t<div class=\"elementor-element elementor-element-5458c47 elementor-widget__width-initial elementor-widget-mobile__width-inherit elementor-widget elementor-widget-heading\" data-id=\"5458c47\" data-element_type=\"widget\" data-e-type=\"widget\" data-widget_type=\"heading.default\">\n\t\t\t\t<div class=\"elementor-widget-container\">\n\t\t\t\t\t<h3 class=\"elementor-heading-title elementor-size-default\">Vorteile der CEM LAVA-B\u00f6den<\/h3>\t\t\t\t<\/div>\n\t\t\t\t<\/div>\n\t\t\t\t<div class=\"elementor-element elementor-element-386b5d6 elementor-widget elementor-widget-text-editor\" data-id=\"386b5d6\" data-element_type=\"widget\" data-e-type=\"widget\" data-widget_type=\"text-editor.default\">\n\t\t\t\t<div class=\"elementor-widget-container\">\n\t\t\t\t\t\t\t\t\t<p class=\"cvGsUA direction-ltr align-start para-style-body\"><span class=\"OYPEnA font-feature-liga-off font-feature-clig-off font-feature-calt-off text-decoration-none text-strikethrough-none\" style=\"color: #ffffff;\">\u2714 <\/span>\u00c4u\u00dferst strapazierf\u00e4hig<\/p><p><span class=\"OYPEnA font-feature-liga-off font-feature-clig-off font-feature-calt-off text-decoration-none text-strikethrough-none\" style=\"color: #ffffff;\">\u2714 <\/span>Lange Lebensdauer<\/p><p><span class=\"OYPEnA font-feature-liga-off font-feature-clig-off font-feature-calt-off text-decoration-none text-strikethrough-none\" style=\"color: #ffffff;\">\u2714 <\/span>Perfekt f\u00fcr Fu\u00dfbodenheizungen<\/p><p><span class=\"OYPEnA font-feature-liga-off font-feature-clig-off font-feature-calt-off text-decoration-none text-strikethrough-none\" style=\"color: #ffffff;\">\u2714 <\/span><span class=\"OYPEnA font-feature-liga-off font-feature-clig-off font-feature-calt-off text-decoration-none text-strikethrough-none\">Gute UV-Best\u00e4ndigkeit<\/span><\/p><p><span class=\"OYPEnA font-feature-liga-off font-feature-clig-off font-feature-calt-off text-decoration-none text-strikethrough-none\" style=\"color: #ffffff;\">\u2714 <\/span>Leicht zu reinigen<\/p><p><span class=\"OYPEnA font-feature-liga-off font-feature-clig-off font-feature-calt-off text-decoration-none text-strikethrough-none\" style=\"color: #ffffff;\">\u2714 <\/span>Anti-Rutsch m\u00f6glich<\/p>\t\t\t\t\t\t\t\t<\/div>\n\t\t\t\t<\/div>\n\t\t\t\t<\/div>\n\t\t\t\t\t<\/div>\n\t\t\t\t<\/div>\n\t\t<div class=\"elementor-element elementor-element-7d5de7d e-flex e-con-boxed e-con e-parent\" data-id=\"7d5de7d\" data-element_type=\"container\" data-e-type=\"container\" data-settings=\"{&quot;background_background&quot;:&quot;classic&quot;}\">\n\t\t\t\t\t<div class=\"e-con-inner\">\n\t\t<div class=\"elementor-element elementor-element-cc7de03 e-con-full e-flex elementor-invisible e-con e-child\" data-id=\"cc7de03\" data-element_type=\"container\" data-e-type=\"container\" data-settings=\"{&quot;animation&quot;:&quot;fadeInUp&quot;}\">\n\t\t\t\t<div class=\"elementor-element elementor-element-8d0fae7 elementor-widget__width-inherit elementor-widget-mobile__width-inherit elementor-widget elementor-widget-heading\" data-id=\"8d0fae7\" data-element_type=\"widget\" data-e-type=\"widget\" data-widget_type=\"heading.default\">\n\t\t\t\t<div class=\"elementor-widget-container\">\n\t\t\t\t\t<h2 class=\"elementor-heading-title elementor-size-default\">Ein nat\u00fcrlicher und robuster Bodenbelag<\/h2>\t\t\t\t<\/div>\n\t\t\t\t<\/div>\n\t\t\t\t<div class=\"elementor-element elementor-element-32f902e elementor-widget elementor-widget-text-editor\" data-id=\"32f902e\" data-element_type=\"widget\" data-e-type=\"widget\" data-widget_type=\"text-editor.default\">\n\t\t\t\t<div class=\"elementor-widget-container\">\n\t\t\t\t\t\t\t\t\t<p>F\u00fcr ein einzigartiges und industrielles Aussehen in Ihrem Ausstellungsraum oder B\u00fcro ist Cem Lava eine ausgezeichnete Option, die Design mit Haltbarkeit verbindet. Diese mineralische Oberfl\u00e4che verleiht Ihrem Interieur einen unverwechselbaren Look. F\u00fcr einen Boden, der innerhalb eines Tages verlegt und getrocknet werden muss, ist es besser, einen\u00a0<a href=\"https:\/\/malemacoatings.nl\/de\/bodenbeschichtung\/pmma-etage\/\">praktische pmma-Etage<\/a>. Beide Systeme werden von unseren Fachleuten mit \u00e4u\u00dferster Pr\u00e4zision angewendet, um ein optimales Endergebnis zu erzielen.<\/p><p>\u00a0<\/p><p>Neben seinem attraktiven Aussehen ist diese Art von Boden sehr verschlei\u00dffest und im t\u00e4glichen Gebrauch leicht zu pflegen. Wenn Sie jedoch eine L\u00f6sung f\u00fcr Ihre Werkstatt oder Ihr Lager suchen, die speziell gegen starke Chemikalien best\u00e4ndig ist, k\u00f6nnen Sie auch einen\u00a0<a href=\"https:\/\/malemacoatings.nl\/de\/bodenbeschichtung\/epoxidharzboden\/\">schlagfester Epoxidharzboden<\/a>\u00a0mit uns. Auf diese Weise erh\u00e4lt jeder Raum in Ihrem Geb\u00e4ude die Bodenl\u00f6sung, die technisch und optisch am besten zu Ihren Bed\u00fcrfnissen passt.<\/p>\t\t\t\t\t\t\t\t<\/div>\n\t\t\t\t<\/div>\n\t\t\t\t<div class=\"elementor-element elementor-element-5f8f0c0 elementor-widget__width-inherit elementor-widget-mobile__width-inherit elementor-widget elementor-widget-heading\" data-id=\"5f8f0c0\" data-element_type=\"widget\" data-e-type=\"widget\" data-widget_type=\"heading.default\">\n\t\t\t\t<div class=\"elementor-widget-container\">\n\t\t\t\t\t<h2 class=\"elementor-heading-title elementor-size-default\">Lassen Sie CEM LAVA-B\u00f6den von Malema Coatings verlegen<\/h2>\t\t\t\t<\/div>\n\t\t\t\t<\/div>\n\t\t\t\t<div class=\"elementor-element elementor-element-921f884 elementor-widget elementor-widget-text-editor\" data-id=\"921f884\" data-element_type=\"widget\" data-e-type=\"widget\" data-widget_type=\"text-editor.default\">\n\t\t\t\t<div class=\"elementor-widget-container\">\n\t\t\t\t\t\t\t\t\t<p>M\u00f6chten Sie einen CEM LAVA-Boden verlegen lassen? Malema Coatings liefert und verlegt ma\u00dfgeschneiderte CEM LAVA-B\u00f6den, die auf Ihren Raum und Ihren Verwendungszweck zugeschnitten sind. Wir beginnen immer mit einer pers\u00f6nlichen Beratung und beurteilen den Untergrund und die Bedingungen vor Ort, um eine dauerhafte und hochwertige Ausf\u00fchrung zu gew\u00e4hrleisten. Ob zu Hause, im B\u00fcro oder im Gastgewerbe, wir bieten Ihnen eine fachm\u00e4nnische Verlegung mit einem Auge f\u00fcr Details, Qualit\u00e4t und Ausf\u00fchrung. Bitte kontaktieren Sie uns f\u00fcr eine unverbindliche Beratung oder fordern Sie ein Angebot an.<\/p>\t\t\t\t\t\t\t\t<\/div>\n\t\t\t\t<\/div>\n\t\t<div class=\"elementor-element elementor-element-6253c1c e-con-full e-flex e-con e-child\" data-id=\"6253c1c\" data-element_type=\"container\" data-e-type=\"container\">\n\t\t\t\t<div class=\"elementor-element elementor-element-10c14b8 elementor-widget elementor-widget-button\" data-id=\"10c14b8\" data-element_type=\"widget\" data-e-type=\"widget\" data-widget_type=\"button.default\">\n\t\t\t\t<div class=\"elementor-widget-container\">\n\t\t\t\t\t\t\t\t\t<div class=\"elementor-button-wrapper\">\n\t\t\t\t\t<a class=\"elementor-button elementor-button-link elementor-size-sm\" href=\"\/de\/ein-angebot-anfordern\/\">\n\t\t\t\t\t\t<span class=\"elementor-button-content-wrapper\">\n\t\t\t\t\t\t\t\t\t<span class=\"elementor-button-text\">Angebot anfordern<\/span>\n\t\t\t\t\t<\/span>\n\t\t\t\t\t<\/a>\n\t\t\t\t<\/div>\n\t\t\t\t\t\t\t\t<\/div>\n\t\t\t\t<\/div>\n\t\t\t\t<div class=\"elementor-element elementor-element-ecaa793 bounce-text elementor-widget elementor-widget-text-editor\" data-id=\"ecaa793\" data-element_type=\"widget\" data-e-type=\"widget\" data-widget_type=\"text-editor.default\">\n\t\t\t\t<div class=\"elementor-widget-container\">\n\t\t\t\t\t\t\t\t\t<span class=\"vaste-buttontekst\"><\/span>\t\t\t\t\t\t\t\t<\/div>\n\t\t\t\t<\/div>\n\t\t\t\t<\/div>\n\t\t\t\t<\/div>\n\t\t\t\t\t<\/div>\n\t\t\t\t<\/div>\n\t\t\t\t<\/div>","protected":false},"excerpt":{"rendered":"<p>CEM LAVA vloeren Offerte aanvragen Wat zijn CEM LAVA vloeren? CEM LAVA vloeren zijn hoogwaardige, naadloze designvloeren die bestaan uit fijne minerale korrels, gebonden met een tweecomponenten epoxyhars. Deze techniek is verwant aan die van epoxyvloeren, maar onderscheidt zich door de toevoeging van minerale structuren, wat resulteert in een oersterke vloer met een uitstekende krasbestendigheid [&hellip;]<\/p>\n","protected":false},"author":1,"featured_media":0,"parent":421,"menu_order":0,"comment_status":"closed","ping_status":"closed","template":"","meta":{"footnotes":""},"class_list":["post-2233","page","type-page","status-publish","hentry"],"_links":{"self":[{"href":"https:\/\/malemacoatings.nl\/de\/wp-json\/wp\/v2\/pages\/2233","targetHints":{"allow":["GET"]}}],"collection":[{"href":"https:\/\/malemacoatings.nl\/de\/wp-json\/wp\/v2\/pages"}],"about":[{"href":"https:\/\/malemacoatings.nl\/de\/wp-json\/wp\/v2\/types\/page"}],"author":[{"embeddable":true,"href":"https:\/\/malemacoatings.nl\/de\/wp-json\/wp\/v2\/users\/1"}],"replies":[{"embeddable":true,"href":"https:\/\/malemacoatings.nl\/de\/wp-json\/wp\/v2\/comments?post=2233"}],"version-history":[{"count":0,"href":"https:\/\/malemacoatings.nl\/de\/wp-json\/wp\/v2\/pages\/2233\/revisions"}],"up":[{"embeddable":true,"href":"https:\/\/malemacoatings.nl\/de\/wp-json\/wp\/v2\/pages\/421"}],"wp:attachment":[{"href":"https:\/\/malemacoatings.nl\/de\/wp-json\/wp\/v2\/media?parent=2233"}],"curies":[{"name":"wp","href":"https:\/\/api.w.org\/{rel}","templated":true}]}}