{"id":166,"date":"2025-02-16T13:54:21","date_gmt":"2025-02-16T13:54:21","guid":{"rendered":"https:\/\/malemacoatings.nl\/?page_id=166"},"modified":"2026-01-15T14:42:02","modified_gmt":"2026-01-15T14:42:02","slug":"uber-uns","status":"publish","type":"page","link":"https:\/\/malemacoatings.nl\/de\/over-ons\/","title":{"rendered":"\u00dcber uns"},"content":{"rendered":"<div data-elementor-type=\"wp-page\" data-elementor-id=\"166\" class=\"elementor elementor-166\" data-elementor-post-type=\"page\">\n\t\t\t\t<div class=\"elementor-element elementor-element-0383c50 e-flex e-con-boxed e-con e-parent\" data-id=\"0383c50\" data-element_type=\"container\" data-e-type=\"container\" data-settings=\"{&quot;background_background&quot;:&quot;classic&quot;}\">\n\t\t\t\t\t<div class=\"e-con-inner\">\n\t\t<div class=\"elementor-element elementor-element-7abea53 e-con-full e-flex elementor-invisible e-con e-child\" data-id=\"7abea53\" data-element_type=\"container\" data-e-type=\"container\" data-settings=\"{&quot;animation&quot;:&quot;fadeIn&quot;}\">\n\t\t\t\t<div class=\"elementor-element elementor-element-d47e895 animated-slow elementor-invisible elementor-widget elementor-widget-heading\" data-id=\"d47e895\" data-element_type=\"widget\" data-e-type=\"widget\" data-settings=\"{&quot;_animation&quot;:&quot;fadeIn&quot;}\" data-widget_type=\"heading.default\">\n\t\t\t\t<div class=\"elementor-widget-container\">\n\t\t\t\t\t<h1 class=\"elementor-heading-title elementor-size-default\">\u00dcber uns<\/h1>\t\t\t\t<\/div>\n\t\t\t\t<\/div>\n\t\t<div class=\"elementor-element elementor-element-e20d849 e-con-full e-flex e-con e-child\" data-id=\"e20d849\" data-element_type=\"container\" data-e-type=\"container\">\n\t\t\t\t<div class=\"elementor-element elementor-element-7f72fc9 animated-slow elementor-invisible elementor-widget elementor-widget-button\" data-id=\"7f72fc9\" data-element_type=\"widget\" data-e-type=\"widget\" data-settings=\"{&quot;_animation&quot;:&quot;fadeIn&quot;}\" data-widget_type=\"button.default\">\n\t\t\t\t<div class=\"elementor-widget-container\">\n\t\t\t\t\t\t\t\t\t<div class=\"elementor-button-wrapper\">\n\t\t\t\t\t<a class=\"elementor-button elementor-button-link elementor-size-sm\" href=\"\/de\/ein-angebot-anfordern\/\">\n\t\t\t\t\t\t<span class=\"elementor-button-content-wrapper\">\n\t\t\t\t\t\t\t\t\t<span class=\"elementor-button-text\">Angebot anfordern<\/span>\n\t\t\t\t\t<\/span>\n\t\t\t\t\t<\/a>\n\t\t\t\t<\/div>\n\t\t\t\t\t\t\t\t<\/div>\n\t\t\t\t<\/div>\n\t\t\t\t<div class=\"elementor-element elementor-element-805c163 bounce-text elementor-widget elementor-widget-text-editor\" data-id=\"805c163\" data-element_type=\"widget\" data-e-type=\"widget\" data-widget_type=\"text-editor.default\">\n\t\t\t\t<div class=\"elementor-widget-container\">\n\t\t\t\t\t\t\t\t\t<span class=\"vaste-buttontekst\"><\/span>\t\t\t\t\t\t\t\t<\/div>\n\t\t\t\t<\/div>\n\t\t\t\t<\/div>\n\t\t\t\t<\/div>\n\t\t\t\t\t<\/div>\n\t\t\t\t<\/div>\n\t\t<div class=\"elementor-element elementor-element-3ac2ed3 e-flex e-con-boxed e-con e-parent\" data-id=\"3ac2ed3\" data-element_type=\"container\" data-e-type=\"container\">\n\t\t\t\t\t<div class=\"e-con-inner\">\n\t\t\t\t\t<\/div>\n\t\t\t\t<\/div>\n\t\t<div class=\"elementor-element elementor-element-fb14ade e-flex e-con-boxed e-con e-parent\" data-id=\"fb14ade\" data-element_type=\"container\" data-e-type=\"container\" data-settings=\"{&quot;background_background&quot;:&quot;classic&quot;}\">\n\t\t\t\t\t<div class=\"e-con-inner\">\n\t\t<div class=\"elementor-element elementor-element-435327f e-con-full elementor-hidden-tablet e-flex elementor-invisible e-con e-child\" data-id=\"435327f\" data-element_type=\"container\" data-e-type=\"container\" data-settings=\"{&quot;animation&quot;:&quot;fadeInUp&quot;}\">\n\t\t\t\t<div class=\"elementor-element elementor-element-2cd6105 schaduw elementor-widget elementor-widget-image\" data-id=\"2cd6105\" data-element_type=\"widget\" data-e-type=\"widget\" data-widget_type=\"image.default\">\n\t\t\t\t<div class=\"elementor-widget-container\">\n\t\t\t\t\t\t\t\t\t\t\t\t\t\t\t<img fetchpriority=\"high\" decoding=\"async\" width=\"800\" height=\"533\" src=\"https:\/\/malemacoatings.nl\/wp-content\/uploads\/2025\/10\/WhatsApp-Image-2025-10-15-at-15.45.46-Bewerkt-1024x682.jpg\" class=\"attachment-large size-large wp-image-1852\" alt=\"Mannschaft Malema Coatings\" srcset=\"https:\/\/malemacoatings.nl\/wp-content\/uploads\/2025\/10\/WhatsApp-Image-2025-10-15-at-15.45.46-Bewerkt-1024x682.jpg 1024w, https:\/\/malemacoatings.nl\/wp-content\/uploads\/2025\/10\/WhatsApp-Image-2025-10-15-at-15.45.46-Bewerkt-300x200.jpg 300w, https:\/\/malemacoatings.nl\/wp-content\/uploads\/2025\/10\/WhatsApp-Image-2025-10-15-at-15.45.46-Bewerkt-768x512.jpg 768w, https:\/\/malemacoatings.nl\/wp-content\/uploads\/2025\/10\/WhatsApp-Image-2025-10-15-at-15.45.46-Bewerkt-1536x1023.jpg 1536w, https:\/\/malemacoatings.nl\/wp-content\/uploads\/2025\/10\/WhatsApp-Image-2025-10-15-at-15.45.46-Bewerkt-18x12.jpg 18w, https:\/\/malemacoatings.nl\/wp-content\/uploads\/2025\/10\/WhatsApp-Image-2025-10-15-at-15.45.46-Bewerkt.jpg 1600w\" sizes=\"(max-width: 800px) 100vw, 800px\" \/>\t\t\t\t\t\t\t\t\t\t\t\t\t\t\t<\/div>\n\t\t\t\t<\/div>\n\t\t\t\t<\/div>\n\t\t<div class=\"elementor-element elementor-element-6992826 e-con-full e-flex elementor-invisible e-con e-child\" data-id=\"6992826\" data-element_type=\"container\" data-e-type=\"container\" data-settings=\"{&quot;animation&quot;:&quot;fadeInUp&quot;}\">\n\t\t\t\t<div class=\"elementor-element elementor-element-d06e142 elementor-widget__width-initial elementor-widget-mobile__width-inherit elementor-widget elementor-widget-heading\" data-id=\"d06e142\" data-element_type=\"widget\" data-e-type=\"widget\" data-widget_type=\"heading.default\">\n\t\t\t\t<div class=\"elementor-widget-container\">\n\t\t\t\t\t<h2 class=\"elementor-heading-title elementor-size-default\">Unsere Grundwerte<\/h2>\t\t\t\t<\/div>\n\t\t\t\t<\/div>\n\t\t\t\t<div class=\"elementor-element elementor-element-a54cc9f elementor-widget elementor-widget-text-editor\" data-id=\"a54cc9f\" data-element_type=\"widget\" data-e-type=\"widget\" data-widget_type=\"text-editor.default\">\n\t\t\t\t<div class=\"elementor-widget-container\">\n\t\t\t\t\t\t\t\t\t<p class=\"cvGsUA direction-ltr align-start para-style-body\">Unsere zentralen Werte sind Qualit\u00e4t, Innovation und Kundenorientierung. Wir verwenden nur die besten Materialien und arbeiten nach den h\u00f6chsten Qualit\u00e4tsstandards. Mit einem Schwerpunkt auf Nachhaltigkeit und Umwelt \u00fcbernehmen wir auch Verantwortung bei der Auswahl umweltfreundlicher Produkte und Arbeitsmethoden. So tragen wir nicht nur zum Schutz Ihres Eigentums bei, sondern auch zu einer besseren Zukunft.<\/p>\t\t\t\t\t\t\t\t<\/div>\n\t\t\t\t<\/div>\n\t\t\t\t<div class=\"elementor-element elementor-element-d468ebe elementor-widget elementor-widget-button\" data-id=\"d468ebe\" data-element_type=\"widget\" data-e-type=\"widget\" data-widget_type=\"button.default\">\n\t\t\t\t<div class=\"elementor-widget-container\">\n\t\t\t\t\t\t\t\t\t<div class=\"elementor-button-wrapper\">\n\t\t\t\t\t<a class=\"elementor-button elementor-button-link elementor-size-sm\" href=\"\/de\/ein-angebot-anfordern\/\">\n\t\t\t\t\t\t<span class=\"elementor-button-content-wrapper\">\n\t\t\t\t\t\t\t\t\t<span class=\"elementor-button-text\">Angebot anfordern<\/span>\n\t\t\t\t\t<\/span>\n\t\t\t\t\t<\/a>\n\t\t\t\t<\/div>\n\t\t\t\t\t\t\t\t<\/div>\n\t\t\t\t<\/div>\n\t\t\t\t<\/div>\n\t\t\t\t\t<\/div>\n\t\t\t\t<\/div>\n\t\t<div class=\"elementor-element elementor-element-823c226 e-flex e-con-boxed e-con e-parent\" data-id=\"823c226\" data-element_type=\"container\" data-e-type=\"container\" data-settings=\"{&quot;background_background&quot;:&quot;classic&quot;}\">\n\t\t\t\t\t<div class=\"e-con-inner\">\n\t\t<div class=\"elementor-element elementor-element-dc66bea e-con-full e-flex elementor-invisible e-con e-child\" data-id=\"dc66bea\" data-element_type=\"container\" data-e-type=\"container\" data-settings=\"{&quot;animation&quot;:&quot;fadeInUp&quot;}\">\n\t\t\t\t<div class=\"elementor-element elementor-element-83033fa elementor-widget__width-initial elementor-widget-mobile__width-inherit elementor-widget elementor-widget-heading\" data-id=\"83033fa\" data-element_type=\"widget\" data-e-type=\"widget\" data-widget_type=\"heading.default\">\n\t\t\t\t<div class=\"elementor-widget-container\">\n\t\t\t\t\t<h2 class=\"elementor-heading-title elementor-size-default\">Perfektion in jeder Schicht<\/h2>\t\t\t\t<\/div>\n\t\t\t\t<\/div>\n\t\t\t\t<div class=\"elementor-element elementor-element-79f0b8e elementor-widget elementor-widget-text-editor\" data-id=\"79f0b8e\" data-element_type=\"widget\" data-e-type=\"widget\" data-widget_type=\"text-editor.default\">\n\t\t\t\t<div class=\"elementor-widget-container\">\n\t\t\t\t\t\t\t\t\t<p>Der Spezialist f\u00fcr <a href=\"\/de\/bodenbeschichtung\/\"><span style=\"text-decoration: underline;\"><strong>hochwertige Beschichtungen<\/strong><\/span><\/a>\u00a0und\u00a0<strong>Finishing-L\u00f6sungen<\/strong>. Wir sind stolz auf unsere jahrelange Erfahrung und Kompetenz beim Schutz und der Versch\u00f6nerung verschiedenster Oberfl\u00e4chen. Unser Team besteht aus leidenschaftlichen Fachleuten, die handwerkliches K\u00f6nnen mit den neuesten Technologien und Trends in der Beschichtungsbranche kombinieren.<\/p><p>Bei Malema Coatings wissen wir, dass jedes Projekt einzigartig ist. Deshalb bieten wir ma\u00dfgeschneiderte L\u00f6sungen f\u00fcr die spezifischen Anforderungen unserer Kunden. Ob es sich um <a href=\"\/de\/anwendungen\/industrie\/\"><span style=\"text-decoration: underline;\">industrielle Anwendungen<\/span><\/a>Ob dekorative Veredelungen oder dauerhafte Schutzbeschichtungen, wir sorgen f\u00fcr ein \u00e4sthetisch und funktional herausragendes Ergebnis.<\/p>\t\t\t\t\t\t\t\t<\/div>\n\t\t\t\t<\/div>\n\t\t\t\t<\/div>\n\t\t<div class=\"elementor-element elementor-element-488fa75 e-con-full elementor-hidden-tablet e-flex elementor-invisible e-con e-child\" data-id=\"488fa75\" data-element_type=\"container\" data-e-type=\"container\" data-settings=\"{&quot;animation&quot;:&quot;fadeInUp&quot;}\">\n\t\t\t\t<div class=\"elementor-element elementor-element-163a88e schaduw elementor-widget elementor-widget-image\" data-id=\"163a88e\" data-element_type=\"widget\" data-e-type=\"widget\" data-widget_type=\"image.default\">\n\t\t\t\t<div class=\"elementor-widget-container\">\n\t\t\t\t\t\t\t\t\t\t\t\t\t\t\t<img decoding=\"async\" width=\"500\" height=\"500\" data-src=\"https:\/\/malemacoatings.nl\/wp-content\/uploads\/2025\/02\/Coating-vloeren-voor-automotive.png\" class=\"attachment-large size-large wp-image-122 lazyload\" alt=\"Bodenbeschichtung f\u00fcr Kraftfahrzeuge\" data-srcset=\"https:\/\/malemacoatings.nl\/wp-content\/uploads\/2025\/02\/Coating-vloeren-voor-automotive.png 500w, https:\/\/malemacoatings.nl\/wp-content\/uploads\/2025\/02\/Coating-vloeren-voor-automotive-300x300.png 300w, https:\/\/malemacoatings.nl\/wp-content\/uploads\/2025\/02\/Coating-vloeren-voor-automotive-150x150.png 150w\" data-sizes=\"(max-width: 500px) 100vw, 500px\" src=\"data:image\/svg+xml;base64,PHN2ZyB3aWR0aD0iMSIgaGVpZ2h0PSIxIiB4bWxucz0iaHR0cDovL3d3dy53My5vcmcvMjAwMC9zdmciPjwvc3ZnPg==\" style=\"--smush-placeholder-width: 500px; --smush-placeholder-aspect-ratio: 500\/500;\" \/>\t\t\t\t\t\t\t\t\t\t\t\t\t\t\t<\/div>\n\t\t\t\t<\/div>\n\t\t\t\t<\/div>\n\t\t\t\t\t<\/div>\n\t\t\t\t<\/div>\n\t\t<div class=\"elementor-element elementor-element-8a3aa57 e-flex e-con-boxed e-con e-parent\" data-id=\"8a3aa57\" data-element_type=\"container\" data-e-type=\"container\" data-settings=\"{&quot;background_background&quot;:&quot;classic&quot;}\">\n\t\t\t\t\t<div class=\"e-con-inner\">\n\t\t<div class=\"elementor-element elementor-element-1f1ed1e e-con-full elementor-hidden-tablet e-flex elementor-invisible e-con e-child\" data-id=\"1f1ed1e\" data-element_type=\"container\" data-e-type=\"container\" data-settings=\"{&quot;animation&quot;:&quot;fadeInUp&quot;}\">\n\t\t\t\t<div class=\"elementor-element elementor-element-81bb782 schaduw elementor-widget elementor-widget-image\" data-id=\"81bb782\" data-element_type=\"widget\" data-e-type=\"widget\" data-widget_type=\"image.default\">\n\t\t\t\t<div class=\"elementor-widget-container\">\n\t\t\t\t\t\t\t\t\t\t\t\t\t\t\t<img decoding=\"async\" width=\"500\" height=\"500\" data-src=\"https:\/\/malemacoatings.nl\/wp-content\/uploads\/2026\/01\/Troffelvloer-vernieuwe-expeditieruimte-Rembrandt-Toren.png\" class=\"attachment-large size-large wp-image-2140 lazyload\" alt=\"Spachtelboden erneuert Versandbereich Rembrandt Tower\" data-srcset=\"https:\/\/malemacoatings.nl\/wp-content\/uploads\/2026\/01\/Troffelvloer-vernieuwe-expeditieruimte-Rembrandt-Toren.png 500w, https:\/\/malemacoatings.nl\/wp-content\/uploads\/2026\/01\/Troffelvloer-vernieuwe-expeditieruimte-Rembrandt-Toren-300x300.png 300w, https:\/\/malemacoatings.nl\/wp-content\/uploads\/2026\/01\/Troffelvloer-vernieuwe-expeditieruimte-Rembrandt-Toren-150x150.png 150w, https:\/\/malemacoatings.nl\/wp-content\/uploads\/2026\/01\/Troffelvloer-vernieuwe-expeditieruimte-Rembrandt-Toren-12x12.png 12w\" data-sizes=\"(max-width: 500px) 100vw, 500px\" src=\"data:image\/svg+xml;base64,PHN2ZyB3aWR0aD0iMSIgaGVpZ2h0PSIxIiB4bWxucz0iaHR0cDovL3d3dy53My5vcmcvMjAwMC9zdmciPjwvc3ZnPg==\" style=\"--smush-placeholder-width: 500px; --smush-placeholder-aspect-ratio: 500\/500;\" \/>\t\t\t\t\t\t\t\t\t\t\t\t\t\t\t<\/div>\n\t\t\t\t<\/div>\n\t\t\t\t<\/div>\n\t\t<div class=\"elementor-element elementor-element-c2e5b6b e-con-full e-flex elementor-invisible e-con e-child\" data-id=\"c2e5b6b\" data-element_type=\"container\" data-e-type=\"container\" data-settings=\"{&quot;animation&quot;:&quot;fadeInUp&quot;}\">\n\t\t\t\t<div class=\"elementor-element elementor-element-71afcc6 elementor-widget__width-initial elementor-widget-mobile__width-inherit elementor-widget elementor-widget-heading\" data-id=\"71afcc6\" data-element_type=\"widget\" data-e-type=\"widget\" data-widget_type=\"heading.default\">\n\t\t\t\t<div class=\"elementor-widget-container\">\n\t\t\t\t\t<h2 class=\"elementor-heading-title elementor-size-default\">Sie sind zentral<\/h2>\t\t\t\t<\/div>\n\t\t\t\t<\/div>\n\t\t\t\t<div class=\"elementor-element elementor-element-f2b9f08 elementor-widget elementor-widget-text-editor\" data-id=\"f2b9f08\" data-element_type=\"widget\" data-e-type=\"widget\" data-widget_type=\"text-editor.default\">\n\t\t\t\t<div class=\"elementor-widget-container\">\n\t\t\t\t\t\t\t\t\tBei Malema Coatings steht der Kunde im Mittelpunkt. Wir denken gerne mit Ihnen mit, von der ersten Beratung bis zu den letzten Handgriffen. Unser Ziel ist es, Ihre Erwartungen zu \u00fcbertreffen und ein Ergebnis zu liefern, an dem Sie jahrelang Freude haben werden. Mit einer Leidenschaft f\u00fcr Perfektion und einem Auge f\u00fcrs Detail setzen wir uns daf\u00fcr ein, dass jeder Auftrag ein Erfolg wird.<br><br>Sie suchen einen zuverl\u00e4ssigen Partner f\u00fcr Ihr Beschichtungsprojekt? Finden Sie heraus, was Malema Coatings f\u00fcr Sie tun kann. Nehmen Sie Kontakt mit uns auf und lassen Sie sich von unserem Know-how, unseren innovativen L\u00f6sungen und unserem pers\u00f6nlichen Ansatz inspirieren. Gemeinsam machen wir Ihr Projekt zu einem Meisterwerk!\t\t\t\t\t\t\t\t<\/div>\n\t\t\t\t<\/div>\n\t\t\t\t<\/div>\n\t\t\t\t\t<\/div>\n\t\t\t\t<\/div>\n\t\t\t\t<\/div>","protected":false},"excerpt":{"rendered":"<p>Over ons Offerte aanvragen Onze kernwaarden Onze kernwaarden zijn kwaliteit, innovatie en klantgerichtheid. Wij gebruiken uitsluitend de beste materialen en werken volgens de hoogste kwaliteitsstandaarden. Met een focus op duurzaamheid en milieu nemen we ook onze verantwoordelijkheid in het kiezen van milieuvriendelijke producten en werkwijzen. Zo dragen we niet alleen bij aan de bescherming van [&hellip;]<\/p>\n","protected":false},"author":1,"featured_media":0,"parent":0,"menu_order":0,"comment_status":"closed","ping_status":"closed","template":"","meta":{"footnotes":""},"class_list":["post-166","page","type-page","status-publish","hentry"],"_links":{"self":[{"href":"https:\/\/malemacoatings.nl\/de\/wp-json\/wp\/v2\/pages\/166","targetHints":{"allow":["GET"]}}],"collection":[{"href":"https:\/\/malemacoatings.nl\/de\/wp-json\/wp\/v2\/pages"}],"about":[{"href":"https:\/\/malemacoatings.nl\/de\/wp-json\/wp\/v2\/types\/page"}],"author":[{"embeddable":true,"href":"https:\/\/malemacoatings.nl\/de\/wp-json\/wp\/v2\/users\/1"}],"replies":[{"embeddable":true,"href":"https:\/\/malemacoatings.nl\/de\/wp-json\/wp\/v2\/comments?post=166"}],"version-history":[{"count":0,"href":"https:\/\/malemacoatings.nl\/de\/wp-json\/wp\/v2\/pages\/166\/revisions"}],"wp:attachment":[{"href":"https:\/\/malemacoatings.nl\/de\/wp-json\/wp\/v2\/media?parent=166"}],"curies":[{"name":"wp","href":"https:\/\/api.w.org\/{rel}","templated":true}]}}