{"id":146,"date":"2025-02-15T16:47:43","date_gmt":"2025-02-15T16:47:43","guid":{"rendered":"https:\/\/malemacoatings.nl\/?page_id=146"},"modified":"2025-05-25T12:59:23","modified_gmt":"2025-05-25T12:59:23","slug":"erklarung-zum-datenschutz","status":"publish","type":"page","link":"https:\/\/malemacoatings.nl\/de\/privacyverklaring\/","title":{"rendered":"Erkl\u00e4rung zum Datenschutz"},"content":{"rendered":"<div data-elementor-type=\"wp-page\" data-elementor-id=\"146\" class=\"elementor elementor-146\" data-elementor-post-type=\"page\">\n\t\t\t\t<div class=\"elementor-element elementor-element-642a64e e-flex e-con-boxed e-con e-parent\" data-id=\"642a64e\" data-element_type=\"container\" data-e-type=\"container\" data-settings=\"{&quot;background_background&quot;:&quot;classic&quot;}\">\n\t\t\t\t\t<div class=\"e-con-inner\">\n\t\t<div class=\"elementor-element elementor-element-7fd783b e-con-full e-flex elementor-invisible e-con e-child\" data-id=\"7fd783b\" data-element_type=\"container\" data-e-type=\"container\" data-settings=\"{&quot;animation&quot;:&quot;fadeIn&quot;}\">\n\t\t\t\t<div class=\"elementor-element elementor-element-1fcc5c0 animated-slow elementor-invisible elementor-widget elementor-widget-heading\" data-id=\"1fcc5c0\" data-element_type=\"widget\" data-e-type=\"widget\" data-settings=\"{&quot;_animation&quot;:&quot;fadeIn&quot;}\" data-widget_type=\"heading.default\">\n\t\t\t\t<div class=\"elementor-widget-container\">\n\t\t\t\t\t<h1 class=\"elementor-heading-title elementor-size-default\">Erkl\u00e4rung zum Datenschutz<\/h1>\t\t\t\t<\/div>\n\t\t\t\t<\/div>\n\t\t<div class=\"elementor-element elementor-element-fe308f3 e-con-full e-flex e-con e-child\" data-id=\"fe308f3\" data-element_type=\"container\" data-e-type=\"container\">\n\t\t\t\t<div class=\"elementor-element elementor-element-4bd5595 animated-slow elementor-invisible elementor-widget elementor-widget-button\" data-id=\"4bd5595\" data-element_type=\"widget\" data-e-type=\"widget\" data-settings=\"{&quot;_animation&quot;:&quot;fadeIn&quot;}\" data-widget_type=\"button.default\">\n\t\t\t\t<div class=\"elementor-widget-container\">\n\t\t\t\t\t\t\t\t\t<div class=\"elementor-button-wrapper\">\n\t\t\t\t\t<a class=\"elementor-button elementor-button-link elementor-size-sm\" href=\"#\">\n\t\t\t\t\t\t<span class=\"elementor-button-content-wrapper\">\n\t\t\t\t\t\t\t\t\t<span class=\"elementor-button-text\">Angebot anfordern<\/span>\n\t\t\t\t\t<\/span>\n\t\t\t\t\t<\/a>\n\t\t\t\t<\/div>\n\t\t\t\t\t\t\t\t<\/div>\n\t\t\t\t<\/div>\n\t\t\t\t<div class=\"elementor-element elementor-element-7087df8 bounce-text elementor-widget elementor-widget-text-editor\" data-id=\"7087df8\" data-element_type=\"widget\" data-e-type=\"widget\" data-widget_type=\"text-editor.default\">\n\t\t\t\t<div class=\"elementor-widget-container\">\n\t\t\t\t\t\t\t\t\t<span class=\"vaste-buttontekst\"><\/span>\t\t\t\t\t\t\t\t<\/div>\n\t\t\t\t<\/div>\n\t\t\t\t<\/div>\n\t\t\t\t<\/div>\n\t\t\t\t\t<\/div>\n\t\t\t\t<\/div>\n\t\t<div class=\"elementor-element elementor-element-30b56f3 e-flex e-con-boxed e-con e-parent\" data-id=\"30b56f3\" data-element_type=\"container\" data-e-type=\"container\">\n\t\t\t\t\t<div class=\"e-con-inner\">\n\t\t\t\t\t<\/div>\n\t\t\t\t<\/div>\n\t\t<div class=\"elementor-element elementor-element-50915b9 e-flex e-con-boxed e-con e-parent\" data-id=\"50915b9\" data-element_type=\"container\" data-e-type=\"container\" data-settings=\"{&quot;background_background&quot;:&quot;classic&quot;}\">\n\t\t\t\t\t<div class=\"e-con-inner\">\n\t\t<div class=\"elementor-element elementor-element-c20b9d8 e-con-full e-flex elementor-invisible e-con e-child\" data-id=\"c20b9d8\" data-element_type=\"container\" data-e-type=\"container\" data-settings=\"{&quot;animation&quot;:&quot;fadeInUp&quot;}\">\n\t\t\t\t<div class=\"elementor-element elementor-element-033f5d2 elementor-widget elementor-widget-text-editor\" data-id=\"033f5d2\" data-element_type=\"widget\" data-e-type=\"widget\" data-widget_type=\"text-editor.default\">\n\t\t\t\t<div class=\"elementor-widget-container\">\n\t\t\t\t\t\t\t\t\t<p>Bei Malema Coatings sch\u00e4tzen wir Ihre Privatsph\u00e4re. In dieser Datenschutzerkl\u00e4rung erl\u00e4utern wir, welche personenbezogenen Daten wir erfassen, wie wir sie verwenden und welche Rechte Sie in Bezug auf diese Daten haben.<\/p><p>\u00a0<\/p><p><strong>Welche Daten sammeln wir?<\/strong><\/p><p>Wenn Sie unsere Website besuchen, k\u00f6nnen wir bestimmte Informationen automatisch erfassen, z. B. Ihre IP-Adresse, den Browsertyp, die bevorzugte Sprache sowie die Uhrzeit und das Datum Ihres Besuchs. Wir sammeln diese Daten, um zu verstehen, wie unsere Website genutzt wird, und um die Benutzerfreundlichkeit zu verbessern.<\/p><p>Wenn Sie sich \u00fcber das Kontaktformular auf unserer Website mit uns in Verbindung setzen, k\u00f6nnen wir Ihren Namen, Ihre E-Mail-Adresse, Ihre Telefonnummer und alle anderen Informationen, die Sie zur Beantwortung Ihrer Frage oder Anfrage angeben, erfassen.<\/p><p>\u00a0<\/p><p><strong>Wie verwenden wir Ihre Daten?<\/strong><\/p><p>Wir verwenden die gesammelten Daten nur f\u00fcr die Zwecke, f\u00fcr die sie gesammelt wurden, z. B. zur Verbesserung unserer Website, zur Beantwortung Ihrer Fragen oder W\u00fcnsche und um Ihnen Informationen \u00fcber unsere Produkte und Dienstleistungen zukommen zu lassen, sofern Sie Ihre Zustimmung gegeben haben.<\/p><p>\u00a0<\/p><p><strong>Gemeinsame Nutzung von Daten<\/strong><\/p><p>Wir werden Ihre pers\u00f6nlichen Daten nicht verkaufen, vermieten oder anderweitig an Dritte weitergeben, es sei denn, wir haben Ihre Zustimmung oder sind gesetzlich dazu verpflichtet.<\/p><p>\u00a0<\/p><p><strong>Cookies<\/strong><\/p><p>Unsere Website verwendet Cookies, um die Benutzerfreundlichkeit zu verbessern. Sie k\u00f6nnen \u00fcber die Einstellungen Ihres Browsers entscheiden, ob Sie Cookies akzeptieren oder ablehnen. Bitte beachten Sie, dass die Ablehnung von Cookies die Funktionalit\u00e4t unserer Website einschr\u00e4nken kann.<\/p><p>\u00a0<\/p><p><strong>Ihre Rechte<\/strong><\/p><p>Sie haben das Recht auf Zugang, Berichtigung oder L\u00f6schung Ihrer personenbezogenen Daten. Sie k\u00f6nnen auch der Verwendung Ihrer Daten widersprechen oder eine Einschr\u00e4nkung ihrer Verarbeitung verlangen. Bitte kontaktieren Sie uns \u00fcber die Kontaktdaten am Ende dieser Datenschutzerkl\u00e4rung, wenn Sie diese Rechte aus\u00fcben m\u00f6chten.<\/p><p>\u00a0<\/p><p><strong>\u00c4nderungen an unserer Datenschutzerkl\u00e4rung<\/strong><\/p><p>Wir behalten uns vor, diese Datenschutzerkl\u00e4rung von Zeit zu Zeit zu aktualisieren, um \u00c4nderungen an unserer Datenschutzpolitik zu ber\u00fccksichtigen. Wir empfehlen Ihnen, diese Seite regelm\u00e4\u00dfig auf Aktualisierungen zu \u00fcberpr\u00fcfen.<\/p><p>\u00a0<\/p><p><strong>Kontakt<\/strong><\/p><p>Wenn Sie Fragen zu dieser Datenschutzerkl\u00e4rung oder zur Verwendung Ihrer personenbezogenen Daten haben, wenden Sie sich bitte an uns: info@malemacoatings.nl.<\/p>\t\t\t\t\t\t\t\t<\/div>\n\t\t\t\t<\/div>\n\t\t\t\t<\/div>\n\t\t\t\t\t<\/div>\n\t\t\t\t<\/div>\n\t\t\t\t<\/div>","protected":false},"excerpt":{"rendered":"<p>Privacyverklaring Offerte aanvragen Bij Malema Coatings hechten we veel waarde aan uw privacy. In deze privacyverklaring leggen we uit welke persoonlijke gegevens we verzamelen, hoe we deze gebruiken en welke rechten u heeft met betrekking tot deze gegevens. \u00a0 Welke gegevens verzamelen we? Wanneer u onze website bezoekt, kunnen we bepaalde gegevens automatisch verzamelen, zoals [&hellip;]<\/p>\n","protected":false},"author":1,"featured_media":0,"parent":0,"menu_order":0,"comment_status":"closed","ping_status":"closed","template":"","meta":{"footnotes":""},"class_list":["post-146","page","type-page","status-publish","hentry"],"_links":{"self":[{"href":"https:\/\/malemacoatings.nl\/de\/wp-json\/wp\/v2\/pages\/146","targetHints":{"allow":["GET"]}}],"collection":[{"href":"https:\/\/malemacoatings.nl\/de\/wp-json\/wp\/v2\/pages"}],"about":[{"href":"https:\/\/malemacoatings.nl\/de\/wp-json\/wp\/v2\/types\/page"}],"author":[{"embeddable":true,"href":"https:\/\/malemacoatings.nl\/de\/wp-json\/wp\/v2\/users\/1"}],"replies":[{"embeddable":true,"href":"https:\/\/malemacoatings.nl\/de\/wp-json\/wp\/v2\/comments?post=146"}],"version-history":[{"count":0,"href":"https:\/\/malemacoatings.nl\/de\/wp-json\/wp\/v2\/pages\/146\/revisions"}],"wp:attachment":[{"href":"https:\/\/malemacoatings.nl\/de\/wp-json\/wp\/v2\/media?parent=146"}],"curies":[{"name":"wp","href":"https:\/\/api.w.org\/{rel}","templated":true}]}}