{"id":1235,"date":"2025-02-27T14:59:06","date_gmt":"2025-02-27T14:59:06","guid":{"rendered":"https:\/\/malemacoatings.nl\/?page_id=1235"},"modified":"2026-04-16T12:37:14","modified_gmt":"2026-04-16T12:37:14","slug":"buro","status":"publish","type":"page","link":"https:\/\/malemacoatings.nl\/de\/toepassingen\/industrie\/kantoor\/","title":{"rendered":"B\u00fcro"},"content":{"rendered":"<div data-elementor-type=\"wp-page\" data-elementor-id=\"1235\" class=\"elementor elementor-1235\" data-elementor-post-type=\"page\">\n\t\t\t\t<div class=\"elementor-element elementor-element-3b6f722 e-flex e-con-boxed e-con e-parent\" data-id=\"3b6f722\" data-element_type=\"container\" data-e-type=\"container\" data-settings=\"{&quot;background_background&quot;:&quot;classic&quot;}\">\n\t\t\t\t\t<div class=\"e-con-inner\">\n\t\t<div class=\"elementor-element elementor-element-fea41f8 e-con-full e-flex elementor-invisible e-con e-child\" data-id=\"fea41f8\" data-element_type=\"container\" data-e-type=\"container\" data-settings=\"{&quot;animation&quot;:&quot;fadeIn&quot;}\">\n\t\t\t\t<div class=\"elementor-element elementor-element-04c4258 animated-slow elementor-invisible elementor-widget elementor-widget-heading\" data-id=\"04c4258\" data-element_type=\"widget\" data-e-type=\"widget\" data-settings=\"{&quot;_animation&quot;:&quot;fadeIn&quot;}\" data-widget_type=\"heading.default\">\n\t\t\t\t<div class=\"elementor-widget-container\">\n\t\t\t\t\t<h1 class=\"elementor-heading-title elementor-size-default\">B\u00fcroetage<\/h1>\t\t\t\t<\/div>\n\t\t\t\t<\/div>\n\t\t<div class=\"elementor-element elementor-element-87833cf e-con-full e-flex e-con e-child\" data-id=\"87833cf\" data-element_type=\"container\" data-e-type=\"container\">\n\t\t\t\t<div class=\"elementor-element elementor-element-d93610b animated-slow elementor-invisible elementor-widget elementor-widget-button\" data-id=\"d93610b\" data-element_type=\"widget\" data-e-type=\"widget\" data-settings=\"{&quot;_animation&quot;:&quot;fadeIn&quot;}\" data-widget_type=\"button.default\">\n\t\t\t\t<div class=\"elementor-widget-container\">\n\t\t\t\t\t\t\t\t\t<div class=\"elementor-button-wrapper\">\n\t\t\t\t\t<a class=\"elementor-button elementor-button-link elementor-size-sm\" href=\"\/de\/ein-angebot-anfordern\/\">\n\t\t\t\t\t\t<span class=\"elementor-button-content-wrapper\">\n\t\t\t\t\t\t\t\t\t<span class=\"elementor-button-text\">Angebot anfordern<\/span>\n\t\t\t\t\t<\/span>\n\t\t\t\t\t<\/a>\n\t\t\t\t<\/div>\n\t\t\t\t\t\t\t\t<\/div>\n\t\t\t\t<\/div>\n\t\t\t\t<div class=\"elementor-element elementor-element-7880ba4 bounce-text elementor-widget elementor-widget-text-editor\" data-id=\"7880ba4\" data-element_type=\"widget\" data-e-type=\"widget\" data-widget_type=\"text-editor.default\">\n\t\t\t\t<div class=\"elementor-widget-container\">\n\t\t\t\t\t\t\t\t\t<span class=\"vaste-buttontekst\"><\/span>\t\t\t\t\t\t\t\t<\/div>\n\t\t\t\t<\/div>\n\t\t\t\t<\/div>\n\t\t\t\t<\/div>\n\t\t\t\t\t<\/div>\n\t\t\t\t<\/div>\n\t\t<div class=\"elementor-element elementor-element-1928a8a e-flex e-con-boxed e-con e-parent\" data-id=\"1928a8a\" data-element_type=\"container\" data-e-type=\"container\">\n\t\t\t\t\t<div class=\"e-con-inner\">\n\t\t\t\t\t<\/div>\n\t\t\t\t<\/div>\n\t\t<div class=\"elementor-element elementor-element-529ebcc e-flex e-con-boxed e-con e-parent\" data-id=\"529ebcc\" data-element_type=\"container\" data-e-type=\"container\" data-settings=\"{&quot;background_background&quot;:&quot;classic&quot;}\">\n\t\t\t\t\t<div class=\"e-con-inner\">\n\t\t<div class=\"elementor-element elementor-element-9c3af0e e-con-full elementor-hidden-tablet e-flex elementor-invisible e-con e-child\" data-id=\"9c3af0e\" data-element_type=\"container\" data-e-type=\"container\" data-settings=\"{&quot;animation&quot;:&quot;fadeInUp&quot;}\">\n\t\t\t\t<div class=\"elementor-element elementor-element-ace862c schaduw elementor-widget elementor-widget-image\" data-id=\"ace862c\" data-element_type=\"widget\" data-e-type=\"widget\" data-widget_type=\"image.default\">\n\t\t\t\t<div class=\"elementor-widget-container\">\n\t\t\t\t\t\t\t\t\t\t\t\t\t\t\t<img fetchpriority=\"high\" decoding=\"async\" width=\"500\" height=\"500\" src=\"https:\/\/malemacoatings.nl\/wp-content\/uploads\/2025\/02\/Ontwerp-zonder-titel-49.png\" class=\"attachment-large size-large wp-image-542\" alt=\"Epoxid-Estrich-Industrieboden\" srcset=\"https:\/\/malemacoatings.nl\/wp-content\/uploads\/2025\/02\/Ontwerp-zonder-titel-49.png 500w, https:\/\/malemacoatings.nl\/wp-content\/uploads\/2025\/02\/Ontwerp-zonder-titel-49-300x300.png 300w, https:\/\/malemacoatings.nl\/wp-content\/uploads\/2025\/02\/Ontwerp-zonder-titel-49-150x150.png 150w\" sizes=\"(max-width: 500px) 100vw, 500px\" \/>\t\t\t\t\t\t\t\t\t\t\t\t\t\t\t<\/div>\n\t\t\t\t<\/div>\n\t\t\t\t<\/div>\n\t\t<div class=\"elementor-element elementor-element-01e80a6 e-con-full e-flex elementor-invisible e-con e-child\" data-id=\"01e80a6\" data-element_type=\"container\" data-e-type=\"container\" data-settings=\"{&quot;animation&quot;:&quot;fadeInUp&quot;}\">\n\t\t\t\t<div class=\"elementor-element elementor-element-03cbbf5 elementor-widget__width-initial elementor-widget-mobile__width-inherit elementor-widget elementor-widget-heading\" data-id=\"03cbbf5\" data-element_type=\"widget\" data-e-type=\"widget\" data-widget_type=\"heading.default\">\n\t\t\t\t<div class=\"elementor-widget-container\">\n\t\t\t\t\t<h2 class=\"elementor-heading-title elementor-size-default\">Hochwertige Beschichtungsb\u00f6den f\u00fcr B\u00fcros<\/h2>\t\t\t\t<\/div>\n\t\t\t\t<\/div>\n\t\t\t\t<div class=\"elementor-element elementor-element-8359090 elementor-widget elementor-widget-text-editor\" data-id=\"8359090\" data-element_type=\"widget\" data-e-type=\"widget\" data-widget_type=\"text-editor.default\">\n\t\t\t\t<div class=\"elementor-widget-container\">\n\t\t\t\t\t\t\t\t\t<p>Ein B\u00fcroboden sollte nicht nur stilvoll, sondern auch langlebig und pflegeleicht sein. Malema Coatings bietet hochwertige <a href=\"\/de\/bodenbeschichtung\/\"><span style=\"text-decoration: underline;\">Beschichtung von Fu\u00dfb\u00f6den<\/span><\/a> die einer intensiven Nutzung standhalten und leicht zu reinigen sind. Unsere fugenlosen B\u00f6den werten Ihr B\u00fcro optisch auf und sorgen f\u00fcr eine professionelle und hygienische Arbeitsumgebung.<\/p>\t\t\t\t\t\t\t\t<\/div>\n\t\t\t\t<\/div>\n\t\t\t\t<\/div>\n\t\t\t\t\t<\/div>\n\t\t\t\t<\/div>\n\t\t<div class=\"elementor-element elementor-element-16e216d e-flex e-con-boxed e-con e-parent\" data-id=\"16e216d\" data-element_type=\"container\" data-e-type=\"container\" data-settings=\"{&quot;background_background&quot;:&quot;classic&quot;}\">\n\t\t\t\t\t<div class=\"e-con-inner\">\n\t\t<div class=\"elementor-element elementor-element-2bcef38 e-con-full e-flex elementor-invisible e-con e-child\" data-id=\"2bcef38\" data-element_type=\"container\" data-e-type=\"container\" data-settings=\"{&quot;animation&quot;:&quot;fadeInUp&quot;}\">\n\t\t\t\t<div class=\"elementor-element elementor-element-618fa6b elementor-widget__width-initial elementor-widget-mobile__width-inherit elementor-widget elementor-widget-heading\" data-id=\"618fa6b\" data-element_type=\"widget\" data-e-type=\"widget\" data-widget_type=\"heading.default\">\n\t\t\t\t<div class=\"elementor-widget-container\">\n\t\t\t\t\t<h2 class=\"elementor-heading-title elementor-size-default\">Ein professionelles Aussehen mit Bodenbeschichtungen f\u00fcr B\u00fcros<\/h2>\t\t\t\t<\/div>\n\t\t\t\t<\/div>\n\t\t\t\t<div class=\"elementor-element elementor-element-8c8bef8 elementor-widget elementor-widget-text-editor\" data-id=\"8c8bef8\" data-element_type=\"widget\" data-e-type=\"widget\" data-widget_type=\"text-editor.default\">\n\t\t\t\t<div class=\"elementor-widget-container\">\n\t\t\t\t\t\t\t\t\tEine gut gew\u00e4hlte Bodenbeschichtung tr\u00e4gt zum professionellen Erscheinungsbild Ihres B\u00fcros bei. Unsere Beschichtungen sind in verschiedenen Ausf\u00fchrungen und Farben erh\u00e4ltlich, die perfekt zu Ihrer Einrichtung passen. W\u00e4hlen Sie eine matte oder gl\u00e4nzende Oberfl\u00e4che und schaffen Sie eine moderne, stilvolle Arbeitsumgebung, die Mitarbeiter und Besucher beeindruckt.\t\t\t\t\t\t\t\t<\/div>\n\t\t\t\t<\/div>\n\t\t\t\t<\/div>\n\t\t<div class=\"elementor-element elementor-element-1a09e5e e-con-full e-flex elementor-invisible e-con e-child\" data-id=\"1a09e5e\" data-element_type=\"container\" data-e-type=\"container\" data-settings=\"{&quot;background_background&quot;:&quot;classic&quot;,&quot;animation&quot;:&quot;fadeInUp&quot;}\">\n\t\t\t\t<div class=\"elementor-element elementor-element-2085f16 elementor-widget__width-initial elementor-widget-mobile__width-inherit elementor-widget elementor-widget-heading\" data-id=\"2085f16\" data-element_type=\"widget\" data-e-type=\"widget\" data-widget_type=\"heading.default\">\n\t\t\t\t<div class=\"elementor-widget-container\">\n\t\t\t\t\t<h3 class=\"elementor-heading-title elementor-size-default\">Vorteile<\/h3>\t\t\t\t<\/div>\n\t\t\t\t<\/div>\n\t\t\t\t<div class=\"elementor-element elementor-element-5596aed elementor-widget elementor-widget-text-editor\" data-id=\"5596aed\" data-element_type=\"widget\" data-e-type=\"widget\" data-widget_type=\"text-editor.default\">\n\t\t\t\t<div class=\"elementor-widget-container\">\n\t\t\t\t\t\t\t\t\t<p class=\"cvGsUA direction-ltr align-start para-style-body\"><span class=\"OYPEnA font-feature-liga-off font-feature-clig-off font-feature-calt-off text-decoration-none text-strikethrough-none\" style=\"color: #ffffff;\">\u2714 <\/span>Abriebfest<\/p><p><span class=\"OYPEnA font-feature-liga-off font-feature-clig-off font-feature-calt-off text-decoration-none text-strikethrough-none\" style=\"color: #ffffff;\">\u2714 <\/span>Nachhaltig<\/p><p><span class=\"OYPEnA font-feature-liga-off font-feature-clig-off font-feature-calt-off text-decoration-none text-strikethrough-none\" style=\"color: #ffffff;\">\u2714 <\/span><span class=\"OYPEnA font-feature-liga-off font-feature-clig-off font-feature-calt-off text-decoration-none text-strikethrough-none\">Wartungsarm<\/span><\/p><p><span class=\"OYPEnA font-feature-liga-off font-feature-clig-off font-feature-calt-off text-decoration-none text-strikethrough-none\" style=\"color: #ffffff;\">\u2714 <\/span>Modern<\/p>\t\t\t\t\t\t\t\t<\/div>\n\t\t\t\t<\/div>\n\t\t\t\t<\/div>\n\t\t\t\t\t<\/div>\n\t\t\t\t<\/div>\n\t\t<div class=\"elementor-element elementor-element-9670f57 e-flex e-con-boxed e-con e-parent\" data-id=\"9670f57\" data-element_type=\"container\" data-e-type=\"container\" data-settings=\"{&quot;background_background&quot;:&quot;classic&quot;}\">\n\t\t\t\t\t<div class=\"e-con-inner\">\n\t\t<div class=\"elementor-element elementor-element-d820626 e-con-full elementor-hidden-tablet e-flex elementor-invisible e-con e-child\" data-id=\"d820626\" data-element_type=\"container\" data-e-type=\"container\" data-settings=\"{&quot;animation&quot;:&quot;fadeInUp&quot;}\">\n\t\t\t\t<div class=\"elementor-element elementor-element-7791907 schaduw elementor-widget elementor-widget-image\" data-id=\"7791907\" data-element_type=\"widget\" data-e-type=\"widget\" data-widget_type=\"image.default\">\n\t\t\t\t<div class=\"elementor-widget-container\">\n\t\t\t\t\t\t\t\t\t\t\t\t\t\t\t<img decoding=\"async\" width=\"500\" height=\"500\" data-src=\"https:\/\/malemacoatings.nl\/wp-content\/uploads\/2026\/01\/Team-Malema-Coatings.png\" class=\"attachment-large size-large wp-image-2160 lazyload\" alt=\"Mannschaft Malema Coatings\" data-srcset=\"https:\/\/malemacoatings.nl\/wp-content\/uploads\/2026\/01\/Team-Malema-Coatings.png 500w, https:\/\/malemacoatings.nl\/wp-content\/uploads\/2026\/01\/Team-Malema-Coatings-300x300.png 300w, https:\/\/malemacoatings.nl\/wp-content\/uploads\/2026\/01\/Team-Malema-Coatings-150x150.png 150w, https:\/\/malemacoatings.nl\/wp-content\/uploads\/2026\/01\/Team-Malema-Coatings-12x12.png 12w\" data-sizes=\"(max-width: 500px) 100vw, 500px\" src=\"data:image\/svg+xml;base64,PHN2ZyB3aWR0aD0iMSIgaGVpZ2h0PSIxIiB4bWxucz0iaHR0cDovL3d3dy53My5vcmcvMjAwMC9zdmciPjwvc3ZnPg==\" style=\"--smush-placeholder-width: 500px; --smush-placeholder-aspect-ratio: 500\/500;\" \/>\t\t\t\t\t\t\t\t\t\t\t\t\t\t\t<\/div>\n\t\t\t\t<\/div>\n\t\t\t\t<\/div>\n\t\t<div class=\"elementor-element elementor-element-32360d3 e-con-full e-flex elementor-invisible e-con e-child\" data-id=\"32360d3\" data-element_type=\"container\" data-e-type=\"container\" data-settings=\"{&quot;animation&quot;:&quot;fadeInUp&quot;}\">\n\t\t\t\t<div class=\"elementor-element elementor-element-eaf6135 elementor-widget__width-initial elementor-widget-mobile__width-inherit elementor-widget elementor-widget-heading\" data-id=\"eaf6135\" data-element_type=\"widget\" data-e-type=\"widget\" data-widget_type=\"heading.default\">\n\t\t\t\t<div class=\"elementor-widget-container\">\n\t\t\t\t\t<h2 class=\"elementor-heading-title elementor-size-default\">Schalld\u00e4mmung und komfortable Verarbeitung<\/h2>\t\t\t\t<\/div>\n\t\t\t\t<\/div>\n\t\t\t\t<div class=\"elementor-element elementor-element-04a83bb elementor-widget elementor-widget-text-editor\" data-id=\"04a83bb\" data-element_type=\"widget\" data-e-type=\"widget\" data-widget_type=\"text-editor.default\">\n\t\t\t\t<div class=\"elementor-widget-container\">\n\t\t\t\t\t\t\t\t\tIn B\u00fcroumgebungen ist die Akustik ein wichtiger Aspekt. Unsere Beschichtungen k\u00f6nnen mit einer schallabsorbierenden Schicht versehen werden, um den Nachhall zu verringern und eine ruhigere Arbeitsatmosph\u00e4re zu schaffen. Dies tr\u00e4gt zu einer h\u00f6heren Produktivit\u00e4t und einem angenehmen Arbeitsumfeld bei.\t\t\t\t\t\t\t\t<\/div>\n\t\t\t\t<\/div>\n\t\t\t\t<\/div>\n\t\t\t\t\t<\/div>\n\t\t\t\t<\/div>\n\t\t<div class=\"elementor-element elementor-element-19fb660 e-flex e-con-boxed e-con e-parent\" data-id=\"19fb660\" data-element_type=\"container\" data-e-type=\"container\" data-settings=\"{&quot;background_background&quot;:&quot;gradient&quot;}\">\n\t\t\t\t\t<div class=\"e-con-inner\">\n\t\t<div class=\"elementor-element elementor-element-a5bd034 e-con-full e-flex elementor-invisible e-con e-child\" data-id=\"a5bd034\" data-element_type=\"container\" data-e-type=\"container\" data-settings=\"{&quot;animation&quot;:&quot;fadeInUp&quot;}\">\n\t\t\t\t<div class=\"elementor-element elementor-element-0b587f6 elementor-widget elementor-widget-heading\" data-id=\"0b587f6\" data-element_type=\"widget\" data-e-type=\"widget\" data-widget_type=\"heading.default\">\n\t\t\t\t<div class=\"elementor-widget-container\">\n\t\t\t\t\t<h2 class=\"elementor-heading-title elementor-size-default\">Schnelle und effiziente Anwendung<\/h2>\t\t\t\t<\/div>\n\t\t\t\t<\/div>\n\t\t\t\t<div class=\"elementor-element elementor-element-149e5f7 elementor-widget elementor-widget-text-editor\" data-id=\"149e5f7\" data-element_type=\"widget\" data-e-type=\"widget\" data-widget_type=\"text-editor.default\">\n\t\t\t\t<div class=\"elementor-widget-container\">\n\t\t\t\t\t\t\t\t\t<p><a href=\"\/de\/bodenbeschichtung\/pmma-etage\/\"><span style=\"text-decoration: underline;\">Unsere B\u00f6den<\/span><\/a> werden innerhalb eines Tages aufgebracht und sind schnell ausgeh\u00e4rtet, so dass Ihre B\u00fcror\u00e4ume schnell wieder genutzt werden k\u00f6nnen. Dies minimiert Unterbrechungen und gew\u00e4hrleistet eine effiziente Installation ohne lange Wartezeiten.<\/p>\t\t\t\t\t\t\t\t<\/div>\n\t\t\t\t<\/div>\n\t\t\t\t<\/div>\n\t\t\t\t\t<\/div>\n\t\t\t\t<\/div>\n\t\t<div class=\"elementor-element elementor-element-25d40f7 e-flex e-con-boxed e-con e-parent\" data-id=\"25d40f7\" data-element_type=\"container\" data-e-type=\"container\" data-settings=\"{&quot;background_background&quot;:&quot;classic&quot;}\">\n\t\t\t\t\t<div class=\"e-con-inner\">\n\t\t<div class=\"elementor-element elementor-element-bc8d102 e-con-full e-flex elementor-invisible e-con e-child\" data-id=\"bc8d102\" data-element_type=\"container\" data-e-type=\"container\" data-settings=\"{&quot;animation&quot;:&quot;fadeInUp&quot;}\">\n\t\t\t\t<div class=\"elementor-element elementor-element-e8c512e elementor-widget__width-inherit elementor-widget-mobile__width-inherit elementor-widget elementor-widget-heading\" data-id=\"e8c512e\" data-element_type=\"widget\" data-e-type=\"widget\" data-widget_type=\"heading.default\">\n\t\t\t\t<div class=\"elementor-widget-container\">\n\t\t\t\t\t<h2 class=\"elementor-heading-title elementor-size-default\">Beschichtung eines B\u00fcrobodens durch Malema Coatings<\/h2>\t\t\t\t<\/div>\n\t\t\t\t<\/div>\n\t\t\t\t<div class=\"elementor-element elementor-element-3678dec elementor-widget elementor-widget-text-editor\" data-id=\"3678dec\" data-element_type=\"widget\" data-e-type=\"widget\" data-widget_type=\"text-editor.default\">\n\t\t\t\t<div class=\"elementor-widget-container\">\n\t\t\t\t\t\t\t\t\tSie suchen einen langlebigen und stilvollen Boden f\u00fcr Ihr B\u00fcro? Malema Coatings liefert fl\u00fcssigkeitsdichte, pflegeleichte und schalld\u00e4mpfende Bodenbeschichtungen, die perfekt auf Ihre Bed\u00fcrfnisse abgestimmt sind. Kontaktieren Sie uns f\u00fcr eine kostenlose Beratung oder fordern Sie gleich ein Angebot an!\t\t\t\t\t\t\t\t<\/div>\n\t\t\t\t<\/div>\n\t\t<div class=\"elementor-element elementor-element-e151369 e-con-full e-flex e-con e-child\" data-id=\"e151369\" data-element_type=\"container\" data-e-type=\"container\">\n\t\t\t\t<div class=\"elementor-element elementor-element-6e71537 elementor-widget elementor-widget-button\" data-id=\"6e71537\" data-element_type=\"widget\" data-e-type=\"widget\" data-widget_type=\"button.default\">\n\t\t\t\t<div class=\"elementor-widget-container\">\n\t\t\t\t\t\t\t\t\t<div class=\"elementor-button-wrapper\">\n\t\t\t\t\t<a class=\"elementor-button elementor-button-link elementor-size-sm\" href=\"\/de\/ein-angebot-anfordern\/\">\n\t\t\t\t\t\t<span class=\"elementor-button-content-wrapper\">\n\t\t\t\t\t\t\t\t\t<span class=\"elementor-button-text\">Angebot anfordern<\/span>\n\t\t\t\t\t<\/span>\n\t\t\t\t\t<\/a>\n\t\t\t\t<\/div>\n\t\t\t\t\t\t\t\t<\/div>\n\t\t\t\t<\/div>\n\t\t\t\t<div class=\"elementor-element elementor-element-d132ecb bounce-text elementor-widget elementor-widget-text-editor\" data-id=\"d132ecb\" data-element_type=\"widget\" data-e-type=\"widget\" data-widget_type=\"text-editor.default\">\n\t\t\t\t<div class=\"elementor-widget-container\">\n\t\t\t\t\t\t\t\t\t<span class=\"vaste-buttontekst\"><\/span>\t\t\t\t\t\t\t\t<\/div>\n\t\t\t\t<\/div>\n\t\t\t\t<\/div>\n\t\t\t\t<\/div>\n\t\t\t\t\t<\/div>\n\t\t\t\t<\/div>\n\t\t\t\t<\/div>","protected":false},"excerpt":{"rendered":"<p>Kantoorvloer Offerte aanvragen Hoogwaardige coatingvloeren voor kantoren Een kantoorvloer moet niet alleen stijlvol zijn, maar ook duurzaam en onderhoudsvriendelijk. Malema Coatings biedt hoogwaardige coatingvloeren die bestand zijn tegen intensief gebruik en eenvoudig te reinigen zijn. Onze naadloze vloeren verbeteren de uitstraling van uw kantoor en zorgen voor een professionele en hygi\u00ebnische werkomgeving. Een professionele uitstraling [&hellip;]<\/p>\n","protected":false},"author":1,"featured_media":0,"parent":294,"menu_order":0,"comment_status":"closed","ping_status":"closed","template":"","meta":{"footnotes":""},"class_list":["post-1235","page","type-page","status-publish","hentry"],"_links":{"self":[{"href":"https:\/\/malemacoatings.nl\/de\/wp-json\/wp\/v2\/pages\/1235","targetHints":{"allow":["GET"]}}],"collection":[{"href":"https:\/\/malemacoatings.nl\/de\/wp-json\/wp\/v2\/pages"}],"about":[{"href":"https:\/\/malemacoatings.nl\/de\/wp-json\/wp\/v2\/types\/page"}],"author":[{"embeddable":true,"href":"https:\/\/malemacoatings.nl\/de\/wp-json\/wp\/v2\/users\/1"}],"replies":[{"embeddable":true,"href":"https:\/\/malemacoatings.nl\/de\/wp-json\/wp\/v2\/comments?post=1235"}],"version-history":[{"count":0,"href":"https:\/\/malemacoatings.nl\/de\/wp-json\/wp\/v2\/pages\/1235\/revisions"}],"up":[{"embeddable":true,"href":"https:\/\/malemacoatings.nl\/de\/wp-json\/wp\/v2\/pages\/294"}],"wp:attachment":[{"href":"https:\/\/malemacoatings.nl\/de\/wp-json\/wp\/v2\/media?parent=1235"}],"curies":[{"name":"wp","href":"https:\/\/api.w.org\/{rel}","templated":true}]}}