{"id":1198,"date":"2025-02-27T14:16:53","date_gmt":"2025-02-27T14:16:53","guid":{"rendered":"https:\/\/malemacoatings.nl\/?page_id=1198"},"modified":"2026-04-16T12:41:56","modified_gmt":"2026-04-16T12:41:56","slug":"ziegenfarm","status":"publish","type":"page","link":"https:\/\/malemacoatings.nl\/de\/toepassingen\/agrarische-sector\/geitenhouderij\/","title":{"rendered":"Ziegenfarm"},"content":{"rendered":"<div data-elementor-type=\"wp-page\" data-elementor-id=\"1198\" class=\"elementor elementor-1198\" data-elementor-post-type=\"page\">\n\t\t\t\t<div class=\"elementor-element elementor-element-c055417 e-flex e-con-boxed e-con e-parent\" data-id=\"c055417\" data-element_type=\"container\" data-e-type=\"container\" data-settings=\"{&quot;background_background&quot;:&quot;classic&quot;}\">\n\t\t\t\t\t<div class=\"e-con-inner\">\n\t\t<div class=\"elementor-element elementor-element-398f164 e-con-full e-flex elementor-invisible e-con e-child\" data-id=\"398f164\" data-element_type=\"container\" data-e-type=\"container\" data-settings=\"{&quot;animation&quot;:&quot;fadeIn&quot;}\">\n\t\t\t\t<div class=\"elementor-element elementor-element-bc94bc8 animated-slow elementor-invisible elementor-widget elementor-widget-heading\" data-id=\"bc94bc8\" data-element_type=\"widget\" data-e-type=\"widget\" data-settings=\"{&quot;_animation&quot;:&quot;fadeIn&quot;}\" data-widget_type=\"heading.default\">\n\t\t\t\t<div class=\"elementor-widget-container\">\n\t\t\t\t\t<h1 class=\"elementor-heading-title elementor-size-default\">Ziegenfarm<\/h1>\t\t\t\t<\/div>\n\t\t\t\t<\/div>\n\t\t<div class=\"elementor-element elementor-element-a29a9e4 e-con-full e-flex e-con e-child\" data-id=\"a29a9e4\" data-element_type=\"container\" data-e-type=\"container\">\n\t\t\t\t<div class=\"elementor-element elementor-element-f69d25d animated-slow elementor-invisible elementor-widget elementor-widget-button\" data-id=\"f69d25d\" data-element_type=\"widget\" data-e-type=\"widget\" data-settings=\"{&quot;_animation&quot;:&quot;fadeIn&quot;}\" data-widget_type=\"button.default\">\n\t\t\t\t<div class=\"elementor-widget-container\">\n\t\t\t\t\t\t\t\t\t<div class=\"elementor-button-wrapper\">\n\t\t\t\t\t<a class=\"elementor-button elementor-button-link elementor-size-sm\" href=\"\/de\/ein-angebot-anfordern\/\">\n\t\t\t\t\t\t<span class=\"elementor-button-content-wrapper\">\n\t\t\t\t\t\t\t\t\t<span class=\"elementor-button-text\">Angebot anfordern<\/span>\n\t\t\t\t\t<\/span>\n\t\t\t\t\t<\/a>\n\t\t\t\t<\/div>\n\t\t\t\t\t\t\t\t<\/div>\n\t\t\t\t<\/div>\n\t\t\t\t<div class=\"elementor-element elementor-element-d8b4231 bounce-text elementor-widget elementor-widget-text-editor\" data-id=\"d8b4231\" data-element_type=\"widget\" data-e-type=\"widget\" data-widget_type=\"text-editor.default\">\n\t\t\t\t<div class=\"elementor-widget-container\">\n\t\t\t\t\t\t\t\t\t<span class=\"vaste-buttontekst\"><\/span>\t\t\t\t\t\t\t\t<\/div>\n\t\t\t\t<\/div>\n\t\t\t\t<\/div>\n\t\t\t\t<\/div>\n\t\t\t\t\t<\/div>\n\t\t\t\t<\/div>\n\t\t<div class=\"elementor-element elementor-element-d0add7f e-flex e-con-boxed e-con e-parent\" data-id=\"d0add7f\" data-element_type=\"container\" data-e-type=\"container\">\n\t\t\t\t\t<div class=\"e-con-inner\">\n\t\t\t\t\t<\/div>\n\t\t\t\t<\/div>\n\t\t<div class=\"elementor-element elementor-element-6b6d15e e-flex e-con-boxed e-con e-parent\" data-id=\"6b6d15e\" data-element_type=\"container\" data-e-type=\"container\" data-settings=\"{&quot;background_background&quot;:&quot;classic&quot;}\">\n\t\t\t\t\t<div class=\"e-con-inner\">\n\t\t<div class=\"elementor-element elementor-element-511392c e-con-full elementor-hidden-tablet e-flex elementor-invisible e-con e-child\" data-id=\"511392c\" data-element_type=\"container\" data-e-type=\"container\" data-settings=\"{&quot;animation&quot;:&quot;fadeInUp&quot;}\">\n\t\t\t\t<div class=\"elementor-element elementor-element-6b9a16a schaduw elementor-widget elementor-widget-image\" data-id=\"6b9a16a\" data-element_type=\"widget\" data-e-type=\"widget\" data-widget_type=\"image.default\">\n\t\t\t\t<div class=\"elementor-widget-container\">\n\t\t\t\t\t\t\t\t\t\t\t\t\t\t\t<img fetchpriority=\"high\" decoding=\"async\" width=\"500\" height=\"500\" src=\"https:\/\/malemacoatings.nl\/wp-content\/uploads\/2025\/03\/Ontwerp-zonder-titel-63.png\" class=\"attachment-large size-large wp-image-1542\" alt=\"Ziegenfarm Bodenbeschichtung\" srcset=\"https:\/\/malemacoatings.nl\/wp-content\/uploads\/2025\/03\/Ontwerp-zonder-titel-63.png 500w, https:\/\/malemacoatings.nl\/wp-content\/uploads\/2025\/03\/Ontwerp-zonder-titel-63-300x300.png 300w, https:\/\/malemacoatings.nl\/wp-content\/uploads\/2025\/03\/Ontwerp-zonder-titel-63-150x150.png 150w, https:\/\/malemacoatings.nl\/wp-content\/uploads\/2025\/03\/Ontwerp-zonder-titel-63-12x12.png 12w\" sizes=\"(max-width: 500px) 100vw, 500px\" \/>\t\t\t\t\t\t\t\t\t\t\t\t\t\t\t<\/div>\n\t\t\t\t<\/div>\n\t\t\t\t<\/div>\n\t\t<div class=\"elementor-element elementor-element-b77b011 e-con-full e-flex elementor-invisible e-con e-child\" data-id=\"b77b011\" data-element_type=\"container\" data-e-type=\"container\" data-settings=\"{&quot;animation&quot;:&quot;fadeInUp&quot;}\">\n\t\t\t\t<div class=\"elementor-element elementor-element-d401b41 elementor-widget__width-initial elementor-widget-mobile__width-inherit elementor-widget elementor-widget-heading\" data-id=\"d401b41\" data-element_type=\"widget\" data-e-type=\"widget\" data-widget_type=\"heading.default\">\n\t\t\t\t<div class=\"elementor-widget-container\">\n\t\t\t\t\t<h2 class=\"elementor-heading-title elementor-size-default\">Hygienische Bodenbeschichtung f\u00fcr die Ziegenhaltung<\/h2>\t\t\t\t<\/div>\n\t\t\t\t<\/div>\n\t\t\t\t<div class=\"elementor-element elementor-element-c0ee874 elementor-widget elementor-widget-text-editor\" data-id=\"c0ee874\" data-element_type=\"widget\" data-e-type=\"widget\" data-widget_type=\"text-editor.default\">\n\t\t\t\t<div class=\"elementor-widget-container\">\n\t\t\t\t\t\t\t\t\t<p>Ein hygienischer und wartungsarmer Boden ist in der Ziegenhaltung unerl\u00e4sslich. Unser <a href=\"\/de\/bodenbeschichtung\/pmma-etage\/\"><span style=\"text-decoration: underline;\">Beschichtung von Fu\u00dfb\u00f6den<\/span><\/a> sorgen f\u00fcr einen nahtlosen Abschluss, reduzieren den Infektionsdruck und optimieren das Lebensumfeld f\u00fcr Ihre Ziegen. Dank der fl\u00fcssigkeitsdichten und chemikalienbest\u00e4ndigen Eigenschaften wird Ihr Stall den strengsten Hygienestandards gerecht.<\/p>\t\t\t\t\t\t\t\t<\/div>\n\t\t\t\t<\/div>\n\t\t\t\t<\/div>\n\t\t\t\t\t<\/div>\n\t\t\t\t<\/div>\n\t\t<div class=\"elementor-element elementor-element-f9616bc e-flex e-con-boxed e-con e-parent\" data-id=\"f9616bc\" data-element_type=\"container\" data-e-type=\"container\" data-settings=\"{&quot;background_background&quot;:&quot;classic&quot;}\">\n\t\t\t\t\t<div class=\"e-con-inner\">\n\t\t<div class=\"elementor-element elementor-element-57e4f8e e-con-full e-flex elementor-invisible e-con e-child\" data-id=\"57e4f8e\" data-element_type=\"container\" data-e-type=\"container\" data-settings=\"{&quot;animation&quot;:&quot;fadeInUp&quot;}\">\n\t\t\t\t<div class=\"elementor-element elementor-element-8ee7664 elementor-widget__width-initial elementor-widget-mobile__width-inherit elementor-widget elementor-widget-heading\" data-id=\"8ee7664\" data-element_type=\"widget\" data-e-type=\"widget\" data-widget_type=\"heading.default\">\n\t\t\t\t<div class=\"elementor-widget-container\">\n\t\t\t\t\t<h2 class=\"elementor-heading-title elementor-size-default\">Langlebige und effiziente Bodenbelagsl\u00f6sung<\/h2>\t\t\t\t<\/div>\n\t\t\t\t<\/div>\n\t\t\t\t<div class=\"elementor-element elementor-element-4b699f2 elementor-widget elementor-widget-text-editor\" data-id=\"4b699f2\" data-element_type=\"widget\" data-e-type=\"widget\" data-widget_type=\"text-editor.default\">\n\t\t\t\t<div class=\"elementor-widget-container\">\n\t\t\t\t\t\t\t\t\t<p>Betonb\u00f6den in Ziegenst\u00e4llen werden mit der Zeit por\u00f6s, wodurch sich Keime und Feuchtigkeit ansammeln k\u00f6nnen. Unsere beschichteten B\u00f6den bieten eine dauerhafte L\u00f6sung, die das Eindringen von Schadstoffen in den Untergrund verhindert. Dies tr\u00e4gt zu einer ges\u00fcnderen Stallumgebung und einem h\u00f6heren Betriebsgewinn bei.<\/p>\t\t\t\t\t\t\t\t<\/div>\n\t\t\t\t<\/div>\n\t\t\t\t<\/div>\n\t\t<div class=\"elementor-element elementor-element-57804b2 e-con-full e-flex elementor-invisible e-con e-child\" data-id=\"57804b2\" data-element_type=\"container\" data-e-type=\"container\" data-settings=\"{&quot;background_background&quot;:&quot;classic&quot;,&quot;animation&quot;:&quot;fadeInUp&quot;}\">\n\t\t\t\t<div class=\"elementor-element elementor-element-78ad36c elementor-widget__width-initial elementor-widget-mobile__width-inherit elementor-widget elementor-widget-heading\" data-id=\"78ad36c\" data-element_type=\"widget\" data-e-type=\"widget\" data-widget_type=\"heading.default\">\n\t\t\t\t<div class=\"elementor-widget-container\">\n\t\t\t\t\t<h3 class=\"elementor-heading-title elementor-size-default\">Vorteile der Bodenbeschichtung auf Ziegenfarmen<\/h3>\t\t\t\t<\/div>\n\t\t\t\t<\/div>\n\t\t\t\t<div class=\"elementor-element elementor-element-ee8b298 elementor-widget elementor-widget-text-editor\" data-id=\"ee8b298\" data-element_type=\"widget\" data-e-type=\"widget\" data-widget_type=\"text-editor.default\">\n\t\t\t\t<div class=\"elementor-widget-container\">\n\t\t\t\t\t\t\t\t\t<p class=\"cvGsUA direction-ltr align-start para-style-body\"><span class=\"OYPEnA font-feature-liga-off font-feature-clig-off font-feature-calt-off text-decoration-none text-strikethrough-none\" style=\"color: #ffffff;\">\u2714 <\/span>Starke Belastung<\/p><p><span class=\"OYPEnA font-feature-liga-off font-feature-clig-off font-feature-calt-off text-decoration-none text-strikethrough-none\" style=\"color: #ffffff;\">\u2714 <\/span>Hygienisch<\/p><p><span class=\"OYPEnA font-feature-liga-off font-feature-clig-off font-feature-calt-off text-decoration-none text-strikethrough-none\" style=\"color: #ffffff;\">\u2714 <\/span><span class=\"OYPEnA font-feature-liga-off font-feature-clig-off font-feature-calt-off text-decoration-none text-strikethrough-none\">Chemikalienbest\u00e4ndig<\/span><\/p><p><span class=\"OYPEnA font-feature-liga-off font-feature-clig-off font-feature-calt-off text-decoration-none text-strikethrough-none\" style=\"color: #ffffff;\">\u2714 <\/span>Fl\u00fcssigkeitsdicht<\/p>\t\t\t\t\t\t\t\t<\/div>\n\t\t\t\t<\/div>\n\t\t\t\t<\/div>\n\t\t\t\t\t<\/div>\n\t\t\t\t<\/div>\n\t\t<div class=\"elementor-element elementor-element-420474b e-flex e-con-boxed e-con e-parent\" data-id=\"420474b\" data-element_type=\"container\" data-e-type=\"container\" data-settings=\"{&quot;background_background&quot;:&quot;classic&quot;}\">\n\t\t\t\t\t<div class=\"e-con-inner\">\n\t\t<div class=\"elementor-element elementor-element-f6ed1a8 e-con-full elementor-hidden-tablet e-flex elementor-invisible e-con e-child\" data-id=\"f6ed1a8\" data-element_type=\"container\" data-e-type=\"container\" data-settings=\"{&quot;animation&quot;:&quot;fadeInUp&quot;}\">\n\t\t\t\t<div class=\"elementor-element elementor-element-acfcac3 schaduw elementor-widget elementor-widget-image\" data-id=\"acfcac3\" data-element_type=\"widget\" data-e-type=\"widget\" data-widget_type=\"image.default\">\n\t\t\t\t<div class=\"elementor-widget-container\">\n\t\t\t\t\t\t\t\t\t\t\t\t\t\t\t<img decoding=\"async\" width=\"500\" height=\"500\" data-src=\"https:\/\/malemacoatings.nl\/wp-content\/uploads\/2025\/03\/Ontwerp-zonder-titel-64.png\" class=\"attachment-large size-large wp-image-1547 lazyload\" alt=\"Bodenbeschichtung f\u00fcr Ziegenstall\" data-srcset=\"https:\/\/malemacoatings.nl\/wp-content\/uploads\/2025\/03\/Ontwerp-zonder-titel-64.png 500w, https:\/\/malemacoatings.nl\/wp-content\/uploads\/2025\/03\/Ontwerp-zonder-titel-64-300x300.png 300w, https:\/\/malemacoatings.nl\/wp-content\/uploads\/2025\/03\/Ontwerp-zonder-titel-64-150x150.png 150w, https:\/\/malemacoatings.nl\/wp-content\/uploads\/2025\/03\/Ontwerp-zonder-titel-64-12x12.png 12w\" data-sizes=\"(max-width: 500px) 100vw, 500px\" src=\"data:image\/svg+xml;base64,PHN2ZyB3aWR0aD0iMSIgaGVpZ2h0PSIxIiB4bWxucz0iaHR0cDovL3d3dy53My5vcmcvMjAwMC9zdmciPjwvc3ZnPg==\" style=\"--smush-placeholder-width: 500px; --smush-placeholder-aspect-ratio: 500\/500;\" \/>\t\t\t\t\t\t\t\t\t\t\t\t\t\t\t<\/div>\n\t\t\t\t<\/div>\n\t\t\t\t<\/div>\n\t\t<div class=\"elementor-element elementor-element-c689413 e-con-full e-flex elementor-invisible e-con e-child\" data-id=\"c689413\" data-element_type=\"container\" data-e-type=\"container\" data-settings=\"{&quot;animation&quot;:&quot;fadeInUp&quot;}\">\n\t\t\t\t<div class=\"elementor-element elementor-element-462d325 elementor-widget__width-initial elementor-widget-mobile__width-inherit elementor-widget elementor-widget-heading\" data-id=\"462d325\" data-element_type=\"widget\" data-e-type=\"widget\" data-widget_type=\"heading.default\">\n\t\t\t\t<div class=\"elementor-widget-container\">\n\t\t\t\t\t<h2 class=\"elementor-heading-title elementor-size-default\">Mechanisch und chemisch best\u00e4ndig<\/h2>\t\t\t\t<\/div>\n\t\t\t\t<\/div>\n\t\t\t\t<div class=\"elementor-element elementor-element-0b9b2d1 elementor-widget elementor-widget-text-editor\" data-id=\"0b9b2d1\" data-element_type=\"widget\" data-e-type=\"widget\" data-widget_type=\"text-editor.default\">\n\t\t\t\t<div class=\"elementor-widget-container\">\n\t\t\t\t\t\t\t\t\tUnsere Beschichtungsb\u00f6den bieten eine hohe mechanische und chemische Widerstandsf\u00e4higkeit und minimieren so den Verschlei\u00df und die Besch\u00e4digung des Bodens. Sie eignen sich f\u00fcr die Anwendung in Futterg\u00e4ngen, Melkst\u00e4nden und technischen Bereichen. Wir k\u00f6nnen auch Futterrutschensysteme und W\u00e4nde beschichten, sodass Sie von einer absolut hygienischen Oberfl\u00e4che profitieren.\t\t\t\t\t\t\t\t<\/div>\n\t\t\t\t<\/div>\n\t\t\t\t<\/div>\n\t\t\t\t\t<\/div>\n\t\t\t\t<\/div>\n\t\t<div class=\"elementor-element elementor-element-f56ad8f e-flex e-con-boxed e-con e-parent\" data-id=\"f56ad8f\" data-element_type=\"container\" data-e-type=\"container\" data-settings=\"{&quot;background_background&quot;:&quot;gradient&quot;}\">\n\t\t\t\t\t<div class=\"e-con-inner\">\n\t\t<div class=\"elementor-element elementor-element-3d17d09 e-con-full e-flex elementor-invisible e-con e-child\" data-id=\"3d17d09\" data-element_type=\"container\" data-e-type=\"container\" data-settings=\"{&quot;animation&quot;:&quot;fadeInUp&quot;}\">\n\t\t\t\t<div class=\"elementor-element elementor-element-0563439 elementor-widget elementor-widget-heading\" data-id=\"0563439\" data-element_type=\"widget\" data-e-type=\"widget\" data-widget_type=\"heading.default\">\n\t\t\t\t<div class=\"elementor-widget-container\">\n\t\t\t\t\t<h2 class=\"elementor-heading-title elementor-size-default\">Schnelle Installation und nahtloser Abschluss<\/h2>\t\t\t\t<\/div>\n\t\t\t\t<\/div>\n\t\t\t\t<div class=\"elementor-element elementor-element-fe517b8 elementor-widget elementor-widget-text-editor\" data-id=\"fe517b8\" data-element_type=\"widget\" data-e-type=\"widget\" data-widget_type=\"text-editor.default\">\n\t\t\t\t<div class=\"elementor-widget-container\">\n\t\t\t\t\t\t\t\t\t<p>Wir k\u00f6nnen uns um Ihre bestehenden <a href=\"\/de\/bodenbeschichtung\/boden-nivellieren-lassen\/\"><span style=\"text-decoration: underline;\">Nivellierung von Betonb\u00f6den<\/span><\/a> bevor wir die Beschichtung auftragen, um einen glatten und festen Untergrund zu gew\u00e4hrleisten. Dank unserer effizienten Arbeitsmethode ist Ihr Stall schnell wieder einsatzbereit. Die fugenlose Oberfl\u00e4che verhindert die Ansammlung von Schmutz und Feuchtigkeit und verbessert die Hygiene erheblich.<\/p>\t\t\t\t\t\t\t\t<\/div>\n\t\t\t\t<\/div>\n\t\t\t\t<\/div>\n\t\t\t\t\t<\/div>\n\t\t\t\t<\/div>\n\t\t<div class=\"elementor-element elementor-element-5350652 e-flex e-con-boxed e-con e-parent\" data-id=\"5350652\" data-element_type=\"container\" data-e-type=\"container\" data-settings=\"{&quot;background_background&quot;:&quot;classic&quot;}\">\n\t\t\t\t\t<div class=\"e-con-inner\">\n\t\t<div class=\"elementor-element elementor-element-b32669b e-con-full e-flex elementor-invisible e-con e-child\" data-id=\"b32669b\" data-element_type=\"container\" data-e-type=\"container\" data-settings=\"{&quot;animation&quot;:&quot;fadeInUp&quot;}\">\n\t\t\t\t<div class=\"elementor-element elementor-element-cd15d65 elementor-widget__width-inherit elementor-widget-mobile__width-inherit elementor-widget elementor-widget-heading\" data-id=\"cd15d65\" data-element_type=\"widget\" data-e-type=\"widget\" data-widget_type=\"heading.default\">\n\t\t\t\t<div class=\"elementor-widget-container\">\n\t\t\t\t\t<h2 class=\"elementor-heading-title elementor-size-default\">Die Bodenbeschichtung f\u00fcr Ziegenfarmen wird von Malema Coatings installiert<\/h2>\t\t\t\t<\/div>\n\t\t\t\t<\/div>\n\t\t\t\t<div class=\"elementor-element elementor-element-55da845 elementor-widget elementor-widget-text-editor\" data-id=\"55da845\" data-element_type=\"widget\" data-e-type=\"widget\" data-widget_type=\"text-editor.default\">\n\t\t\t\t<div class=\"elementor-widget-container\">\n\t\t\t\t\t\t\t\t\t<p>M\u00f6chten Sie Ihren Ziegenstall mit einem dauerhaften und hygienischen <a href=\"\/de\/bodenbeschichtung\/\"><span style=\"text-decoration: underline;\">Bodenbeschichtung<\/span><\/a>? Malema Coatings liefert fl\u00fcssigkeitsdichte und chemikalienbest\u00e4ndige Beschichtungen, die perfekt auf die Bed\u00fcrfnisse des Agrarsektors abgestimmt sind. Kontaktieren Sie uns f\u00fcr eine unverbindliche Beratung oder fordern Sie sofort ein Angebot an!<\/p>\t\t\t\t\t\t\t\t<\/div>\n\t\t\t\t<\/div>\n\t\t<div class=\"elementor-element elementor-element-3f2dbf4 e-con-full e-flex e-con e-child\" data-id=\"3f2dbf4\" data-element_type=\"container\" data-e-type=\"container\">\n\t\t\t\t<div class=\"elementor-element elementor-element-f04ec73 elementor-widget elementor-widget-button\" data-id=\"f04ec73\" data-element_type=\"widget\" data-e-type=\"widget\" data-widget_type=\"button.default\">\n\t\t\t\t<div class=\"elementor-widget-container\">\n\t\t\t\t\t\t\t\t\t<div class=\"elementor-button-wrapper\">\n\t\t\t\t\t<a class=\"elementor-button elementor-button-link elementor-size-sm\" href=\"\/de\/ein-angebot-anfordern\/\">\n\t\t\t\t\t\t<span class=\"elementor-button-content-wrapper\">\n\t\t\t\t\t\t\t\t\t<span class=\"elementor-button-text\">Angebot anfordern<\/span>\n\t\t\t\t\t<\/span>\n\t\t\t\t\t<\/a>\n\t\t\t\t<\/div>\n\t\t\t\t\t\t\t\t<\/div>\n\t\t\t\t<\/div>\n\t\t\t\t<div class=\"elementor-element elementor-element-967292b bounce-text elementor-widget elementor-widget-text-editor\" data-id=\"967292b\" data-element_type=\"widget\" data-e-type=\"widget\" data-widget_type=\"text-editor.default\">\n\t\t\t\t<div class=\"elementor-widget-container\">\n\t\t\t\t\t\t\t\t\t<span class=\"vaste-buttontekst\"><\/span>\t\t\t\t\t\t\t\t<\/div>\n\t\t\t\t<\/div>\n\t\t\t\t<\/div>\n\t\t\t\t<\/div>\n\t\t\t\t\t<\/div>\n\t\t\t\t<\/div>\n\t\t\t\t<\/div>","protected":false},"excerpt":{"rendered":"<p>Geitenhouderij Offerte aanvragen Hygi\u00ebnische coatingvloeren voor de geitenhouderij Een hygi\u00ebnische en onderhoudsvriendelijke vloer is essentieel in de geitenhouderij. Onze coatingvloeren zorgen voor een naadloze afwerking, waardoor infectiedruk wordt verlaagd en de leefomgeving voor uw geiten wordt geoptimaliseerd. Dankzij de vloeistofdichte en chemisch bestendige eigenschappen voldoet uw stal aan de strengste hygi\u00ebnenormen. Duurzame en effici\u00ebnte vloeroplossing [&hellip;]<\/p>\n","protected":false},"author":1,"featured_media":0,"parent":302,"menu_order":0,"comment_status":"closed","ping_status":"closed","template":"","meta":{"footnotes":""},"class_list":["post-1198","page","type-page","status-publish","hentry"],"_links":{"self":[{"href":"https:\/\/malemacoatings.nl\/de\/wp-json\/wp\/v2\/pages\/1198","targetHints":{"allow":["GET"]}}],"collection":[{"href":"https:\/\/malemacoatings.nl\/de\/wp-json\/wp\/v2\/pages"}],"about":[{"href":"https:\/\/malemacoatings.nl\/de\/wp-json\/wp\/v2\/types\/page"}],"author":[{"embeddable":true,"href":"https:\/\/malemacoatings.nl\/de\/wp-json\/wp\/v2\/users\/1"}],"replies":[{"embeddable":true,"href":"https:\/\/malemacoatings.nl\/de\/wp-json\/wp\/v2\/comments?post=1198"}],"version-history":[{"count":0,"href":"https:\/\/malemacoatings.nl\/de\/wp-json\/wp\/v2\/pages\/1198\/revisions"}],"up":[{"embeddable":true,"href":"https:\/\/malemacoatings.nl\/de\/wp-json\/wp\/v2\/pages\/302"}],"wp:attachment":[{"href":"https:\/\/malemacoatings.nl\/de\/wp-json\/wp\/v2\/media?parent=1198"}],"curies":[{"name":"wp","href":"https:\/\/api.w.org\/{rel}","templated":true}]}}