{"id":1184,"date":"2025-02-27T14:11:24","date_gmt":"2025-02-27T14:11:24","guid":{"rendered":"https:\/\/malemacoatings.nl\/?page_id=1184"},"modified":"2026-04-16T12:40:49","modified_gmt":"2026-04-16T12:40:49","slug":"schweinefarm","status":"publish","type":"page","link":"https:\/\/malemacoatings.nl\/de\/toepassingen\/agrarische-sector\/varkenshouderij\/","title":{"rendered":"Schweinehaltung"},"content":{"rendered":"<div data-elementor-type=\"wp-page\" data-elementor-id=\"1184\" class=\"elementor elementor-1184\" data-elementor-post-type=\"page\">\n\t\t\t\t<div class=\"elementor-element elementor-element-647a314 e-flex e-con-boxed e-con e-parent\" data-id=\"647a314\" data-element_type=\"container\" data-e-type=\"container\" data-settings=\"{&quot;background_background&quot;:&quot;classic&quot;}\">\n\t\t\t\t\t<div class=\"e-con-inner\">\n\t\t<div class=\"elementor-element elementor-element-f27f8cc e-con-full e-flex elementor-invisible e-con e-child\" data-id=\"f27f8cc\" data-element_type=\"container\" data-e-type=\"container\" data-settings=\"{&quot;animation&quot;:&quot;fadeIn&quot;}\">\n\t\t\t\t<div class=\"elementor-element elementor-element-5c55199 animated-slow elementor-invisible elementor-widget elementor-widget-heading\" data-id=\"5c55199\" data-element_type=\"widget\" data-e-type=\"widget\" data-settings=\"{&quot;_animation&quot;:&quot;fadeIn&quot;}\" data-widget_type=\"heading.default\">\n\t\t\t\t<div class=\"elementor-widget-container\">\n\t\t\t\t\t<h1 class=\"elementor-heading-title elementor-size-default\">Schweinehaltung<\/h1>\t\t\t\t<\/div>\n\t\t\t\t<\/div>\n\t\t<div class=\"elementor-element elementor-element-72f0f5b e-con-full e-flex e-con e-child\" data-id=\"72f0f5b\" data-element_type=\"container\" data-e-type=\"container\">\n\t\t\t\t<div class=\"elementor-element elementor-element-cf32e5c animated-slow elementor-invisible elementor-widget elementor-widget-button\" data-id=\"cf32e5c\" data-element_type=\"widget\" data-e-type=\"widget\" data-settings=\"{&quot;_animation&quot;:&quot;fadeIn&quot;}\" data-widget_type=\"button.default\">\n\t\t\t\t<div class=\"elementor-widget-container\">\n\t\t\t\t\t\t\t\t\t<div class=\"elementor-button-wrapper\">\n\t\t\t\t\t<a class=\"elementor-button elementor-button-link elementor-size-sm\" href=\"\/de\/ein-angebot-anfordern\/\">\n\t\t\t\t\t\t<span class=\"elementor-button-content-wrapper\">\n\t\t\t\t\t\t\t\t\t<span class=\"elementor-button-text\">Angebot anfordern<\/span>\n\t\t\t\t\t<\/span>\n\t\t\t\t\t<\/a>\n\t\t\t\t<\/div>\n\t\t\t\t\t\t\t\t<\/div>\n\t\t\t\t<\/div>\n\t\t\t\t<div class=\"elementor-element elementor-element-1b9c114 bounce-text elementor-widget elementor-widget-text-editor\" data-id=\"1b9c114\" data-element_type=\"widget\" data-e-type=\"widget\" data-widget_type=\"text-editor.default\">\n\t\t\t\t<div class=\"elementor-widget-container\">\n\t\t\t\t\t\t\t\t\t<span class=\"vaste-buttontekst\"><\/span>\t\t\t\t\t\t\t\t<\/div>\n\t\t\t\t<\/div>\n\t\t\t\t<\/div>\n\t\t\t\t<\/div>\n\t\t\t\t\t<\/div>\n\t\t\t\t<\/div>\n\t\t<div class=\"elementor-element elementor-element-75b2c14 e-flex e-con-boxed e-con e-parent\" data-id=\"75b2c14\" data-element_type=\"container\" data-e-type=\"container\">\n\t\t\t\t\t<div class=\"e-con-inner\">\n\t\t\t\t\t<\/div>\n\t\t\t\t<\/div>\n\t\t<div class=\"elementor-element elementor-element-4f19d38 e-flex e-con-boxed e-con e-parent\" data-id=\"4f19d38\" data-element_type=\"container\" data-e-type=\"container\" data-settings=\"{&quot;background_background&quot;:&quot;classic&quot;}\">\n\t\t\t\t\t<div class=\"e-con-inner\">\n\t\t<div class=\"elementor-element elementor-element-a089829 e-con-full elementor-hidden-tablet e-flex elementor-invisible e-con e-child\" data-id=\"a089829\" data-element_type=\"container\" data-e-type=\"container\" data-settings=\"{&quot;animation&quot;:&quot;fadeInUp&quot;}\">\n\t\t\t\t<div class=\"elementor-element elementor-element-9ec6b2e schaduw elementor-widget elementor-widget-image\" data-id=\"9ec6b2e\" data-element_type=\"widget\" data-e-type=\"widget\" data-widget_type=\"image.default\">\n\t\t\t\t<div class=\"elementor-widget-container\">\n\t\t\t\t\t\t\t\t\t\t\t\t\t\t\t<img fetchpriority=\"high\" decoding=\"async\" width=\"500\" height=\"500\" src=\"https:\/\/malemacoatings.nl\/wp-content\/uploads\/2025\/02\/Ontwerp-zonder-titel-47.png\" class=\"attachment-large size-large wp-image-520\" alt=\"Epoxidbeschichtung Schweinehaltung\" srcset=\"https:\/\/malemacoatings.nl\/wp-content\/uploads\/2025\/02\/Ontwerp-zonder-titel-47.png 500w, https:\/\/malemacoatings.nl\/wp-content\/uploads\/2025\/02\/Ontwerp-zonder-titel-47-300x300.png 300w, https:\/\/malemacoatings.nl\/wp-content\/uploads\/2025\/02\/Ontwerp-zonder-titel-47-150x150.png 150w\" sizes=\"(max-width: 500px) 100vw, 500px\" \/>\t\t\t\t\t\t\t\t\t\t\t\t\t\t\t<\/div>\n\t\t\t\t<\/div>\n\t\t\t\t<\/div>\n\t\t<div class=\"elementor-element elementor-element-aeeabd2 e-con-full e-flex elementor-invisible e-con e-child\" data-id=\"aeeabd2\" data-element_type=\"container\" data-e-type=\"container\" data-settings=\"{&quot;animation&quot;:&quot;fadeInUp&quot;}\">\n\t\t\t\t<div class=\"elementor-element elementor-element-f1b0398 elementor-widget__width-initial elementor-widget-mobile__width-inherit elementor-widget elementor-widget-heading\" data-id=\"f1b0398\" data-element_type=\"widget\" data-e-type=\"widget\" data-widget_type=\"heading.default\">\n\t\t\t\t<div class=\"elementor-widget-container\">\n\t\t\t\t\t<h2 class=\"elementor-heading-title elementor-size-default\">Hygienische Bodenbeschichtung f\u00fcr die Schweinehaltung<\/h2>\t\t\t\t<\/div>\n\t\t\t\t<\/div>\n\t\t\t\t<div class=\"elementor-element elementor-element-20eb1cf elementor-widget elementor-widget-text-editor\" data-id=\"20eb1cf\" data-element_type=\"widget\" data-e-type=\"widget\" data-widget_type=\"text-editor.default\">\n\t\t\t\t<div class=\"elementor-widget-container\">\n\t\t\t\t\t\t\t\t\t<p>A <a href=\"\/de\/bodenbeschichtung\/pmma-etage\/\"><span style=\"text-decoration: underline;\">hygienischer und pflegeleichter Boden<\/span><\/a> ist in der Schweinehaltung unerl\u00e4sslich. Unsere Beschichtungsb\u00f6den bieten eine nahtlose Oberfl\u00e4che, reduzieren den Infektionsdruck und optimieren das Lebensumfeld Ihrer Schweine. Dank der fl\u00fcssigkeitsdichten und chemikalienbest\u00e4ndigen Eigenschaften wird Ihr Stall den strengsten Hygienestandards gerecht.<\/p>\t\t\t\t\t\t\t\t<\/div>\n\t\t\t\t<\/div>\n\t\t\t\t<\/div>\n\t\t\t\t\t<\/div>\n\t\t\t\t<\/div>\n\t\t<div class=\"elementor-element elementor-element-15c32c4 e-flex e-con-boxed e-con e-parent\" data-id=\"15c32c4\" data-element_type=\"container\" data-e-type=\"container\" data-settings=\"{&quot;background_background&quot;:&quot;classic&quot;}\">\n\t\t\t\t\t<div class=\"e-con-inner\">\n\t\t<div class=\"elementor-element elementor-element-b1ff656 e-con-full e-flex elementor-invisible e-con e-child\" data-id=\"b1ff656\" data-element_type=\"container\" data-e-type=\"container\" data-settings=\"{&quot;animation&quot;:&quot;fadeInUp&quot;}\">\n\t\t\t\t<div class=\"elementor-element elementor-element-f2f590a elementor-widget__width-initial elementor-widget-mobile__width-inherit elementor-widget elementor-widget-heading\" data-id=\"f2f590a\" data-element_type=\"widget\" data-e-type=\"widget\" data-widget_type=\"heading.default\">\n\t\t\t\t<div class=\"elementor-widget-container\">\n\t\t\t\t\t<h2 class=\"elementor-heading-title elementor-size-default\">Langlebige und effiziente Bodenbelagsl\u00f6sung<\/h2>\t\t\t\t<\/div>\n\t\t\t\t<\/div>\n\t\t\t\t<div class=\"elementor-element elementor-element-0c8eb89 elementor-widget elementor-widget-text-editor\" data-id=\"0c8eb89\" data-element_type=\"widget\" data-e-type=\"widget\" data-widget_type=\"text-editor.default\">\n\t\t\t\t<div class=\"elementor-widget-container\">\n\t\t\t\t\t\t\t\t\tBetonb\u00f6den in Schweinest\u00e4llen werden mit der Zeit por\u00f6s, so dass sich Keime und Feuchtigkeit ansammeln k\u00f6nnen. Unsere beschichteten B\u00f6den bieten eine dauerhafte L\u00f6sung, die das Eindringen von Schadstoffen in den Untergrund verhindert. Dies tr\u00e4gt zu einer ges\u00fcnderen Stallumgebung und einem h\u00f6heren Betriebsgewinn bei.\t\t\t\t\t\t\t\t<\/div>\n\t\t\t\t<\/div>\n\t\t\t\t<\/div>\n\t\t<div class=\"elementor-element elementor-element-de8ea44 e-con-full e-flex elementor-invisible e-con e-child\" data-id=\"de8ea44\" data-element_type=\"container\" data-e-type=\"container\" data-settings=\"{&quot;background_background&quot;:&quot;classic&quot;,&quot;animation&quot;:&quot;fadeInUp&quot;}\">\n\t\t\t\t<div class=\"elementor-element elementor-element-9887049 elementor-widget__width-initial elementor-widget-mobile__width-inherit elementor-widget elementor-widget-heading\" data-id=\"9887049\" data-element_type=\"widget\" data-e-type=\"widget\" data-widget_type=\"heading.default\">\n\t\t\t\t<div class=\"elementor-widget-container\">\n\t\t\t\t\t<h3 class=\"elementor-heading-title elementor-size-default\">Vorteile<\/h3>\t\t\t\t<\/div>\n\t\t\t\t<\/div>\n\t\t\t\t<div class=\"elementor-element elementor-element-2c3a5cd elementor-widget elementor-widget-text-editor\" data-id=\"2c3a5cd\" data-element_type=\"widget\" data-e-type=\"widget\" data-widget_type=\"text-editor.default\">\n\t\t\t\t<div class=\"elementor-widget-container\">\n\t\t\t\t\t\t\t\t\t<p class=\"cvGsUA direction-ltr align-start para-style-body\"><span class=\"OYPEnA font-feature-liga-off font-feature-clig-off font-feature-calt-off text-decoration-none text-strikethrough-none\" style=\"color: #ffffff;\">\u2714 <\/span>Starke Belastung<\/p><p><span class=\"OYPEnA font-feature-liga-off font-feature-clig-off font-feature-calt-off text-decoration-none text-strikethrough-none\" style=\"color: #ffffff;\">\u2714 <\/span>Hygienisch<\/p><p><span class=\"OYPEnA font-feature-liga-off font-feature-clig-off font-feature-calt-off text-decoration-none text-strikethrough-none\" style=\"color: #ffffff;\">\u2714 <\/span><span class=\"OYPEnA font-feature-liga-off font-feature-clig-off font-feature-calt-off text-decoration-none text-strikethrough-none\">Chemikalienbest\u00e4ndig<\/span><\/p><p><span class=\"OYPEnA font-feature-liga-off font-feature-clig-off font-feature-calt-off text-decoration-none text-strikethrough-none\" style=\"color: #ffffff;\">\u2714 <\/span>Fl\u00fcssigkeitsdicht<\/p>\t\t\t\t\t\t\t\t<\/div>\n\t\t\t\t<\/div>\n\t\t\t\t<\/div>\n\t\t\t\t\t<\/div>\n\t\t\t\t<\/div>\n\t\t<div class=\"elementor-element elementor-element-94e05cf e-flex e-con-boxed e-con e-parent\" data-id=\"94e05cf\" data-element_type=\"container\" data-e-type=\"container\" data-settings=\"{&quot;background_background&quot;:&quot;classic&quot;}\">\n\t\t\t\t\t<div class=\"e-con-inner\">\n\t\t<div class=\"elementor-element elementor-element-b89473d e-con-full elementor-hidden-tablet e-flex elementor-invisible e-con e-child\" data-id=\"b89473d\" data-element_type=\"container\" data-e-type=\"container\" data-settings=\"{&quot;animation&quot;:&quot;fadeInUp&quot;}\">\n\t\t\t\t<div class=\"elementor-element elementor-element-99f34b6 schaduw elementor-widget elementor-widget-image\" data-id=\"99f34b6\" data-element_type=\"widget\" data-e-type=\"widget\" data-widget_type=\"image.default\">\n\t\t\t\t<div class=\"elementor-widget-container\">\n\t\t\t\t\t\t\t\t\t\t\t\t\t\t\t<img decoding=\"async\" width=\"500\" height=\"500\" data-src=\"https:\/\/malemacoatings.nl\/wp-content\/uploads\/2025\/02\/Ontwerp-zonder-titel-48.png\" class=\"attachment-large size-large wp-image-531 lazyload\" alt=\"Epoxid-Wandbeschichtung Schweinezucht Zentraler Korridor\" data-srcset=\"https:\/\/malemacoatings.nl\/wp-content\/uploads\/2025\/02\/Ontwerp-zonder-titel-48.png 500w, https:\/\/malemacoatings.nl\/wp-content\/uploads\/2025\/02\/Ontwerp-zonder-titel-48-300x300.png 300w, https:\/\/malemacoatings.nl\/wp-content\/uploads\/2025\/02\/Ontwerp-zonder-titel-48-150x150.png 150w\" data-sizes=\"(max-width: 500px) 100vw, 500px\" src=\"data:image\/svg+xml;base64,PHN2ZyB3aWR0aD0iMSIgaGVpZ2h0PSIxIiB4bWxucz0iaHR0cDovL3d3dy53My5vcmcvMjAwMC9zdmciPjwvc3ZnPg==\" style=\"--smush-placeholder-width: 500px; --smush-placeholder-aspect-ratio: 500\/500;\" \/>\t\t\t\t\t\t\t\t\t\t\t\t\t\t\t<\/div>\n\t\t\t\t<\/div>\n\t\t\t\t<\/div>\n\t\t<div class=\"elementor-element elementor-element-a4b21d0 e-con-full e-flex elementor-invisible e-con e-child\" data-id=\"a4b21d0\" data-element_type=\"container\" data-e-type=\"container\" data-settings=\"{&quot;animation&quot;:&quot;fadeInUp&quot;}\">\n\t\t\t\t<div class=\"elementor-element elementor-element-015eb67 elementor-widget__width-initial elementor-widget-mobile__width-inherit elementor-widget elementor-widget-heading\" data-id=\"015eb67\" data-element_type=\"widget\" data-e-type=\"widget\" data-widget_type=\"heading.default\">\n\t\t\t\t<div class=\"elementor-widget-container\">\n\t\t\t\t\t<h2 class=\"elementor-heading-title elementor-size-default\">Mechanisch und chemisch best\u00e4ndig<\/h2>\t\t\t\t<\/div>\n\t\t\t\t<\/div>\n\t\t\t\t<div class=\"elementor-element elementor-element-696f859 elementor-widget elementor-widget-text-editor\" data-id=\"696f859\" data-element_type=\"widget\" data-e-type=\"widget\" data-widget_type=\"text-editor.default\">\n\t\t\t\t<div class=\"elementor-widget-container\">\n\t\t\t\t\t\t\t\t\tUnsere Beschichtungsb\u00f6den bieten eine hohe mechanische und chemische Widerstandsf\u00e4higkeit und minimieren so den Verschlei\u00df und die Besch\u00e4digung des Bodens. Sie eignen sich f\u00fcr den Einsatz in Ferkelnestern, Mastschweinest\u00e4llen, Futterrutschensystemen und technischen Bereichen. Wir k\u00f6nnen auch Gitterroste und W\u00e4nde beschichten, so dass Sie von einer absolut hygienischen Oberfl\u00e4che profitieren.\t\t\t\t\t\t\t\t<\/div>\n\t\t\t\t<\/div>\n\t\t\t\t<\/div>\n\t\t\t\t\t<\/div>\n\t\t\t\t<\/div>\n\t\t<div class=\"elementor-element elementor-element-5baf7f9 e-flex e-con-boxed e-con e-parent\" data-id=\"5baf7f9\" data-element_type=\"container\" data-e-type=\"container\" data-settings=\"{&quot;background_background&quot;:&quot;gradient&quot;}\">\n\t\t\t\t\t<div class=\"e-con-inner\">\n\t\t<div class=\"elementor-element elementor-element-a8cc701 e-con-full e-flex elementor-invisible e-con e-child\" data-id=\"a8cc701\" data-element_type=\"container\" data-e-type=\"container\" data-settings=\"{&quot;animation&quot;:&quot;fadeInUp&quot;}\">\n\t\t\t\t<div class=\"elementor-element elementor-element-869a52e elementor-widget elementor-widget-heading\" data-id=\"869a52e\" data-element_type=\"widget\" data-e-type=\"widget\" data-widget_type=\"heading.default\">\n\t\t\t\t<div class=\"elementor-widget-container\">\n\t\t\t\t\t<h2 class=\"elementor-heading-title elementor-size-default\">Schnelle Installation und nahtloser Abschluss<\/h2>\t\t\t\t<\/div>\n\t\t\t\t<\/div>\n\t\t\t\t<div class=\"elementor-element elementor-element-c28c35d elementor-widget elementor-widget-text-editor\" data-id=\"c28c35d\" data-element_type=\"widget\" data-e-type=\"widget\" data-widget_type=\"text-editor.default\">\n\t\t\t\t<div class=\"elementor-widget-container\">\n\t\t\t\t\t\t\t\t\t<p>Wir k\u00f6nnen Ihnen Ihr <a href=\"\/de\/bodenbeschichtung\/boden-nivellieren-lassen\/\"><span style=\"text-decoration: underline;\">Nivellierung eines bestehenden Betonbodens<\/span><\/a> bevor wir die Beschichtung auftragen, um einen glatten und festen Untergrund zu gew\u00e4hrleisten. Dank unserer effizienten Arbeitsmethode ist Ihr Stall schnell wieder einsatzbereit. Die fugenlose Oberfl\u00e4che verhindert die Ansammlung von Schmutz und Feuchtigkeit und verbessert die Hygiene erheblich.<\/p>\t\t\t\t\t\t\t\t<\/div>\n\t\t\t\t<\/div>\n\t\t\t\t<\/div>\n\t\t\t\t\t<\/div>\n\t\t\t\t<\/div>\n\t\t<div class=\"elementor-element elementor-element-2ef3b24 e-flex e-con-boxed e-con e-parent\" data-id=\"2ef3b24\" data-element_type=\"container\" data-e-type=\"container\" data-settings=\"{&quot;background_background&quot;:&quot;classic&quot;}\">\n\t\t\t\t\t<div class=\"e-con-inner\">\n\t\t<div class=\"elementor-element elementor-element-7ad26b3 e-con-full e-flex elementor-invisible e-con e-child\" data-id=\"7ad26b3\" data-element_type=\"container\" data-e-type=\"container\" data-settings=\"{&quot;animation&quot;:&quot;fadeInUp&quot;}\">\n\t\t\t\t<div class=\"elementor-element elementor-element-f49a894 elementor-widget__width-inherit elementor-widget-mobile__width-inherit elementor-widget elementor-widget-heading\" data-id=\"f49a894\" data-element_type=\"widget\" data-e-type=\"widget\" data-widget_type=\"heading.default\">\n\t\t\t\t<div class=\"elementor-widget-container\">\n\t\t\t\t\t<h2 class=\"elementor-heading-title elementor-size-default\">Lassen Sie die Bodenbeschichtung f\u00fcr Schweinest\u00e4lle von Malema Coatings installieren<\/h2>\t\t\t\t<\/div>\n\t\t\t\t<\/div>\n\t\t\t\t<div class=\"elementor-element elementor-element-30ecd97 elementor-widget elementor-widget-text-editor\" data-id=\"30ecd97\" data-element_type=\"widget\" data-e-type=\"widget\" data-widget_type=\"text-editor.default\">\n\t\t\t\t<div class=\"elementor-widget-container\">\n\t\t\t\t\t\t\t\t\t<p>M\u00f6chten Sie Ihren Schweinestall mit einem dauerhaften und hygienischen <a href=\"\/de\/bodenbeschichtung\/\"><span style=\"text-decoration: underline;\">Bodenbeschichtung<\/span><\/a>? Malema Coatings liefert fl\u00fcssigkeitsdichte und chemikalienbest\u00e4ndige Beschichtungen, die perfekt auf die Bed\u00fcrfnisse des Agrarsektors abgestimmt sind. Kontaktieren Sie uns f\u00fcr eine unverbindliche Beratung oder fordern Sie sofort ein Angebot an!<\/p>\t\t\t\t\t\t\t\t<\/div>\n\t\t\t\t<\/div>\n\t\t<div class=\"elementor-element elementor-element-255cedc e-con-full e-flex e-con e-child\" data-id=\"255cedc\" data-element_type=\"container\" data-e-type=\"container\">\n\t\t\t\t<div class=\"elementor-element elementor-element-df861b9 elementor-widget elementor-widget-button\" data-id=\"df861b9\" data-element_type=\"widget\" data-e-type=\"widget\" data-widget_type=\"button.default\">\n\t\t\t\t<div class=\"elementor-widget-container\">\n\t\t\t\t\t\t\t\t\t<div class=\"elementor-button-wrapper\">\n\t\t\t\t\t<a class=\"elementor-button elementor-button-link elementor-size-sm\" href=\"\/de\/ein-angebot-anfordern\/\">\n\t\t\t\t\t\t<span class=\"elementor-button-content-wrapper\">\n\t\t\t\t\t\t\t\t\t<span class=\"elementor-button-text\">Angebot anfordern<\/span>\n\t\t\t\t\t<\/span>\n\t\t\t\t\t<\/a>\n\t\t\t\t<\/div>\n\t\t\t\t\t\t\t\t<\/div>\n\t\t\t\t<\/div>\n\t\t\t\t<div class=\"elementor-element elementor-element-4fd4716 bounce-text elementor-widget elementor-widget-text-editor\" data-id=\"4fd4716\" data-element_type=\"widget\" data-e-type=\"widget\" data-widget_type=\"text-editor.default\">\n\t\t\t\t<div class=\"elementor-widget-container\">\n\t\t\t\t\t\t\t\t\t<span class=\"vaste-buttontekst\"><\/span>\t\t\t\t\t\t\t\t<\/div>\n\t\t\t\t<\/div>\n\t\t\t\t<\/div>\n\t\t\t\t<\/div>\n\t\t\t\t\t<\/div>\n\t\t\t\t<\/div>\n\t\t\t\t<\/div>","protected":false},"excerpt":{"rendered":"<p>Varkenshouderij Offerte aanvragen Hygi\u00ebnische coatingvloeren voor de varkenshouderij Een hygi\u00ebnische en onderhoudsvriendelijke vloer is essentieel in de varkenshouderij. Onze coatingvloeren zorgen voor een naadloze afwerking, waardoor infectiedruk wordt verlaagd en de leefomgeving voor uw varkens wordt geoptimaliseerd. Dankzij de vloeistofdichte en chemisch bestendige eigenschappen voldoet uw stal aan de strengste hygi\u00ebnenormen. Duurzame en effici\u00ebnte vloeroplossing [&hellip;]<\/p>\n","protected":false},"author":1,"featured_media":0,"parent":302,"menu_order":0,"comment_status":"closed","ping_status":"closed","template":"","meta":{"footnotes":""},"class_list":["post-1184","page","type-page","status-publish","hentry"],"_links":{"self":[{"href":"https:\/\/malemacoatings.nl\/de\/wp-json\/wp\/v2\/pages\/1184","targetHints":{"allow":["GET"]}}],"collection":[{"href":"https:\/\/malemacoatings.nl\/de\/wp-json\/wp\/v2\/pages"}],"about":[{"href":"https:\/\/malemacoatings.nl\/de\/wp-json\/wp\/v2\/types\/page"}],"author":[{"embeddable":true,"href":"https:\/\/malemacoatings.nl\/de\/wp-json\/wp\/v2\/users\/1"}],"replies":[{"embeddable":true,"href":"https:\/\/malemacoatings.nl\/de\/wp-json\/wp\/v2\/comments?post=1184"}],"version-history":[{"count":0,"href":"https:\/\/malemacoatings.nl\/de\/wp-json\/wp\/v2\/pages\/1184\/revisions"}],"up":[{"embeddable":true,"href":"https:\/\/malemacoatings.nl\/de\/wp-json\/wp\/v2\/pages\/302"}],"wp:attachment":[{"href":"https:\/\/malemacoatings.nl\/de\/wp-json\/wp\/v2\/media?parent=1184"}],"curies":[{"name":"wp","href":"https:\/\/api.w.org\/{rel}","templated":true}]}}