{"id":1150,"date":"2025-02-27T13:51:49","date_gmt":"2025-02-27T13:51:49","guid":{"rendered":"https:\/\/malemacoatings.nl\/?page_id=1150"},"modified":"2026-04-16T12:41:34","modified_gmt":"2026-04-16T12:41:34","slug":"geflugelfarm","status":"publish","type":"page","link":"https:\/\/malemacoatings.nl\/de\/toepassingen\/agrarische-sector\/pluimveehouderij\/","title":{"rendered":"Gefl\u00fcgelzucht"},"content":{"rendered":"<div data-elementor-type=\"wp-page\" data-elementor-id=\"1150\" class=\"elementor elementor-1150\" data-elementor-post-type=\"page\">\n\t\t\t\t<div class=\"elementor-element elementor-element-27e5c17 e-flex e-con-boxed e-con e-parent\" data-id=\"27e5c17\" data-element_type=\"container\" data-e-type=\"container\" data-settings=\"{&quot;background_background&quot;:&quot;classic&quot;}\">\n\t\t\t\t\t<div class=\"e-con-inner\">\n\t\t<div class=\"elementor-element elementor-element-1bb9856 e-con-full e-flex elementor-invisible e-con e-child\" data-id=\"1bb9856\" data-element_type=\"container\" data-e-type=\"container\" data-settings=\"{&quot;animation&quot;:&quot;fadeIn&quot;}\">\n\t\t\t\t<div class=\"elementor-element elementor-element-8424837 animated-slow elementor-invisible elementor-widget elementor-widget-heading\" data-id=\"8424837\" data-element_type=\"widget\" data-e-type=\"widget\" data-settings=\"{&quot;_animation&quot;:&quot;fadeIn&quot;}\" data-widget_type=\"heading.default\">\n\t\t\t\t<div class=\"elementor-widget-container\">\n\t\t\t\t\t<h1 class=\"elementor-heading-title elementor-size-default\">Gefl\u00fcgelzucht<\/h1>\t\t\t\t<\/div>\n\t\t\t\t<\/div>\n\t\t<div class=\"elementor-element elementor-element-c6d058b e-con-full e-flex e-con e-child\" data-id=\"c6d058b\" data-element_type=\"container\" data-e-type=\"container\">\n\t\t\t\t<div class=\"elementor-element elementor-element-bacf1bf animated-slow elementor-invisible elementor-widget elementor-widget-button\" data-id=\"bacf1bf\" data-element_type=\"widget\" data-e-type=\"widget\" data-settings=\"{&quot;_animation&quot;:&quot;fadeIn&quot;}\" data-widget_type=\"button.default\">\n\t\t\t\t<div class=\"elementor-widget-container\">\n\t\t\t\t\t\t\t\t\t<div class=\"elementor-button-wrapper\">\n\t\t\t\t\t<a class=\"elementor-button elementor-button-link elementor-size-sm\" href=\"\/de\/ein-angebot-anfordern\/\">\n\t\t\t\t\t\t<span class=\"elementor-button-content-wrapper\">\n\t\t\t\t\t\t\t\t\t<span class=\"elementor-button-text\">Angebot anfordern<\/span>\n\t\t\t\t\t<\/span>\n\t\t\t\t\t<\/a>\n\t\t\t\t<\/div>\n\t\t\t\t\t\t\t\t<\/div>\n\t\t\t\t<\/div>\n\t\t\t\t<div class=\"elementor-element elementor-element-13fe76d bounce-text elementor-widget elementor-widget-text-editor\" data-id=\"13fe76d\" data-element_type=\"widget\" data-e-type=\"widget\" data-widget_type=\"text-editor.default\">\n\t\t\t\t<div class=\"elementor-widget-container\">\n\t\t\t\t\t\t\t\t\t<span class=\"vaste-buttontekst\"><\/span>\t\t\t\t\t\t\t\t<\/div>\n\t\t\t\t<\/div>\n\t\t\t\t<\/div>\n\t\t\t\t<\/div>\n\t\t\t\t\t<\/div>\n\t\t\t\t<\/div>\n\t\t<div class=\"elementor-element elementor-element-14ed460 e-flex e-con-boxed e-con e-parent\" data-id=\"14ed460\" data-element_type=\"container\" data-e-type=\"container\">\n\t\t\t\t\t<div class=\"e-con-inner\">\n\t\t\t\t\t<\/div>\n\t\t\t\t<\/div>\n\t\t<div class=\"elementor-element elementor-element-12d800c e-flex e-con-boxed e-con e-parent\" data-id=\"12d800c\" data-element_type=\"container\" data-e-type=\"container\" data-settings=\"{&quot;background_background&quot;:&quot;classic&quot;}\">\n\t\t\t\t\t<div class=\"e-con-inner\">\n\t\t<div class=\"elementor-element elementor-element-971f42b e-con-full elementor-hidden-tablet e-flex elementor-invisible e-con e-child\" data-id=\"971f42b\" data-element_type=\"container\" data-e-type=\"container\" data-settings=\"{&quot;animation&quot;:&quot;fadeInUp&quot;}\">\n\t\t\t\t<div class=\"elementor-element elementor-element-b39ea66 schaduw elementor-widget elementor-widget-image\" data-id=\"b39ea66\" data-element_type=\"widget\" data-e-type=\"widget\" data-widget_type=\"image.default\">\n\t\t\t\t<div class=\"elementor-widget-container\">\n\t\t\t\t\t\t\t\t\t\t\t\t\t\t\t<img fetchpriority=\"high\" decoding=\"async\" width=\"500\" height=\"500\" src=\"https:\/\/malemacoatings.nl\/wp-content\/uploads\/2025\/02\/Coating-vloeren-voor-agrarische-sector.png\" class=\"attachment-large size-large wp-image-121\" alt=\"Beschichtungsb\u00f6den f\u00fcr den Agrarsektor\" srcset=\"https:\/\/malemacoatings.nl\/wp-content\/uploads\/2025\/02\/Coating-vloeren-voor-agrarische-sector.png 500w, https:\/\/malemacoatings.nl\/wp-content\/uploads\/2025\/02\/Coating-vloeren-voor-agrarische-sector-300x300.png 300w, https:\/\/malemacoatings.nl\/wp-content\/uploads\/2025\/02\/Coating-vloeren-voor-agrarische-sector-150x150.png 150w\" sizes=\"(max-width: 500px) 100vw, 500px\" \/>\t\t\t\t\t\t\t\t\t\t\t\t\t\t\t<\/div>\n\t\t\t\t<\/div>\n\t\t\t\t<\/div>\n\t\t<div class=\"elementor-element elementor-element-fb4463b e-con-full e-flex elementor-invisible e-con e-child\" data-id=\"fb4463b\" data-element_type=\"container\" data-e-type=\"container\" data-settings=\"{&quot;animation&quot;:&quot;fadeInUp&quot;}\">\n\t\t\t\t<div class=\"elementor-element elementor-element-489ebe0 elementor-widget__width-initial elementor-widget-mobile__width-inherit elementor-widget elementor-widget-heading\" data-id=\"489ebe0\" data-element_type=\"widget\" data-e-type=\"widget\" data-widget_type=\"heading.default\">\n\t\t\t\t<div class=\"elementor-widget-container\">\n\t\t\t\t\t<h2 class=\"elementor-heading-title elementor-size-default\">Hygienische Bodenbeschichtung f\u00fcr die Gefl\u00fcgelhaltung<\/h2>\t\t\t\t<\/div>\n\t\t\t\t<\/div>\n\t\t\t\t<div class=\"elementor-element elementor-element-38fd491 elementor-widget elementor-widget-text-editor\" data-id=\"38fd491\" data-element_type=\"widget\" data-e-type=\"widget\" data-widget_type=\"text-editor.default\">\n\t\t\t\t<div class=\"elementor-widget-container\">\n\t\t\t\t\t\t\t\t\t<p>Optimale Hygiene ist in der Gefl\u00fcgelzucht entscheidend. Unser <a href=\"\/de\/bodenbeschichtung\/pmma-etage\/\"><span style=\"text-decoration: underline;\">Beschichtung von Fu\u00dfb\u00f6den<\/span><\/a> bieten eine pflegeleichte und nahtlose Oberfl\u00e4che, die Keimen keine Chance l\u00e4sst. Dies tr\u00e4gt zu einem gesunden Lebensumfeld f\u00fcr Ihr Gefl\u00fcgel bei und verringert das Risiko von Infektionen. Die B\u00f6den und W\u00e4nde sind leicht zu reinigen und entsprechen den h\u00f6chsten Hygienestandards.<\/p>\t\t\t\t\t\t\t\t<\/div>\n\t\t\t\t<\/div>\n\t\t\t\t<\/div>\n\t\t\t\t\t<\/div>\n\t\t\t\t<\/div>\n\t\t<div class=\"elementor-element elementor-element-0164040 e-flex e-con-boxed e-con e-parent\" data-id=\"0164040\" data-element_type=\"container\" data-e-type=\"container\" data-settings=\"{&quot;background_background&quot;:&quot;classic&quot;}\">\n\t\t\t\t\t<div class=\"e-con-inner\">\n\t\t<div class=\"elementor-element elementor-element-f42d419 e-con-full e-flex elementor-invisible e-con e-child\" data-id=\"f42d419\" data-element_type=\"container\" data-e-type=\"container\" data-settings=\"{&quot;animation&quot;:&quot;fadeInUp&quot;}\">\n\t\t\t\t<div class=\"elementor-element elementor-element-481bc37 elementor-widget__width-initial elementor-widget-mobile__width-inherit elementor-widget elementor-widget-heading\" data-id=\"481bc37\" data-element_type=\"widget\" data-e-type=\"widget\" data-widget_type=\"heading.default\">\n\t\t\t\t<div class=\"elementor-widget-container\">\n\t\t\t\t\t<h2 class=\"elementor-heading-title elementor-size-default\">Langlebige und effiziente Bodenbelagsl\u00f6sung<\/h2>\t\t\t\t<\/div>\n\t\t\t\t<\/div>\n\t\t\t\t<div class=\"elementor-element elementor-element-341bc51 elementor-widget elementor-widget-text-editor\" data-id=\"341bc51\" data-element_type=\"widget\" data-e-type=\"widget\" data-widget_type=\"text-editor.default\">\n\t\t\t\t<div class=\"elementor-widget-container\">\n\t\t\t\t\t\t\t\t\tEin Betonboden ist chemisch nicht best\u00e4ndig und wird mit der Zeit por\u00f6s, so dass sich Bakterien ansiedeln k\u00f6nnen. Unsere beschichteten B\u00f6den bieten eine dauerhafte L\u00f6sung, die die Lebensdauer Ihres Bodens verl\u00e4ngert und zu einer ges\u00fcnderen Umgebung beitr\u00e4gt. Das Ergebnis ist eine h\u00f6here Wachstumsrate Ihres Gefl\u00fcgels und ein besseres Betriebsergebnis.\t\t\t\t\t\t\t\t<\/div>\n\t\t\t\t<\/div>\n\t\t\t\t<\/div>\n\t\t<div class=\"elementor-element elementor-element-26f4bcb e-con-full e-flex elementor-invisible e-con e-child\" data-id=\"26f4bcb\" data-element_type=\"container\" data-e-type=\"container\" data-settings=\"{&quot;background_background&quot;:&quot;classic&quot;,&quot;animation&quot;:&quot;fadeInUp&quot;}\">\n\t\t\t\t<div class=\"elementor-element elementor-element-5249cc8 elementor-widget__width-initial elementor-widget-mobile__width-inherit elementor-widget elementor-widget-heading\" data-id=\"5249cc8\" data-element_type=\"widget\" data-e-type=\"widget\" data-widget_type=\"heading.default\">\n\t\t\t\t<div class=\"elementor-widget-container\">\n\t\t\t\t\t<h3 class=\"elementor-heading-title elementor-size-default\">Vorteile<\/h3>\t\t\t\t<\/div>\n\t\t\t\t<\/div>\n\t\t\t\t<div class=\"elementor-element elementor-element-15fc14c elementor-widget elementor-widget-text-editor\" data-id=\"15fc14c\" data-element_type=\"widget\" data-e-type=\"widget\" data-widget_type=\"text-editor.default\">\n\t\t\t\t<div class=\"elementor-widget-container\">\n\t\t\t\t\t\t\t\t\t<p class=\"cvGsUA direction-ltr align-start para-style-body\"><span class=\"OYPEnA font-feature-liga-off font-feature-clig-off font-feature-calt-off text-decoration-none text-strikethrough-none\" style=\"color: #ffffff;\">\u2714 <\/span>Starke Belastung<\/p><p><span class=\"OYPEnA font-feature-liga-off font-feature-clig-off font-feature-calt-off text-decoration-none text-strikethrough-none\" style=\"color: #ffffff;\">\u2714 <\/span>Hygienisch<\/p><p><span class=\"OYPEnA font-feature-liga-off font-feature-clig-off font-feature-calt-off text-decoration-none text-strikethrough-none\" style=\"color: #ffffff;\">\u2714 <\/span><span class=\"OYPEnA font-feature-liga-off font-feature-clig-off font-feature-calt-off text-decoration-none text-strikethrough-none\">Chemikalienbest\u00e4ndig<\/span><\/p><p><span class=\"OYPEnA font-feature-liga-off font-feature-clig-off font-feature-calt-off text-decoration-none text-strikethrough-none\" style=\"color: #ffffff;\">\u2714 <\/span>Fl\u00fcssigkeitsdicht<\/p>\t\t\t\t\t\t\t\t<\/div>\n\t\t\t\t<\/div>\n\t\t\t\t<\/div>\n\t\t\t\t\t<\/div>\n\t\t\t\t<\/div>\n\t\t<div class=\"elementor-element elementor-element-158bc67 e-flex e-con-boxed e-con e-parent\" data-id=\"158bc67\" data-element_type=\"container\" data-e-type=\"container\" data-settings=\"{&quot;background_background&quot;:&quot;classic&quot;}\">\n\t\t\t\t\t<div class=\"e-con-inner\">\n\t\t<div class=\"elementor-element elementor-element-9c3c556 e-con-full elementor-hidden-tablet e-flex elementor-invisible e-con e-child\" data-id=\"9c3c556\" data-element_type=\"container\" data-e-type=\"container\" data-settings=\"{&quot;animation&quot;:&quot;fadeInUp&quot;}\">\n\t\t\t\t<div class=\"elementor-element elementor-element-0b63e70 schaduw elementor-widget elementor-widget-image\" data-id=\"0b63e70\" data-element_type=\"widget\" data-e-type=\"widget\" data-widget_type=\"image.default\">\n\t\t\t\t<div class=\"elementor-widget-container\">\n\t\t\t\t\t\t\t\t\t\t\t\t\t\t\t<img decoding=\"async\" width=\"500\" height=\"500\" data-src=\"https:\/\/malemacoatings.nl\/wp-content\/uploads\/2026\/01\/Team-Malema-Coatings.png\" class=\"attachment-large size-large wp-image-2160 lazyload\" alt=\"Mannschaft Malema Coatings\" data-srcset=\"https:\/\/malemacoatings.nl\/wp-content\/uploads\/2026\/01\/Team-Malema-Coatings.png 500w, https:\/\/malemacoatings.nl\/wp-content\/uploads\/2026\/01\/Team-Malema-Coatings-300x300.png 300w, https:\/\/malemacoatings.nl\/wp-content\/uploads\/2026\/01\/Team-Malema-Coatings-150x150.png 150w, https:\/\/malemacoatings.nl\/wp-content\/uploads\/2026\/01\/Team-Malema-Coatings-12x12.png 12w\" data-sizes=\"(max-width: 500px) 100vw, 500px\" src=\"data:image\/svg+xml;base64,PHN2ZyB3aWR0aD0iMSIgaGVpZ2h0PSIxIiB4bWxucz0iaHR0cDovL3d3dy53My5vcmcvMjAwMC9zdmciPjwvc3ZnPg==\" style=\"--smush-placeholder-width: 500px; --smush-placeholder-aspect-ratio: 500\/500;\" \/>\t\t\t\t\t\t\t\t\t\t\t\t\t\t\t<\/div>\n\t\t\t\t<\/div>\n\t\t\t\t<\/div>\n\t\t<div class=\"elementor-element elementor-element-9dcc3e1 e-con-full e-flex elementor-invisible e-con e-child\" data-id=\"9dcc3e1\" data-element_type=\"container\" data-e-type=\"container\" data-settings=\"{&quot;animation&quot;:&quot;fadeInUp&quot;}\">\n\t\t\t\t<div class=\"elementor-element elementor-element-dc36ba9 elementor-widget__width-initial elementor-widget-mobile__width-inherit elementor-widget elementor-widget-heading\" data-id=\"dc36ba9\" data-element_type=\"widget\" data-e-type=\"widget\" data-widget_type=\"heading.default\">\n\t\t\t\t<div class=\"elementor-widget-container\">\n\t\t\t\t\t<h2 class=\"elementor-heading-title elementor-size-default\">100% nahtlose Ausf\u00fchrung f\u00fcr maximale Hygiene<\/h2>\t\t\t\t<\/div>\n\t\t\t\t<\/div>\n\t\t\t\t<div class=\"elementor-element elementor-element-16484ea elementor-widget elementor-widget-text-editor\" data-id=\"16484ea\" data-element_type=\"widget\" data-e-type=\"widget\" data-widget_type=\"text-editor.default\">\n\t\t\t\t<div class=\"elementor-widget-container\">\n\t\t\t\t\t\t\t\t\t<p>Unsere Beschichtungsb\u00f6den und <a href=\"\/de\/bodenbeschichtung\/acryl-wandbeschichtung\/\"><span style=\"text-decoration: underline;\">Wandverkleidungen<\/span><\/a> sind v\u00f6llig nahtlos und verhindern, dass sich Schmutz, Feuchtigkeit und Keime ansammeln. Das macht die Reinigung einfach und <strong>reduziert das Risiko von Infektionen<\/strong>. Die Wahl eines fl\u00fcssigkeitsdichten Anstrichs sorgt daf\u00fcr, dass Ihr Stall langfristig in bestem Zustand bleibt und nur minimale Wartungskosten anfallen.<\/p>\t\t\t\t\t\t\t\t<\/div>\n\t\t\t\t<\/div>\n\t\t\t\t<\/div>\n\t\t\t\t\t<\/div>\n\t\t\t\t<\/div>\n\t\t<div class=\"elementor-element elementor-element-91ff4e7 e-flex e-con-boxed e-con e-parent\" data-id=\"91ff4e7\" data-element_type=\"container\" data-e-type=\"container\" data-settings=\"{&quot;background_background&quot;:&quot;gradient&quot;}\">\n\t\t\t\t\t<div class=\"e-con-inner\">\n\t\t<div class=\"elementor-element elementor-element-02e8505 e-con-full e-flex elementor-invisible e-con e-child\" data-id=\"02e8505\" data-element_type=\"container\" data-e-type=\"container\" data-settings=\"{&quot;animation&quot;:&quot;fadeInUp&quot;}\">\n\t\t\t\t<div class=\"elementor-element elementor-element-9840a81 elementor-widget elementor-widget-heading\" data-id=\"9840a81\" data-element_type=\"widget\" data-e-type=\"widget\" data-widget_type=\"heading.default\">\n\t\t\t\t<div class=\"elementor-widget-container\">\n\t\t\t\t\t<h2 class=\"elementor-heading-title elementor-size-default\">Schnelle Verlegung und Nivellierung des Untergrunds<\/h2>\t\t\t\t<\/div>\n\t\t\t\t<\/div>\n\t\t\t\t<div class=\"elementor-element elementor-element-0a84032 elementor-widget elementor-widget-text-editor\" data-id=\"0a84032\" data-element_type=\"widget\" data-e-type=\"widget\" data-widget_type=\"text-editor.default\">\n\t\t\t\t<div class=\"elementor-widget-container\">\n\t\t\t\t\t\t\t\t\t<p>Um das bestm\u00f6gliche Ergebnis zu erzielen, k\u00f6nnen wir Ihre <a href=\"\/de\/bodenbeschichtung\/boden-nivellieren-lassen\/\"><span style=\"text-decoration: underline;\">Nivellierung eines bestehenden Betonbodens<\/span><\/a> vor dem Auftragen der Beschichtung. Dies gew\u00e4hrleistet eine dichte und dauerhafte Beschichtung, die gegen mechanische und chemische Beanspruchungen resistent ist. Dank unserer effizienten Arbeitsmethoden ist Ihr Gefl\u00fcgelstall schnell wieder einsatzbereit.<\/p>\t\t\t\t\t\t\t\t<\/div>\n\t\t\t\t<\/div>\n\t\t\t\t<\/div>\n\t\t\t\t\t<\/div>\n\t\t\t\t<\/div>\n\t\t<div class=\"elementor-element elementor-element-dcae5c9 e-flex e-con-boxed e-con e-parent\" data-id=\"dcae5c9\" data-element_type=\"container\" data-e-type=\"container\" data-settings=\"{&quot;background_background&quot;:&quot;classic&quot;}\">\n\t\t\t\t\t<div class=\"e-con-inner\">\n\t\t<div class=\"elementor-element elementor-element-38636cf e-con-full e-flex elementor-invisible e-con e-child\" data-id=\"38636cf\" data-element_type=\"container\" data-e-type=\"container\" data-settings=\"{&quot;animation&quot;:&quot;fadeInUp&quot;}\">\n\t\t\t\t<div class=\"elementor-element elementor-element-e8a7281 elementor-widget__width-inherit elementor-widget-mobile__width-inherit elementor-widget elementor-widget-heading\" data-id=\"e8a7281\" data-element_type=\"widget\" data-e-type=\"widget\" data-widget_type=\"heading.default\">\n\t\t\t\t<div class=\"elementor-widget-container\">\n\t\t\t\t\t<h2 class=\"elementor-heading-title elementor-size-default\">Lassen Sie die Bodenbeschichtung f\u00fcr Gefl\u00fcgelfarmen von Malema Coatings installieren<\/h2>\t\t\t\t<\/div>\n\t\t\t\t<\/div>\n\t\t\t\t<div class=\"elementor-element elementor-element-2125a1e elementor-widget elementor-widget-text-editor\" data-id=\"2125a1e\" data-element_type=\"widget\" data-e-type=\"widget\" data-widget_type=\"text-editor.default\">\n\t\t\t\t<div class=\"elementor-widget-container\">\n\t\t\t\t\t\t\t\t\t<p>M\u00f6chten Sie eine hygienische und dauerhafte <a href=\"\/de\/bodenbeschichtung\/\"><span style=\"text-decoration: underline;\">Bodenbeschichtung<\/span><\/a> F\u00fcr Ihre Gefl\u00fcgelfarm? Malema Coatings liefert fl\u00fcssigkeitsdichte und chemikalienbest\u00e4ndige Beschichtungen, die perfekt auf die Bed\u00fcrfnisse des Agrarsektors abgestimmt sind. Kontaktieren Sie uns f\u00fcr eine unverbindliche Beratung oder fordern Sie sofort ein Angebot an!<\/p>\t\t\t\t\t\t\t\t<\/div>\n\t\t\t\t<\/div>\n\t\t<div class=\"elementor-element elementor-element-aac1eda e-con-full e-flex e-con e-child\" data-id=\"aac1eda\" data-element_type=\"container\" data-e-type=\"container\">\n\t\t\t\t<div class=\"elementor-element elementor-element-907f89d elementor-widget elementor-widget-button\" data-id=\"907f89d\" data-element_type=\"widget\" data-e-type=\"widget\" data-widget_type=\"button.default\">\n\t\t\t\t<div class=\"elementor-widget-container\">\n\t\t\t\t\t\t\t\t\t<div class=\"elementor-button-wrapper\">\n\t\t\t\t\t<a class=\"elementor-button elementor-button-link elementor-size-sm\" href=\"\/de\/ein-angebot-anfordern\/\">\n\t\t\t\t\t\t<span class=\"elementor-button-content-wrapper\">\n\t\t\t\t\t\t\t\t\t<span class=\"elementor-button-text\">Angebot anfordern<\/span>\n\t\t\t\t\t<\/span>\n\t\t\t\t\t<\/a>\n\t\t\t\t<\/div>\n\t\t\t\t\t\t\t\t<\/div>\n\t\t\t\t<\/div>\n\t\t\t\t<div class=\"elementor-element elementor-element-6faa70a bounce-text elementor-widget elementor-widget-text-editor\" data-id=\"6faa70a\" data-element_type=\"widget\" data-e-type=\"widget\" data-widget_type=\"text-editor.default\">\n\t\t\t\t<div class=\"elementor-widget-container\">\n\t\t\t\t\t\t\t\t\t<span class=\"vaste-buttontekst\"><\/span>\t\t\t\t\t\t\t\t<\/div>\n\t\t\t\t<\/div>\n\t\t\t\t<\/div>\n\t\t\t\t<\/div>\n\t\t\t\t\t<\/div>\n\t\t\t\t<\/div>\n\t\t\t\t<\/div>","protected":false},"excerpt":{"rendered":"<p>Pluimveehouderij Offerte aanvragen Hygi\u00ebnische coatingvloeren voor de pluimveehouderij Een optimale hygi\u00ebne is cruciaal in de pluimveehouderij. Onze coatingvloeren zorgen voor een onderhoudsvriendelijke en naadloze afwerking, waardoor ziektekiemen geen kans krijgen. Dit draagt bij aan een gezonde leefomgeving voor uw pluimvee en vermindert het risico op besmettingen. De vloeren en wanden zijn eenvoudig schoon te maken [&hellip;]<\/p>\n","protected":false},"author":1,"featured_media":0,"parent":302,"menu_order":0,"comment_status":"closed","ping_status":"closed","template":"","meta":{"footnotes":""},"class_list":["post-1150","page","type-page","status-publish","hentry"],"_links":{"self":[{"href":"https:\/\/malemacoatings.nl\/de\/wp-json\/wp\/v2\/pages\/1150","targetHints":{"allow":["GET"]}}],"collection":[{"href":"https:\/\/malemacoatings.nl\/de\/wp-json\/wp\/v2\/pages"}],"about":[{"href":"https:\/\/malemacoatings.nl\/de\/wp-json\/wp\/v2\/types\/page"}],"author":[{"embeddable":true,"href":"https:\/\/malemacoatings.nl\/de\/wp-json\/wp\/v2\/users\/1"}],"replies":[{"embeddable":true,"href":"https:\/\/malemacoatings.nl\/de\/wp-json\/wp\/v2\/comments?post=1150"}],"version-history":[{"count":0,"href":"https:\/\/malemacoatings.nl\/de\/wp-json\/wp\/v2\/pages\/1150\/revisions"}],"up":[{"embeddable":true,"href":"https:\/\/malemacoatings.nl\/de\/wp-json\/wp\/v2\/pages\/302"}],"wp:attachment":[{"href":"https:\/\/malemacoatings.nl\/de\/wp-json\/wp\/v2\/media?parent=1150"}],"curies":[{"name":"wp","href":"https:\/\/api.w.org\/{rel}","templated":true}]}}