{"id":1112,"date":"2025-02-27T13:04:49","date_gmt":"2025-02-27T13:04:49","guid":{"rendered":"https:\/\/malemacoatings.nl\/?page_id=1112"},"modified":"2026-04-16T12:38:42","modified_gmt":"2026-04-16T12:38:42","slug":"werkstatt-garage-beschichtung","status":"publish","type":"page","link":"https:\/\/malemacoatings.nl\/de\/toepassingen\/automotive\/werkplaats-garage-coating\/","title":{"rendered":"Werkstatt-Garage-Beschichtung"},"content":{"rendered":"<div data-elementor-type=\"wp-page\" data-elementor-id=\"1112\" class=\"elementor elementor-1112\" data-elementor-post-type=\"page\">\n\t\t\t\t<div class=\"elementor-element elementor-element-df0711f e-flex e-con-boxed e-con e-parent\" data-id=\"df0711f\" data-element_type=\"container\" data-e-type=\"container\" data-settings=\"{&quot;background_background&quot;:&quot;classic&quot;}\">\n\t\t\t\t\t<div class=\"e-con-inner\">\n\t\t<div class=\"elementor-element elementor-element-9ef8445 e-con-full e-flex elementor-invisible e-con e-child\" data-id=\"9ef8445\" data-element_type=\"container\" data-e-type=\"container\" data-settings=\"{&quot;animation&quot;:&quot;fadeIn&quot;}\">\n\t\t\t\t<div class=\"elementor-element elementor-element-0cc0c09 animated-slow elementor-invisible elementor-widget elementor-widget-heading\" data-id=\"0cc0c09\" data-element_type=\"widget\" data-e-type=\"widget\" data-settings=\"{&quot;_animation&quot;:&quot;fadeIn&quot;}\" data-widget_type=\"heading.default\">\n\t\t\t\t<div class=\"elementor-widget-container\">\n\t\t\t\t\t<h1 class=\"elementor-heading-title elementor-size-default\">Beschichtung von Werkstatt und Garage<\/h1>\t\t\t\t<\/div>\n\t\t\t\t<\/div>\n\t\t<div class=\"elementor-element elementor-element-426483a e-con-full e-flex e-con e-child\" data-id=\"426483a\" data-element_type=\"container\" data-e-type=\"container\">\n\t\t\t\t<div class=\"elementor-element elementor-element-8c9d118 animated-slow elementor-invisible elementor-widget elementor-widget-button\" data-id=\"8c9d118\" data-element_type=\"widget\" data-e-type=\"widget\" data-settings=\"{&quot;_animation&quot;:&quot;fadeIn&quot;}\" data-widget_type=\"button.default\">\n\t\t\t\t<div class=\"elementor-widget-container\">\n\t\t\t\t\t\t\t\t\t<div class=\"elementor-button-wrapper\">\n\t\t\t\t\t<a class=\"elementor-button elementor-button-link elementor-size-sm\" href=\"\/de\/ein-angebot-anfordern\/\">\n\t\t\t\t\t\t<span class=\"elementor-button-content-wrapper\">\n\t\t\t\t\t\t\t\t\t<span class=\"elementor-button-text\">Angebot anfordern<\/span>\n\t\t\t\t\t<\/span>\n\t\t\t\t\t<\/a>\n\t\t\t\t<\/div>\n\t\t\t\t\t\t\t\t<\/div>\n\t\t\t\t<\/div>\n\t\t\t\t<div class=\"elementor-element elementor-element-c893b20 bounce-text elementor-widget elementor-widget-text-editor\" data-id=\"c893b20\" data-element_type=\"widget\" data-e-type=\"widget\" data-widget_type=\"text-editor.default\">\n\t\t\t\t<div class=\"elementor-widget-container\">\n\t\t\t\t\t\t\t\t\t<span class=\"vaste-buttontekst\"><\/span>\t\t\t\t\t\t\t\t<\/div>\n\t\t\t\t<\/div>\n\t\t\t\t<\/div>\n\t\t\t\t<\/div>\n\t\t\t\t\t<\/div>\n\t\t\t\t<\/div>\n\t\t<div class=\"elementor-element elementor-element-90fec23 e-flex e-con-boxed e-con e-parent\" data-id=\"90fec23\" data-element_type=\"container\" data-e-type=\"container\">\n\t\t\t\t\t<div class=\"e-con-inner\">\n\t\t\t\t\t<\/div>\n\t\t\t\t<\/div>\n\t\t<div class=\"elementor-element elementor-element-3828caf e-flex e-con-boxed e-con e-parent\" data-id=\"3828caf\" data-element_type=\"container\" data-e-type=\"container\" data-settings=\"{&quot;background_background&quot;:&quot;classic&quot;}\">\n\t\t\t\t\t<div class=\"e-con-inner\">\n\t\t<div class=\"elementor-element elementor-element-78b254c e-con-full elementor-hidden-tablet e-flex elementor-invisible e-con e-child\" data-id=\"78b254c\" data-element_type=\"container\" data-e-type=\"container\" data-settings=\"{&quot;animation&quot;:&quot;fadeInUp&quot;}\">\n\t\t\t\t<div class=\"elementor-element elementor-element-d4ce6b2 schaduw elementor-widget elementor-widget-image\" data-id=\"d4ce6b2\" data-element_type=\"widget\" data-e-type=\"widget\" data-widget_type=\"image.default\">\n\t\t\t\t<div class=\"elementor-widget-container\">\n\t\t\t\t\t\t\t\t\t\t\t\t\t\t\t<img fetchpriority=\"high\" decoding=\"async\" width=\"500\" height=\"500\" src=\"https:\/\/malemacoatings.nl\/wp-content\/uploads\/2025\/02\/Coating-vloeren-voor-automotive.png\" class=\"attachment-large size-large wp-image-122\" alt=\"Bodenbeschichtung f\u00fcr Kraftfahrzeuge\" srcset=\"https:\/\/malemacoatings.nl\/wp-content\/uploads\/2025\/02\/Coating-vloeren-voor-automotive.png 500w, https:\/\/malemacoatings.nl\/wp-content\/uploads\/2025\/02\/Coating-vloeren-voor-automotive-300x300.png 300w, https:\/\/malemacoatings.nl\/wp-content\/uploads\/2025\/02\/Coating-vloeren-voor-automotive-150x150.png 150w\" sizes=\"(max-width: 500px) 100vw, 500px\" \/>\t\t\t\t\t\t\t\t\t\t\t\t\t\t\t<\/div>\n\t\t\t\t<\/div>\n\t\t\t\t<\/div>\n\t\t<div class=\"elementor-element elementor-element-7cf9e9a e-con-full e-flex elementor-invisible e-con e-child\" data-id=\"7cf9e9a\" data-element_type=\"container\" data-e-type=\"container\" data-settings=\"{&quot;animation&quot;:&quot;fadeInUp&quot;}\">\n\t\t\t\t<div class=\"elementor-element elementor-element-5ce0dde elementor-widget__width-initial elementor-widget-mobile__width-inherit elementor-widget elementor-widget-heading\" data-id=\"5ce0dde\" data-element_type=\"widget\" data-e-type=\"widget\" data-widget_type=\"heading.default\">\n\t\t\t\t<div class=\"elementor-widget-container\">\n\t\t\t\t\t<h2 class=\"elementor-heading-title elementor-size-default\">Der perfekte Werkstattboden f\u00fcr die Automobilbranche<\/h2>\t\t\t\t<\/div>\n\t\t\t\t<\/div>\n\t\t\t\t<div class=\"elementor-element elementor-element-26a0600 elementor-widget elementor-widget-text-editor\" data-id=\"26a0600\" data-element_type=\"widget\" data-e-type=\"widget\" data-widget_type=\"text-editor.default\">\n\t\t\t\t<div class=\"elementor-widget-container\">\n\t\t\t\t\t\t\t\t\tEin Werkstattboden in der Automobilindustrie muss schweren Lasten, intensiver Nutzung und dem Kontakt mit Chemikalien wie \u00d6l und Benzin standhalten. Ein haltbarer und sicherer Boden ist unerl\u00e4sslich, um Sch\u00e4den, Abnutzung und gef\u00e4hrliche Situationen zu vermeiden. Malema Coatings liefert hochwertige Werkstattb\u00f6den, die den strengsten Anforderungen an Sicherheit, Hygiene und Wartungsfreundlichkeit entsprechen.\t\t\t\t\t\t\t\t<\/div>\n\t\t\t\t<\/div>\n\t\t\t\t<\/div>\n\t\t\t\t\t<\/div>\n\t\t\t\t<\/div>\n\t\t<div class=\"elementor-element elementor-element-d04019a e-flex e-con-boxed e-con e-parent\" data-id=\"d04019a\" data-element_type=\"container\" data-e-type=\"container\" data-settings=\"{&quot;background_background&quot;:&quot;classic&quot;}\">\n\t\t\t\t\t<div class=\"e-con-inner\">\n\t\t<div class=\"elementor-element elementor-element-65e7132 e-con-full e-flex elementor-invisible e-con e-child\" data-id=\"65e7132\" data-element_type=\"container\" data-e-type=\"container\" data-settings=\"{&quot;animation&quot;:&quot;fadeInUp&quot;}\">\n\t\t\t\t<div class=\"elementor-element elementor-element-1817695 elementor-widget__width-initial elementor-widget-mobile__width-inherit elementor-widget elementor-widget-heading\" data-id=\"1817695\" data-element_type=\"widget\" data-e-type=\"widget\" data-widget_type=\"heading.default\">\n\t\t\t\t<div class=\"elementor-widget-container\">\n\t\t\t\t\t<h2 class=\"elementor-heading-title elementor-size-default\">Abriebfester und chemikalienbest\u00e4ndiger Werkstattboden<\/h2>\t\t\t\t<\/div>\n\t\t\t\t<\/div>\n\t\t\t\t<div class=\"elementor-element elementor-element-f6eb711 elementor-widget elementor-widget-text-editor\" data-id=\"f6eb711\" data-element_type=\"widget\" data-e-type=\"widget\" data-widget_type=\"text-editor.default\">\n\t\t\t\t<div class=\"elementor-widget-container\">\n\t\t\t\t\t\t\t\t\t<p>Die Werkstattb\u00f6den von Malema Coatings sind so konzipiert, dass sie extremen Belastungen standhalten. Schwere Fahrzeuge, Werkzeuge und Chemikalien stellen dank ihrer hohen mechanischen und chemischen Best\u00e4ndigkeit kein Problem dar. Au\u00dferdem sorgen unsere fugenlosen Beschichtungen daf\u00fcr, dass der Boden v\u00f6llig fl\u00fcssigkeitsdicht ist, was Feuchtigkeitsprobleme verhindert und die Hygiene in der Werkstatt deutlich verbessert. Der Boden ist sogar mit einer weichmacherbest\u00e4ndigen Beschichtung versehen!<\/p>\t\t\t\t\t\t\t\t<\/div>\n\t\t\t\t<\/div>\n\t\t\t\t<\/div>\n\t\t<div class=\"elementor-element elementor-element-e3d94e1 e-con-full e-flex elementor-invisible e-con e-child\" data-id=\"e3d94e1\" data-element_type=\"container\" data-e-type=\"container\" data-settings=\"{&quot;background_background&quot;:&quot;classic&quot;,&quot;animation&quot;:&quot;fadeInUp&quot;}\">\n\t\t\t\t<div class=\"elementor-element elementor-element-d1dfa38 elementor-widget__width-initial elementor-widget-mobile__width-inherit elementor-widget elementor-widget-heading\" data-id=\"d1dfa38\" data-element_type=\"widget\" data-e-type=\"widget\" data-widget_type=\"heading.default\">\n\t\t\t\t<div class=\"elementor-widget-container\">\n\t\t\t\t\t<h3 class=\"elementor-heading-title elementor-size-default\">Vorteile<\/h3>\t\t\t\t<\/div>\n\t\t\t\t<\/div>\n\t\t\t\t<div class=\"elementor-element elementor-element-5322dec elementor-widget elementor-widget-text-editor\" data-id=\"5322dec\" data-element_type=\"widget\" data-e-type=\"widget\" data-widget_type=\"text-editor.default\">\n\t\t\t\t<div class=\"elementor-widget-container\">\n\t\t\t\t\t\t\t\t\t<p class=\"cvGsUA direction-ltr align-start para-style-body\"><span class=\"OYPEnA font-feature-liga-off font-feature-clig-off font-feature-calt-off text-decoration-none text-strikethrough-none\" style=\"color: #ffffff;\">\u2714 <\/span>Starke Belastung<\/p><p><span class=\"OYPEnA font-feature-liga-off font-feature-clig-off font-feature-calt-off text-decoration-none text-strikethrough-none\" style=\"color: #ffffff;\">\u2714 <\/span>Hygienisch<\/p><p><span class=\"OYPEnA font-feature-liga-off font-feature-clig-off font-feature-calt-off text-decoration-none text-strikethrough-none\" style=\"color: #ffffff;\">\u2714 <\/span><span class=\"OYPEnA font-feature-liga-off font-feature-clig-off font-feature-calt-off text-decoration-none text-strikethrough-none\">Chemikalienbest\u00e4ndig<\/span><\/p><p><span class=\"OYPEnA font-feature-liga-off font-feature-clig-off font-feature-calt-off text-decoration-none text-strikethrough-none\" style=\"color: #ffffff;\">\u2714 <\/span>Fl\u00fcssigkeitsdicht<\/p>\t\t\t\t\t\t\t\t<\/div>\n\t\t\t\t<\/div>\n\t\t\t\t<\/div>\n\t\t\t\t\t<\/div>\n\t\t\t\t<\/div>\n\t\t<div class=\"elementor-element elementor-element-9be4a95 e-flex e-con-boxed e-con e-parent\" data-id=\"9be4a95\" data-element_type=\"container\" data-e-type=\"container\" data-settings=\"{&quot;background_background&quot;:&quot;classic&quot;}\">\n\t\t\t\t\t<div class=\"e-con-inner\">\n\t\t<div class=\"elementor-element elementor-element-3e84e98 e-con-full elementor-hidden-tablet e-flex elementor-invisible e-con e-child\" data-id=\"3e84e98\" data-element_type=\"container\" data-e-type=\"container\" data-settings=\"{&quot;animation&quot;:&quot;fadeInUp&quot;}\">\n\t\t\t\t<div class=\"elementor-element elementor-element-1e58c57 schaduw elementor-widget elementor-widget-image\" data-id=\"1e58c57\" data-element_type=\"widget\" data-e-type=\"widget\" data-widget_type=\"image.default\">\n\t\t\t\t<div class=\"elementor-widget-container\">\n\t\t\t\t\t\t\t\t\t\t\t\t\t\t\t<img decoding=\"async\" width=\"500\" height=\"500\" data-src=\"https:\/\/malemacoatings.nl\/wp-content\/uploads\/2025\/02\/Ontwerp-zonder-titel-51.png\" class=\"attachment-large size-large wp-image-548 lazyload\" alt=\"Bodenbeschichtung f\u00fcr Autogaragen\" data-srcset=\"https:\/\/malemacoatings.nl\/wp-content\/uploads\/2025\/02\/Ontwerp-zonder-titel-51.png 500w, https:\/\/malemacoatings.nl\/wp-content\/uploads\/2025\/02\/Ontwerp-zonder-titel-51-300x300.png 300w, https:\/\/malemacoatings.nl\/wp-content\/uploads\/2025\/02\/Ontwerp-zonder-titel-51-150x150.png 150w\" data-sizes=\"(max-width: 500px) 100vw, 500px\" src=\"data:image\/svg+xml;base64,PHN2ZyB3aWR0aD0iMSIgaGVpZ2h0PSIxIiB4bWxucz0iaHR0cDovL3d3dy53My5vcmcvMjAwMC9zdmciPjwvc3ZnPg==\" style=\"--smush-placeholder-width: 500px; --smush-placeholder-aspect-ratio: 500\/500;\" \/>\t\t\t\t\t\t\t\t\t\t\t\t\t\t\t<\/div>\n\t\t\t\t<\/div>\n\t\t\t\t<\/div>\n\t\t<div class=\"elementor-element elementor-element-764ab8a e-con-full e-flex elementor-invisible e-con e-child\" data-id=\"764ab8a\" data-element_type=\"container\" data-e-type=\"container\" data-settings=\"{&quot;animation&quot;:&quot;fadeInUp&quot;}\">\n\t\t\t\t<div class=\"elementor-element elementor-element-6ae7fe0 elementor-widget__width-initial elementor-widget-mobile__width-inherit elementor-widget elementor-widget-heading\" data-id=\"6ae7fe0\" data-element_type=\"widget\" data-e-type=\"widget\" data-widget_type=\"heading.default\">\n\t\t\t\t<div class=\"elementor-widget-container\">\n\t\t\t\t\t<h2 class=\"elementor-heading-title elementor-size-default\">Ein modernes und funktionelles Aussehen<\/h2>\t\t\t\t<\/div>\n\t\t\t\t<\/div>\n\t\t\t\t<div class=\"elementor-element elementor-element-eb26fde elementor-widget elementor-widget-text-editor\" data-id=\"eb26fde\" data-element_type=\"widget\" data-e-type=\"widget\" data-widget_type=\"text-editor.default\">\n\t\t\t\t<div class=\"elementor-widget-container\">\n\t\t\t\t\t\t\t\t\t<p>Neben der Funktionalit\u00e4t tr\u00e4gt ein hochwertiger Werkstattboden auch zu einem professionellen Erscheinungsbild bei. Malema Coatings bietet verschiedene Bodenbel\u00e4ge an, darunter <span style=\"text-decoration: underline;\"><a href=\"\/de\/bodenbeschichtung\/epoxidharzboden\/\"><span style=\"color: #d9534f; text-decoration: underline;\">Epoxidbeschichtungen<\/span><\/a><\/span>, <a href=\"\/de\/bodenbeschichtung\/kellenboden\/\"><span style=\"text-decoration: underline;\"><span style=\"color: #d9534f; text-decoration: underline;\">Kachelb\u00f6den<\/span><\/span><\/a> und <a href=\"\/de\/bodenbeschichtung\/gussboden\/\"><span style=\"text-decoration: underline;\"><span style=\"color: #d9534f; text-decoration: underline;\">Gussb\u00f6den<\/span><\/span><\/a>. Sie w\u00e4hlen die Farbe und die optionale rutschhemmende Oberfl\u00e4che, je nach Ihren Bed\u00fcrfnissen und den spezifischen Anforderungen Ihres Arbeitsplatzes. Unsere B\u00f6den k\u00f6nnen innerhalb von ein bis drei Tagen verlegt werden, je nach gew\u00e4hltem Bodensystem und der Anzahl der Schichten.<\/p>\t\t\t\t\t\t\t\t<\/div>\n\t\t\t\t<\/div>\n\t\t\t\t<\/div>\n\t\t\t\t\t<\/div>\n\t\t\t\t<\/div>\n\t\t<div class=\"elementor-element elementor-element-56f718e groene-achtergrond-onder-grijs e-flex e-con-boxed e-con e-parent\" data-id=\"56f718e\" data-element_type=\"container\" data-e-type=\"container\" data-settings=\"{&quot;background_background&quot;:&quot;gradient&quot;}\">\n\t\t\t\t\t<div class=\"e-con-inner\">\n\t\t<div class=\"elementor-element elementor-element-ee5c6a5 e-con-full e-flex elementor-invisible e-con e-child\" data-id=\"ee5c6a5\" data-element_type=\"container\" data-e-type=\"container\" data-settings=\"{&quot;animation&quot;:&quot;fadeInUp&quot;}\">\n\t\t\t\t<div class=\"elementor-element elementor-element-98619c4 elementor-widget elementor-widget-heading\" data-id=\"98619c4\" data-element_type=\"widget\" data-e-type=\"widget\" data-widget_type=\"heading.default\">\n\t\t\t\t<div class=\"elementor-widget-container\">\n\t\t\t\t\t<h2 class=\"elementor-heading-title elementor-size-default\">Sicherheit und rutschfeste Oberfl\u00e4che<\/h2>\t\t\t\t<\/div>\n\t\t\t\t<\/div>\n\t\t\t\t<div class=\"elementor-element elementor-element-4f78847 elementor-widget elementor-widget-text-editor\" data-id=\"4f78847\" data-element_type=\"widget\" data-e-type=\"widget\" data-widget_type=\"text-editor.default\">\n\t\t\t\t<div class=\"elementor-widget-container\">\n\t\t\t\t\t\t\t\t\tIn einer Werkstatt ist Sicherheit ein wichtiges Thema. Fl\u00fcssigkeiten und \u00d6le k\u00f6nnen den Boden rutschig machen und zu gef\u00e4hrlichen Situationen f\u00fchren. Unsere Werkstattb\u00f6den k\u00f6nnen mit einer rutschfesten Beschichtung in verschiedenen Qualit\u00e4ten versehen werden, die ein Ausrutschen verhindert und die Sicherheit f\u00fcr Mitarbeiter und Kunden gew\u00e4hrleistet.\t\t\t\t\t\t\t\t<\/div>\n\t\t\t\t<\/div>\n\t\t\t\t<\/div>\n\t\t\t\t\t<\/div>\n\t\t\t\t<\/div>\n\t\t<div class=\"elementor-element elementor-element-77d1c22 e-flex e-con-boxed e-con e-parent\" data-id=\"77d1c22\" data-element_type=\"container\" data-e-type=\"container\" data-settings=\"{&quot;background_background&quot;:&quot;classic&quot;}\">\n\t\t\t\t\t<div class=\"e-con-inner\">\n\t\t<div class=\"elementor-element elementor-element-d35c4d1 e-con-full elementor-hidden-tablet e-flex elementor-invisible e-con e-child\" data-id=\"d35c4d1\" data-element_type=\"container\" data-e-type=\"container\" data-settings=\"{&quot;animation&quot;:&quot;fadeInUp&quot;}\">\n\t\t\t\t<div class=\"elementor-element elementor-element-0d7e935 schaduw elementor-widget elementor-widget-image\" data-id=\"0d7e935\" data-element_type=\"widget\" data-e-type=\"widget\" data-widget_type=\"image.default\">\n\t\t\t\t<div class=\"elementor-widget-container\">\n\t\t\t\t\t\t\t\t\t\t\t\t\t\t\t<img decoding=\"async\" width=\"500\" height=\"500\" data-src=\"https:\/\/malemacoatings.nl\/wp-content\/uploads\/2025\/02\/Ontwerp-zonder-titel-42.png\" class=\"attachment-large size-large wp-image-78 lazyload\" alt=\"Beschichtung des Garagenbodens durch Malema Coatings verlegen lassen\" data-srcset=\"https:\/\/malemacoatings.nl\/wp-content\/uploads\/2025\/02\/Ontwerp-zonder-titel-42.png 500w, https:\/\/malemacoatings.nl\/wp-content\/uploads\/2025\/02\/Ontwerp-zonder-titel-42-300x300.png 300w, https:\/\/malemacoatings.nl\/wp-content\/uploads\/2025\/02\/Ontwerp-zonder-titel-42-150x150.png 150w\" data-sizes=\"(max-width: 500px) 100vw, 500px\" src=\"data:image\/svg+xml;base64,PHN2ZyB3aWR0aD0iMSIgaGVpZ2h0PSIxIiB4bWxucz0iaHR0cDovL3d3dy53My5vcmcvMjAwMC9zdmciPjwvc3ZnPg==\" style=\"--smush-placeholder-width: 500px; --smush-placeholder-aspect-ratio: 500\/500;\" \/>\t\t\t\t\t\t\t\t\t\t\t\t\t\t\t<\/div>\n\t\t\t\t<\/div>\n\t\t\t\t<\/div>\n\t\t<div class=\"elementor-element elementor-element-cd4c682 e-con-full e-flex elementor-invisible e-con e-child\" data-id=\"cd4c682\" data-element_type=\"container\" data-e-type=\"container\" data-settings=\"{&quot;animation&quot;:&quot;fadeInUp&quot;}\">\n\t\t\t\t<div class=\"elementor-element elementor-element-bd9b16f elementor-widget__width-initial elementor-widget-mobile__width-inherit elementor-widget elementor-widget-heading\" data-id=\"bd9b16f\" data-element_type=\"widget\" data-e-type=\"widget\" data-widget_type=\"heading.default\">\n\t\t\t\t<div class=\"elementor-widget-container\">\n\t\t\t\t\t<h2 class=\"elementor-heading-title elementor-size-default\">Widerstandsf\u00e4hig gegen Spitzenbelastung und Verschlei\u00df<\/h2>\t\t\t\t<\/div>\n\t\t\t\t<\/div>\n\t\t\t\t<div class=\"elementor-element elementor-element-10b616c elementor-widget elementor-widget-text-editor\" data-id=\"10b616c\" data-element_type=\"widget\" data-e-type=\"widget\" data-widget_type=\"text-editor.default\">\n\t\t\t\t<div class=\"elementor-widget-container\">\n\t\t\t\t\t\t\t\t\t<p>Werkstattb\u00f6den sind starken St\u00f6\u00dfen ausgesetzt, z. B. durch herabfallende Werkzeuge oder abreibende Autoreifen. Infolgedessen kann ein normaler Betonboden schnell verschlei\u00dfen oder Risse bekommen. Malema Coatings verwendet ein speziell entwickeltes Bodensystem mit einer flexiblen Zwischenschicht, die das Risiko von Rissen erheblich reduziert. Das Ergebnis: Ihr Werkstattboden h\u00e4lt l\u00e4nger und bleibt in bestem Zustand.<\/p>\t\t\t\t\t\t\t\t<\/div>\n\t\t\t\t<\/div>\n\t\t<div class=\"elementor-element elementor-element-49b823c e-con-full e-flex e-con e-child\" data-id=\"49b823c\" data-element_type=\"container\" data-e-type=\"container\">\n\t\t\t\t<div class=\"elementor-element elementor-element-a6525ff elementor-widget elementor-widget-button\" data-id=\"a6525ff\" data-element_type=\"widget\" data-e-type=\"widget\" data-widget_type=\"button.default\">\n\t\t\t\t<div class=\"elementor-widget-container\">\n\t\t\t\t\t\t\t\t\t<div class=\"elementor-button-wrapper\">\n\t\t\t\t\t<a class=\"elementor-button elementor-button-link elementor-size-sm\" href=\"\/de\/ein-angebot-anfordern\/\">\n\t\t\t\t\t\t<span class=\"elementor-button-content-wrapper\">\n\t\t\t\t\t\t\t\t\t<span class=\"elementor-button-text\">Angebot anfordern<\/span>\n\t\t\t\t\t<\/span>\n\t\t\t\t\t<\/a>\n\t\t\t\t<\/div>\n\t\t\t\t\t\t\t\t<\/div>\n\t\t\t\t<\/div>\n\t\t\t\t<div class=\"elementor-element elementor-element-04e749d bounce-text elementor-widget elementor-widget-text-editor\" data-id=\"04e749d\" data-element_type=\"widget\" data-e-type=\"widget\" data-widget_type=\"text-editor.default\">\n\t\t\t\t<div class=\"elementor-widget-container\">\n\t\t\t\t\t\t\t\t\t<span class=\"vaste-buttontekst\"><\/span>\t\t\t\t\t\t\t\t<\/div>\n\t\t\t\t<\/div>\n\t\t\t\t<\/div>\n\t\t\t\t<\/div>\n\t\t\t\t\t<\/div>\n\t\t\t\t<\/div>\n\t\t<div class=\"elementor-element elementor-element-b69ecef e-flex e-con-boxed e-con e-parent\" data-id=\"b69ecef\" data-element_type=\"container\" data-e-type=\"container\" data-settings=\"{&quot;background_background&quot;:&quot;classic&quot;}\">\n\t\t\t\t\t<div class=\"e-con-inner\">\n\t\t<div class=\"elementor-element elementor-element-47cc327 e-con-full e-flex elementor-invisible e-con e-child\" data-id=\"47cc327\" data-element_type=\"container\" data-e-type=\"container\" data-settings=\"{&quot;animation&quot;:&quot;fadeInUp&quot;}\">\n\t\t\t\t<div class=\"elementor-element elementor-element-50cb2f4 elementor-widget__width-inherit elementor-widget-mobile__width-inherit elementor-widget elementor-widget-heading\" data-id=\"50cb2f4\" data-element_type=\"widget\" data-e-type=\"widget\" data-widget_type=\"heading.default\">\n\t\t\t\t<div class=\"elementor-widget-container\">\n\t\t\t\t\t<h2 class=\"elementor-heading-title elementor-size-default\">Werkstattboden schnell verlegt<\/h2>\t\t\t\t<\/div>\n\t\t\t\t<\/div>\n\t\t\t\t<div class=\"elementor-element elementor-element-53d1848 elementor-widget elementor-widget-text-editor\" data-id=\"53d1848\" data-element_type=\"widget\" data-e-type=\"widget\" data-widget_type=\"text-editor.default\">\n\t\t\t\t<div class=\"elementor-widget-container\">\n\t\t\t\t\t\t\t\t\t<p>Eine Werkstatt ist t\u00e4glich im Einsatz und Ausfallzeiten bedeuten Produktivit\u00e4tsverluste. Malema Coatings wei\u00df, wie wichtig eine schnelle Installation ist und verlegt Ihren Werkstattboden in k\u00fcrzester Zeit, oft innerhalb eines Arbeitstages. So k\u00f6nnen Sie schnell wieder an die Arbeit gehen. Kontaktieren Sie uns f\u00fcr eine unverbindliche Beratung und <a href=\"\/de\/bodenbeschichtung\/\"><span style=\"text-decoration: underline;\">Entdecken Sie, welcher Bodenbelag am besten passt<\/span><\/a> in Ihrem Workshop.<\/p>\t\t\t\t\t\t\t\t<\/div>\n\t\t\t\t<\/div>\n\t\t\t\t<div class=\"elementor-element elementor-element-677d492 elementor-widget elementor-widget-button\" data-id=\"677d492\" data-element_type=\"widget\" data-e-type=\"widget\" data-widget_type=\"button.default\">\n\t\t\t\t<div class=\"elementor-widget-container\">\n\t\t\t\t\t\t\t\t\t<div class=\"elementor-button-wrapper\">\n\t\t\t\t\t<a class=\"elementor-button elementor-button-link elementor-size-sm\" href=\"\/de\/kontakt\/\">\n\t\t\t\t\t\t<span class=\"elementor-button-content-wrapper\">\n\t\t\t\t\t\t\t\t\t<span class=\"elementor-button-text\">Kontakt aufnehmen<\/span>\n\t\t\t\t\t<\/span>\n\t\t\t\t\t<\/a>\n\t\t\t\t<\/div>\n\t\t\t\t\t\t\t\t<\/div>\n\t\t\t\t<\/div>\n\t\t\t\t<\/div>\n\t\t\t\t\t<\/div>\n\t\t\t\t<\/div>\n\t\t\t\t<\/div>","protected":false},"excerpt":{"rendered":"<p>Werkplaats &amp; garage coating Offerte aanvragen De perfecte werkplaatsvloer voor de automotive sector Een werkplaatsvloer in de autobranche moet bestand zijn tegen zware belasting, intensief gebruik en blootstelling aan chemicali\u00ebn zoals olie en benzine. Een duurzame en veilige vloer is essentieel om schade, slijtage en gevaarlijke situaties te voorkomen. Malema Coatings levert hoogwaardige werkplaatsvloeren die [&hellip;]<\/p>\n","protected":false},"author":1,"featured_media":0,"parent":228,"menu_order":0,"comment_status":"closed","ping_status":"closed","template":"","meta":{"footnotes":""},"class_list":["post-1112","page","type-page","status-publish","hentry"],"_links":{"self":[{"href":"https:\/\/malemacoatings.nl\/de\/wp-json\/wp\/v2\/pages\/1112","targetHints":{"allow":["GET"]}}],"collection":[{"href":"https:\/\/malemacoatings.nl\/de\/wp-json\/wp\/v2\/pages"}],"about":[{"href":"https:\/\/malemacoatings.nl\/de\/wp-json\/wp\/v2\/types\/page"}],"author":[{"embeddable":true,"href":"https:\/\/malemacoatings.nl\/de\/wp-json\/wp\/v2\/users\/1"}],"replies":[{"embeddable":true,"href":"https:\/\/malemacoatings.nl\/de\/wp-json\/wp\/v2\/comments?post=1112"}],"version-history":[{"count":0,"href":"https:\/\/malemacoatings.nl\/de\/wp-json\/wp\/v2\/pages\/1112\/revisions"}],"up":[{"embeddable":true,"href":"https:\/\/malemacoatings.nl\/de\/wp-json\/wp\/v2\/pages\/228"}],"wp:attachment":[{"href":"https:\/\/malemacoatings.nl\/de\/wp-json\/wp\/v2\/media?parent=1112"}],"curies":[{"name":"wp","href":"https:\/\/api.w.org\/{rel}","templated":true}]}}